{"id":69,"date":"2014-07-02T17:44:52","date_gmt":"2014-07-02T14:44:52","guid":{"rendered":"http:\/\/www.finnblast.fi\/?page_id=69"},"modified":"2020-10-15T15:59:48","modified_gmt":"2020-10-15T12:59:48","slug":"startside","status":"publish","type":"page","link":"https:\/\/www.finnblast.fi\/sv\/","title":{"rendered":"Finnblast Oy"},"content":{"rendered":"<h1>Finnblast Oy<\/h1>\n<p>&nbsp;<\/p>\n<div class=\"infolaatikko\">\n<p><strong>Finnblast Oy <\/strong>konstruerar och tillverkar kundspecifika, drifts\u00e4kra utrustningar f\u00f6r bl\u00e4string. Vi erbjuder v\u00e5ra kunder ett brett sortiment av drifts\u00e4kra bl\u00e4stringsutrustningar fr\u00e5n sk\u00e5p f\u00f6r manuell bl\u00e4string till stora bl\u00e4stringsrum och slungbl\u00e4stringsmaskiner samt helautomatiska bl\u00e4stringsutrustningar.<\/p>\n<\/div>\n<h2>Tryckluftsdrivna bl\u00e4sterutrustningar<\/h2>\n<p><a href=\"https:\/\/www.finnblast.fi\/wp-content\/uploads\/kasipuhalluskaapit1.jpg\" data-rel=\"lightbox-image-0\" data-rl_title=\"\" data-rl_caption=\"\" title=\"\"><img loading=\"lazy\" decoding=\"async\" class=\"alignleft size-full wp-image-42\" src=\"https:\/\/www.finnblast.fi\/wp-content\/uploads\/kasipuhalluskaapit1.jpg\" alt=\"kasipuhalluskaapit1\" width=\"189\" height=\"222\" \/>\u00a0\u00a0 <\/a><a href=\"https:\/\/www.finnblast.fi\/wp-content\/uploads\/Robotic-blasting.jpg\" data-rel=\"lightbox-image-1\" data-rl_title=\"\" data-rl_caption=\"\" title=\"\"><img loading=\"lazy\" decoding=\"async\" class=\"alignnone  wp-image-1328\" src=\"https:\/\/www.finnblast.fi\/wp-content\/uploads\/Robotic-blasting-300x181.jpg\" alt=\"Robotic-blasting\" width=\"366\" height=\"221\" srcset=\"https:\/\/www.finnblast.fi\/wp-content\/uploads\/Robotic-blasting-300x181.jpg 300w, https:\/\/www.finnblast.fi\/wp-content\/uploads\/Robotic-blasting.jpg 826w\" sizes=\"auto, (max-width: 366px) 100vw, 366px\" \/><\/a><\/p>\n<p>Se bl\u00e4string av r\u00f6r, inv\u00e4ndig och utv\u00e4ndig:<\/p>\n<p><iframe loading=\"lazy\" title=\"Automated blast cleaning of tubes, cleaning inside and outside of the tube\" width=\"500\" height=\"281\" src=\"https:\/\/www.youtube.com\/embed\/TybNIyjNYuM?feature=oembed\" frameborder=\"0\" allow=\"accelerometer; autoplay; clipboard-write; encrypted-media; gyroscope; picture-in-picture; web-share\" referrerpolicy=\"strict-origin-when-cross-origin\" allowfullscreen><\/iframe><\/p>\n<p>&nbsp;<\/p>\n<p>Se bl\u00e4string i ett stort bl\u00e4stersk\u00e5p, model FB 2400\u00a0<\/p>\n<p><iframe loading=\"lazy\" src=\"\/\/www.youtube.com\/embed\/_L0uDlKlycg?rel=0\" width=\"560\" height=\"314\" frameborder=\"0\" allowfullscreen=\"allowfullscreen\"><\/iframe><\/p>\n<p>&nbsp;<\/p>\n<p>Se video om automatisk bl\u00e4stersk\u00e5p med tv\u00e5 vridbord.<\/p>\n<p><iframe loading=\"lazy\" src=\"https:\/\/www.youtube.com\/embed\/QSYXo5o84ms?rel=0\" width=\"560\" height=\"314\" frameborder=\"0\" allowfullscreen=\"allowfullscreen\"><\/iframe><\/p>\n<p>Se video om manuell\u00a0 bl\u00e4stersk\u00e5p FB 1000<\/p>\n<p><iframe loading=\"lazy\" src=\"https:\/\/www.youtube.com\/embed\/7IhqsRTxT3Y?rel=0\" width=\"560\" height=\"314\" frameborder=\"0\" allowfullscreen=\"allowfullscreen\"><\/iframe><\/p>\n<p>Se video om machinetyp FBL, bl\u00e4string av lasersk\u00e4ren pl\u00e5tdelar<\/p>\n<p><iframe loading=\"lazy\" src=\"https:\/\/www.youtube.com\/embed\/iew4XreQYpk?rel=0\" width=\"560\" height=\"314\" frameborder=\"0\" allowfullscreen=\"allowfullscreen\"><\/iframe><\/p>\n<p>&nbsp;<\/p>\n<p>P\u00e5litliga maskiner fr\u00e5n manuella bl\u00e4stersk\u00e5p till automatiska bl\u00e4steranl\u00e4ggningar<\/p>\n<h2>Bl\u00e4sterrum<\/h2>\n<p><a href=\"https:\/\/www.finnblast.fi\/wp-content\/uploads\/reapuhallus1.jpg\" data-rel=\"lightbox-image-2\" data-rl_title=\"\" data-rl_caption=\"\" title=\"\"><img loading=\"lazy\" decoding=\"async\" class=\"alignleft size-medium wp-image-48\" src=\"https:\/\/www.finnblast.fi\/wp-content\/uploads\/reapuhallus1-300x247.jpg\" alt=\"reapuhallus1\" width=\"269\" height=\"222\" srcset=\"https:\/\/www.finnblast.fi\/wp-content\/uploads\/reapuhallus1-300x247.jpg 300w, https:\/\/www.finnblast.fi\/wp-content\/uploads\/reapuhallus1.jpg 387w\" sizes=\"auto, (max-width: 269px) 100vw, 269px\" \/><\/a><a href=\"https:\/\/www.finnblast.fi\/wp-content\/uploads\/raepuhallus2.jpg\" data-rel=\"lightbox-image-3\" data-rl_title=\"\" data-rl_caption=\"\" title=\"\"><img loading=\"lazy\" decoding=\"async\" class=\"alignleft size-full wp-image-49\" src=\"https:\/\/www.finnblast.fi\/wp-content\/uploads\/raepuhallus2.jpg\" alt=\"raepuhallus2\" width=\"265\" height=\"222\" \/><\/a><\/p>\n<p>&nbsp;<\/p>\n<p>Best\u00e4ndiga, kundanpassade bl\u00e4sterrum med utm\u00e4rkt siktbarhet och effektiv ljudd\u00e4mpning<\/p>\n<h2>Slungbl\u00e4stermaskiner<\/h2>\n<p><a href=\"https:\/\/www.finnblast.fi\/wp-content\/uploads\/sinkokoneet1.jpg\" data-rel=\"lightbox-image-4\" data-rl_title=\"\" data-rl_caption=\"\" title=\"\"><img loading=\"lazy\" decoding=\"async\" class=\"alignleft size-medium wp-image-50\" src=\"https:\/\/www.finnblast.fi\/wp-content\/uploads\/sinkokoneet1-225x300.jpg\" alt=\"sinkokoneet1\" width=\"167\" height=\"222\" srcset=\"https:\/\/www.finnblast.fi\/wp-content\/uploads\/sinkokoneet1-225x300.jpg 225w, https:\/\/www.finnblast.fi\/wp-content\/uploads\/sinkokoneet1.jpg 768w\" sizes=\"auto, (max-width: 167px) 100vw, 167px\" \/><\/a><a href=\"https:\/\/www.finnblast.fi\/wp-content\/uploads\/sinkokoneet2.jpg\" data-rel=\"lightbox-image-5\" data-rl_title=\"\" data-rl_caption=\"\" title=\"\"><img loading=\"lazy\" decoding=\"async\" class=\"alignleft size-medium wp-image-51\" src=\"https:\/\/www.finnblast.fi\/wp-content\/uploads\/sinkokoneet2-300x290.jpg\" alt=\"sinkokoneet2\" width=\"229\" height=\"222\" srcset=\"https:\/\/www.finnblast.fi\/wp-content\/uploads\/sinkokoneet2-300x290.jpg 300w, https:\/\/www.finnblast.fi\/wp-content\/uploads\/sinkokoneet2.jpg 597w\" sizes=\"auto, (max-width: 229px) 100vw, 229px\" \/><\/a><\/p>\n<p>&nbsp;<\/p>\n<p>Slungbl\u00e4ster med h\u00f6g kvalitet och konkurrenskraftiga priser<\/p>\n<h2>\u00d6vriga produkter<\/h2>\n<ul>\n<li>filter och cykloner<\/li>\n<li>bl\u00e4stermedelssug<\/li>\n<li>trumlare<\/li>\n<\/ul>\n<h2>Begagnade maskiner<\/h2>\n","protected":false},"excerpt":{"rendered":"<p>Finnblast Oy &nbsp; Finnblast Oy konstruerar och tillverkar kundspecifika, drifts\u00e4kra utrustningar f\u00f6r bl\u00e4string. Vi erbjuder v\u00e5ra kunder ett brett sortiment av drifts\u00e4kra bl\u00e4stringsutrustningar fr\u00e5n sk\u00e5p f\u00f6r manuell bl\u00e4string till stora bl\u00e4stringsrum och slungbl\u00e4stringsmaskiner samt helautomatiska bl\u00e4stringsutrustningar. Tryckluftsdrivna bl\u00e4sterutrustningar \u00a0\u00a0 Se bl\u00e4string av r\u00f6r, inv\u00e4ndig och utv\u00e4ndig: &nbsp; Se bl\u00e4string i ett stort bl\u00e4stersk\u00e5p, model FB [&hellip;]<\/p>\n","protected":false},"author":2,"featured_media":0,"parent":0,"menu_order":1,"comment_status":"closed","ping_status":"open","template":"","meta":{"content-type":"","footnotes":""},"class_list":["post-69","page","type-page","status-publish","hentry"],"_links":{"self":[{"href":"https:\/\/www.finnblast.fi\/sv\/wp-json\/wp\/v2\/pages\/69","targetHints":{"allow":["GET"]}}],"collection":[{"href":"https:\/\/www.finnblast.fi\/sv\/wp-json\/wp\/v2\/pages"}],"about":[{"href":"https:\/\/www.finnblast.fi\/sv\/wp-json\/wp\/v2\/types\/page"}],"author":[{"embeddable":true,"href":"https:\/\/www.finnblast.fi\/sv\/wp-json\/wp\/v2\/users\/2"}],"replies":[{"embeddable":true,"href":"https:\/\/www.finnblast.fi\/sv\/wp-json\/wp\/v2\/comments?post=69"}],"version-history":[{"count":17,"href":"https:\/\/www.finnblast.fi\/sv\/wp-json\/wp\/v2\/pages\/69\/revisions"}],"predecessor-version":[{"id":2993,"href":"https:\/\/www.finnblast.fi\/sv\/wp-json\/wp\/v2\/pages\/69\/revisions\/2993"}],"wp:attachment":[{"href":"https:\/\/www.finnblast.fi\/sv\/wp-json\/wp\/v2\/media?parent=69"}],"curies":[{"name":"wp","href":"https:\/\/api.w.org\/{rel}","templated":true}]}}