{"id":606,"date":"2014-07-04T15:50:55","date_gmt":"2014-07-04T12:50:55","guid":{"rendered":"http:\/\/www.finnblast.fi\/?page_id=606"},"modified":"2017-05-27T09:32:46","modified_gmt":"2017-05-27T06:32:46","slug":"varv","status":"publish","type":"page","link":"https:\/\/www.finnblast.fi\/sv\/industribranscher\/varv\/","title":{"rendered":"Varv"},"content":{"rendered":"<h2>Stora bl\u00e4sterrum<\/h2>\n<p>Fartygssektioner bl\u00e4stras i stora bl\u00e4sterhallar.<br \/> F\u00f6r bl\u00e4string av sektioner kan man anv\u00e4nda st\u00e5lsand som kan \u00e5teranv\u00e4ndas och d\u00e4rigenom ge besparing i f\u00f6rh\u00e5llande till eng\u00e5ngsbl\u00e4stermedel.<br \/> M\u00e4ngden avfall som uppst\u00e5r vid bl\u00e4string med st\u00e5lsand utg\u00f6r en br\u00e5kdel av m\u00e4ngden om eng\u00e5ngsbl\u00e4stermedel anv\u00e4nds.<\/p>\n<p><a href=\"https:\/\/www.finnblast.fi\/wp-content\/uploads\/39_1.jpg\" data-rel=\"lightbox-image-0\" data-rl_title=\"\" data-rl_caption=\"\" title=\"\"><img loading=\"lazy\" decoding=\"async\" class=\"alignleft size-medium wp-image-1012\" src=\"https:\/\/www.finnblast.fi\/wp-content\/uploads\/39_1-300x231.jpg\" alt=\"39_1\" width=\"300\" height=\"231\" srcset=\"https:\/\/www.finnblast.fi\/wp-content\/uploads\/39_1-300x231.jpg 300w, https:\/\/www.finnblast.fi\/wp-content\/uploads\/39_1.jpg 549w\" sizes=\"auto, (max-width: 300px) 100vw, 300px\" \/><\/a><\/p>\n<h2>Sm\u00e5 bl\u00e4sterrum<\/h2>\n<p>Vid fartygsproduktion uppst\u00e5r ocks\u00e5 mindre enheter som kan bl\u00e4stras i sm\u00e5 bl\u00e4sterrum.<\/p>\n<p><a href=\"https:\/\/www.finnblast.fi\/wp-content\/uploads\/39_2.jpg\" data-rel=\"lightbox-image-1\" data-rl_title=\"\" data-rl_caption=\"\" title=\"\"><img loading=\"lazy\" decoding=\"async\" class=\"alignleft size-full wp-image-1013\" src=\"https:\/\/www.finnblast.fi\/wp-content\/uploads\/39_2.jpg\" alt=\"39_2\" width=\"247\" height=\"219\" \/><\/a><\/p>\n<h2>Reng\u00f6ring av profilkanter<\/h2>\n<p>Fartygets stomme f\u00f6rstyvas med olika profiler, bl.a. bulber, plattj\u00e4rn, L-profiler.<\/p>\n<p>Profilernas kanter bl\u00e4stras rena fr\u00e5n rost och bottenf\u00e4rg f\u00f6r att uppn\u00e5 en svetsfog av god kvalitet.<\/p>\n<p>Finnblast erbjuder flera automatiska bl\u00e4stermaskiner av genomloppstyp f\u00f6r reng\u00f6ring av profilernas kanter.<a href=\"https:\/\/www.finnblast.fi\/wp-content\/uploads\/Blast-cleaning-of-edges_1.jpg\" data-rel=\"lightbox-image-2\" data-rl_title=\"\" data-rl_caption=\"\" title=\"\"><img loading=\"lazy\" decoding=\"async\" class=\"alignnone size-medium wp-image-1768\" src=\"https:\/\/www.finnblast.fi\/wp-content\/uploads\/Blast-cleaning-of-edges_1-211x300.jpg\" alt=\"blast-cleaning-of-edges_1\" width=\"211\" height=\"300\" srcset=\"https:\/\/www.finnblast.fi\/wp-content\/uploads\/Blast-cleaning-of-edges_1-211x300.jpg 211w, https:\/\/www.finnblast.fi\/wp-content\/uploads\/Blast-cleaning-of-edges_1-721x1024.jpg 721w, https:\/\/www.finnblast.fi\/wp-content\/uploads\/Blast-cleaning-of-edges_1.jpg 1748w\" sizes=\"auto, (max-width: 211px) 100vw, 211px\" \/><\/a><\/p>\n<p><a href=\"https:\/\/www.finnblast.fi\/wp-content\/uploads\/39_3.jpg\" data-rel=\"lightbox-image-3\" data-rl_title=\"\" data-rl_caption=\"\" title=\"\"><img loading=\"lazy\" decoding=\"async\" class=\"alignleft size-medium wp-image-1014\" src=\"https:\/\/www.finnblast.fi\/wp-content\/uploads\/39_3-300x242.jpg\" alt=\"39_3\" width=\"300\" height=\"242\" srcset=\"https:\/\/www.finnblast.fi\/wp-content\/uploads\/39_3-300x242.jpg 300w, https:\/\/www.finnblast.fi\/wp-content\/uploads\/39_3.jpg 606w\" sizes=\"auto, (max-width: 300px) 100vw, 300px\" \/><\/a><\/p>\n<p><a href=\"https:\/\/www.finnblast.fi\/wp-content\/uploads\/39_4.jpg\" data-rel=\"lightbox-image-4\" data-rl_title=\"\" data-rl_caption=\"\" title=\"\"><img loading=\"lazy\" decoding=\"async\" class=\"alignleft size-medium wp-image-1016\" src=\"https:\/\/www.finnblast.fi\/wp-content\/uploads\/39_4-225x300.jpg\" alt=\"39_4\" width=\"225\" height=\"300\" srcset=\"https:\/\/www.finnblast.fi\/wp-content\/uploads\/39_4-225x300.jpg 225w, https:\/\/www.finnblast.fi\/wp-content\/uploads\/39_4.jpg 251w\" sizes=\"auto, (max-width: 225px) 100vw, 225px\" \/><\/a><\/p>\n<h2>Trumlingsmaskiner f\u00f6r avl\u00e4gsnande av grader<\/h2>\n<p>I trumlingsmaskiner rundas de skurna kanterna och graderna lossnar.<br \/> Finnblast trumlingsmaskin har en l\u00f6stagbar l\u00e5da d\u00e4r de skurna detaljerna lastas.<\/p>\n<p>L\u00e5dan transporteras med truck till trumman.<br \/> N\u00e4r detaljerna har trumlats lyfts de inklusive l\u00e5da ut ur trumman med truck och k\u00f6rs till n\u00e4sta arbetsmoment, t.ex. svetsning.<\/p>\n<p><a href=\"https:\/\/www.finnblast.fi\/wp-content\/uploads\/39_5.jpg\" data-rel=\"lightbox-image-5\" data-rl_title=\"\" data-rl_caption=\"\" title=\"\"><img loading=\"lazy\" decoding=\"async\" class=\"alignleft size-medium wp-image-1017\" src=\"https:\/\/www.finnblast.fi\/wp-content\/uploads\/39_5-300x240.jpg\" alt=\"39_5\" width=\"300\" height=\"240\" srcset=\"https:\/\/www.finnblast.fi\/wp-content\/uploads\/39_5-300x240.jpg 300w, https:\/\/www.finnblast.fi\/wp-content\/uploads\/39_5.jpg 552w\" sizes=\"auto, (max-width: 300px) 100vw, 300px\" \/><\/a><\/p>\n<h2>Pl\u00e5t-\/balkslungbl\u00e4strar<\/h2>\n<p>Slungbl\u00e4strar f\u00f6r slungbl\u00e4string av pl\u00e5tar och balkar.<br \/> Maskinerna har bredden 1\u20133 m.<\/p>\n<p><a href=\"https:\/\/www.finnblast.fi\/wp-content\/uploads\/39_6.jpg\" data-rel=\"lightbox-image-6\" data-rl_title=\"\" data-rl_caption=\"\" title=\"\"><img loading=\"lazy\" decoding=\"async\" class=\"alignleft size-medium wp-image-1018\" src=\"https:\/\/www.finnblast.fi\/wp-content\/uploads\/39_6-300x231.jpg\" alt=\"39_6\" width=\"300\" height=\"231\" srcset=\"https:\/\/www.finnblast.fi\/wp-content\/uploads\/39_6-300x231.jpg 300w, https:\/\/www.finnblast.fi\/wp-content\/uploads\/39_6.jpg 527w\" sizes=\"auto, (max-width: 300px) 100vw, 300px\" \/><\/a><\/p>\n<h2>Tillverkning av r\u00f6relement<\/h2>\n<p>Anv\u00e4ndning av rengjorda r\u00f6r vid tillverkning av r\u00f6relement h\u00f6jer produktiviteten och kvaliteten vid svetsning av r\u00f6rsystemet.<br \/> PBP 350 \u00e4r en produkt utvecklad f\u00f6r runda r\u00f6r.<br \/> Inmatningen av r\u00f6r till bl\u00e4stermaskinen och hanteringen av rena r\u00f6r kan enkelt automatiseras.<\/p>\n<p><a href=\"https:\/\/www.finnblast.fi\/wp-content\/uploads\/39_7.jpg\" data-rel=\"lightbox-image-7\" data-rl_title=\"\" data-rl_caption=\"\" title=\"\"><img loading=\"lazy\" decoding=\"async\" class=\"alignleft size-medium wp-image-1019\" src=\"https:\/\/www.finnblast.fi\/wp-content\/uploads\/39_7-300x225.jpg\" alt=\"39_7\" width=\"300\" height=\"225\" srcset=\"https:\/\/www.finnblast.fi\/wp-content\/uploads\/39_7-300x225.jpg 300w, https:\/\/www.finnblast.fi\/wp-content\/uploads\/39_7.jpg 516w\" sizes=\"auto, (max-width: 300px) 100vw, 300px\" \/><\/a><\/p>\n","protected":false},"excerpt":{"rendered":"<p>Stora bl\u00e4sterrum Fartygssektioner bl\u00e4stras i stora bl\u00e4sterhallar. F\u00f6r bl\u00e4string av sektioner kan man anv\u00e4nda st\u00e5lsand som kan \u00e5teranv\u00e4ndas och d\u00e4rigenom ge besparing i f\u00f6rh\u00e5llande till eng\u00e5ngsbl\u00e4stermedel. M\u00e4ngden avfall som uppst\u00e5r vid bl\u00e4string med st\u00e5lsand utg\u00f6r en br\u00e5kdel av m\u00e4ngden om eng\u00e5ngsbl\u00e4stermedel anv\u00e4nds. Sm\u00e5 bl\u00e4sterrum Vid fartygsproduktion uppst\u00e5r ocks\u00e5 mindre enheter som kan bl\u00e4stras i sm\u00e5 [&hellip;]<\/p>\n","protected":false},"author":2,"featured_media":0,"parent":144,"menu_order":0,"comment_status":"closed","ping_status":"open","template":"","meta":{"content-type":"","footnotes":""},"class_list":["post-606","page","type-page","status-publish","hentry"],"_links":{"self":[{"href":"https:\/\/www.finnblast.fi\/sv\/wp-json\/wp\/v2\/pages\/606","targetHints":{"allow":["GET"]}}],"collection":[{"href":"https:\/\/www.finnblast.fi\/sv\/wp-json\/wp\/v2\/pages"}],"about":[{"href":"https:\/\/www.finnblast.fi\/sv\/wp-json\/wp\/v2\/types\/page"}],"author":[{"embeddable":true,"href":"https:\/\/www.finnblast.fi\/sv\/wp-json\/wp\/v2\/users\/2"}],"replies":[{"embeddable":true,"href":"https:\/\/www.finnblast.fi\/sv\/wp-json\/wp\/v2\/comments?post=606"}],"version-history":[{"count":1,"href":"https:\/\/www.finnblast.fi\/sv\/wp-json\/wp\/v2\/pages\/606\/revisions"}],"predecessor-version":[{"id":1786,"href":"https:\/\/www.finnblast.fi\/sv\/wp-json\/wp\/v2\/pages\/606\/revisions\/1786"}],"up":[{"embeddable":true,"href":"https:\/\/www.finnblast.fi\/sv\/wp-json\/wp\/v2\/pages\/144"}],"wp:attachment":[{"href":"https:\/\/www.finnblast.fi\/sv\/wp-json\/wp\/v2\/media?parent=606"}],"curies":[{"name":"wp","href":"https:\/\/api.w.org\/{rel}","templated":true}]}}