{"id":605,"date":"2014-07-04T15:50:49","date_gmt":"2014-07-04T12:50:49","guid":{"rendered":"http:\/\/www.finnblast.fi\/?page_id=605"},"modified":"2014-07-10T15:44:27","modified_gmt":"2014-07-10T12:44:27","slug":"jarnvagsvagn","status":"publish","type":"page","link":"https:\/\/www.finnblast.fi\/sv\/industribranscher\/jarnvagsvagn\/","title":{"rendered":"J\u00e4rnv\u00e4gsvagn"},"content":{"rendered":"<h2>Bl\u00e4string av hjulaxel till j\u00e4rnv\u00e4gsvagn<\/h2>\n<p>Ett moment vid underh\u00e5ll av hjulaxlar \u00e4r sprickkontroll.<br \/>\nHjulaxlarna kontrolleras enligt den nya VPI-standarden.<br \/>\nF\u00f6re kontrollen bl\u00e4stras hjulaxlarna rena.<br \/>\nRost och gammal f\u00e4rg avl\u00e4gsnas.<br \/>\nFinnblast har utvecklat en bl\u00e4stermaskin f\u00f6r hjulaxlar som uppfyller kraven i VPI.<\/p>\n<p>Utrustningen har bl.a. f\u00f6ljande f\u00f6rdelar:<br \/>\n&#8211; den \u00e4r drifts\u00e4ker<br \/>\n&#8211; den kan bl\u00e4stra alla slags axlar<br \/>\n&#8211; enkel programmering f\u00f6r olika typer av hjulaxlar<br \/>\n&#8211; tillr\u00e4cklig kapacitet<br \/>\n&#8211; utrustningen \u00e4r tyst och dammfri.<\/p>\n<p><a href=\"https:\/\/www.finnblast.fi\/wp-content\/uploads\/38_1.jpg\" data-rel=\"lightbox-image-0\" data-rl_title=\"\" data-rl_caption=\"\" title=\"\"><img loading=\"lazy\" decoding=\"async\" src=\"https:\/\/www.finnblast.fi\/wp-content\/uploads\/38_1-300x224.jpg\" alt=\"38_1\" width=\"300\" height=\"224\" class=\"alignleft size-medium wp-image-1008\" srcset=\"https:\/\/www.finnblast.fi\/wp-content\/uploads\/38_1-300x224.jpg 300w, https:\/\/www.finnblast.fi\/wp-content\/uploads\/38_1.jpg 522w\" sizes=\"auto, (max-width: 300px) 100vw, 300px\" \/><\/a><\/p>\n<p><a href=\"https:\/\/www.finnblast.fi\/wp-content\/uploads\/38_2.jpg\" data-rel=\"lightbox-image-1\" data-rl_title=\"\" data-rl_caption=\"\" title=\"\"><img loading=\"lazy\" decoding=\"async\" src=\"https:\/\/www.finnblast.fi\/wp-content\/uploads\/38_2-300x240.jpg\" alt=\"38_2\" width=\"300\" height=\"240\" class=\"alignleft size-medium wp-image-1009\" srcset=\"https:\/\/www.finnblast.fi\/wp-content\/uploads\/38_2-300x240.jpg 300w, https:\/\/www.finnblast.fi\/wp-content\/uploads\/38_2.jpg 523w\" sizes=\"auto, (max-width: 300px) 100vw, 300px\" \/><\/a><\/p>\n<h2>Bl\u00e4string av j\u00e4rnv\u00e4gsvagn<\/h2>\n<p>Vi erbjuder bl\u00e4sterrum f\u00f6r bl\u00e4string av hela j\u00e4rnv\u00e4gsvagnar.<br \/>\nRummen kan utrustas.<\/p>\n<p><a href=\"https:\/\/www.finnblast.fi\/wp-content\/uploads\/38_3.jpg\" data-rel=\"lightbox-image-2\" data-rl_title=\"\" data-rl_caption=\"\" title=\"\"><img loading=\"lazy\" decoding=\"async\" src=\"https:\/\/www.finnblast.fi\/wp-content\/uploads\/38_3-300x188.jpg\" alt=\"38_3\" width=\"300\" height=\"188\" class=\"alignleft size-medium wp-image-1010\" srcset=\"https:\/\/www.finnblast.fi\/wp-content\/uploads\/38_3-300x188.jpg 300w, https:\/\/www.finnblast.fi\/wp-content\/uploads\/38_3.jpg 590w\" sizes=\"auto, (max-width: 300px) 100vw, 300px\" \/><\/a><\/p>\n","protected":false},"excerpt":{"rendered":"<p>Bl\u00e4string av hjulaxel till j\u00e4rnv\u00e4gsvagn Ett moment vid underh\u00e5ll av hjulaxlar \u00e4r sprickkontroll. Hjulaxlarna kontrolleras enligt den nya VPI-standarden. F\u00f6re kontrollen bl\u00e4stras hjulaxlarna rena. Rost och gammal f\u00e4rg avl\u00e4gsnas. Finnblast har utvecklat en bl\u00e4stermaskin f\u00f6r hjulaxlar som uppfyller kraven i VPI. Utrustningen har bl.a. f\u00f6ljande f\u00f6rdelar: &#8211; den \u00e4r drifts\u00e4ker &#8211; den kan bl\u00e4stra alla [&hellip;]<\/p>\n","protected":false},"author":2,"featured_media":0,"parent":144,"menu_order":0,"comment_status":"closed","ping_status":"open","template":"","meta":{"content-type":"","footnotes":""},"class_list":["post-605","page","type-page","status-publish","hentry"],"_links":{"self":[{"href":"https:\/\/www.finnblast.fi\/sv\/wp-json\/wp\/v2\/pages\/605","targetHints":{"allow":["GET"]}}],"collection":[{"href":"https:\/\/www.finnblast.fi\/sv\/wp-json\/wp\/v2\/pages"}],"about":[{"href":"https:\/\/www.finnblast.fi\/sv\/wp-json\/wp\/v2\/types\/page"}],"author":[{"embeddable":true,"href":"https:\/\/www.finnblast.fi\/sv\/wp-json\/wp\/v2\/users\/2"}],"replies":[{"embeddable":true,"href":"https:\/\/www.finnblast.fi\/sv\/wp-json\/wp\/v2\/comments?post=605"}],"version-history":[{"count":0,"href":"https:\/\/www.finnblast.fi\/sv\/wp-json\/wp\/v2\/pages\/605\/revisions"}],"up":[{"embeddable":true,"href":"https:\/\/www.finnblast.fi\/sv\/wp-json\/wp\/v2\/pages\/144"}],"wp:attachment":[{"href":"https:\/\/www.finnblast.fi\/sv\/wp-json\/wp\/v2\/media?parent=605"}],"curies":[{"name":"wp","href":"https:\/\/api.w.org\/{rel}","templated":true}]}}