{"id":604,"date":"2014-07-04T15:50:32","date_gmt":"2014-07-04T12:50:32","guid":{"rendered":"http:\/\/www.finnblast.fi\/?page_id=604"},"modified":"2014-07-10T15:42:08","modified_gmt":"2014-07-10T12:42:08","slug":"gjuterier","status":"publish","type":"page","link":"https:\/\/www.finnblast.fi\/sv\/industribranscher\/gjuterier\/","title":{"rendered":"Gjuterier"},"content":{"rendered":"<p>F\u00f6r gjuterier finns bl.a. f\u00f6ljande maskinmodeller i v\u00e5rt produktsortiment  <\/p>\n<ul>\n<li>Trumlingsbl\u00e4ster FBRK och FBRT<\/li>\n<li>H\u00e4ngbanebl\u00e4strar FBRI<\/li>\n<li>Bordsbl\u00e4ster FBTS<\/li>\n<\/ul>\n<p>Specialmaskiner<\/p>\n<ul>\n<li>f\u00f6r reng\u00f6ring av innerytor i h\u00e5l<\/li>\n<\/ul>\n<p><a href=\"https:\/\/www.finnblast.fi\/wp-content\/uploads\/37_2.jpg\" data-rel=\"lightbox-image-0\" data-rl_title=\"\" data-rl_caption=\"\" title=\"\"><img loading=\"lazy\" decoding=\"async\" src=\"https:\/\/www.finnblast.fi\/wp-content\/uploads\/37_2-215x300.jpg\" alt=\"37_2\" width=\"215\" height=\"300\" class=\"alignleft size-medium wp-image-1004\" srcset=\"https:\/\/www.finnblast.fi\/wp-content\/uploads\/37_2-215x300.jpg 215w, https:\/\/www.finnblast.fi\/wp-content\/uploads\/37_2.jpg 279w\" sizes=\"auto, (max-width: 215px) 100vw, 215px\" \/><\/a><\/p>\n<p><a href=\"https:\/\/www.finnblast.fi\/wp-content\/uploads\/37_3.jpg\" data-rel=\"lightbox-image-1\" data-rl_title=\"\" data-rl_caption=\"\" title=\"\"><img loading=\"lazy\" decoding=\"async\" src=\"https:\/\/www.finnblast.fi\/wp-content\/uploads\/37_3-161x300.jpg\" alt=\"37_3\" width=\"161\" height=\"300\" class=\"alignleft size-medium wp-image-1005\" \/><\/a><\/p>\n<p><a href=\"https:\/\/www.finnblast.fi\/wp-content\/uploads\/37_1.jpg\" data-rel=\"lightbox-image-2\" data-rl_title=\"\" data-rl_caption=\"\" title=\"\"><img loading=\"lazy\" decoding=\"async\" src=\"https:\/\/www.finnblast.fi\/wp-content\/uploads\/37_1-300x185.jpg\" alt=\"37_1\" width=\"300\" height=\"185\" class=\"alignleft size-medium wp-image-1002\" srcset=\"https:\/\/www.finnblast.fi\/wp-content\/uploads\/37_1-300x185.jpg 300w, https:\/\/www.finnblast.fi\/wp-content\/uploads\/37_1.jpg 476w\" sizes=\"auto, (max-width: 300px) 100vw, 300px\" \/><\/a><\/p>\n","protected":false},"excerpt":{"rendered":"<p>F\u00f6r gjuterier finns bl.a. f\u00f6ljande maskinmodeller i v\u00e5rt produktsortiment Trumlingsbl\u00e4ster FBRK och FBRT H\u00e4ngbanebl\u00e4strar FBRI Bordsbl\u00e4ster FBTS Specialmaskiner f\u00f6r reng\u00f6ring av innerytor i h\u00e5l<\/p>\n","protected":false},"author":2,"featured_media":0,"parent":144,"menu_order":0,"comment_status":"closed","ping_status":"open","template":"","meta":{"content-type":"","footnotes":""},"class_list":["post-604","page","type-page","status-publish","hentry"],"_links":{"self":[{"href":"https:\/\/www.finnblast.fi\/sv\/wp-json\/wp\/v2\/pages\/604","targetHints":{"allow":["GET"]}}],"collection":[{"href":"https:\/\/www.finnblast.fi\/sv\/wp-json\/wp\/v2\/pages"}],"about":[{"href":"https:\/\/www.finnblast.fi\/sv\/wp-json\/wp\/v2\/types\/page"}],"author":[{"embeddable":true,"href":"https:\/\/www.finnblast.fi\/sv\/wp-json\/wp\/v2\/users\/2"}],"replies":[{"embeddable":true,"href":"https:\/\/www.finnblast.fi\/sv\/wp-json\/wp\/v2\/comments?post=604"}],"version-history":[{"count":0,"href":"https:\/\/www.finnblast.fi\/sv\/wp-json\/wp\/v2\/pages\/604\/revisions"}],"up":[{"embeddable":true,"href":"https:\/\/www.finnblast.fi\/sv\/wp-json\/wp\/v2\/pages\/144"}],"wp:attachment":[{"href":"https:\/\/www.finnblast.fi\/sv\/wp-json\/wp\/v2\/media?parent=604"}],"curies":[{"name":"wp","href":"https:\/\/api.w.org\/{rel}","templated":true}]}}