{"id":603,"date":"2014-07-04T15:50:28","date_gmt":"2014-07-04T12:50:28","guid":{"rendered":"http:\/\/www.finnblast.fi\/?page_id=603"},"modified":"2014-07-10T15:39:01","modified_gmt":"2014-07-10T12:39:01","slug":"stal-och-halvfabrikat","status":"publish","type":"page","link":"https:\/\/www.finnblast.fi\/sv\/industribranscher\/stal-och-halvfabrikat\/","title":{"rendered":"St\u00e5l och halvfabrikat"},"content":{"rendered":"<p>F\u00f6r st\u00e5lgrossister, st\u00e5lbyggnadsf\u00f6retag och f\u00f6retag som tillverkar halvfabrikat erbjuder vi bland annat f\u00f6ljande maskinmodeller: <\/p>\n<p>&#8211; rullbanebl\u00e4strar av slungtyp FBRR f\u00f6r reng\u00f6ring av pl\u00e5tar och balkar <\/p>\n<p>&#8211; f\u00f6r reng\u00f6ring av skurna pl\u00e5tdetaljer l\u00e4mpar sig bl.a. rullbanebl\u00e4strar av slungtyp och n\u00e4tbanebl\u00e4strar av slungtyp FVBR<\/p>\n<p>&#8211; tryckluftsmatade maskiner FBL f\u00f6r reng\u00f6ring av skurna pl\u00e5tdetaljer <\/p>\n<p>&#8211; f\u00f6r avgradning av skurna pl\u00e5tdetaljer l\u00e4mpar sig trumlingsmaskiner FBM<\/p>\n<p>&#8211; f\u00f6r bl\u00e4string av svetsade st\u00e5lkonstruktioner l\u00e4mpar sig beroende p\u00e5 arbetsstyckenas m\u00e5tt<br \/>\n    &#8211; h\u00e4ngbanebl\u00e4strar<br \/>\n    &#8211; bl\u00e4stermaskiner av genomloppstyp<br \/>\n    &#8211; bl\u00e4sterrum<\/p>\n<p><a href=\"https:\/\/www.finnblast.fi\/wp-content\/uploads\/36_1.jpg\" data-rel=\"lightbox-image-0\" data-rl_title=\"\" data-rl_caption=\"\" title=\"\"><img loading=\"lazy\" decoding=\"async\" src=\"https:\/\/www.finnblast.fi\/wp-content\/uploads\/36_1.jpg\" alt=\"36_1\" width=\"194\" height=\"173\" class=\"alignleft size-full wp-image-995\" \/><\/a><\/p>\n<p><a href=\"https:\/\/www.finnblast.fi\/wp-content\/uploads\/36_2.jpg\" data-rel=\"lightbox-image-1\" data-rl_title=\"\" data-rl_caption=\"\" title=\"\"><img loading=\"lazy\" decoding=\"async\" src=\"https:\/\/www.finnblast.fi\/wp-content\/uploads\/36_2.jpg\" alt=\"36_2\" width=\"265\" height=\"171\" class=\"alignleft size-medium wp-image-996\" \/><\/a><\/p>\n<p style=\"clear:both;\"><a href=\"https:\/\/www.finnblast.fi\/wp-content\/uploads\/36_3.jpg\" data-rel=\"lightbox-image-2\" data-rl_title=\"\" data-rl_caption=\"\" title=\"\"><img loading=\"lazy\" decoding=\"async\" src=\"https:\/\/www.finnblast.fi\/wp-content\/uploads\/36_3-300x279.jpg\" alt=\"36_3\" width=\"300\" height=\"279\" class=\"alignleft size-medium wp-image-997\" srcset=\"https:\/\/www.finnblast.fi\/wp-content\/uploads\/36_3-300x279.jpg 300w, https:\/\/www.finnblast.fi\/wp-content\/uploads\/36_3.jpg 862w\" sizes=\"auto, (max-width: 300px) 100vw, 300px\" \/><\/a><\/p>\n<p><a href=\"https:\/\/www.finnblast.fi\/wp-content\/uploads\/36_4.jpg\" data-rel=\"lightbox-image-3\" data-rl_title=\"\" data-rl_caption=\"\" title=\"\"><img loading=\"lazy\" decoding=\"async\" src=\"https:\/\/www.finnblast.fi\/wp-content\/uploads\/36_4-300x225.jpg\" alt=\"36_4\" width=\"300\" height=\"225\" class=\"alignleft size-medium wp-image-998\" srcset=\"https:\/\/www.finnblast.fi\/wp-content\/uploads\/36_4-300x225.jpg 300w, https:\/\/www.finnblast.fi\/wp-content\/uploads\/36_4.jpg 482w\" sizes=\"auto, (max-width: 300px) 100vw, 300px\" \/><\/a><\/p>\n","protected":false},"excerpt":{"rendered":"<p>F\u00f6r st\u00e5lgrossister, st\u00e5lbyggnadsf\u00f6retag och f\u00f6retag som tillverkar halvfabrikat erbjuder vi bland annat f\u00f6ljande maskinmodeller: &#8211; rullbanebl\u00e4strar av slungtyp FBRR f\u00f6r reng\u00f6ring av pl\u00e5tar och balkar &#8211; f\u00f6r reng\u00f6ring av skurna pl\u00e5tdetaljer l\u00e4mpar sig bl.a. rullbanebl\u00e4strar av slungtyp och n\u00e4tbanebl\u00e4strar av slungtyp FVBR &#8211; tryckluftsmatade maskiner FBL f\u00f6r reng\u00f6ring av skurna pl\u00e5tdetaljer &#8211; f\u00f6r avgradning av [&hellip;]<\/p>\n","protected":false},"author":2,"featured_media":0,"parent":144,"menu_order":0,"comment_status":"closed","ping_status":"open","template":"","meta":{"content-type":"","footnotes":""},"class_list":["post-603","page","type-page","status-publish","hentry"],"_links":{"self":[{"href":"https:\/\/www.finnblast.fi\/sv\/wp-json\/wp\/v2\/pages\/603","targetHints":{"allow":["GET"]}}],"collection":[{"href":"https:\/\/www.finnblast.fi\/sv\/wp-json\/wp\/v2\/pages"}],"about":[{"href":"https:\/\/www.finnblast.fi\/sv\/wp-json\/wp\/v2\/types\/page"}],"author":[{"embeddable":true,"href":"https:\/\/www.finnblast.fi\/sv\/wp-json\/wp\/v2\/users\/2"}],"replies":[{"embeddable":true,"href":"https:\/\/www.finnblast.fi\/sv\/wp-json\/wp\/v2\/comments?post=603"}],"version-history":[{"count":0,"href":"https:\/\/www.finnblast.fi\/sv\/wp-json\/wp\/v2\/pages\/603\/revisions"}],"up":[{"embeddable":true,"href":"https:\/\/www.finnblast.fi\/sv\/wp-json\/wp\/v2\/pages\/144"}],"wp:attachment":[{"href":"https:\/\/www.finnblast.fi\/sv\/wp-json\/wp\/v2\/media?parent=603"}],"curies":[{"name":"wp","href":"https:\/\/api.w.org\/{rel}","templated":true}]}}