{"id":602,"date":"2014-07-04T15:50:24","date_gmt":"2014-07-04T12:50:24","guid":{"rendered":"http:\/\/www.finnblast.fi\/?page_id=602"},"modified":"2014-09-14T13:44:52","modified_gmt":"2014-09-14T10:44:52","slug":"gummiindustri","status":"publish","type":"page","link":"https:\/\/www.finnblast.fi\/sv\/industribranscher\/gummiindustri\/","title":{"rendered":"Gummiindustri"},"content":{"rendered":"<h2>Valsbel\u00e4ggning<\/h2>\n<p>Vid bel\u00e4ggning av valsar \u00e4r bel\u00e4ggningens vidh\u00e4ftning viktigt f\u00f6r kvaliteten. Vidh\u00e4ftningen p\u00e5verkas av r\u00e4tt ytr\u00e5het.<br \/> Med v\u00e5ra maskiner kan den r\u00e5het skapas som kr\u00e4vs f\u00f6r bel\u00e4ggningen och med automatiska bl\u00e4stermaskiner h\u00e5ller sig ytan lika fr\u00e5n m\u00e5nad till m\u00e5nad och fr\u00e5n \u00e5r till \u00e5r.<\/p>\n<p>I v\u00e5rt produktsortiment finns flera maskinmodeller som l\u00e4mpar sig f\u00f6r f\u00f6retag som bel\u00e4gger rullar, axlar och valsar.<\/p>\n<p>&#8211; sm\u00e5 manuella sk\u00e5p, t.ex. FB 1100<br \/> &#8211; stora automatsk\u00e5p<br \/> &#8211; bl\u00e4sterrum<\/p>\n<p>Automatisk bl\u00e4stermaskin FB 3750 som l\u00e4mpar sig f\u00f6r bl\u00e4string och uppruggning av rotationskroppar, bl.a. rullar, valsar och liknande cylinderformade detaljer. Detaljerna bl\u00e4stras automatiskt i en sluten kammare.<\/p>\n<p>Som tillbeh\u00f6r kan det i sk\u00e5pet finnas t.ex. ett rotationsbord d\u00e4r \u00e4ven andra arbetsstycken \u00e4n rotationskroppar kan bl\u00e4stras manuellt eller automatiskt.<\/p>\n<p><a href=\"https:\/\/www.finnblast.fi\/wp-content\/uploads\/muottikaappi_1.jpg\" data-rel=\"lightbox-image-0\" data-rl_title=\"\" data-rl_caption=\"\" title=\"\"><img loading=\"lazy\" decoding=\"async\" class=\"alignleft size-medium wp-image-989\" src=\"https:\/\/www.finnblast.fi\/wp-content\/uploads\/muottikaappi_1-259x300.jpg\" alt=\"muottikaappi_1\" width=\"259\" height=\"300\" srcset=\"https:\/\/www.finnblast.fi\/wp-content\/uploads\/muottikaappi_1-259x300.jpg 259w, https:\/\/www.finnblast.fi\/wp-content\/uploads\/muottikaappi_1.jpg 569w\" sizes=\"auto, (max-width: 259px) 100vw, 259px\" \/><\/a><a href=\"https:\/\/www.finnblast.fi\/wp-content\/uploads\/DSC04027_301.jpg\" data-rel=\"lightbox-image-1\" data-rl_title=\"\" data-rl_caption=\"\" title=\"\"><img loading=\"lazy\" decoding=\"async\" class=\"alignnone size-medium wp-image-1299\" src=\"https:\/\/www.finnblast.fi\/wp-content\/uploads\/DSC04027_301-300x168.jpg\" alt=\"DSC04027_30\" width=\"300\" height=\"168\" srcset=\"https:\/\/www.finnblast.fi\/wp-content\/uploads\/DSC04027_301-300x168.jpg 300w, https:\/\/www.finnblast.fi\/wp-content\/uploads\/DSC04027_301-1024x576.jpg 1024w, https:\/\/www.finnblast.fi\/wp-content\/uploads\/DSC04027_301.jpg 1383w\" sizes=\"auto, (max-width: 300px) 100vw, 300px\" \/><\/a><\/p>\n<h2>Uppruggning av ytan p\u00e5 stora valsar<\/h2>\n<p>F\u00f6r reng\u00f6ring och uppruggning av ytan p\u00e5 stora valsar, t.ex. valsar i pappersmaskiner, l\u00e4mpar sig maskinmodellen FBC. Den har h\u00f6g reng\u00f6ringseffekt. Den har ett dammfritt bl\u00e4sterhuvud som trycker mot valsens yta.<\/p>\n<p>Till bl\u00e4stercellen h\u00f6r ocks\u00e5 en rotationsvagn. Vagnens b\u00e4righet kan vara upp till 60 ton.<\/p>\n<p><a href=\"https:\/\/www.finnblast.fi\/wp-content\/uploads\/35_1.jpg\" data-rel=\"lightbox-image-2\" data-rl_title=\"\" data-rl_caption=\"\" title=\"\"><img loading=\"lazy\" decoding=\"async\" class=\"alignleft size-medium wp-image-988\" src=\"https:\/\/www.finnblast.fi\/wp-content\/uploads\/35_1-300x224.jpg\" alt=\"35_1\" width=\"300\" height=\"224\" srcset=\"https:\/\/www.finnblast.fi\/wp-content\/uploads\/35_1-300x224.jpg 300w, https:\/\/www.finnblast.fi\/wp-content\/uploads\/35_1.jpg 546w\" sizes=\"auto, (max-width: 300px) 100vw, 300px\" \/><\/a><\/p>\n<p><a href=\"https:\/\/www.finnblast.fi\/wp-content\/uploads\/35_2.jpg\" data-rel=\"lightbox-image-3\" data-rl_title=\"\" data-rl_caption=\"\" title=\"\"><img loading=\"lazy\" decoding=\"async\" class=\"alignleft size-medium wp-image-991\" src=\"https:\/\/www.finnblast.fi\/wp-content\/uploads\/35_2-300x239.jpg\" alt=\"35_2\" width=\"300\" height=\"239\" srcset=\"https:\/\/www.finnblast.fi\/wp-content\/uploads\/35_2-300x239.jpg 300w, https:\/\/www.finnblast.fi\/wp-content\/uploads\/35_2.jpg 507w\" sizes=\"auto, (max-width: 300px) 100vw, 300px\" \/><\/a><\/p>\n<h2>Vakuumbl\u00e4ster<\/h2>\n<p>F\u00f6r bl\u00e4string av valsar l\u00e4mpar sig \u00e4ven vakuumbl\u00e4sterautomaten FBDS.<\/p>\n<p>Maskinen har ett bl\u00e4sterhuvud d\u00e4r bl\u00e4stermedel och damm sugs tillbaka till maskinen under bl\u00e4stringen.<\/p>\n<p>Maskinen har ett tv\u00e5delat tryckk\u00e4rl som g\u00f6r det m\u00f6jligt att bl\u00e4stra kontinuerligt. P\u00e5 detta s\u00e4tt kan \u00e4ven stora ytor bl\u00e4stras kontinuerligt utan avbrott.<\/p>\n<p>I maskinen kan olika slags bl\u00e4stermedel anv\u00e4ndas, t.ex. st\u00e5lgrit, aluminiumoxid eller andra keramiska bl\u00e4stermedel.<\/p>\n<p>FBDS kan f\u00f6rses med flera tillbeh\u00f6r, bl.a. en anordning f\u00f6r automatisk tillf\u00f6rsel av bl\u00e4stermedel, anordningar f\u00f6r att r\u00f6ra bl\u00e4sterhuvudet, anordningar f\u00f6r att rotera valsen m.m.<\/p>\n<p><a href=\"https:\/\/www.finnblast.fi\/wp-content\/uploads\/35_3.jpg\" data-rel=\"lightbox-image-4\" data-rl_title=\"\" data-rl_caption=\"\" title=\"\"><img loading=\"lazy\" decoding=\"async\" class=\"alignleft size-medium wp-image-992\" src=\"https:\/\/www.finnblast.fi\/wp-content\/uploads\/35_3-211x300.jpg\" alt=\"35_3\" width=\"211\" height=\"300\" srcset=\"https:\/\/www.finnblast.fi\/wp-content\/uploads\/35_3-211x300.jpg 211w, https:\/\/www.finnblast.fi\/wp-content\/uploads\/35_3.jpg 548w\" sizes=\"auto, (max-width: 211px) 100vw, 211px\" \/><\/a><\/p>\n<p><a href=\"https:\/\/www.finnblast.fi\/wp-content\/uploads\/35_4.jpg\" data-rel=\"lightbox-image-5\" data-rl_title=\"\" data-rl_caption=\"\" title=\"\"><img loading=\"lazy\" decoding=\"async\" class=\"alignleft size-medium wp-image-993\" src=\"https:\/\/www.finnblast.fi\/wp-content\/uploads\/35_4-300x225.jpg\" alt=\"35_4\" width=\"300\" height=\"225\" srcset=\"https:\/\/www.finnblast.fi\/wp-content\/uploads\/35_4-300x225.jpg 300w, https:\/\/www.finnblast.fi\/wp-content\/uploads\/35_4.jpg 540w\" sizes=\"auto, (max-width: 300px) 100vw, 300px\" \/><\/a><\/p>\n","protected":false},"excerpt":{"rendered":"<p>Valsbel\u00e4ggning Vid bel\u00e4ggning av valsar \u00e4r bel\u00e4ggningens vidh\u00e4ftning viktigt f\u00f6r kvaliteten. Vidh\u00e4ftningen p\u00e5verkas av r\u00e4tt ytr\u00e5het. Med v\u00e5ra maskiner kan den r\u00e5het skapas som kr\u00e4vs f\u00f6r bel\u00e4ggningen och med automatiska bl\u00e4stermaskiner h\u00e5ller sig ytan lika fr\u00e5n m\u00e5nad till m\u00e5nad och fr\u00e5n \u00e5r till \u00e5r. I v\u00e5rt produktsortiment finns flera maskinmodeller som l\u00e4mpar sig f\u00f6r f\u00f6retag [&hellip;]<\/p>\n","protected":false},"author":2,"featured_media":0,"parent":144,"menu_order":0,"comment_status":"closed","ping_status":"open","template":"","meta":{"content-type":"","footnotes":""},"class_list":["post-602","page","type-page","status-publish","hentry"],"_links":{"self":[{"href":"https:\/\/www.finnblast.fi\/sv\/wp-json\/wp\/v2\/pages\/602","targetHints":{"allow":["GET"]}}],"collection":[{"href":"https:\/\/www.finnblast.fi\/sv\/wp-json\/wp\/v2\/pages"}],"about":[{"href":"https:\/\/www.finnblast.fi\/sv\/wp-json\/wp\/v2\/types\/page"}],"author":[{"embeddable":true,"href":"https:\/\/www.finnblast.fi\/sv\/wp-json\/wp\/v2\/users\/2"}],"replies":[{"embeddable":true,"href":"https:\/\/www.finnblast.fi\/sv\/wp-json\/wp\/v2\/comments?post=602"}],"version-history":[{"count":1,"href":"https:\/\/www.finnblast.fi\/sv\/wp-json\/wp\/v2\/pages\/602\/revisions"}],"predecessor-version":[{"id":1304,"href":"https:\/\/www.finnblast.fi\/sv\/wp-json\/wp\/v2\/pages\/602\/revisions\/1304"}],"up":[{"embeddable":true,"href":"https:\/\/www.finnblast.fi\/sv\/wp-json\/wp\/v2\/pages\/144"}],"wp:attachment":[{"href":"https:\/\/www.finnblast.fi\/sv\/wp-json\/wp\/v2\/media?parent=602"}],"curies":[{"name":"wp","href":"https:\/\/api.w.org\/{rel}","templated":true}]}}