{"id":601,"date":"2014-07-04T15:50:20","date_gmt":"2014-07-04T12:50:20","guid":{"rendered":"http:\/\/www.finnblast.fi\/?page_id=601"},"modified":"2014-07-10T15:31:39","modified_gmt":"2014-07-10T12:31:39","slug":"energiindustri","status":"publish","type":"page","link":"https:\/\/www.finnblast.fi\/sv\/industribranscher\/energiindustri\/","title":{"rendered":"Energiindustri"},"content":{"rendered":"<h2>Tillverkning av fj\u00e4rrv\u00e4rmer\u00f6r<\/h2>\n<p>I fj\u00e4rrv\u00e4rmer\u00f6r finns en v\u00e4rmeisolering utanp\u00e5 st\u00e5lr\u00f6ret och utanp\u00e5 v\u00e4rmeisoleringen finns ett plastr\u00f6r.  <\/p>\n<p>Bl\u00e4string av st\u00e5lr\u00f6ret \u00e4r viktigt f\u00f6r isoleringens vidh\u00e4ftning.<\/p>\n<p>Finnblast erbjuder ett brett sortiment av maskiner f\u00f6r bl\u00e4string av r\u00f6r, b\u00e5de tryckluftsdrivna maskiner och slungbl\u00e4strar.<\/p>\n<p>Valet av maskintyp p\u00e5verkas av bl.a. r\u00f6rens diametrar och kapacitetsbehovet. <\/p>\n<p>Bl\u00e4stern kan f\u00f6rses med automatiska in- och utmatningsanordningar f\u00f6r r\u00f6r.<\/p>\n<p><a href=\"https:\/\/www.finnblast.fi\/wp-content\/uploads\/34_1.jpg\" data-rel=\"lightbox-image-0\" data-rl_title=\"\" data-rl_caption=\"\" title=\"\"><img loading=\"lazy\" decoding=\"async\" src=\"https:\/\/www.finnblast.fi\/wp-content\/uploads\/34_1-300x260.jpg\" alt=\"34_1\" width=\"300\" height=\"260\" class=\"alignleft size-medium wp-image-981\" srcset=\"https:\/\/www.finnblast.fi\/wp-content\/uploads\/34_1-300x260.jpg 300w, https:\/\/www.finnblast.fi\/wp-content\/uploads\/34_1.jpg 530w\" sizes=\"auto, (max-width: 300px) 100vw, 300px\" \/><\/a><\/p>\n<h2>Tillverkning av \u00e5ngpannor<\/h2>\n<p>V\u00e4ggen i \u00e5ngpannor tillverkas som paneler best\u00e5ende av svetsade pl\u00e5tar och r\u00f6r.  <\/p>\n<p>F\u00f6re svetsning bl\u00e4stras pl\u00e5tar och r\u00f6r rena s\u00e5 att svetshastigheten kan h\u00f6jas och antalet svetsfel minskas.<\/p>\n<p>Detta h\u00f6jer produktiviteten vid svetsning och produkternas kvalitet.<\/p>\n<p>I Finnblasts produktsortiment finns maskiner f\u00f6r bl\u00e4string av s\u00e5v\u00e4l pl\u00e5tar som r\u00f6r.<\/p>\n<p>Bl\u00e4stermaskinerna kan installeras som en del av en automatisk produktionslinje f\u00f6r paneler.<\/p>\n<p><a href=\"https:\/\/www.finnblast.fi\/wp-content\/uploads\/34_2.jpg\" data-rel=\"lightbox-image-1\" data-rl_title=\"\" data-rl_caption=\"\" title=\"\"><img loading=\"lazy\" decoding=\"async\" src=\"https:\/\/www.finnblast.fi\/wp-content\/uploads\/34_2-300x225.jpg\" alt=\"34_2\" width=\"300\" height=\"225\" class=\"alignleft size-medium wp-image-982\" srcset=\"https:\/\/www.finnblast.fi\/wp-content\/uploads\/34_2-300x225.jpg 300w, https:\/\/www.finnblast.fi\/wp-content\/uploads\/34_2.jpg 528w\" sizes=\"auto, (max-width: 300px) 100vw, 300px\" \/><\/a><\/p>\n<p><a href=\"https:\/\/www.finnblast.fi\/wp-content\/uploads\/34_3.jpg\" data-rel=\"lightbox-image-2\" data-rl_title=\"\" data-rl_caption=\"\" title=\"\"><img loading=\"lazy\" decoding=\"async\" src=\"https:\/\/www.finnblast.fi\/wp-content\/uploads\/34_3-300x224.jpg\" alt=\"34_3\" width=\"300\" height=\"224\" class=\"alignleft size-medium wp-image-983\" srcset=\"https:\/\/www.finnblast.fi\/wp-content\/uploads\/34_3-300x224.jpg 300w, https:\/\/www.finnblast.fi\/wp-content\/uploads\/34_3.jpg 503w\" sizes=\"auto, (max-width: 300px) 100vw, 300px\" \/><\/a><\/p>\n<p><a href=\"https:\/\/www.finnblast.fi\/wp-content\/uploads\/34_4.jpg\" data-rel=\"lightbox-image-3\" data-rl_title=\"\" data-rl_caption=\"\" title=\"\"><img loading=\"lazy\" decoding=\"async\" src=\"https:\/\/www.finnblast.fi\/wp-content\/uploads\/34_4-300x224.jpg\" alt=\"34_4\" width=\"300\" height=\"224\" class=\"alignleft size-medium wp-image-984\" srcset=\"https:\/\/www.finnblast.fi\/wp-content\/uploads\/34_4-300x224.jpg 300w, https:\/\/www.finnblast.fi\/wp-content\/uploads\/34_4.jpg 506w\" sizes=\"auto, (max-width: 300px) 100vw, 300px\" \/><\/a><\/p>\n<h2>Tillverkning av kondensatorer<\/h2>\n<p>F\u00f6r kompensering av reaktiv effekt och filtrering av harmoniska \u00f6vertoner i eln\u00e4tet anv\u00e4nds bl.a.  kondensatorer. Kondensatorerna har en metallkapsling som \u00e4r utsatt f\u00f6r v\u00e4der och vind. Skyddskapslingens och d\u00e4rmed kondensatorns livsl\u00e4ngd \u00f6kar om den skyddas mot rost genom m\u00e5lning. F\u00f6re m\u00e5lning ska skyddsk\u00e5pan reng\u00f6ras och ruggas upp s\u00e5 att dess motst\u00e5ndskraft mot milj\u00f6p\u00e5verkan \u00f6kar. En h\u00f6gklassig antikorrosionsm\u00e5lning \u00e4r s\u00e4rskilt viktig n\u00e4r kondensatorerna placeras t.ex. i havsmilj\u00f6 eller andra sv\u00e5ra milj\u00f6er.<\/p>\n<p>Kondensatorerna bl\u00e4stras i en h\u00e4ngbanemaskin av genomloppstyp. Olika stora kondensatorer kan komma till maskinen i slumpvis ordning. Vid maskinens ing\u00e5ngs\u00f6ppning m\u00e4ts kondensatorernas storlek och med m\u00e4tningen som grund styrs bl\u00e4sterprocessen.<\/p>\n<p><a href=\"https:\/\/www.finnblast.fi\/wp-content\/uploads\/34_5.jpg\" data-rel=\"lightbox-image-4\" data-rl_title=\"\" data-rl_caption=\"\" title=\"\"><img loading=\"lazy\" decoding=\"async\" src=\"https:\/\/www.finnblast.fi\/wp-content\/uploads\/34_5-250x300.jpg\" alt=\"34_5\" width=\"250\" height=\"300\" class=\"alignleft size-medium wp-image-986\" srcset=\"https:\/\/www.finnblast.fi\/wp-content\/uploads\/34_5-250x300.jpg 250w, https:\/\/www.finnblast.fi\/wp-content\/uploads\/34_5.jpg 548w\" sizes=\"auto, (max-width: 250px) 100vw, 250px\" \/><\/a><\/p>\n","protected":false},"excerpt":{"rendered":"<p>Tillverkning av fj\u00e4rrv\u00e4rmer\u00f6r I fj\u00e4rrv\u00e4rmer\u00f6r finns en v\u00e4rmeisolering utanp\u00e5 st\u00e5lr\u00f6ret och utanp\u00e5 v\u00e4rmeisoleringen finns ett plastr\u00f6r. Bl\u00e4string av st\u00e5lr\u00f6ret \u00e4r viktigt f\u00f6r isoleringens vidh\u00e4ftning. Finnblast erbjuder ett brett sortiment av maskiner f\u00f6r bl\u00e4string av r\u00f6r, b\u00e5de tryckluftsdrivna maskiner och slungbl\u00e4strar. Valet av maskintyp p\u00e5verkas av bl.a. r\u00f6rens diametrar och kapacitetsbehovet. Bl\u00e4stern kan f\u00f6rses med automatiska [&hellip;]<\/p>\n","protected":false},"author":2,"featured_media":0,"parent":144,"menu_order":0,"comment_status":"closed","ping_status":"open","template":"","meta":{"content-type":"","footnotes":""},"class_list":["post-601","page","type-page","status-publish","hentry"],"_links":{"self":[{"href":"https:\/\/www.finnblast.fi\/sv\/wp-json\/wp\/v2\/pages\/601","targetHints":{"allow":["GET"]}}],"collection":[{"href":"https:\/\/www.finnblast.fi\/sv\/wp-json\/wp\/v2\/pages"}],"about":[{"href":"https:\/\/www.finnblast.fi\/sv\/wp-json\/wp\/v2\/types\/page"}],"author":[{"embeddable":true,"href":"https:\/\/www.finnblast.fi\/sv\/wp-json\/wp\/v2\/users\/2"}],"replies":[{"embeddable":true,"href":"https:\/\/www.finnblast.fi\/sv\/wp-json\/wp\/v2\/comments?post=601"}],"version-history":[{"count":0,"href":"https:\/\/www.finnblast.fi\/sv\/wp-json\/wp\/v2\/pages\/601\/revisions"}],"up":[{"embeddable":true,"href":"https:\/\/www.finnblast.fi\/sv\/wp-json\/wp\/v2\/pages\/144"}],"wp:attachment":[{"href":"https:\/\/www.finnblast.fi\/sv\/wp-json\/wp\/v2\/media?parent=601"}],"curies":[{"name":"wp","href":"https:\/\/api.w.org\/{rel}","templated":true}]}}