{"id":600,"date":"2014-07-04T15:50:17","date_gmt":"2014-07-04T12:50:17","guid":{"rendered":"http:\/\/www.finnblast.fi\/?page_id=600"},"modified":"2014-07-10T15:28:21","modified_gmt":"2014-07-10T12:28:21","slug":"byggmaterialindustri","status":"publish","type":"page","link":"https:\/\/www.finnblast.fi\/sv\/industribranscher\/byggmaterialindustri\/","title":{"rendered":"Byggmaterialindustri"},"content":{"rendered":"<h2>Stomme och takstolar till byggnader<\/h2>\n<p>St\u00e5lstommar och takstolar till byggnader kan bl\u00e4stras i bl\u00e4sterrum. Rummets storlek dimensioneras s\u00e5 att de st\u00f6rsta arbetsstyckena f\u00e5r plats.  <\/p>\n<p>Arbetsstycken kan tas in i rummet t.ex. med en vagn p\u00e5 r\u00e4ls eller s\u00e5 kan de h\u00e4ngas i en h\u00e4ngbana.<\/p>\n<p>Ett annat alternativ \u00e4r att g\u00f6ra bl\u00e4stringen i en genomg\u00e5ende h\u00e4ngbanebl\u00e4ster av slungtyp. Slungbl\u00e4sterns \u00f6ppning best\u00e4ms efter delarnas tv\u00e4rsnitt.<\/p>\n<p><a href=\"https:\/\/www.finnblast.fi\/wp-content\/uploads\/33_1.jpg\" data-rel=\"lightbox-image-0\" data-rl_title=\"\" data-rl_caption=\"\" title=\"\"><img loading=\"lazy\" decoding=\"async\" src=\"https:\/\/www.finnblast.fi\/wp-content\/uploads\/33_1-300x180.jpg\" alt=\"33_1\" width=\"300\" height=\"180\" class=\"alignleft size-medium wp-image-974\" srcset=\"https:\/\/www.finnblast.fi\/wp-content\/uploads\/33_1-300x180.jpg 300w, https:\/\/www.finnblast.fi\/wp-content\/uploads\/33_1.jpg 622w\" sizes=\"auto, (max-width: 300px) 100vw, 300px\" \/><\/a><\/p>\n<h2>Tillverkning av d\u00f6rrar och f\u00f6nster<\/h2>\n<p>Vid tillverkning av d\u00f6rrar och f\u00f6nster anv\u00e4nds tunnv\u00e4ggiga profiler. Det \u00e4r sv\u00e5rt att bl\u00e4stra s\u00e5dana profiler manuellt eller i en slungbl\u00e4ster utan att orsaka formf\u00f6r\u00e4ndringar och nedb\u00f6jningar.<\/p>\n<p>F\u00f6r bl\u00e4string av tunnv\u00e4ggiga profiler l\u00e4mpar sig maskinmodellerna FB 350\/350 och FB 500\/500 som \u00e4r bl\u00e4stringsautomater av genomloppstyp. Arbetsstyckena blir rena runt om i en k\u00f6rning. Naturligtvis l\u00e4mpar de sig \u00e4ven f\u00f6r bl\u00e4string av andra profiler, som t.ex. I-balkar, U-balkar samt rektangul\u00e4ra och kvadratiska r\u00f6r.  <\/p>\n<p><a href=\"https:\/\/www.finnblast.fi\/wp-content\/uploads\/33_2.jpg\" data-rel=\"lightbox-image-1\" data-rl_title=\"\" data-rl_caption=\"\" title=\"\"><img loading=\"lazy\" decoding=\"async\" src=\"https:\/\/www.finnblast.fi\/wp-content\/uploads\/33_2-300x225.jpg\" alt=\"33_2\" width=\"300\" height=\"225\" class=\"alignleft size-medium wp-image-975\" srcset=\"https:\/\/www.finnblast.fi\/wp-content\/uploads\/33_2-300x225.jpg 300w, https:\/\/www.finnblast.fi\/wp-content\/uploads\/33_2.jpg 449w\" sizes=\"auto, (max-width: 300px) 100vw, 300px\" \/><\/a><\/p>\n<p><a href=\"https:\/\/www.finnblast.fi\/wp-content\/uploads\/33_3.jpg\" data-rel=\"lightbox-image-2\" data-rl_title=\"\" data-rl_caption=\"\" title=\"\"><img loading=\"lazy\" decoding=\"async\" src=\"https:\/\/www.finnblast.fi\/wp-content\/uploads\/33_3-300x211.jpg\" alt=\"33_3\" width=\"300\" height=\"211\" class=\"alignleft size-medium wp-image-976\" srcset=\"https:\/\/www.finnblast.fi\/wp-content\/uploads\/33_3-300x211.jpg 300w, https:\/\/www.finnblast.fi\/wp-content\/uploads\/33_3.jpg 449w\" sizes=\"auto, (max-width: 300px) 100vw, 300px\" \/><\/a><\/p>\n<h2>Bl\u00e4string av balkar och pl\u00e5tar med slungbl\u00e4ster<\/h2>\n<p>En slungbl\u00e4ster l\u00e4mpar sig f\u00f6r bl\u00e4string av pl\u00e5tar och balkar. Inmatnings\u00f6ppningens bredd \u00e4r i intervallet 1000\u20133000 mm f\u00f6r slungbl\u00e4strar.<\/p>\n<p><a href=\"https:\/\/www.finnblast.fi\/wp-content\/uploads\/33_4.jpg\" data-rel=\"lightbox-image-3\" data-rl_title=\"\" data-rl_caption=\"\" title=\"\"><img loading=\"lazy\" decoding=\"async\" src=\"https:\/\/www.finnblast.fi\/wp-content\/uploads\/33_4.jpg\" alt=\"33_4\" width=\"193\" height=\"173\" class=\"alignleft size-full wp-image-977\" \/><\/a><\/p>\n<p><a href=\"https:\/\/www.finnblast.fi\/wp-content\/uploads\/33_5.jpg\" data-rel=\"lightbox-image-4\" data-rl_title=\"\" data-rl_caption=\"\" title=\"\"><img loading=\"lazy\" decoding=\"async\" src=\"https:\/\/www.finnblast.fi\/wp-content\/uploads\/33_5.jpg\" alt=\"33_5\" width=\"264\" height=\"169\" class=\"alignleft size-medium wp-image-978\" \/><\/a><\/p>\n<h2>Reng\u00f6ring av skurna pl\u00e5tdetaljer med trumlare<\/h2>\n<p>F\u00f6r reng\u00f6ring och avgradning av detaljer som skurits med sk\u00e4rbr\u00e4nnare erbjuder vi v\u00e5r trumlingsmaskin.<\/p>\n<p>N\u00e4r trumman roterar slipas detaljerna mot varandra och graderna skavs bort.  <\/p>\n<p>Detaljerna lastas i trumman med en transportl\u00e5da som utg\u00f6r en del av trumman. Detaljerna beh\u00f6ver inte lyftas in manuellt i trumman och inte heller ut. L\u00e5dan flyttas med truck.<\/p>\n<p>Trumman \u00e4r placerad i en ljudisolerad skrubb s\u00e5 att ljudniv\u00e5n blir mycket l\u00e5g. Fr\u00e5n trummans mitt sugs luft ut och d\u00e4rf\u00f6r \u00e4r detaljerna dammfria efter trumlingen.<\/p>\n<p><a href=\"https:\/\/www.finnblast.fi\/wp-content\/uploads\/33_6.jpg\" data-rel=\"lightbox-image-5\" data-rl_title=\"\" data-rl_caption=\"\" title=\"\"><img loading=\"lazy\" decoding=\"async\" src=\"https:\/\/www.finnblast.fi\/wp-content\/uploads\/33_6-300x224.jpg\" alt=\"33_6\" width=\"300\" height=\"224\" class=\"alignleft size-medium wp-image-979\" srcset=\"https:\/\/www.finnblast.fi\/wp-content\/uploads\/33_6-300x224.jpg 300w, https:\/\/www.finnblast.fi\/wp-content\/uploads\/33_6.jpg 599w\" sizes=\"auto, (max-width: 300px) 100vw, 300px\" \/><\/a><\/p>\n","protected":false},"excerpt":{"rendered":"<p>Stomme och takstolar till byggnader St\u00e5lstommar och takstolar till byggnader kan bl\u00e4stras i bl\u00e4sterrum. Rummets storlek dimensioneras s\u00e5 att de st\u00f6rsta arbetsstyckena f\u00e5r plats. Arbetsstycken kan tas in i rummet t.ex. med en vagn p\u00e5 r\u00e4ls eller s\u00e5 kan de h\u00e4ngas i en h\u00e4ngbana. Ett annat alternativ \u00e4r att g\u00f6ra bl\u00e4stringen i en genomg\u00e5ende h\u00e4ngbanebl\u00e4ster [&hellip;]<\/p>\n","protected":false},"author":2,"featured_media":0,"parent":144,"menu_order":0,"comment_status":"closed","ping_status":"open","template":"","meta":{"content-type":"","footnotes":""},"class_list":["post-600","page","type-page","status-publish","hentry"],"_links":{"self":[{"href":"https:\/\/www.finnblast.fi\/sv\/wp-json\/wp\/v2\/pages\/600","targetHints":{"allow":["GET"]}}],"collection":[{"href":"https:\/\/www.finnblast.fi\/sv\/wp-json\/wp\/v2\/pages"}],"about":[{"href":"https:\/\/www.finnblast.fi\/sv\/wp-json\/wp\/v2\/types\/page"}],"author":[{"embeddable":true,"href":"https:\/\/www.finnblast.fi\/sv\/wp-json\/wp\/v2\/users\/2"}],"replies":[{"embeddable":true,"href":"https:\/\/www.finnblast.fi\/sv\/wp-json\/wp\/v2\/comments?post=600"}],"version-history":[{"count":0,"href":"https:\/\/www.finnblast.fi\/sv\/wp-json\/wp\/v2\/pages\/600\/revisions"}],"up":[{"embeddable":true,"href":"https:\/\/www.finnblast.fi\/sv\/wp-json\/wp\/v2\/pages\/144"}],"wp:attachment":[{"href":"https:\/\/www.finnblast.fi\/sv\/wp-json\/wp\/v2\/media?parent=600"}],"curies":[{"name":"wp","href":"https:\/\/api.w.org\/{rel}","templated":true}]}}