{"id":599,"date":"2014-07-04T15:50:12","date_gmt":"2014-07-04T12:50:12","guid":{"rendered":"http:\/\/www.finnblast.fi\/?page_id=599"},"modified":"2014-07-10T15:24:47","modified_gmt":"2014-07-10T12:24:47","slug":"tillverkning-av-maskiner-och-maskindelar","status":"publish","type":"page","link":"https:\/\/www.finnblast.fi\/sv\/industribranscher\/tillverkning-av-maskiner-och-maskindelar\/","title":{"rendered":"Tillverkning av maskiner och maskindelar"},"content":{"rendered":"<h2>Reng\u00f6ring efter h\u00e4rdning<\/h2>\n<p>Ofta h\u00e4rdas axlar m.fl. maskindelar.<br \/>\nEfter h\u00e4rdning m\u00e5ste delarna reng\u00f6ras.<\/p>\n<p>I denna maskin kan cylindriska detaljer, t.ex. axlar, reng\u00f6ras. Efter h\u00e4rdning bl\u00e4stras de rena innan den slutliga slipningen. Maskinen arbetar automatiskt. Under bl\u00e4stringen roterar axeln och munstyckena r\u00f6r sig ovanf\u00f6r axeln.<\/p>\n<p><a href=\"https:\/\/www.finnblast.fi\/wp-content\/uploads\/32_1.jpg\" data-rel=\"lightbox-image-0\" data-rl_title=\"\" data-rl_caption=\"\" title=\"\"><img loading=\"lazy\" decoding=\"async\" src=\"https:\/\/www.finnblast.fi\/wp-content\/uploads\/32_1.jpg\" alt=\"32_1\" width=\"184\" height=\"132\" class=\"alignleft size-full wp-image-966\" \/><\/a><\/p>\n<h2>Bl\u00e4string av gavlar p\u00e5 axlar<\/h2>\n<p>I denna PLC-styrda bl\u00e4stermaskin bl\u00e4stras gavlarna p\u00e5 axlar. Bl\u00e4stringen sker med tv\u00e5 munstycken vars r\u00f6relser kan programmeras.<br \/>\nOperat\u00f6ren v\u00e4ljer \u00f6nskat program p\u00e5 den tryckk\u00e4nsliga sk\u00e4rmen och maskinen g\u00f6r bl\u00e4stringsarbetet automatiskt.<\/p>\n<p><a href=\"https:\/\/www.finnblast.fi\/wp-content\/uploads\/32_2.jpg\" data-rel=\"lightbox-image-1\" data-rl_title=\"\" data-rl_caption=\"\" title=\"\"><img loading=\"lazy\" decoding=\"async\" src=\"https:\/\/www.finnblast.fi\/wp-content\/uploads\/32_2-300x264.jpg\" alt=\"32_2\" width=\"300\" height=\"264\" class=\"alignleft size-medium wp-image-968\" srcset=\"https:\/\/www.finnblast.fi\/wp-content\/uploads\/32_2-300x264.jpg 300w, https:\/\/www.finnblast.fi\/wp-content\/uploads\/32_2.jpg 474w\" sizes=\"auto, (max-width: 300px) 100vw, 300px\" \/><\/a><\/p>\n<h2>Bl\u00e4string av hydraulcylindrar<\/h2>\n<p>L\u00e5nga hydraulcylindrar bl\u00e4stras i ett 8 m l\u00e5ngt bl\u00e4stersk\u00e5p.   Cylindrarna placeras p\u00e5 en vagn utanf\u00f6r sk\u00e5pet och vagnen k\u00f6rs in. Bl\u00e4stringen sker i en sluten kammare. Med hj\u00e4lp av specialanordningar kan \u00e4ven detaljer med en l\u00e4ngd \u00f6ver 8 m reng\u00f6ras i maskinen.<\/p>\n<p><a href=\"https:\/\/www.finnblast.fi\/wp-content\/uploads\/32_3.jpg\" data-rel=\"lightbox-image-2\" data-rl_title=\"\" data-rl_caption=\"\" title=\"\"><img loading=\"lazy\" decoding=\"async\" src=\"https:\/\/www.finnblast.fi\/wp-content\/uploads\/32_3-300x174.jpg\" alt=\"32_3\" width=\"300\" height=\"174\" class=\"alignleft size-medium wp-image-969\" srcset=\"https:\/\/www.finnblast.fi\/wp-content\/uploads\/32_3-300x174.jpg 300w, https:\/\/www.finnblast.fi\/wp-content\/uploads\/32_3.jpg 617w\" sizes=\"auto, (max-width: 300px) 100vw, 300px\" \/><\/a><\/p>\n<h2>Bl\u00e4string av fundament till stora maskiner<\/h2>\n<p>Stora maskinfundament som inte f\u00e5r plats i bl\u00e4stersk\u00e5p bl\u00e4stras i bl\u00e4sterrum. Rummet och dess anordningar dimensioneras efter kundens behov. <\/p>\n<p>Om kapacitetsbehovet \u00e4r stort kan en manipulator eller robot anv\u00e4ndas f\u00f6r bl\u00e4stringen.<\/p>\n<p><a href=\"https:\/\/www.finnblast.fi\/wp-content\/uploads\/32_4.jpg\" data-rel=\"lightbox-image-3\" data-rl_title=\"\" data-rl_caption=\"\" title=\"\"><img loading=\"lazy\" decoding=\"async\" src=\"https:\/\/www.finnblast.fi\/wp-content\/uploads\/32_4-300x172.jpg\" alt=\"32_4\" width=\"300\" height=\"172\" class=\"alignleft size-medium wp-image-970\" srcset=\"https:\/\/www.finnblast.fi\/wp-content\/uploads\/32_4-300x172.jpg 300w, https:\/\/www.finnblast.fi\/wp-content\/uploads\/32_4.jpg 569w\" sizes=\"auto, (max-width: 300px) 100vw, 300px\" \/><\/a><\/p>\n<p><a href=\"https:\/\/www.finnblast.fi\/wp-content\/uploads\/32_5.jpg\" data-rel=\"lightbox-image-4\" data-rl_title=\"\" data-rl_caption=\"\" title=\"\"><img loading=\"lazy\" decoding=\"async\" src=\"https:\/\/www.finnblast.fi\/wp-content\/uploads\/32_5-300x264.jpg\" alt=\"32_5\" width=\"300\" height=\"264\" class=\"alignleft size-medium wp-image-971\" srcset=\"https:\/\/www.finnblast.fi\/wp-content\/uploads\/32_5-300x264.jpg 300w, https:\/\/www.finnblast.fi\/wp-content\/uploads\/32_5.jpg 515w\" sizes=\"auto, (max-width: 300px) 100vw, 300px\" \/><\/a><\/p>\n","protected":false},"excerpt":{"rendered":"<p>Reng\u00f6ring efter h\u00e4rdning Ofta h\u00e4rdas axlar m.fl. maskindelar. Efter h\u00e4rdning m\u00e5ste delarna reng\u00f6ras. I denna maskin kan cylindriska detaljer, t.ex. axlar, reng\u00f6ras. Efter h\u00e4rdning bl\u00e4stras de rena innan den slutliga slipningen. Maskinen arbetar automatiskt. Under bl\u00e4stringen roterar axeln och munstyckena r\u00f6r sig ovanf\u00f6r axeln. Bl\u00e4string av gavlar p\u00e5 axlar I denna PLC-styrda bl\u00e4stermaskin bl\u00e4stras gavlarna [&hellip;]<\/p>\n","protected":false},"author":2,"featured_media":0,"parent":144,"menu_order":0,"comment_status":"closed","ping_status":"open","template":"","meta":{"content-type":"","footnotes":""},"class_list":["post-599","page","type-page","status-publish","hentry"],"_links":{"self":[{"href":"https:\/\/www.finnblast.fi\/sv\/wp-json\/wp\/v2\/pages\/599","targetHints":{"allow":["GET"]}}],"collection":[{"href":"https:\/\/www.finnblast.fi\/sv\/wp-json\/wp\/v2\/pages"}],"about":[{"href":"https:\/\/www.finnblast.fi\/sv\/wp-json\/wp\/v2\/types\/page"}],"author":[{"embeddable":true,"href":"https:\/\/www.finnblast.fi\/sv\/wp-json\/wp\/v2\/users\/2"}],"replies":[{"embeddable":true,"href":"https:\/\/www.finnblast.fi\/sv\/wp-json\/wp\/v2\/comments?post=599"}],"version-history":[{"count":0,"href":"https:\/\/www.finnblast.fi\/sv\/wp-json\/wp\/v2\/pages\/599\/revisions"}],"up":[{"embeddable":true,"href":"https:\/\/www.finnblast.fi\/sv\/wp-json\/wp\/v2\/pages\/144"}],"wp:attachment":[{"href":"https:\/\/www.finnblast.fi\/sv\/wp-json\/wp\/v2\/media?parent=599"}],"curies":[{"name":"wp","href":"https:\/\/api.w.org\/{rel}","templated":true}]}}