{"id":598,"date":"2014-07-04T15:50:09","date_gmt":"2014-07-04T12:50:09","guid":{"rendered":"http:\/\/www.finnblast.fi\/?page_id=598"},"modified":"2014-07-10T15:21:24","modified_gmt":"2014-07-10T12:21:24","slug":"service-och-underhall","status":"publish","type":"page","link":"https:\/\/www.finnblast.fi\/sv\/industribranscher\/service-och-underhall\/","title":{"rendered":"Service och underh\u00e5ll"},"content":{"rendered":"<h2>Pumpservice<\/h2>\n<p>I samband med pumpservice ska pumpens delar reng\u00f6ras. Sk\u00e5pen i FB 1100 Compact-serien l\u00e4mpar sig bra f\u00f6r service av pumpar. De \u00e4r f\u00f6rsedda med ett utdragbart bord s\u00e5 att pumphjul och andra delar kan lastas p\u00e5 bordet utanf\u00f6r sk\u00e5pet med t.ex. en lyft.<\/p>\n<p>Sk\u00e5pet kan f\u00f6rses med genomlopps\u00f6ppningar. P\u00e5 det s\u00e4ttet kan \u00e4ven l\u00e5nga axlar och andra l\u00e5nga profiler reng\u00f6ras i samma sk\u00e5p.<\/p>\n<p>Som bl\u00e4stermedel kan t.ex. glaskulor, aluminiumoxid eller plastkulor v\u00e4ljas efter varje kunds behov.<\/p>\n<p><a href=\"https:\/\/www.finnblast.fi\/wp-content\/uploads\/31_1.jpg\" data-rel=\"lightbox-image-0\" data-rl_title=\"\" data-rl_caption=\"\" title=\"\"><img loading=\"lazy\" decoding=\"async\" src=\"https:\/\/www.finnblast.fi\/wp-content\/uploads\/31_1.jpg\" alt=\"31_1\" width=\"139\" height=\"164\" class=\"alignleft size-full wp-image-958\" \/><\/a><\/p>\n<p><a href=\"https:\/\/www.finnblast.fi\/wp-content\/uploads\/31_2.jpg\" data-rel=\"lightbox-image-1\" data-rl_title=\"\" data-rl_caption=\"\" title=\"\"><img loading=\"lazy\" decoding=\"async\" src=\"https:\/\/www.finnblast.fi\/wp-content\/uploads\/31_2.jpg\" alt=\"31_2\" width=\"139\" height=\"165\" class=\"alignleft size-medium wp-image-959\" \/><\/a><\/p>\n<h2>Service av industriv\u00e4xlar<\/h2>\n<p>V\u00e4xlar f\u00f6r industriell kraft\u00f6verf\u00f6ring kan vara stora och tunga. FB 1800-1900 l\u00e4mpar sig \u00e4ven f\u00f6r reng\u00f6ring av s\u00e5dana delar. Rotationsbordets b\u00e4righet \u00e4r 2,5 ton (vid behov \u00e4nnu h\u00f6gre).<\/p>\n<p>Arbetsstycken lastas p\u00e5 bordet utanf\u00f6r sk\u00e5pet.  Bordet k\u00f6rs in i sk\u00e5pet med eldrift.<br \/>\nSk\u00e5pet har ett slutet system f\u00f6r \u00e5terf\u00f6ring och reng\u00f6ring av bl\u00e4stermedel.  <\/p>\n<p>Arbetsstyckets h\u00f6jd kan vara upp till 1 000 mm.  Bl\u00e4stersk\u00e5pet \u00e4r f\u00f6rsett med en extra \u00f6ppning f\u00f6r bl\u00e4string av h\u00f6ga detaljer.<\/p>\n<p><a href=\"https:\/\/www.finnblast.fi\/wp-content\/uploads\/31_3.jpg\" data-rel=\"lightbox-image-2\" data-rl_title=\"\" data-rl_caption=\"\" title=\"\"><img loading=\"lazy\" decoding=\"async\" src=\"https:\/\/www.finnblast.fi\/wp-content\/uploads\/31_3-300x223.jpg\" alt=\"31_3\" width=\"300\" height=\"223\" class=\"alignleft size-medium wp-image-960\" srcset=\"https:\/\/www.finnblast.fi\/wp-content\/uploads\/31_3-300x223.jpg 300w, https:\/\/www.finnblast.fi\/wp-content\/uploads\/31_3.jpg 637w\" sizes=\"auto, (max-width: 300px) 100vw, 300px\" \/><\/a><\/p>\n<p><a href=\"https:\/\/www.finnblast.fi\/wp-content\/uploads\/31_4.jpg\" data-rel=\"lightbox-image-3\" data-rl_title=\"\" data-rl_caption=\"\" title=\"\"><img loading=\"lazy\" decoding=\"async\" src=\"https:\/\/www.finnblast.fi\/wp-content\/uploads\/31_4-300x240.jpg\" alt=\"31_4\" width=\"300\" height=\"240\" class=\"alignleft size-medium wp-image-961\" srcset=\"https:\/\/www.finnblast.fi\/wp-content\/uploads\/31_4-300x240.jpg 300w, https:\/\/www.finnblast.fi\/wp-content\/uploads\/31_4.jpg 601w\" sizes=\"auto, (max-width: 300px) 100vw, 300px\" \/><\/a><\/p>\n<h2>Service av stora dieselmotorer<\/h2>\n<p>Bl\u00e4stersk\u00e5pet FB 1800 l\u00e4mpar sig f\u00f6r m\u00e5nga \u00e4ndam\u00e5l. Det har en separat cyklon och ett filter som ger en effektiv luftv\u00e4xling i sk\u00e5pet. Sikten inne i sk\u00e5pet \u00e4r god \u00e4ven n\u00e4r t.ex. fin aluminiumoxid eller kiseloxid anv\u00e4nds som bl\u00e4stermedel, d\u00e5 dessa ger upphov till mycket damm under bl\u00e4string.<\/p>\n<p><a href=\"https:\/\/www.finnblast.fi\/wp-content\/uploads\/31_5.jpg\" data-rel=\"lightbox-image-4\" data-rl_title=\"\" data-rl_caption=\"\" title=\"\"><img loading=\"lazy\" decoding=\"async\" src=\"https:\/\/www.finnblast.fi\/wp-content\/uploads\/31_5-300x223.jpg\" alt=\"31_5\" width=\"300\" height=\"223\" class=\"alignleft size-medium wp-image-963\" srcset=\"https:\/\/www.finnblast.fi\/wp-content\/uploads\/31_5-300x223.jpg 300w, https:\/\/www.finnblast.fi\/wp-content\/uploads\/31_5.jpg 465w\" sizes=\"auto, (max-width: 300px) 100vw, 300px\" \/><\/a><\/p>\n<p><a href=\"https:\/\/www.finnblast.fi\/wp-content\/uploads\/31_6.jpg\" data-rel=\"lightbox-image-5\" data-rl_title=\"\" data-rl_caption=\"\" title=\"\"><img loading=\"lazy\" decoding=\"async\" src=\"https:\/\/www.finnblast.fi\/wp-content\/uploads\/31_6-300x224.jpg\" alt=\"31_6\" width=\"300\" height=\"224\" class=\"alignleft size-medium wp-image-964\" srcset=\"https:\/\/www.finnblast.fi\/wp-content\/uploads\/31_6-300x224.jpg 300w, https:\/\/www.finnblast.fi\/wp-content\/uploads\/31_6.jpg 477w\" sizes=\"auto, (max-width: 300px) 100vw, 300px\" \/><\/a><\/p>\n","protected":false},"excerpt":{"rendered":"<p>Pumpservice I samband med pumpservice ska pumpens delar reng\u00f6ras. Sk\u00e5pen i FB 1100 Compact-serien l\u00e4mpar sig bra f\u00f6r service av pumpar. De \u00e4r f\u00f6rsedda med ett utdragbart bord s\u00e5 att pumphjul och andra delar kan lastas p\u00e5 bordet utanf\u00f6r sk\u00e5pet med t.ex. en lyft. Sk\u00e5pet kan f\u00f6rses med genomlopps\u00f6ppningar. P\u00e5 det s\u00e4ttet kan \u00e4ven l\u00e5nga [&hellip;]<\/p>\n","protected":false},"author":2,"featured_media":0,"parent":144,"menu_order":0,"comment_status":"closed","ping_status":"open","template":"","meta":{"content-type":"","footnotes":""},"class_list":["post-598","page","type-page","status-publish","hentry"],"_links":{"self":[{"href":"https:\/\/www.finnblast.fi\/sv\/wp-json\/wp\/v2\/pages\/598","targetHints":{"allow":["GET"]}}],"collection":[{"href":"https:\/\/www.finnblast.fi\/sv\/wp-json\/wp\/v2\/pages"}],"about":[{"href":"https:\/\/www.finnblast.fi\/sv\/wp-json\/wp\/v2\/types\/page"}],"author":[{"embeddable":true,"href":"https:\/\/www.finnblast.fi\/sv\/wp-json\/wp\/v2\/users\/2"}],"replies":[{"embeddable":true,"href":"https:\/\/www.finnblast.fi\/sv\/wp-json\/wp\/v2\/comments?post=598"}],"version-history":[{"count":0,"href":"https:\/\/www.finnblast.fi\/sv\/wp-json\/wp\/v2\/pages\/598\/revisions"}],"up":[{"embeddable":true,"href":"https:\/\/www.finnblast.fi\/sv\/wp-json\/wp\/v2\/pages\/144"}],"wp:attachment":[{"href":"https:\/\/www.finnblast.fi\/sv\/wp-json\/wp\/v2\/media?parent=598"}],"curies":[{"name":"wp","href":"https:\/\/api.w.org\/{rel}","templated":true}]}}