{"id":539,"date":"2014-07-04T15:44:42","date_gmt":"2014-07-04T12:44:42","guid":{"rendered":"http:\/\/www.finnblast.fi\/?page_id=539"},"modified":"2014-07-09T16:47:58","modified_gmt":"2014-07-09T13:47:58","slug":"rorblaster-fbps","status":"publish","type":"page","link":"https:\/\/www.finnblast.fi\/sv\/produkter\/slungblastringsmaskiner\/rorblaster-fbps\/","title":{"rendered":"R\u00f6rbl\u00e4ster FBPS"},"content":{"rendered":"<p>FBPS r\u00f6rbl\u00e4strar \u00e4r utvecklade f\u00f6r reng\u00f6ring av runda r\u00f6r och st\u00e4nger samt andra cylindriska f\u00f6rem\u00e5l som gasflaskor. Bl\u00e4stern l\u00e4mpar sig f\u00f6r att ta bort rost och valshud.<\/p>\n<p>I r\u00f6rbl\u00e4stern roterar r\u00f6ren runt sin axel samtidigt som de r\u00f6r sig fram\u00e5t. Transport\u00f6rrullarna \u00e4r dubbelkonrullar som \u00e4r monterade snett i f\u00f6rh\u00e5llande till r\u00f6rets r\u00f6relseriktning. N\u00e4r r\u00f6ret under rotation passerar bl\u00e4sterstr\u00e5len reng\u00f6rs det runt om.<\/p>\n<p>I bl\u00e4sterkammaren finns ett eller flera slunghjul ovanf\u00f6r r\u00f6ret.<\/p>\n<p>P\u00e5 inmatningssidan kan transport\u00f6rerna f\u00f6rses med automatiska anordningar f\u00f6r matning av r\u00f6r. P\u00e5 utmatningssidan kan de rena r\u00f6ren f\u00f6ras vidare med transport\u00f6rer eller exempelvis till buntning.<\/p>\n<p><a href=\"https:\/\/www.finnblast.fi\/wp-content\/uploads\/236_1.jpg\" data-rel=\"lightbox-image-0\" data-rl_title=\"\" data-rl_caption=\"\" title=\"\"><img loading=\"lazy\" decoding=\"async\" src=\"https:\/\/www.finnblast.fi\/wp-content\/uploads\/236_1-250x300.jpg\" alt=\"236_1\" width=\"250\" height=\"300\" class=\"alignleft size-medium wp-image-931\" srcset=\"https:\/\/www.finnblast.fi\/wp-content\/uploads\/236_1-250x300.jpg 250w, https:\/\/www.finnblast.fi\/wp-content\/uploads\/236_1.jpg 532w\" sizes=\"auto, (max-width: 250px) 100vw, 250px\" \/><\/a><\/p>\n<p><a href=\"https:\/\/www.finnblast.fi\/wp-content\/uploads\/236_2.jpg\" data-rel=\"lightbox-image-1\" data-rl_title=\"\" data-rl_caption=\"\" title=\"\"><img loading=\"lazy\" decoding=\"async\" src=\"https:\/\/www.finnblast.fi\/wp-content\/uploads\/236_2-300x300.jpg\" alt=\"236_2\" width=\"300\" height=\"300\" class=\"alignleft size-medium wp-image-932\" srcset=\"https:\/\/www.finnblast.fi\/wp-content\/uploads\/236_2-300x300.jpg 300w, https:\/\/www.finnblast.fi\/wp-content\/uploads\/236_2-150x150.jpg 150w, https:\/\/www.finnblast.fi\/wp-content\/uploads\/236_2.jpg 533w\" sizes=\"auto, (max-width: 300px) 100vw, 300px\" \/><\/a><\/p>\n<p><a href=\"https:\/\/www.finnblast.fi\/wp-content\/uploads\/236_3.jpg\" data-rel=\"lightbox-image-2\" data-rl_title=\"\" data-rl_caption=\"\" title=\"\"><img loading=\"lazy\" decoding=\"async\" src=\"https:\/\/www.finnblast.fi\/wp-content\/uploads\/236_3-300x226.jpg\" alt=\"236_3\" width=\"300\" height=\"226\" class=\"alignleft size-medium wp-image-933\" srcset=\"https:\/\/www.finnblast.fi\/wp-content\/uploads\/236_3-300x226.jpg 300w, https:\/\/www.finnblast.fi\/wp-content\/uploads\/236_3.jpg 532w\" sizes=\"auto, (max-width: 300px) 100vw, 300px\" \/><\/a><\/p>\n","protected":false},"excerpt":{"rendered":"<p>FBPS r\u00f6rbl\u00e4strar \u00e4r utvecklade f\u00f6r reng\u00f6ring av runda r\u00f6r och st\u00e4nger samt andra cylindriska f\u00f6rem\u00e5l som gasflaskor. Bl\u00e4stern l\u00e4mpar sig f\u00f6r att ta bort rost och valshud. I r\u00f6rbl\u00e4stern roterar r\u00f6ren runt sin axel samtidigt som de r\u00f6r sig fram\u00e5t. Transport\u00f6rrullarna \u00e4r dubbelkonrullar som \u00e4r monterade snett i f\u00f6rh\u00e5llande till r\u00f6rets r\u00f6relseriktning. N\u00e4r r\u00f6ret under [&hellip;]<\/p>\n","protected":false},"author":2,"featured_media":0,"parent":400,"menu_order":0,"comment_status":"closed","ping_status":"open","template":"","meta":{"content-type":"","footnotes":""},"class_list":["post-539","page","type-page","status-publish","hentry"],"_links":{"self":[{"href":"https:\/\/www.finnblast.fi\/sv\/wp-json\/wp\/v2\/pages\/539","targetHints":{"allow":["GET"]}}],"collection":[{"href":"https:\/\/www.finnblast.fi\/sv\/wp-json\/wp\/v2\/pages"}],"about":[{"href":"https:\/\/www.finnblast.fi\/sv\/wp-json\/wp\/v2\/types\/page"}],"author":[{"embeddable":true,"href":"https:\/\/www.finnblast.fi\/sv\/wp-json\/wp\/v2\/users\/2"}],"replies":[{"embeddable":true,"href":"https:\/\/www.finnblast.fi\/sv\/wp-json\/wp\/v2\/comments?post=539"}],"version-history":[{"count":0,"href":"https:\/\/www.finnblast.fi\/sv\/wp-json\/wp\/v2\/pages\/539\/revisions"}],"up":[{"embeddable":true,"href":"https:\/\/www.finnblast.fi\/sv\/wp-json\/wp\/v2\/pages\/400"}],"wp:attachment":[{"href":"https:\/\/www.finnblast.fi\/sv\/wp-json\/wp\/v2\/media?parent=539"}],"curies":[{"name":"wp","href":"https:\/\/api.w.org\/{rel}","templated":true}]}}