{"id":538,"date":"2014-07-04T15:44:38","date_gmt":"2014-07-04T12:44:38","guid":{"rendered":"http:\/\/www.finnblast.fi\/?page_id=538"},"modified":"2014-07-09T16:46:12","modified_gmt":"2014-07-09T13:46:12","slug":"trumlingsblaster-fbrk-och-fbrt","status":"publish","type":"page","link":"https:\/\/www.finnblast.fi\/sv\/produkter\/slungblastringsmaskiner\/trumlingsblaster-fbrk-och-fbrt\/","title":{"rendered":"Trumlingsbl\u00e4ster FBRK och FBRT"},"content":{"rendered":"<p>Trumlingsbl\u00e4stern \u00e4r effektiv f\u00f6r slungbl\u00e4string av massprodukter.  Trumlingsbl\u00e4stern l\u00e4mpar sig f\u00f6r bl.a. rostborttagning, avl\u00e4gsnande av valshud och gl\u00f6dskal samt f\u00f6r shot peening.<\/p>\n<p>Slunghjulen \u00e4r placerade ovanf\u00f6r trumman. N\u00e4r trumman roterar snurrar detaljerna runt och reng\u00f6rs av bl\u00e4stermedelsstr\u00e5len.  <\/p>\n<p>Det finns tv\u00e5 modeller av trumlingsbl\u00e4strar:<\/p>\n<p>&#8211; FBRK-trumlingsbl\u00e4strarna har gummi som material i trumman<br \/>\n&#8211; FBRT-trumlingsbl\u00e4strarna har st\u00e5l som material i trumman<\/p>\n<p>Trummans material v\u00e4ljs efter de bl\u00e4strade detaljernas egenskaper.  De egenskaper som p\u00e5verkar valet \u00e4r bl.a. den enskilda detaljens storlek och vikt, lastningss\u00e4tt m.m. <\/p>\n<p>Trumlingsbl\u00e4strar kan f\u00f6rses med ett stort antal tillbeh\u00f6r. S\u00e5dana \u00e4r bl.a.<br \/>\n&#8211; automatiska anordningar f\u00f6r lastning och lossning av produkter<br \/>\n&#8211; magnetseparatorer f\u00f6r att skilja p\u00e5 gjutsand och st\u00e5lsand<br \/>\n&#8211; varvtalsreglering av slunghjulen<\/p>\n<p><a href=\"https:\/\/www.finnblast.fi\/wp-content\/uploads\/235_1.jpg\" data-rel=\"lightbox-image-0\" data-rl_title=\"\" data-rl_caption=\"\" title=\"\"><img loading=\"lazy\" decoding=\"async\" src=\"https:\/\/www.finnblast.fi\/wp-content\/uploads\/235_1-248x300.jpg\" alt=\"235_1\" width=\"248\" height=\"300\" class=\"alignleft size-medium wp-image-926\" srcset=\"https:\/\/www.finnblast.fi\/wp-content\/uploads\/235_1-248x300.jpg 248w, https:\/\/www.finnblast.fi\/wp-content\/uploads\/235_1.jpg 272w\" sizes=\"auto, (max-width: 248px) 100vw, 248px\" \/><\/a><\/p>\n<p><a href=\"https:\/\/www.finnblast.fi\/wp-content\/uploads\/235_2.jpg\" data-rel=\"lightbox-image-1\" data-rl_title=\"\" data-rl_caption=\"\" title=\"\"><img loading=\"lazy\" decoding=\"async\" src=\"https:\/\/www.finnblast.fi\/wp-content\/uploads\/235_2.jpg\" alt=\"235_2\" width=\"261\" height=\"175\" class=\"alignleft size-medium wp-image-927\" \/><\/a><\/p>\n<p><a href=\"https:\/\/www.finnblast.fi\/wp-content\/uploads\/235_3.jpg\" data-rel=\"lightbox-image-2\" data-rl_title=\"\" data-rl_caption=\"\" title=\"\"><img loading=\"lazy\" decoding=\"async\" src=\"https:\/\/www.finnblast.fi\/wp-content\/uploads\/235_3-300x198.jpg\" alt=\"235_3\" width=\"300\" height=\"198\" class=\"alignleft size-medium wp-image-928\" srcset=\"https:\/\/www.finnblast.fi\/wp-content\/uploads\/235_3-300x198.jpg 300w, https:\/\/www.finnblast.fi\/wp-content\/uploads\/235_3.jpg 421w\" sizes=\"auto, (max-width: 300px) 100vw, 300px\" \/><\/a><\/p>\n","protected":false},"excerpt":{"rendered":"<p>Trumlingsbl\u00e4stern \u00e4r effektiv f\u00f6r slungbl\u00e4string av massprodukter. Trumlingsbl\u00e4stern l\u00e4mpar sig f\u00f6r bl.a. rostborttagning, avl\u00e4gsnande av valshud och gl\u00f6dskal samt f\u00f6r shot peening. Slunghjulen \u00e4r placerade ovanf\u00f6r trumman. N\u00e4r trumman roterar snurrar detaljerna runt och reng\u00f6rs av bl\u00e4stermedelsstr\u00e5len. Det finns tv\u00e5 modeller av trumlingsbl\u00e4strar: &#8211; FBRK-trumlingsbl\u00e4strarna har gummi som material i trumman &#8211; FBRT-trumlingsbl\u00e4strarna har st\u00e5l [&hellip;]<\/p>\n","protected":false},"author":2,"featured_media":0,"parent":400,"menu_order":0,"comment_status":"closed","ping_status":"open","template":"","meta":{"content-type":"","footnotes":""},"class_list":["post-538","page","type-page","status-publish","hentry"],"_links":{"self":[{"href":"https:\/\/www.finnblast.fi\/sv\/wp-json\/wp\/v2\/pages\/538","targetHints":{"allow":["GET"]}}],"collection":[{"href":"https:\/\/www.finnblast.fi\/sv\/wp-json\/wp\/v2\/pages"}],"about":[{"href":"https:\/\/www.finnblast.fi\/sv\/wp-json\/wp\/v2\/types\/page"}],"author":[{"embeddable":true,"href":"https:\/\/www.finnblast.fi\/sv\/wp-json\/wp\/v2\/users\/2"}],"replies":[{"embeddable":true,"href":"https:\/\/www.finnblast.fi\/sv\/wp-json\/wp\/v2\/comments?post=538"}],"version-history":[{"count":0,"href":"https:\/\/www.finnblast.fi\/sv\/wp-json\/wp\/v2\/pages\/538\/revisions"}],"up":[{"embeddable":true,"href":"https:\/\/www.finnblast.fi\/sv\/wp-json\/wp\/v2\/pages\/400"}],"wp:attachment":[{"href":"https:\/\/www.finnblast.fi\/sv\/wp-json\/wp\/v2\/media?parent=538"}],"curies":[{"name":"wp","href":"https:\/\/api.w.org\/{rel}","templated":true}]}}