{"id":537,"date":"2014-07-04T15:44:33","date_gmt":"2014-07-04T12:44:33","guid":{"rendered":"http:\/\/www.finnblast.fi\/?page_id=537"},"modified":"2014-07-09T16:44:25","modified_gmt":"2014-07-09T13:44:25","slug":"bordsblaster-fbts","status":"publish","type":"page","link":"https:\/\/www.finnblast.fi\/sv\/produkter\/slungblastringsmaskiner\/bordsblaster-fbts\/","title":{"rendered":"Bordsbl\u00e4ster FBTS"},"content":{"rendered":"<p>Bordsbl\u00e4stern l\u00e4mpar sig f\u00f6r bl\u00e4string och shot peening av skurna pl\u00e5tdetaljer och svetsade detaljer.<\/p>\n<p>Bordens diameter \u00e4r 1\u20132,5 m.  <\/p>\n<p>I FBTS bordsbl\u00e4strar placeras de arbetsstycken som ska bl\u00e4stras p\u00e5 ett roterande bord.   Bl\u00e4stermaskinens d\u00f6rrar st\u00e4ngs. Under reng\u00f6ringen roterar bordet och detaljerna reng\u00f6rs i bl\u00e4sterstr\u00e5len. Efter den inst\u00e4llda tiden stannar maskinen och de rengjorda detaljerna kan tas ut ur maskinen.  <\/p>\n<p>Det finns ett eller flera slunghjul beroende p\u00e5 maskinens storlek.  Slunghjulen \u00e4r placerade ovanf\u00f6r bordet.<\/p>\n<p><a href=\"https:\/\/www.finnblast.fi\/wp-content\/uploads\/234_1.jpg\" data-rel=\"lightbox-image-0\" data-rl_title=\"\" data-rl_caption=\"\" title=\"\"><img loading=\"lazy\" decoding=\"async\" src=\"https:\/\/www.finnblast.fi\/wp-content\/uploads\/234_1-210x300.jpg\" alt=\"234_1\" width=\"210\" height=\"300\" class=\"alignleft size-medium wp-image-923\" srcset=\"https:\/\/www.finnblast.fi\/wp-content\/uploads\/234_1-210x300.jpg 210w, https:\/\/www.finnblast.fi\/wp-content\/uploads\/234_1.jpg 225w\" sizes=\"auto, (max-width: 210px) 100vw, 210px\" \/><\/a><\/p>\n<p><a href=\"https:\/\/www.finnblast.fi\/wp-content\/uploads\/234_2.jpg\" data-rel=\"lightbox-image-1\" data-rl_title=\"\" data-rl_caption=\"\" title=\"\"><img loading=\"lazy\" decoding=\"async\" src=\"https:\/\/www.finnblast.fi\/wp-content\/uploads\/234_2-208x300.jpg\" alt=\"234_2\" width=\"208\" height=\"300\" class=\"alignleft size-medium wp-image-924\" srcset=\"https:\/\/www.finnblast.fi\/wp-content\/uploads\/234_2-208x300.jpg 208w, https:\/\/www.finnblast.fi\/wp-content\/uploads\/234_2.jpg 426w\" sizes=\"auto, (max-width: 208px) 100vw, 208px\" \/><\/a><\/p>\n","protected":false},"excerpt":{"rendered":"<p>Bordsbl\u00e4stern l\u00e4mpar sig f\u00f6r bl\u00e4string och shot peening av skurna pl\u00e5tdetaljer och svetsade detaljer. Bordens diameter \u00e4r 1\u20132,5 m. I FBTS bordsbl\u00e4strar placeras de arbetsstycken som ska bl\u00e4stras p\u00e5 ett roterande bord. Bl\u00e4stermaskinens d\u00f6rrar st\u00e4ngs. Under reng\u00f6ringen roterar bordet och detaljerna reng\u00f6rs i bl\u00e4sterstr\u00e5len. Efter den inst\u00e4llda tiden stannar maskinen och de rengjorda detaljerna kan [&hellip;]<\/p>\n","protected":false},"author":2,"featured_media":0,"parent":400,"menu_order":0,"comment_status":"closed","ping_status":"open","template":"","meta":{"content-type":"","footnotes":""},"class_list":["post-537","page","type-page","status-publish","hentry"],"_links":{"self":[{"href":"https:\/\/www.finnblast.fi\/sv\/wp-json\/wp\/v2\/pages\/537","targetHints":{"allow":["GET"]}}],"collection":[{"href":"https:\/\/www.finnblast.fi\/sv\/wp-json\/wp\/v2\/pages"}],"about":[{"href":"https:\/\/www.finnblast.fi\/sv\/wp-json\/wp\/v2\/types\/page"}],"author":[{"embeddable":true,"href":"https:\/\/www.finnblast.fi\/sv\/wp-json\/wp\/v2\/users\/2"}],"replies":[{"embeddable":true,"href":"https:\/\/www.finnblast.fi\/sv\/wp-json\/wp\/v2\/comments?post=537"}],"version-history":[{"count":0,"href":"https:\/\/www.finnblast.fi\/sv\/wp-json\/wp\/v2\/pages\/537\/revisions"}],"up":[{"embeddable":true,"href":"https:\/\/www.finnblast.fi\/sv\/wp-json\/wp\/v2\/pages\/400"}],"wp:attachment":[{"href":"https:\/\/www.finnblast.fi\/sv\/wp-json\/wp\/v2\/media?parent=537"}],"curies":[{"name":"wp","href":"https:\/\/api.w.org\/{rel}","templated":true}]}}