{"id":536,"date":"2014-07-04T15:44:29","date_gmt":"2014-07-04T12:44:29","guid":{"rendered":"http:\/\/www.finnblast.fi\/?page_id=536"},"modified":"2014-07-09T16:42:59","modified_gmt":"2014-07-09T13:42:59","slug":"natbaneblaster-fbvr","status":"publish","type":"page","link":"https:\/\/www.finnblast.fi\/sv\/produkter\/slungblastringsmaskiner\/natbaneblaster-fbvr\/","title":{"rendered":"N\u00e4tbanebl\u00e4ster FBVR"},"content":{"rendered":"<p>I FBVH n\u00e4tbanebl\u00e4strar transporteras de detaljer som ska bl\u00e4stras genom slungbl\u00e4stern p\u00e5 ett n\u00e4tband.   Bl\u00e4sterkammaren \u00e4r av genomloppstyp och detaljerna reng\u00f6rs p\u00e5 s\u00e5v\u00e4l ovan- som undersidan.<\/p>\n<p>N\u00e4tbanebl\u00e4ster anv\u00e4nds bl.a. f\u00f6r bl\u00e4string av skurna pl\u00e5tdetaljer och olika slags svetsade konstruktioner.<br \/>\nInmatnings\u00f6ppningens bredd \u00e4r i intervallet 600\u20131 300 mm.<\/p>\n<p>N\u00e4tbanebl\u00e4ster l\u00e4mpar sig ocks\u00e5 f\u00f6r att bl\u00e4stra en r\u00e5are yta p\u00e5 stenprodukter, betongplattor o.dyl.<\/p>\n<p>Antalet slunghjul och deras effekt best\u00e4ms efter den kapacitet som beh\u00f6vs.<\/p>\n<p>Maskinen kan f\u00f6rses med externa transport\u00f6rer allt efter kundens behov. I en produktionscell kan en lastningsrobot med visionssystem l\u00e4ggas till f\u00f6r att \u00e5stadkomma en helautomatisk process f\u00f6r bl\u00e4string.<\/p>\n<p><a href=\"https:\/\/www.finnblast.fi\/wp-content\/uploads\/233_1.jpg\" data-rel=\"lightbox-image-0\" data-rl_title=\"\" data-rl_caption=\"\" title=\"\"><img loading=\"lazy\" decoding=\"async\" src=\"https:\/\/www.finnblast.fi\/wp-content\/uploads\/233_1-300x178.jpg\" alt=\"233_1\" width=\"300\" height=\"178\" class=\"alignleft size-medium wp-image-919\" srcset=\"https:\/\/www.finnblast.fi\/wp-content\/uploads\/233_1-300x178.jpg 300w, https:\/\/www.finnblast.fi\/wp-content\/uploads\/233_1.jpg 633w\" sizes=\"auto, (max-width: 300px) 100vw, 300px\" \/><\/a><\/p>\n<p><a href=\"https:\/\/www.finnblast.fi\/wp-content\/uploads\/233_2.jpg\" data-rel=\"lightbox-image-1\" data-rl_title=\"\" data-rl_caption=\"\" title=\"\"><img loading=\"lazy\" decoding=\"async\" src=\"https:\/\/www.finnblast.fi\/wp-content\/uploads\/233_2.jpg\" alt=\"233_2\" width=\"285\" height=\"141\" class=\"alignleft size-medium wp-image-920\" \/><\/a><\/p>\n","protected":false},"excerpt":{"rendered":"<p>I FBVH n\u00e4tbanebl\u00e4strar transporteras de detaljer som ska bl\u00e4stras genom slungbl\u00e4stern p\u00e5 ett n\u00e4tband. Bl\u00e4sterkammaren \u00e4r av genomloppstyp och detaljerna reng\u00f6rs p\u00e5 s\u00e5v\u00e4l ovan- som undersidan. N\u00e4tbanebl\u00e4ster anv\u00e4nds bl.a. f\u00f6r bl\u00e4string av skurna pl\u00e5tdetaljer och olika slags svetsade konstruktioner. Inmatnings\u00f6ppningens bredd \u00e4r i intervallet 600\u20131 300 mm. N\u00e4tbanebl\u00e4ster l\u00e4mpar sig ocks\u00e5 f\u00f6r att bl\u00e4stra en [&hellip;]<\/p>\n","protected":false},"author":2,"featured_media":0,"parent":400,"menu_order":0,"comment_status":"closed","ping_status":"open","template":"","meta":{"content-type":"","footnotes":""},"class_list":["post-536","page","type-page","status-publish","hentry"],"_links":{"self":[{"href":"https:\/\/www.finnblast.fi\/sv\/wp-json\/wp\/v2\/pages\/536","targetHints":{"allow":["GET"]}}],"collection":[{"href":"https:\/\/www.finnblast.fi\/sv\/wp-json\/wp\/v2\/pages"}],"about":[{"href":"https:\/\/www.finnblast.fi\/sv\/wp-json\/wp\/v2\/types\/page"}],"author":[{"embeddable":true,"href":"https:\/\/www.finnblast.fi\/sv\/wp-json\/wp\/v2\/users\/2"}],"replies":[{"embeddable":true,"href":"https:\/\/www.finnblast.fi\/sv\/wp-json\/wp\/v2\/comments?post=536"}],"version-history":[{"count":0,"href":"https:\/\/www.finnblast.fi\/sv\/wp-json\/wp\/v2\/pages\/536\/revisions"}],"up":[{"embeddable":true,"href":"https:\/\/www.finnblast.fi\/sv\/wp-json\/wp\/v2\/pages\/400"}],"wp:attachment":[{"href":"https:\/\/www.finnblast.fi\/sv\/wp-json\/wp\/v2\/media?parent=536"}],"curies":[{"name":"wp","href":"https:\/\/api.w.org\/{rel}","templated":true}]}}