{"id":535,"date":"2014-07-04T15:44:25","date_gmt":"2014-07-04T12:44:25","guid":{"rendered":"http:\/\/www.finnblast.fi\/?page_id=535"},"modified":"2014-07-09T16:40:55","modified_gmt":"2014-07-09T13:40:55","slug":"hangbaneblastrar-slungrensmaskiner","status":"publish","type":"page","link":"https:\/\/www.finnblast.fi\/sv\/produkter\/slungblastringsmaskiner\/hangbaneblastrar-slungrensmaskiner\/","title":{"rendered":"H\u00e4ngbanebl\u00e4strar, Slungrensmaskiner"},"content":{"rendered":"<p>I h\u00e4ngbanebl\u00e4strar h\u00e4ngs detaljer som ska bl\u00e4stras i en krok som f\u00f6rs till bl\u00e4sterkammaren.   Kroken kan vara f\u00f6rsedd med hj\u00e4lpniv\u00e5er eller extra krokar av typen julgran d\u00e4r mindre detaljer kan h\u00e4ngas. I bl\u00e4sterkammaren r\u00f6r sig kroken fram och tillbaka samt roterar i bl\u00e4sterstr\u00e5len.<\/p>\n<p>Efter inst\u00e4lld bl\u00e4stringstid stannar slungbl\u00e4stringen och bl\u00e4sterkammarens d\u00f6rrar \u00f6ppnas. Bl\u00e4strade detaljer lossas och nya produkter lastas p\u00e5 kroken.<\/p>\n<p>Storleken p\u00e5 de bl\u00e4strade arbetsstyckena och den kapacitet som beh\u00f6vs best\u00e4mmer bl\u00e4sterkammarens optimala storlek. Arbetsstycken kan variera i h\u00f6jd 1 000\u20133 000 mm. Arbetsstyckenas rotationsdiameter kan vara i intervallet 600\u20132 500 mm. Vikten f\u00f6r ett enskilt arbetsstycke kan vara upp till 10 ton. <\/p>\n<h2>H\u00e4ngbana<\/h2>\n<p>H\u00e4ngbanan kan vara en rak skena varvid maskinen har bara en krok.   Ett annat alternativ \u00e4r att h\u00e4ngbanan \u00e4r Y-formad  s\u00e5 att maskinen kan ha tv\u00e5 krokar.  En maskin f\u00f6rsedd med tv\u00e5 krokar har h\u00f6gre kapacitet \u00e4n en maskin med en krok.  Samtidigt som den ena kroken \u00e4r i bl\u00e4sterkammaren och slungbl\u00e4string p\u00e5g\u00e5r kan den andra kroken lossas och lastas. P\u00e5 detta s\u00e4tt \u00f6kar maskinens reng\u00f6ringseffekt.<\/p>\n<p>H\u00e4ngkammaren kan ocks\u00e5 vara i utf\u00f6rande f\u00f6r genomlopp. I s\u00e5dana fall har bl\u00e4sterkammaren d\u00f6rrar p\u00e5 b\u00e5da sidor och produkterna kan f\u00f6ras genom bl\u00e4sterkammaren.<\/p>\n<p><a href=\"https:\/\/www.finnblast.fi\/wp-content\/uploads\/232_2.jpg\" data-rel=\"lightbox-image-0\" data-rl_title=\"\" data-rl_caption=\"\" title=\"\"><img loading=\"lazy\" decoding=\"async\" src=\"https:\/\/www.finnblast.fi\/wp-content\/uploads\/232_2.jpg\" alt=\"232_2\" width=\"232\" height=\"300\" class=\"alignleft size-full wp-image-913\" \/><\/a><\/p>\n<p><a href=\"https:\/\/www.finnblast.fi\/wp-content\/uploads\/PG10x15-c3051-0311.jpg\" data-rel=\"lightbox-image-1\" data-rl_title=\"\" data-rl_caption=\"\" title=\"\"><img loading=\"lazy\" decoding=\"async\" src=\"https:\/\/www.finnblast.fi\/wp-content\/uploads\/PG10x15-c3051-0311-225x300.jpg\" alt=\"PG10x15 c3051 031\" width=\"225\" height=\"300\" class=\"alignleft size-medium wp-image-914\" srcset=\"https:\/\/www.finnblast.fi\/wp-content\/uploads\/PG10x15-c3051-0311-225x300.jpg 225w, https:\/\/www.finnblast.fi\/wp-content\/uploads\/PG10x15-c3051-0311.jpg 768w\" sizes=\"auto, (max-width: 225px) 100vw, 225px\" \/><\/a><\/p>\n","protected":false},"excerpt":{"rendered":"<p>I h\u00e4ngbanebl\u00e4strar h\u00e4ngs detaljer som ska bl\u00e4stras i en krok som f\u00f6rs till bl\u00e4sterkammaren. Kroken kan vara f\u00f6rsedd med hj\u00e4lpniv\u00e5er eller extra krokar av typen julgran d\u00e4r mindre detaljer kan h\u00e4ngas. I bl\u00e4sterkammaren r\u00f6r sig kroken fram och tillbaka samt roterar i bl\u00e4sterstr\u00e5len. Efter inst\u00e4lld bl\u00e4stringstid stannar slungbl\u00e4stringen och bl\u00e4sterkammarens d\u00f6rrar \u00f6ppnas. Bl\u00e4strade detaljer lossas [&hellip;]<\/p>\n","protected":false},"author":2,"featured_media":0,"parent":400,"menu_order":0,"comment_status":"closed","ping_status":"open","template":"","meta":{"content-type":"","footnotes":""},"class_list":["post-535","page","type-page","status-publish","hentry"],"_links":{"self":[{"href":"https:\/\/www.finnblast.fi\/sv\/wp-json\/wp\/v2\/pages\/535","targetHints":{"allow":["GET"]}}],"collection":[{"href":"https:\/\/www.finnblast.fi\/sv\/wp-json\/wp\/v2\/pages"}],"about":[{"href":"https:\/\/www.finnblast.fi\/sv\/wp-json\/wp\/v2\/types\/page"}],"author":[{"embeddable":true,"href":"https:\/\/www.finnblast.fi\/sv\/wp-json\/wp\/v2\/users\/2"}],"replies":[{"embeddable":true,"href":"https:\/\/www.finnblast.fi\/sv\/wp-json\/wp\/v2\/comments?post=535"}],"version-history":[{"count":0,"href":"https:\/\/www.finnblast.fi\/sv\/wp-json\/wp\/v2\/pages\/535\/revisions"}],"up":[{"embeddable":true,"href":"https:\/\/www.finnblast.fi\/sv\/wp-json\/wp\/v2\/pages\/400"}],"wp:attachment":[{"href":"https:\/\/www.finnblast.fi\/sv\/wp-json\/wp\/v2\/media?parent=535"}],"curies":[{"name":"wp","href":"https:\/\/api.w.org\/{rel}","templated":true}]}}