{"id":503,"date":"2014-07-04T15:40:52","date_gmt":"2014-07-04T12:40:52","guid":{"rendered":"http:\/\/www.finnblast.fi\/?page_id=503"},"modified":"2014-07-09T15:46:04","modified_gmt":"2014-07-09T12:46:04","slug":"sma-blasterrum-fbh","status":"publish","type":"page","link":"https:\/\/www.finnblast.fi\/sv\/produkter\/blasterrum\/sma-blasterrum-fbh\/","title":{"rendered":"Sm\u00e5 bl\u00e4sterrum FBH"},"content":{"rendered":"<p>I sm\u00e5 bl\u00e4sterrum kan pneumatisk, luftburen, transport av bl\u00e4stermedel anv\u00e4ndas.<br \/>\n\u00c4ven i dessa rum \u00e4r sikten god tack vare god belysning och effektiv dammhantering.<\/p>\n<p>Bl\u00e4stermedlet reng\u00f6rs med hj\u00e4lp av en cyklon som skiljer det fina dammet fr\u00e5n helt bl\u00e4stermedel.<\/p>\n<div id=\"attachment_899\" style=\"width: 310px\" class=\"wp-caption alignleft\"><a href=\"https:\/\/www.finnblast.fi\/wp-content\/uploads\/222_1.jpg\" data-rel=\"lightbox-image-0\" data-rl_title=\"\" data-rl_caption=\"\" title=\"\"><img loading=\"lazy\" decoding=\"async\" aria-describedby=\"caption-attachment-899\" src=\"https:\/\/www.finnblast.fi\/wp-content\/uploads\/222_1-300x225.jpg\" alt=\"FBH 22-34 varusteetu kiskoilla ja vaunulla kappaleiden kuljetukseen\" width=\"300\" height=\"225\" class=\"size-medium wp-image-899\" srcset=\"https:\/\/www.finnblast.fi\/wp-content\/uploads\/222_1-300x225.jpg 300w, https:\/\/www.finnblast.fi\/wp-content\/uploads\/222_1.jpg 350w\" sizes=\"auto, (max-width: 300px) 100vw, 300px\" \/><\/a><p id=\"caption-attachment-899\" class=\"wp-caption-text\">FBH 22-34 f\u00f6rsedd med r\u00e4ls och vagn f\u00f6r transport av arbetsstycken<\/p><\/div>\n<div id=\"attachment_900\" style=\"width: 310px\" class=\"wp-caption alignleft\"><a href=\"https:\/\/www.finnblast.fi\/wp-content\/uploads\/222_2.jpg\" data-rel=\"lightbox-image-1\" data-rl_title=\"\" data-rl_caption=\"\" title=\"\"><img loading=\"lazy\" decoding=\"async\" aria-describedby=\"caption-attachment-900\" src=\"https:\/\/www.finnblast.fi\/wp-content\/uploads\/222_2-300x223.jpg\" alt=\"FBH 22-34 varustettuna kiskoilla ja vaunulla kappaleiden kuljetukseen  \" width=\"300\" height=\"223\" class=\"size-medium wp-image-900\" srcset=\"https:\/\/www.finnblast.fi\/wp-content\/uploads\/222_2-300x223.jpg 300w, https:\/\/www.finnblast.fi\/wp-content\/uploads\/222_2.jpg 388w\" sizes=\"auto, (max-width: 300px) 100vw, 300px\" \/><\/a><p id=\"caption-attachment-900\" class=\"wp-caption-text\">FBH 22-39 Bl\u00e4sterrum f\u00f6rsedd med roterande bord och vagn<\/p><\/div>\n","protected":false},"excerpt":{"rendered":"<p>I sm\u00e5 bl\u00e4sterrum kan pneumatisk, luftburen, transport av bl\u00e4stermedel anv\u00e4ndas. \u00c4ven i dessa rum \u00e4r sikten god tack vare god belysning och effektiv dammhantering. Bl\u00e4stermedlet reng\u00f6rs med hj\u00e4lp av en cyklon som skiljer det fina dammet fr\u00e5n helt bl\u00e4stermedel.<\/p>\n","protected":false},"author":2,"featured_media":0,"parent":399,"menu_order":0,"comment_status":"closed","ping_status":"open","template":"","meta":{"content-type":"","footnotes":""},"class_list":["post-503","page","type-page","status-publish","hentry"],"_links":{"self":[{"href":"https:\/\/www.finnblast.fi\/sv\/wp-json\/wp\/v2\/pages\/503","targetHints":{"allow":["GET"]}}],"collection":[{"href":"https:\/\/www.finnblast.fi\/sv\/wp-json\/wp\/v2\/pages"}],"about":[{"href":"https:\/\/www.finnblast.fi\/sv\/wp-json\/wp\/v2\/types\/page"}],"author":[{"embeddable":true,"href":"https:\/\/www.finnblast.fi\/sv\/wp-json\/wp\/v2\/users\/2"}],"replies":[{"embeddable":true,"href":"https:\/\/www.finnblast.fi\/sv\/wp-json\/wp\/v2\/comments?post=503"}],"version-history":[{"count":0,"href":"https:\/\/www.finnblast.fi\/sv\/wp-json\/wp\/v2\/pages\/503\/revisions"}],"up":[{"embeddable":true,"href":"https:\/\/www.finnblast.fi\/sv\/wp-json\/wp\/v2\/pages\/399"}],"wp:attachment":[{"href":"https:\/\/www.finnblast.fi\/sv\/wp-json\/wp\/v2\/media?parent=503"}],"curies":[{"name":"wp","href":"https:\/\/api.w.org\/{rel}","templated":true}]}}