{"id":469,"date":"2014-07-04T15:37:45","date_gmt":"2014-07-04T12:37:45","guid":{"rendered":"http:\/\/www.finnblast.fi\/?page_id=469"},"modified":"2014-07-09T15:18:51","modified_gmt":"2014-07-09T12:18:51","slug":"blastermaskin-for-hjulaxlar-till-jarnvagsvagn","status":"publish","type":"page","link":"https:\/\/www.finnblast.fi\/sv\/produkter\/tryckluftsdrivna-blasterutrustningar\/blastermaskin-for-hjulaxlar-till-jarnvagsvagn\/","title":{"rendered":"Bl\u00e4stermaskin f\u00f6r hjulaxlar till j\u00e4rnv\u00e4gsvagn"},"content":{"rendered":"<p>Ett moment vid underh\u00e5ll av hjulaxlar till j\u00e4rnv\u00e4gsvagnar och lok \u00e4r sprickkontroll.  F\u00f6r sprickkontroll m\u00e5ste hjulaxlarna bl\u00e4stras rena.<\/p>\n<p>Finnblast har utvecklat en automatisk maskin f\u00f6r bl\u00e4string av hjulaxlar till j\u00e4rnv\u00e4gsvagnar.<\/p>\n<p>Maskinen fungerar p\u00e5 f\u00f6ljande s\u00e4tt: Axlarna skjuts in i maskinen. Axeln roteras under bl\u00e4stringen. Bl\u00e4stringen utf\u00f6rs av en servostyrd manipulator. Sist bl\u00e5ses axeln ren fr\u00e5n damm med tryckluft. Efter att bl\u00e4stringen \u00e4r klar \u00f6ppnas d\u00f6rren och axeln tas ut ur bl\u00e4stersk\u00e5pet.<\/p>\n<p>Bl\u00e4stermaskinen \u00e4r dammfri och tyst. <\/p>\n<p>Maskinen \u00e4r flexibel och m\u00e5ngsidig. Efter operat\u00f6rens \u00f6nskem\u00e5l kan till exempel enbart axeln eller enbart hjulen eller enbart utsidan p\u00e5 det ena hjulet reng\u00f6ras.<\/p>\n<p>Utrustningen har bl.a. f\u00f6ljande f\u00f6rdelar:<\/p>\n<p>    &#8211; den \u00e4r drifts\u00e4ker<br \/>\n    &#8211; den kan bl\u00e4stra alla slags axlar<br \/>\n    &#8211; enkel programmering f\u00f6r olika typer av hjulaxlar<br \/>\n    &#8211; tillr\u00e4cklig kapacitet<br \/>\n    &#8211; utrustningen \u00e4r tyst och dammfri.<\/p>\n<p><a href=\"https:\/\/www.finnblast.fi\/wp-content\/uploads\/juna1.jpg\" data-rel=\"lightbox-image-0\" data-rl_title=\"\" data-rl_caption=\"\" title=\"\"><img loading=\"lazy\" decoding=\"async\" src=\"https:\/\/www.finnblast.fi\/wp-content\/uploads\/juna1.jpg\" alt=\"juna1\" width=\"300\" height=\"223\" class=\"alignleft size-full wp-image-884\" \/><\/a><\/p>\n<p><a href=\"https:\/\/www.finnblast.fi\/wp-content\/uploads\/juna2.jpg\" data-rel=\"lightbox-image-1\" data-rl_title=\"\" data-rl_caption=\"\" title=\"\"><img loading=\"lazy\" decoding=\"async\" src=\"https:\/\/www.finnblast.fi\/wp-content\/uploads\/juna2.jpg\" alt=\"juna2\" width=\"300\" height=\"237\" class=\"alignleft size-medium wp-image-885\" \/><\/a><\/p>\n","protected":false},"excerpt":{"rendered":"<p>Ett moment vid underh\u00e5ll av hjulaxlar till j\u00e4rnv\u00e4gsvagnar och lok \u00e4r sprickkontroll. F\u00f6r sprickkontroll m\u00e5ste hjulaxlarna bl\u00e4stras rena. Finnblast har utvecklat en automatisk maskin f\u00f6r bl\u00e4string av hjulaxlar till j\u00e4rnv\u00e4gsvagnar. Maskinen fungerar p\u00e5 f\u00f6ljande s\u00e4tt: Axlarna skjuts in i maskinen. Axeln roteras under bl\u00e4stringen. Bl\u00e4stringen utf\u00f6rs av en servostyrd manipulator. Sist bl\u00e5ses axeln ren fr\u00e5n [&hellip;]<\/p>\n","protected":false},"author":2,"featured_media":0,"parent":398,"menu_order":0,"comment_status":"closed","ping_status":"open","template":"","meta":{"content-type":"","footnotes":""},"class_list":["post-469","page","type-page","status-publish","hentry"],"_links":{"self":[{"href":"https:\/\/www.finnblast.fi\/sv\/wp-json\/wp\/v2\/pages\/469","targetHints":{"allow":["GET"]}}],"collection":[{"href":"https:\/\/www.finnblast.fi\/sv\/wp-json\/wp\/v2\/pages"}],"about":[{"href":"https:\/\/www.finnblast.fi\/sv\/wp-json\/wp\/v2\/types\/page"}],"author":[{"embeddable":true,"href":"https:\/\/www.finnblast.fi\/sv\/wp-json\/wp\/v2\/users\/2"}],"replies":[{"embeddable":true,"href":"https:\/\/www.finnblast.fi\/sv\/wp-json\/wp\/v2\/comments?post=469"}],"version-history":[{"count":0,"href":"https:\/\/www.finnblast.fi\/sv\/wp-json\/wp\/v2\/pages\/469\/revisions"}],"up":[{"embeddable":true,"href":"https:\/\/www.finnblast.fi\/sv\/wp-json\/wp\/v2\/pages\/398"}],"wp:attachment":[{"href":"https:\/\/www.finnblast.fi\/sv\/wp-json\/wp\/v2\/media?parent=469"}],"curies":[{"name":"wp","href":"https:\/\/api.w.org\/{rel}","templated":true}]}}