{"id":468,"date":"2014-07-04T15:37:41","date_gmt":"2014-07-04T12:37:41","guid":{"rendered":"http:\/\/www.finnblast.fi\/?page_id=468"},"modified":"2014-07-09T15:15:12","modified_gmt":"2014-07-09T12:15:12","slug":"blastring-av-innerytor","status":"publish","type":"page","link":"https:\/\/www.finnblast.fi\/sv\/produkter\/tryckluftsdrivna-blasterutrustningar\/blastring-av-innerytor\/","title":{"rendered":"Bl\u00e4string av innerytor"},"content":{"rendered":"<h2>Munstycken f\u00f6r bl\u00e4string av innerytor<\/h2>\n<p>Finnblast erbjuder l\u00f6sningar f\u00f6r bl\u00e4string av insida enligt kundens behov.  F\u00f6r bl\u00e4string av insidan anv\u00e4nds specialmunstycken som \u00e4r utvecklade f\u00f6r detta. Vid behov tillverkar vi kundspecifika specialmunstycken f\u00f6r bl\u00e4string av insida, t.ex. f\u00f6r bl\u00e4string av sm\u00e5 h\u00e5l.<\/p>\n<p>F\u00f6r bl\u00e4string av innerytor finns det i princip fyra olika munstyckstyper:<\/p>\n<p>a) munstycken med bl\u00e4stringsbild 360\u02da. Vid anv\u00e4ndning av dessa munstycken beh\u00f6ver varken munstycket eller arbetsstycket vridas.<br \/>\nb) roterande bl\u00e4stermunstycken, d\u00e4r munstycket roterar varvet runt.<br \/>\nc) fasta raka eller sneda munstycken d\u00e4r bl\u00e4sterbilden inte roterar men arbetsstycket kan roteras under bl\u00e4stringen.<br \/>\nd) specialmunstycken, till exempel roterande munstycken f\u00f6r bl\u00e4string av sm\u00e5 h\u00e5l. Dessa munstycken tillverkar vi sj\u00e4lva. <\/p>\n<p>F\u00f6r bl\u00e4string av innerytan i stora arbetsstycken kan normala bl\u00e4stermunstycken anv\u00e4ndas.<br \/>\nValet av det munstycke och den maskin som b\u00e4st l\u00e4mpar sig f\u00f6r varje till\u00e4mpning beror bl.a. p\u00e5 arbetsstyckets och h\u00e5lets m\u00e5tt, styckets form samt den kapacitet som kr\u00e4vs.<\/p>\n<div id=\"attachment_878\" style=\"width: 310px\" class=\"wp-caption alignleft\"><a href=\"https:\/\/www.finnblast.fi\/wp-content\/uploads\/218_1.jpg\" data-rel=\"lightbox-image-0\" data-rl_title=\"\" data-rl_caption=\"\" title=\"\"><img loading=\"lazy\" decoding=\"async\" aria-describedby=\"caption-attachment-878\" src=\"https:\/\/www.finnblast.fi\/wp-content\/uploads\/218_1-300x236.jpg\" alt=\"Sis\u00e4puolen puhallussuuttimia\" width=\"300\" height=\"236\" class=\"size-medium wp-image-878\" srcset=\"https:\/\/www.finnblast.fi\/wp-content\/uploads\/218_1-300x236.jpg 300w, https:\/\/www.finnblast.fi\/wp-content\/uploads\/218_1.jpg 527w\" sizes=\"auto, (max-width: 300px) 100vw, 300px\" \/><\/a><p id=\"caption-attachment-878\" class=\"wp-caption-text\">Bl\u00e4stermunstycken f\u00f6r insida<\/p><\/div>\n<h2>Maskiner f\u00f6r bl\u00e4string av innerytor<\/h2>\n<p>F\u00f6r bl\u00e4string av innerytor har vi utvecklat bl\u00e4stermaskiner efter kundernas behov.<\/p>\n<p>Maskinens konstruktion beror bl.a. p\u00e5 storlek och form p\u00e5 de detaljer som ska bl\u00e4stras samt antal, krav p\u00e5 yta m.fl. faktorer.<\/p>\n<p>Anordningarna kan vara s\u00e5v\u00e4l manuella som helautomatiska.<\/p>\n<p>Arbetsstyckena f\u00f6rs till bl\u00e4string med hj\u00e4lp av olika slags transport\u00f6rl\u00f6sningar.<\/p>\n<div id=\"attachment_880\" style=\"width: 310px\" class=\"wp-caption alignleft\"><a href=\"https:\/\/www.finnblast.fi\/wp-content\/uploads\/218_2.jpg\" data-rel=\"lightbox-image-1\" data-rl_title=\"\" data-rl_caption=\"\" title=\"\"><img loading=\"lazy\" decoding=\"async\" aria-describedby=\"caption-attachment-880\" src=\"https:\/\/www.finnblast.fi\/wp-content\/uploads\/218_2-300x261.jpg\" alt=\"Putkien\/akselien sis\u00e4puolen puhallusautomaatti\" width=\"300\" height=\"261\" class=\"size-medium wp-image-880\" srcset=\"https:\/\/www.finnblast.fi\/wp-content\/uploads\/218_2-300x261.jpg 300w, https:\/\/www.finnblast.fi\/wp-content\/uploads\/218_2.jpg 431w\" sizes=\"auto, (max-width: 300px) 100vw, 300px\" \/><\/a><p id=\"caption-attachment-880\" class=\"wp-caption-text\">Bl\u00e4sterautomat f\u00f6r innerytan av r\u00f6r\/axlar<\/p><\/div>\n<div id=\"attachment_881\" style=\"width: 192px\" class=\"wp-caption alignleft\"><a href=\"https:\/\/www.finnblast.fi\/wp-content\/uploads\/218_3.jpg\" data-rel=\"lightbox-image-2\" data-rl_title=\"\" data-rl_caption=\"\" title=\"\"><img loading=\"lazy\" decoding=\"async\" aria-describedby=\"caption-attachment-881\" src=\"https:\/\/www.finnblast.fi\/wp-content\/uploads\/218_3-182x300.jpg\" alt=\"S\u00e4ili\u00f6iden sis\u00e4puolen puhallus automaattiseesti riippuradalla\" width=\"182\" height=\"300\" class=\"size-medium wp-image-881\" srcset=\"https:\/\/www.finnblast.fi\/wp-content\/uploads\/218_3-182x300.jpg 182w, https:\/\/www.finnblast.fi\/wp-content\/uploads\/218_3.jpg 331w\" sizes=\"auto, (max-width: 182px) 100vw, 182px\" \/><\/a><p id=\"caption-attachment-881\" class=\"wp-caption-text\">Bl\u00e4string av insidan av cisterner med automatisk h\u00e4ngbana<\/p><\/div>\n<div id=\"attachment_882\" style=\"width: 310px\" class=\"wp-caption alignleft\"><a href=\"https:\/\/www.finnblast.fi\/wp-content\/uploads\/218_4.jpg\" data-rel=\"lightbox-image-3\" data-rl_title=\"\" data-rl_caption=\"\" title=\"\"><img loading=\"lazy\" decoding=\"async\" aria-describedby=\"caption-attachment-882\" src=\"https:\/\/www.finnblast.fi\/wp-content\/uploads\/218_4-300x195.jpg\" alt=\"Suurien s\u00e4ili\u00f6iden (tilavuus 5 m3) sis\u00e4puolen raepuhallus automaattisesti\" width=\"300\" height=\"195\" class=\"size-medium wp-image-882\" srcset=\"https:\/\/www.finnblast.fi\/wp-content\/uploads\/218_4-300x195.jpg 300w, https:\/\/www.finnblast.fi\/wp-content\/uploads\/218_4.jpg 608w\" sizes=\"auto, (max-width: 300px) 100vw, 300px\" \/><\/a><p id=\"caption-attachment-882\" class=\"wp-caption-text\">Automatisk bl\u00e4string av insidan av stora cisterner (volym 5 m3)<\/p><\/div>\n","protected":false},"excerpt":{"rendered":"<p>Munstycken f\u00f6r bl\u00e4string av innerytor Finnblast erbjuder l\u00f6sningar f\u00f6r bl\u00e4string av insida enligt kundens behov. F\u00f6r bl\u00e4string av insidan anv\u00e4nds specialmunstycken som \u00e4r utvecklade f\u00f6r detta. Vid behov tillverkar vi kundspecifika specialmunstycken f\u00f6r bl\u00e4string av insida, t.ex. f\u00f6r bl\u00e4string av sm\u00e5 h\u00e5l. F\u00f6r bl\u00e4string av innerytor finns det i princip fyra olika munstyckstyper: a) munstycken [&hellip;]<\/p>\n","protected":false},"author":2,"featured_media":0,"parent":398,"menu_order":0,"comment_status":"closed","ping_status":"open","template":"","meta":{"content-type":"","footnotes":""},"class_list":["post-468","page","type-page","status-publish","hentry"],"_links":{"self":[{"href":"https:\/\/www.finnblast.fi\/sv\/wp-json\/wp\/v2\/pages\/468","targetHints":{"allow":["GET"]}}],"collection":[{"href":"https:\/\/www.finnblast.fi\/sv\/wp-json\/wp\/v2\/pages"}],"about":[{"href":"https:\/\/www.finnblast.fi\/sv\/wp-json\/wp\/v2\/types\/page"}],"author":[{"embeddable":true,"href":"https:\/\/www.finnblast.fi\/sv\/wp-json\/wp\/v2\/users\/2"}],"replies":[{"embeddable":true,"href":"https:\/\/www.finnblast.fi\/sv\/wp-json\/wp\/v2\/comments?post=468"}],"version-history":[{"count":0,"href":"https:\/\/www.finnblast.fi\/sv\/wp-json\/wp\/v2\/pages\/468\/revisions"}],"up":[{"embeddable":true,"href":"https:\/\/www.finnblast.fi\/sv\/wp-json\/wp\/v2\/pages\/398"}],"wp:attachment":[{"href":"https:\/\/www.finnblast.fi\/sv\/wp-json\/wp\/v2\/media?parent=468"}],"curies":[{"name":"wp","href":"https:\/\/api.w.org\/{rel}","templated":true}]}}