{"id":467,"date":"2014-07-04T15:37:36","date_gmt":"2014-07-04T12:37:36","guid":{"rendered":"http:\/\/www.finnblast.fi\/?page_id=467"},"modified":"2014-07-09T15:10:16","modified_gmt":"2014-07-09T12:10:16","slug":"blastermaskiner-for-valsar-och-cylindrar","status":"publish","type":"page","link":"https:\/\/www.finnblast.fi\/sv\/produkter\/tryckluftsdrivna-blasterutrustningar\/blastermaskiner-for-valsar-och-cylindrar\/","title":{"rendered":"Bl\u00e4stermaskiner f\u00f6r valsar och cylindrar"},"content":{"rendered":"<p>F\u00f6r bl\u00e4string av valsar och cylindrar kan tv\u00e5 olika slags maskiner anv\u00e4ndas.<\/p>\n<p>&#8211; maskiner av sk\u00e5ptyp, d\u00e4r valsen bl\u00e4stras i ett slutet sk\u00e5p<br \/>\n&#8211; vakuumbl\u00e4ster, d\u00e4r valsen inte befinner sig inne i ett dammt\u00e4tt sk\u00e5p utan ett dammfritt bl\u00e4sterhuvud trycks mot valsens yta.<\/p>\n<p><strong>Vakuumbl\u00e4ster<\/strong><br \/>\nI vakuumbl\u00e4stermaskiner sugs bl\u00e4stermedlet tillbaka in i maskinen direkt efter bl\u00e4stringen. Maskinerna har ett speciellt bl\u00e4sterhuvud som ut\u00f6ver bl\u00e4sterfunktionen ocks\u00e5 har ett kraftigt sug.  Suget tar tillbaka bl\u00e4stermedel och damm till maskinen s\u00e5 att bl\u00e4stermedlet inte sprids till omgivningen.<\/p>\n<p>I vakuumbl\u00e4strar \u00e4r bl\u00e4sterhuvudet konstruerat s\u00e5 att bl\u00e4stermedlet inklusive damm omedelbart sugs tillbaka i det slutna munstycket.  P\u00e5 detta s\u00e4tt sprids inte bl\u00e4stermedel till omgivningen.<\/p>\n<p><a href=\"https:\/\/www.finnblast.fi\/wp-content\/uploads\/217_1.jpg\" data-rel=\"lightbox-image-0\" data-rl_title=\"\" data-rl_caption=\"\" title=\"\"><img loading=\"lazy\" decoding=\"async\" src=\"https:\/\/www.finnblast.fi\/wp-content\/uploads\/217_1-300x220.jpg\" alt=\"217_1\" width=\"300\" height=\"220\" class=\"alignleft size-medium wp-image-873\" srcset=\"https:\/\/www.finnblast.fi\/wp-content\/uploads\/217_1-300x220.jpg 300w, https:\/\/www.finnblast.fi\/wp-content\/uploads\/217_1.jpg 416w\" sizes=\"auto, (max-width: 300px) 100vw, 300px\" \/><\/a><\/p>\n<h2>FBDS <\/h2>\n<p>FBDS-maskinerna \u00e4r vakuumbl\u00e4stermaskiner som l\u00e4mpar sig f\u00f6r t.ex. bl\u00e4string av svetsfogar. Bl\u00e4sterhuvudets r\u00f6relse kan automatiseras s\u00e5 att maskinen kan anv\u00e4ndas till exempel f\u00f6r automatisk bl\u00e4string av valsar. FDBS \u00e4r tryckmatad och kan f\u00f6rses med 4,8\u20138 mm munstycken.   <\/p>\n<p>Som tillbeh\u00f6r finns ett tv\u00e5delat tryckk\u00e4rl som m\u00f6jligg\u00f6r kontinuerlig bl\u00e4string utan avbrott.<\/p>\n<p><a href=\"https:\/\/www.finnblast.fi\/wp-content\/uploads\/217_2.jpg\" data-rel=\"lightbox-image-1\" data-rl_title=\"\" data-rl_caption=\"\" title=\"\"><img loading=\"lazy\" decoding=\"async\" src=\"https:\/\/www.finnblast.fi\/wp-content\/uploads\/217_2-224x300.jpg\" alt=\"217_2\" width=\"224\" height=\"300\" class=\"alignleft size-medium wp-image-875\" srcset=\"https:\/\/www.finnblast.fi\/wp-content\/uploads\/217_2-224x300.jpg 224w, https:\/\/www.finnblast.fi\/wp-content\/uploads\/217_2.jpg 389w\" sizes=\"auto, (max-width: 224px) 100vw, 224px\" \/><\/a><\/p>\n<h2>FBC<\/h2>\n<p><FBC \u00e4r avsedd f\u00f6r bl\u00e4string och uppruggning av ytan p\u00e5 stora valsar. Valsarna kan v\u00e4ga upp till 60 ton, diametern kan \u00f6verstiga 2 m och mantelytan kan vara 12 m l\u00e5ng.\n\nBl\u00e4stermaskinen r\u00f6r sig l\u00e4ngs r\u00e4ls i valsens l\u00e4ngdriktning.   FBC \u00e4r en effektiv maskin f\u00f6r bl\u00e4string av stora valsar. Som bl\u00e4stermedel kan st\u00e5lsand, aluminiumoxid eller t.ex. zirkonium anv\u00e4ndas.\n\nVi tillverkar vid behov \u00e4ven rotationsanordning och vagn till bl\u00e4stercell f\u00f6r att flytta valsen efter bl\u00e4string till ytbehandling. \n\n\n<p><a href=\"https:\/\/www.finnblast.fi\/wp-content\/uploads\/217_3.jpg\" data-rel=\"lightbox-image-2\" data-rl_title=\"\" data-rl_caption=\"\" title=\"\"><img loading=\"lazy\" decoding=\"async\" src=\"https:\/\/www.finnblast.fi\/wp-content\/uploads\/217_3-300x221.jpg\" alt=\"217_3\" width=\"300\" height=\"221\" class=\"alignleft size-medium wp-image-876\" srcset=\"https:\/\/www.finnblast.fi\/wp-content\/uploads\/217_3-300x221.jpg 300w, https:\/\/www.finnblast.fi\/wp-content\/uploads\/217_3.jpg 606w\" sizes=\"auto, (max-width: 300px) 100vw, 300px\" \/><\/a><\/p>\n<p><strong>Bl\u00e4stermaskiner av sk\u00e5pmodell f\u00f6r bl\u00e4string av valsar<\/strong><br \/>\nI maskiner av sk\u00e5pmodell bl\u00e4stras valsen i ett slutet sk\u00e5p.  Valsen lastas p\u00e5 en vagn utanf\u00f6r sk\u00e5pet.  Vagnen och valsen k\u00f6rs in i sk\u00e5pet. En automatisk bl\u00e4sterprocess startas.<\/p>\n<p>Under bl\u00e4stringen roterar valsen och bl\u00e4stermunstycket eller -munstyckena r\u00f6r sig ovanf\u00f6r valsen och reng\u00f6r den. Valsarnas l\u00e4ngd kan variera i intervallet 500\u20138 000 mm. <\/p>\n<p>Automatbl\u00e4string resulterar alltid i en likadan ytkvalitet och uppruggning oberoende av valsens diameter eller l\u00e4ngd.<\/p>\n<p>Maskinerna kan f\u00f6rses med olika slags tillbeh\u00f6r allt efter kundens behov:<br \/>\n&#8211; PLC-styrning<br \/>\n&#8211; programmerbara munstycksr\u00f6relser<br \/>\n&#8211; bl\u00e4steranordning f\u00f6r gavlar<br \/>\n&#8211; manuell bl\u00e4sterutrustning<br \/>\n&#8211; bl\u00e4steranordning f\u00f6r insida<\/p>\n","protected":false},"excerpt":{"rendered":"<p>F\u00f6r bl\u00e4string av valsar och cylindrar kan tv\u00e5 olika slags maskiner anv\u00e4ndas. &#8211; maskiner av sk\u00e5ptyp, d\u00e4r valsen bl\u00e4stras i ett slutet sk\u00e5p &#8211; vakuumbl\u00e4ster, d\u00e4r valsen inte befinner sig inne i ett dammt\u00e4tt sk\u00e5p utan ett dammfritt bl\u00e4sterhuvud trycks mot valsens yta. Vakuumbl\u00e4ster I vakuumbl\u00e4stermaskiner sugs bl\u00e4stermedlet tillbaka in i maskinen direkt efter bl\u00e4stringen. [&hellip;]<\/p>\n","protected":false},"author":2,"featured_media":0,"parent":398,"menu_order":0,"comment_status":"closed","ping_status":"open","template":"","meta":{"content-type":"","footnotes":""},"class_list":["post-467","page","type-page","status-publish","hentry"],"_links":{"self":[{"href":"https:\/\/www.finnblast.fi\/sv\/wp-json\/wp\/v2\/pages\/467","targetHints":{"allow":["GET"]}}],"collection":[{"href":"https:\/\/www.finnblast.fi\/sv\/wp-json\/wp\/v2\/pages"}],"about":[{"href":"https:\/\/www.finnblast.fi\/sv\/wp-json\/wp\/v2\/types\/page"}],"author":[{"embeddable":true,"href":"https:\/\/www.finnblast.fi\/sv\/wp-json\/wp\/v2\/users\/2"}],"replies":[{"embeddable":true,"href":"https:\/\/www.finnblast.fi\/sv\/wp-json\/wp\/v2\/comments?post=467"}],"version-history":[{"count":0,"href":"https:\/\/www.finnblast.fi\/sv\/wp-json\/wp\/v2\/pages\/467\/revisions"}],"up":[{"embeddable":true,"href":"https:\/\/www.finnblast.fi\/sv\/wp-json\/wp\/v2\/pages\/398"}],"wp:attachment":[{"href":"https:\/\/www.finnblast.fi\/sv\/wp-json\/wp\/v2\/media?parent=467"}],"curies":[{"name":"wp","href":"https:\/\/api.w.org\/{rel}","templated":true}]}}