{"id":465,"date":"2014-07-04T15:37:20","date_gmt":"2014-07-04T12:37:20","guid":{"rendered":"http:\/\/www.finnblast.fi\/?page_id=465"},"modified":"2014-07-09T15:00:44","modified_gmt":"2014-07-09T12:00:44","slug":"hangbanemaskiner","status":"publish","type":"page","link":"https:\/\/www.finnblast.fi\/sv\/produkter\/tryckluftsdrivna-blasterutrustningar\/hangbanemaskiner\/","title":{"rendered":"H\u00e4ngbanemaskiner"},"content":{"rendered":"<p>I h\u00e4ngbanemaskiner sker bl\u00e4stringen helt automatiskt i en sluten kammare. H\u00e4ngbanan kan vara av tyngdkrafts-, single-bana- eller power&#038;free-typ.   Antalet munstycken i bl\u00e4sterkammaren och deras r\u00f6relsem\u00f6nster planeras efter de krav som detaljerna st\u00e4ller. Munstyckenas r\u00f6relser \u00e4r l\u00e4tta att programmera.  Det \u00e4r ocks\u00e5 m\u00f6jligt att bl\u00e4stra insidan av detaljer.<\/p>\n<h2>FBR \u2013 21&#215;5<\/h2>\n<p>FBR-21&#215;5-S \u00e4r utvecklad f\u00f6r bl\u00e4string av rotationskroppar, b\u00e5de utv\u00e4ndigt och inv\u00e4ndigt.<\/p>\n<p>Detaljerna h\u00e4ngs upp i krokar och de roterar under bl\u00e4stringen.   Bl\u00e4string p\u00e5 insidan sker med ett specialmunstycke som k\u00f6rs in i detaljen underifr\u00e5n.<\/p>\n<p><a href=\"https:\/\/www.finnblast.fi\/wp-content\/uploads\/214_1.jpg\" data-rel=\"lightbox-image-0\" data-rl_title=\"\" data-rl_caption=\"\" title=\"\"><img loading=\"lazy\" decoding=\"async\" src=\"https:\/\/www.finnblast.fi\/wp-content\/uploads\/214_1-248x300.jpg\" alt=\"214_1\" width=\"248\" height=\"300\" class=\"alignleft size-medium wp-image-859\" srcset=\"https:\/\/www.finnblast.fi\/wp-content\/uploads\/214_1-248x300.jpg 248w, https:\/\/www.finnblast.fi\/wp-content\/uploads\/214_1.jpg 446w\" sizes=\"auto, (max-width: 248px) 100vw, 248px\" \/><\/a><\/p>\n<h2>FBR \u2013 18&#215;4<\/h2>\n<p>FBR 18&#215;4 \u00e4r utvecklad f\u00f6r bl\u00e4string av gasflaskor.  Gasflaskor kommer in till periodisk besiktning och i detta sammanhang bl\u00e4stras den gamla f\u00e4rgen bort f\u00f6r kontroll.<\/p>\n<p>I maskinen anv\u00e4nds st\u00e5lsand med skarpa h\u00f6rn som effektivt avl\u00e4gsnar gammal f\u00e4rg.   Samtidigt f\u00e5r gasflaskan en r\u00e5 yta som utg\u00f6r ett utm\u00e4rkt f\u00e4ste f\u00f6r ny f\u00e4rg.<\/p>\n<p><a href=\"https:\/\/www.finnblast.fi\/wp-content\/uploads\/214_2.jpg\" data-rel=\"lightbox-image-1\" data-rl_title=\"\" data-rl_caption=\"\" title=\"\"><img loading=\"lazy\" decoding=\"async\" src=\"https:\/\/www.finnblast.fi\/wp-content\/uploads\/214_2-300x224.jpg\" alt=\"214_2\" width=\"300\" height=\"224\" class=\"alignleft size-medium wp-image-860\" srcset=\"https:\/\/www.finnblast.fi\/wp-content\/uploads\/214_2-300x224.jpg 300w, https:\/\/www.finnblast.fi\/wp-content\/uploads\/214_2.jpg 443w\" sizes=\"auto, (max-width: 300px) 100vw, 300px\" \/><\/a><\/p>\n<h2>FBR-12&#215;8-S <\/h2>\n<p>Denna maskin har specialutrustning f\u00f6r bl\u00e4string av bilf\u00e4lgar. F\u00e4lgarna bl\u00e4stras rena runt om och d\u00e4refter g\u00e5r de till m\u00e5lning p\u00e5 samma krok.<\/p>\n<p><a href=\"https:\/\/www.finnblast.fi\/wp-content\/uploads\/214_3.jpg\" data-rel=\"lightbox-image-2\" data-rl_title=\"\" data-rl_caption=\"\" title=\"\"><img loading=\"lazy\" decoding=\"async\" src=\"https:\/\/www.finnblast.fi\/wp-content\/uploads\/214_3-287x300.jpg\" alt=\"214_3\" width=\"287\" height=\"300\" class=\"alignleft size-medium wp-image-861\" srcset=\"https:\/\/www.finnblast.fi\/wp-content\/uploads\/214_3-287x300.jpg 287w, https:\/\/www.finnblast.fi\/wp-content\/uploads\/214_3.jpg 483w\" sizes=\"auto, (max-width: 287px) 100vw, 287px\" \/><\/a><\/p>\n<h2>FBR 18&#215;6<\/h2>\n<p>Detaljer som r\u00f6r sig l\u00e4ngs en h\u00e4ngbana kan reng\u00f6ras effektivt och helt automatiskt. <\/p>\n<p>Det kan finnas olika stora detaljer i slumpvis ordning p\u00e5 banan.  Arbetsstyckets h\u00f6jd och l\u00e4get f\u00f6r bottnen m\u00e4ts samtidigt som det f\u00f6rs in i bl\u00e4sterkammaren.<\/p>\n<p>I bl\u00e4sterkammaren sker bl\u00e4string av detaljen med h\u00f6jdm\u00e4tningen som grund.   Ytan p\u00e5 detaljen bl\u00e5ses ren fr\u00e5n damm med tryckluft efter att bl\u00e4stringen \u00e4r klar.<\/p>\n<p><a href=\"https:\/\/www.finnblast.fi\/wp-content\/uploads\/214_4.jpg\" data-rel=\"lightbox-image-3\" data-rl_title=\"\" data-rl_caption=\"\" title=\"\"><img loading=\"lazy\" decoding=\"async\" src=\"https:\/\/www.finnblast.fi\/wp-content\/uploads\/214_4-237x300.jpg\" alt=\"214_4\" width=\"237\" height=\"300\" class=\"alignleft size-medium wp-image-862\" srcset=\"https:\/\/www.finnblast.fi\/wp-content\/uploads\/214_4-237x300.jpg 237w, https:\/\/www.finnblast.fi\/wp-content\/uploads\/214_4.jpg 458w\" sizes=\"auto, (max-width: 237px) 100vw, 237px\" \/><\/a><\/p>\n","protected":false},"excerpt":{"rendered":"<p>I h\u00e4ngbanemaskiner sker bl\u00e4stringen helt automatiskt i en sluten kammare. H\u00e4ngbanan kan vara av tyngdkrafts-, single-bana- eller power&#038;free-typ. Antalet munstycken i bl\u00e4sterkammaren och deras r\u00f6relsem\u00f6nster planeras efter de krav som detaljerna st\u00e4ller. Munstyckenas r\u00f6relser \u00e4r l\u00e4tta att programmera. Det \u00e4r ocks\u00e5 m\u00f6jligt att bl\u00e4stra insidan av detaljer. FBR \u2013 21&#215;5 FBR-21&#215;5-S \u00e4r utvecklad f\u00f6r bl\u00e4string [&hellip;]<\/p>\n","protected":false},"author":2,"featured_media":0,"parent":398,"menu_order":0,"comment_status":"closed","ping_status":"open","template":"","meta":{"content-type":"","footnotes":""},"class_list":["post-465","page","type-page","status-publish","hentry"],"_links":{"self":[{"href":"https:\/\/www.finnblast.fi\/sv\/wp-json\/wp\/v2\/pages\/465","targetHints":{"allow":["GET"]}}],"collection":[{"href":"https:\/\/www.finnblast.fi\/sv\/wp-json\/wp\/v2\/pages"}],"about":[{"href":"https:\/\/www.finnblast.fi\/sv\/wp-json\/wp\/v2\/types\/page"}],"author":[{"embeddable":true,"href":"https:\/\/www.finnblast.fi\/sv\/wp-json\/wp\/v2\/users\/2"}],"replies":[{"embeddable":true,"href":"https:\/\/www.finnblast.fi\/sv\/wp-json\/wp\/v2\/comments?post=465"}],"version-history":[{"count":0,"href":"https:\/\/www.finnblast.fi\/sv\/wp-json\/wp\/v2\/pages\/465\/revisions"}],"up":[{"embeddable":true,"href":"https:\/\/www.finnblast.fi\/sv\/wp-json\/wp\/v2\/pages\/398"}],"wp:attachment":[{"href":"https:\/\/www.finnblast.fi\/sv\/wp-json\/wp\/v2\/media?parent=465"}],"curies":[{"name":"wp","href":"https:\/\/api.w.org\/{rel}","templated":true}]}}