{"id":464,"date":"2014-07-04T15:37:16","date_gmt":"2014-07-04T12:37:16","guid":{"rendered":"http:\/\/www.finnblast.fi\/?page_id=464"},"modified":"2020-04-14T14:11:33","modified_gmt":"2020-04-14T11:11:33","slug":"blastermaskiner-med-genomlopp","status":"publish","type":"page","link":"https:\/\/www.finnblast.fi\/sv\/produkter\/tryckluftsdrivna-blasterutrustningar\/blastermaskiner-med-genomlopp\/","title":{"rendered":"Bl\u00e4stermaskiner med genomlopp"},"content":{"rendered":"<p>I bl\u00e4stermaskiner med genomlopp f\u00f6rs de arbetsstycken som ska bl\u00e4stras genom bl\u00e4sterkammaren. Bl\u00e4stringen sker i ett slutet utrymme. \u00d6ppningarna som beh\u00f6vs f\u00f6r genomlopp \u00e4r t\u00e4tade s\u00e5 att inte bl\u00e4stermedel eller damm kommer ut i omgivningen. Allt efter behov kan matningen av arbetsstycken till transportbanan automatiseras.<\/p>\n<h2>FB 350<\/h2>\n<p>FB 350 l\u00e4mpar sig f\u00f6r bl\u00e4string av balkar och profiler. Den \u00e4r f\u00f6rsedd med dragande rullar inne i bl\u00e4sterkammaren och maskinen bl\u00e4strar profilen ren runt om. FB 350 l\u00e4mpar sig ocks\u00e5 f\u00f6r reng\u00f6ring av runda r\u00f6r. In- och utmatning av runda r\u00f6r kan l\u00e4tt automatiseras.<\/p>\n<p><a href=\"https:\/\/www.finnblast.fi\/wp-content\/uploads\/213_1.jpg\" data-rel=\"lightbox-image-0\" data-rl_title=\"\" data-rl_caption=\"\" title=\"\"><img loading=\"lazy\" decoding=\"async\" class=\"alignleft size-medium wp-image-849\" src=\"https:\/\/www.finnblast.fi\/wp-content\/uploads\/213_1-300x225.jpg\" alt=\"213_1\" width=\"300\" height=\"225\" srcset=\"https:\/\/www.finnblast.fi\/wp-content\/uploads\/213_1-300x225.jpg 300w, https:\/\/www.finnblast.fi\/wp-content\/uploads\/213_1.jpg 498w\" sizes=\"auto, (max-width: 300px) 100vw, 300px\" \/><\/a><\/p>\n<p><a href=\"https:\/\/www.finnblast.fi\/wp-content\/uploads\/213_2.jpg\" data-rel=\"lightbox-image-1\" data-rl_title=\"\" data-rl_caption=\"\" title=\"\"><img loading=\"lazy\" decoding=\"async\" class=\"alignleft size-medium wp-image-850\" src=\"https:\/\/www.finnblast.fi\/wp-content\/uploads\/213_2-300x224.jpg\" alt=\"213_2\" width=\"300\" height=\"224\" srcset=\"https:\/\/www.finnblast.fi\/wp-content\/uploads\/213_2-300x224.jpg 300w, https:\/\/www.finnblast.fi\/wp-content\/uploads\/213_2.jpg 471w\" sizes=\"auto, (max-width: 300px) 100vw, 300px\" \/><\/a><\/p>\n<h2>FBL-1000 f\u00f6r bl\u00e4string av skurna pl\u00e5tdelar<\/h2>\n<p>FBL 1000 \u00e4r utvecklad f\u00f6r bl\u00e4string av skurna pl\u00e5tdelar. Den kan \u00e4ven anv\u00e4ndas f\u00f6r bl\u00e4string av sm\u00e5 detaljer p\u00e5 ett genoml\u00f6pande bord. Anordningen \u00e4r f\u00f6rsedd med tv\u00e5 bl\u00e4stermunstycken som bl\u00e4strar \u00e4ven detaljernas vertikala ytor rena. Det finns tv\u00e5 versioner av maskinen, den ena versionen bl\u00e4strar delarna bara p\u00e5 ovansidan, den andra bl\u00e4strar p\u00e5 b\u00e5da sidorna.<\/p>\n<p>Se video om bl\u00e4string av lasersk\u00e4ren pl\u00e5tdelar<\/p>\n<p><iframe loading=\"lazy\" src=\"https:\/\/www.youtube.com\/embed\/iew4XreQYpk?rel=0\" width=\"560\" height=\"314\" frameborder=\"0\" allowfullscreen=\"allowfullscreen\"><\/iframe><\/p>\n<p><a href=\"https:\/\/www.finnblast.fi\/wp-content\/uploads\/213_3.jpg\" data-rel=\"lightbox-image-2\" data-rl_title=\"\" data-rl_caption=\"\" title=\"\"><img loading=\"lazy\" decoding=\"async\" class=\"alignleft size-medium wp-image-852\" src=\"https:\/\/www.finnblast.fi\/wp-content\/uploads\/213_3-300x275.jpg\" alt=\"213_3\" width=\"300\" height=\"275\" srcset=\"https:\/\/www.finnblast.fi\/wp-content\/uploads\/213_3-300x275.jpg 300w, https:\/\/www.finnblast.fi\/wp-content\/uploads\/213_3.jpg 373w\" sizes=\"auto, (max-width: 300px) 100vw, 300px\" \/><\/a><\/p>\n<p><a href=\"https:\/\/www.finnblast.fi\/wp-content\/uploads\/213_4.jpg\" data-rel=\"lightbox-image-3\" data-rl_title=\"\" data-rl_caption=\"\" title=\"\"><img loading=\"lazy\" decoding=\"async\" class=\"alignleft size-medium wp-image-853\" src=\"https:\/\/www.finnblast.fi\/wp-content\/uploads\/213_4-225x300.jpg\" alt=\"213_4\" width=\"225\" height=\"300\" srcset=\"https:\/\/www.finnblast.fi\/wp-content\/uploads\/213_4-225x300.jpg 225w, https:\/\/www.finnblast.fi\/wp-content\/uploads\/213_4.jpg 251w\" sizes=\"auto, (max-width: 225px) 100vw, 225px\" \/><\/a><\/p>\n<p><a href=\"https:\/\/www.finnblast.fi\/wp-content\/uploads\/213_5.jpg\" data-rel=\"lightbox-image-4\" data-rl_title=\"\" data-rl_caption=\"\" title=\"\"><img loading=\"lazy\" decoding=\"async\" class=\"alignleft size-medium wp-image-854\" src=\"https:\/\/www.finnblast.fi\/wp-content\/uploads\/213_5.jpg\" alt=\"213_5\" width=\"99\" height=\"127\" \/><\/a><\/p>\n<h2>Specialmaskiner med genomlopp<\/h2>\n<p>Specialmaskiner med genomlopp \u00e4r skr\u00e4ddarsydda f\u00f6r kundens behov. Antalet munstycken och deras positioner beror p\u00e5 godset som ska bl\u00e4stras. Vid behov kan munstyckena g\u00f6ras r\u00f6rliga. Maskinerna har en separat cyklon f\u00f6r reng\u00f6ring av bl\u00e4stermedlet. Med specialmaskiner kan t.ex. ett rent omr\u00e5de f\u00f6r svetsning bl\u00e4stras i kanten av plattj\u00e4rn eller bulb. S\u00e5dana egenskaper beh\u00f6vs t.ex. p\u00e5 varv. Oftast \u00e4r bl\u00e4stermaskinen ansluten till ett transportsystem f\u00f6r arbetsstycken och bl\u00e4stringen startar och slutar automatiskt n\u00e4r detaljen f\u00f6rs genom bl\u00e4sterkammaren.<\/p>\n<p><a href=\"https:\/\/www.finnblast.fi\/wp-content\/uploads\/213_6.jpg\" data-rel=\"lightbox-image-5\" data-rl_title=\"\" data-rl_caption=\"\" title=\"\"><img loading=\"lazy\" decoding=\"async\" class=\"alignleft size-medium wp-image-855\" src=\"https:\/\/www.finnblast.fi\/wp-content\/uploads\/213_6-300x226.jpg\" alt=\"213_6\" width=\"300\" height=\"226\" srcset=\"https:\/\/www.finnblast.fi\/wp-content\/uploads\/213_6-300x226.jpg 300w, https:\/\/www.finnblast.fi\/wp-content\/uploads\/213_6.jpg 722w\" sizes=\"auto, (max-width: 300px) 100vw, 300px\" \/><\/a><\/p>\n<p><a href=\"https:\/\/www.finnblast.fi\/wp-content\/uploads\/213_7.jpg\" data-rel=\"lightbox-image-6\" data-rl_title=\"\" data-rl_caption=\"\" title=\"\"><img loading=\"lazy\" decoding=\"async\" class=\"alignleft size-medium wp-image-856\" src=\"https:\/\/www.finnblast.fi\/wp-content\/uploads\/213_7-300x223.jpg\" alt=\"213_7\" width=\"300\" height=\"223\" srcset=\"https:\/\/www.finnblast.fi\/wp-content\/uploads\/213_7-300x223.jpg 300w, https:\/\/www.finnblast.fi\/wp-content\/uploads\/213_7.jpg 678w\" sizes=\"auto, (max-width: 300px) 100vw, 300px\" \/><\/a><\/p>\n","protected":false},"excerpt":{"rendered":"<p>I bl\u00e4stermaskiner med genomlopp f\u00f6rs de arbetsstycken som ska bl\u00e4stras genom bl\u00e4sterkammaren. Bl\u00e4stringen sker i ett slutet utrymme. \u00d6ppningarna som beh\u00f6vs f\u00f6r genomlopp \u00e4r t\u00e4tade s\u00e5 att inte bl\u00e4stermedel eller damm kommer ut i omgivningen. Allt efter behov kan matningen av arbetsstycken till transportbanan automatiseras. FB 350 FB 350 l\u00e4mpar sig f\u00f6r bl\u00e4string av balkar [&hellip;]<\/p>\n","protected":false},"author":2,"featured_media":0,"parent":398,"menu_order":0,"comment_status":"closed","ping_status":"open","template":"","meta":{"content-type":"","footnotes":""},"class_list":["post-464","page","type-page","status-publish","hentry"],"_links":{"self":[{"href":"https:\/\/www.finnblast.fi\/sv\/wp-json\/wp\/v2\/pages\/464","targetHints":{"allow":["GET"]}}],"collection":[{"href":"https:\/\/www.finnblast.fi\/sv\/wp-json\/wp\/v2\/pages"}],"about":[{"href":"https:\/\/www.finnblast.fi\/sv\/wp-json\/wp\/v2\/types\/page"}],"author":[{"embeddable":true,"href":"https:\/\/www.finnblast.fi\/sv\/wp-json\/wp\/v2\/users\/2"}],"replies":[{"embeddable":true,"href":"https:\/\/www.finnblast.fi\/sv\/wp-json\/wp\/v2\/comments?post=464"}],"version-history":[{"count":3,"href":"https:\/\/www.finnblast.fi\/sv\/wp-json\/wp\/v2\/pages\/464\/revisions"}],"predecessor-version":[{"id":2915,"href":"https:\/\/www.finnblast.fi\/sv\/wp-json\/wp\/v2\/pages\/464\/revisions\/2915"}],"up":[{"embeddable":true,"href":"https:\/\/www.finnblast.fi\/sv\/wp-json\/wp\/v2\/pages\/398"}],"wp:attachment":[{"href":"https:\/\/www.finnblast.fi\/sv\/wp-json\/wp\/v2\/media?parent=464"}],"curies":[{"name":"wp","href":"https:\/\/api.w.org\/{rel}","templated":true}]}}