{"id":462,"date":"2014-07-04T15:37:07","date_gmt":"2014-07-04T12:37:07","guid":{"rendered":"http:\/\/www.finnblast.fi\/?page_id=462"},"modified":"2020-01-04T12:19:39","modified_gmt":"2020-01-04T10:19:39","slug":"manuella-blasterskap","status":"publish","type":"page","link":"https:\/\/www.finnblast.fi\/sv\/produkter\/tryckluftsdrivna-blasterutrustningar\/manuella-blasterskap\/","title":{"rendered":"Manuella bl\u00e4stersk\u00e5p, Galaxy serie"},"content":{"rendered":"<h2>Galaxy bl\u00e4stersk\u00e5p<\/h2>\n<p><iframe loading=\"lazy\" src=\"\/\/www.youtube.com\/embed\/7IhqsRTxT3Y\" width=\"560\" height=\"314\" allowfullscreen=\"allowfullscreen\"><\/iframe><\/p>\n<p>Titta p\u00e5 video om\u00a0 bl\u00e4stersk\u00e5pet FB 1000.<\/p>\n<p>Finnblast bl\u00e4stersk\u00e5p \u00e4r effektiva och dfrifts\u00e4kra bl\u00e4stermaskiner.\u00a0\u00a0 De l\u00e4mpar sig f\u00f6r reng\u00f6ring av olika material, rostborttagning samt uppruggning och mattering av ytor. Som bl\u00e4stermedel kan alla \u00e5teranv\u00e4ndbara medel anv\u00e4ndas s\u00e5som st\u00e5lsand, glaskulor, aluminiumoxid och keramisk sand. Galaxy bl\u00e4stersk\u00e5p har f\u00f6ljande f\u00f6rdelar:<\/p>\n<p>&#8211; bra drifts\u00e4kerhet och h\u00f6g effektivit\u00e4t.\u00a0 Man g\u00f6r all bl\u00e4stringsarbeten snabbt.<\/p>\n<p>&#8211; sk\u00e5pen har utm\u00e4rkt sikt under bl\u00e4stringsarbetet<\/p>\n<p>&#8211; sk\u00e5pen \u00e4r tysta \u00e4v\u00e4n i tryckmatad function<\/p>\n<p>&#8211; \u00f6verfl\u00f6dande dimensionering av dammutsug och effektiv filteranl\u00e4ggning garanterar dammfri bl\u00e4string<\/p>\n<p>&#8211; filterpatroner \u00e4r av senaste rymdteknologi med nanofibern. Deras filtreringskapacit\u00e4t och livsl\u00e4ngd \u00e4r \u00f6vertygande<\/p>\n<p>&#8211; en separat cyklon h\u00e5ller j\u00e4mn kvalit\u00e4t p\u00e5 bl\u00e4stermedlet och p\u00e5 de bl\u00e4strade ytor<\/p>\n<p>&#8211; bra arbetsergnomi tack vare de h\u00f6ga hand\u00f6ppningar.<\/p>\n<p>&#8211; sk\u00e5pen har justerbara f\u00f6tter, arbetsh\u00f6jden kan justeras enligt anv\u00e4ndaren<\/p>\n<p>\u00a0Det finns Galaxy-bl\u00e4stersk\u00e5pen i tre standardutf\u00f6randen, med 1 000 mm, 1250 mm\u00a0 respektive 1 500 mm bredd, s\u00e5v\u00e4l tryckmatat som ejektormatat. Cyklon, bl\u00e4sterklockan och filtern, som beh\u00f6vs f\u00f6r cirkulering av bl\u00e4stermedlet \u00e4r placerade bakom sk\u00e5pet i en kompakt enhet.<\/p>\n<table style=\"height: 102px;\" width=\"616\">\n<tbody>\n<tr>\n<td>Galaxy-bl\u00e4stersk\u00e5p<\/td>\n<td>\u00a0FB 1000<\/td>\n<td>\u00a0FB 1250<\/td>\n<td>\u00a0FB 1500<\/td>\n<\/tr>\n<tr>\n<td>Funktion<\/td>\n<td>tryckmatat eller ejektormatat<\/td>\n<td>tryckmatat eller ejektormatat<\/td>\n<td>tryckmatat eller ejektormatat<\/td>\n<\/tr>\n<tr>\n<td>M\u00e5tt av sk\u00e5pet (breddxdjup) mm<\/td>\n<td>1000&#215;1200<\/td>\n<td>1250&#215;1440<\/td>\n<td>1500&#215;1440<\/td>\n<\/tr>\n<tr>\n<td>Munstyck, mm (trykcmatad)<\/td>\n<td>4,8-6,0 mm<\/td>\n<td>4,8 &#8211; 8,0 mm<\/td>\n<td>4,8 &#8211; 8,0 mm<\/td>\n<\/tr>\n<\/tbody>\n<\/table>\n<p>\u00a0Till sk\u00e5pen finns ett brett sortiment av tillbeh\u00f6r och automatik, bl.a. elektriskt roterande bord, elektrisk in- och utmatning av bord, satellitbord.<\/p>\n<p><a href=\"https:\/\/www.finnblast.fi\/wp-content\/uploads\/Raepuhalluskaappi-FB-1000.jpg\" data-rel=\"lightbox-image-0\" data-rl_title=\"\" data-rl_caption=\"\" title=\"\"><img loading=\"lazy\" decoding=\"async\" class=\"alignnone  wp-image-1406\" src=\"https:\/\/www.finnblast.fi\/wp-content\/uploads\/Raepuhalluskaappi-FB-1000-300x273.jpg\" alt=\"Raepuhalluskaappi FB 1000\" width=\"278\" height=\"253\" srcset=\"https:\/\/www.finnblast.fi\/wp-content\/uploads\/Raepuhalluskaappi-FB-1000-300x273.jpg 300w, https:\/\/www.finnblast.fi\/wp-content\/uploads\/Raepuhalluskaappi-FB-1000-1024x934.jpg 1024w, https:\/\/www.finnblast.fi\/wp-content\/uploads\/Raepuhalluskaappi-FB-1000.jpg 1165w\" sizes=\"auto, (max-width: 278px) 100vw, 278px\" \/><\/a>\u00a0 <a href=\"https:\/\/www.finnblast.fi\/wp-content\/uploads\/Galaxy-FB-1250-P1.jpg\" data-rel=\"lightbox-image-1\" data-rl_title=\"\" data-rl_caption=\"\" title=\"\"><img loading=\"lazy\" decoding=\"async\" class=\"alignnone  wp-image-1662\" src=\"https:\/\/www.finnblast.fi\/wp-content\/uploads\/Galaxy-FB-1250-P1-300x211.jpg\" alt=\"galaxy-fb-1250-p\" width=\"355\" height=\"250\" srcset=\"https:\/\/www.finnblast.fi\/wp-content\/uploads\/Galaxy-FB-1250-P1-300x211.jpg 300w, https:\/\/www.finnblast.fi\/wp-content\/uploads\/Galaxy-FB-1250-P1.jpg 794w\" sizes=\"auto, (max-width: 355px) 100vw, 355px\" \/><\/a><\/p>\n<p>Galaxy FB 1000\u00a0\u00a0\u00a0\u00a0\u00a0\u00a0\u00a0\u00a0\u00a0\u00a0\u00a0\u00a0\u00a0\u00a0\u00a0\u00a0\u00a0\u00a0\u00a0\u00a0\u00a0\u00a0\u00a0\u00a0\u00a0\u00a0\u00a0\u00a0\u00a0\u00a0\u00a0\u00a0\u00a0\u00a0\u00a0\u00a0\u00a0\u00a0\u00a0\u00a0\u00a0\u00a0\u00a0\u00a0\u00a0\u00a0\u00a0\u00a0\u00a0\u00a0\u00a0\u00a0\u00a0\u00a0 Galaxy FB 1250 med bord<\/p>\n<h2 style=\"clear: both;\">Manuella bl\u00e4stersk\u00e5p FB 1400 \u2013 FB 8000<\/h2>\n<p>Sk\u00e5pserien FB 1400 \u2013 FB 8000 omfattar st\u00f6rre och effektivare bl\u00e4stersk\u00e5p. L\u00e4ngden p\u00e5 ett sk\u00e5p kan vara upp till 8 m. Bl\u00e4strade detaljer kan v\u00e4ga flera ton. I dessa sk\u00e5p \u00e4r anordningarna f\u00f6r cirkulering av bl\u00e4stermedel st\u00f6rre och de \u00e4r placerade i en egen separat enhet.<\/p>\n<p>Dessa bl\u00e4stersk\u00e5p f\u00f6rses vanligtvis med effektiva munstycken upp till 10 mm och ofta automatiseras bl\u00e4stringen.<\/p>\n<p>&nbsp;<\/p>\n<p><div id=\"attachment_835\" style=\"width: 310px\" class=\"wp-caption alignleft\"><a href=\"https:\/\/www.finnblast.fi\/wp-content\/uploads\/kasipuhalluskaapit3.jpg\" data-rel=\"lightbox-image-2\" data-rl_title=\"\" data-rl_caption=\"\" title=\"\"><img loading=\"lazy\" decoding=\"async\" aria-describedby=\"caption-attachment-835\" class=\"size-medium wp-image-835\" src=\"https:\/\/www.finnblast.fi\/wp-content\/uploads\/kasipuhalluskaapit3-300x226.jpg\" alt=\"FB1800\" width=\"300\" height=\"226\" srcset=\"https:\/\/www.finnblast.fi\/wp-content\/uploads\/kasipuhalluskaapit3-300x226.jpg 300w, https:\/\/www.finnblast.fi\/wp-content\/uploads\/kasipuhalluskaapit3.jpg 338w\" sizes=\"auto, (max-width: 300px) 100vw, 300px\" \/><\/a><p id=\"caption-attachment-835\" class=\"wp-caption-text\">FB1800<\/p><\/div> <div id=\"attachment_836\" style=\"width: 303px\" class=\"wp-caption alignleft\"><a href=\"https:\/\/www.finnblast.fi\/wp-content\/uploads\/kasipuhalluskaapit4.jpg\" data-rel=\"lightbox-image-3\" data-rl_title=\"\" data-rl_caption=\"\" title=\"\"><img loading=\"lazy\" decoding=\"async\" aria-describedby=\"caption-attachment-836\" class=\"size-full wp-image-836\" src=\"https:\/\/www.finnblast.fi\/wp-content\/uploads\/kasipuhalluskaapit4.jpg\" alt=\"FB 3750\" width=\"293\" height=\"255\" \/><\/a><p id=\"caption-attachment-836\" class=\"wp-caption-text\">FB 3750<\/p><\/div><\/p>\n<h2 style=\"clear: both;\">Kundspecifika manuella bl\u00e4stersk\u00e5p<\/h2>\n<p>Till standardsk\u00e5pen finns ett rikligt sortiment av tillbeh\u00f6r samt \u00e4ven kundspecifika tillbeh\u00f6r. M\u00e5nga g\u00e5nger \u00e4r de utrymmen som bl\u00e4stersk\u00e5pet \u00e4r planerat att st\u00e5 i tr\u00e5nga och d\u00e4rf\u00f6r kr\u00e4vs kundspecifika \u00e4ndringar i standardmodellerna.<\/p>\n<p>I sk\u00e5pmodellen FB 2400-PN \u00f6ppnas luckan rakt upp\u00e5t. Detta \u00e4r en praktisk l\u00f6sning. Tunga stycken kan lastas direkt in i sk\u00e5pet. L\u00f6sningen \u00e4r samtidigt utrymmesbesparande.<\/p>\n<div id=\"attachment_837\" style=\"width: 310px\" class=\"wp-caption alignleft\"><a href=\"https:\/\/www.finnblast.fi\/wp-content\/uploads\/kasipuhalluskaapit5.jpg\" data-rel=\"lightbox-image-4\" data-rl_title=\"\" data-rl_caption=\"\" title=\"\"><img loading=\"lazy\" decoding=\"async\" aria-describedby=\"caption-attachment-837\" class=\"size-medium wp-image-837\" src=\"https:\/\/www.finnblast.fi\/wp-content\/uploads\/kasipuhalluskaapit5-300x227.jpg\" alt=\"FB 2400-PN\" width=\"300\" height=\"227\" srcset=\"https:\/\/www.finnblast.fi\/wp-content\/uploads\/kasipuhalluskaapit5-300x227.jpg 300w, https:\/\/www.finnblast.fi\/wp-content\/uploads\/kasipuhalluskaapit5.jpg 336w\" sizes=\"auto, (max-width: 300px) 100vw, 300px\" \/><\/a><p id=\"caption-attachment-837\" class=\"wp-caption-text\">FB 2400-PN<\/p><\/div>\n<p><a href=\"https:\/\/www.finnblast.fi\/wp-content\/uploads\/BIG_blasting-cabinet.jpg\" data-rel=\"lightbox-image-5\" data-rl_title=\"\" data-rl_caption=\"\" title=\"\"><img loading=\"lazy\" decoding=\"async\" class=\"alignnone size-medium wp-image-2727\" src=\"https:\/\/www.finnblast.fi\/wp-content\/uploads\/BIG_blasting-cabinet-300x211.jpg\" alt=\"\" width=\"300\" height=\"211\" srcset=\"https:\/\/www.finnblast.fi\/wp-content\/uploads\/BIG_blasting-cabinet-300x211.jpg 300w, https:\/\/www.finnblast.fi\/wp-content\/uploads\/BIG_blasting-cabinet-768x541.jpg 768w, https:\/\/www.finnblast.fi\/wp-content\/uploads\/BIG_blasting-cabinet-1024x722.jpg 1024w\" sizes=\"auto, (max-width: 300px) 100vw, 300px\" \/><\/a><\/p>\n<p>Stort bl\u00e4stersk\u00e5p FB 2100-2300<\/p>\n","protected":false},"excerpt":{"rendered":"<p>Galaxy bl\u00e4stersk\u00e5p Titta p\u00e5 video om\u00a0 bl\u00e4stersk\u00e5pet FB 1000. Finnblast bl\u00e4stersk\u00e5p \u00e4r effektiva och dfrifts\u00e4kra bl\u00e4stermaskiner.\u00a0\u00a0 De l\u00e4mpar sig f\u00f6r reng\u00f6ring av olika material, rostborttagning samt uppruggning och mattering av ytor. Som bl\u00e4stermedel kan alla \u00e5teranv\u00e4ndbara medel anv\u00e4ndas s\u00e5som st\u00e5lsand, glaskulor, aluminiumoxid och keramisk sand. Galaxy bl\u00e4stersk\u00e5p har f\u00f6ljande f\u00f6rdelar: &#8211; bra drifts\u00e4kerhet och h\u00f6g [&hellip;]<\/p>\n","protected":false},"author":2,"featured_media":0,"parent":398,"menu_order":0,"comment_status":"closed","ping_status":"open","template":"","meta":{"content-type":"","footnotes":""},"class_list":["post-462","page","type-page","status-publish","hentry"],"_links":{"self":[{"href":"https:\/\/www.finnblast.fi\/sv\/wp-json\/wp\/v2\/pages\/462","targetHints":{"allow":["GET"]}}],"collection":[{"href":"https:\/\/www.finnblast.fi\/sv\/wp-json\/wp\/v2\/pages"}],"about":[{"href":"https:\/\/www.finnblast.fi\/sv\/wp-json\/wp\/v2\/types\/page"}],"author":[{"embeddable":true,"href":"https:\/\/www.finnblast.fi\/sv\/wp-json\/wp\/v2\/users\/2"}],"replies":[{"embeddable":true,"href":"https:\/\/www.finnblast.fi\/sv\/wp-json\/wp\/v2\/comments?post=462"}],"version-history":[{"count":12,"href":"https:\/\/www.finnblast.fi\/sv\/wp-json\/wp\/v2\/pages\/462\/revisions"}],"predecessor-version":[{"id":2816,"href":"https:\/\/www.finnblast.fi\/sv\/wp-json\/wp\/v2\/pages\/462\/revisions\/2816"}],"up":[{"embeddable":true,"href":"https:\/\/www.finnblast.fi\/sv\/wp-json\/wp\/v2\/pages\/398"}],"wp:attachment":[{"href":"https:\/\/www.finnblast.fi\/sv\/wp-json\/wp\/v2\/media?parent=462"}],"curies":[{"name":"wp","href":"https:\/\/api.w.org\/{rel}","templated":true}]}}