{"id":405,"date":"2014-07-04T15:31:17","date_gmt":"2014-07-04T12:31:17","guid":{"rendered":"http:\/\/www.finnblast.fi\/?page_id=405"},"modified":"2014-07-09T17:03:43","modified_gmt":"2014-07-09T14:03:43","slug":"service-och-reservdelar","status":"publish","type":"page","link":"https:\/\/www.finnblast.fi\/sv\/produkter\/service-och-reservdelar\/","title":{"rendered":"Service och reservdelar"},"content":{"rendered":"<p>Vi tillhandah\u00e5ller en helt\u00e4ckande underh\u00e5lls- och reservdelsservice. I Finland \u00e5ker v\u00e5r servicepersonal runt och utf\u00f6r service p\u00e5 maskiner vi levererat, ofta baserat p\u00e5 serviceavtal. I andra l\u00e4nder kan service p\u00e5 v\u00e5ra maskiner ordnas genom samarbetspartner.<\/p>\n<p>Vi tillhandah\u00e5ller reservdelar till v\u00e5ra maskiner med korta leveranstider runt om i v\u00e4rlden. <\/p>\n<p><a href=\"https:\/\/www.finnblast.fi\/wp-content\/uploads\/huoltoauto.jpg\" data-rel=\"lightbox-image-0\" data-rl_title=\"\" data-rl_caption=\"\" title=\"\"><img loading=\"lazy\" decoding=\"async\" src=\"https:\/\/www.finnblast.fi\/wp-content\/uploads\/huoltoauto-300x186.jpg\" alt=\"huoltoauto\" width=\"300\" height=\"186\" class=\"alignleft size-medium wp-image-954\" srcset=\"https:\/\/www.finnblast.fi\/wp-content\/uploads\/huoltoauto-300x186.jpg 300w, https:\/\/www.finnblast.fi\/wp-content\/uploads\/huoltoauto.jpg 800w\" sizes=\"auto, (max-width: 300px) 100vw, 300px\" \/><\/a><\/p>\n","protected":false},"excerpt":{"rendered":"<p>Vi tillhandah\u00e5ller en helt\u00e4ckande underh\u00e5lls- och reservdelsservice. I Finland \u00e5ker v\u00e5r servicepersonal runt och utf\u00f6r service p\u00e5 maskiner vi levererat, ofta baserat p\u00e5 serviceavtal. I andra l\u00e4nder kan service p\u00e5 v\u00e5ra maskiner ordnas genom samarbetspartner. Vi tillhandah\u00e5ller reservdelar till v\u00e5ra maskiner med korta leveranstider runt om i v\u00e4rlden.<\/p>\n","protected":false},"author":2,"featured_media":0,"parent":143,"menu_order":0,"comment_status":"closed","ping_status":"open","template":"","meta":{"content-type":"","footnotes":""},"class_list":["post-405","page","type-page","status-publish","hentry"],"_links":{"self":[{"href":"https:\/\/www.finnblast.fi\/sv\/wp-json\/wp\/v2\/pages\/405","targetHints":{"allow":["GET"]}}],"collection":[{"href":"https:\/\/www.finnblast.fi\/sv\/wp-json\/wp\/v2\/pages"}],"about":[{"href":"https:\/\/www.finnblast.fi\/sv\/wp-json\/wp\/v2\/types\/page"}],"author":[{"embeddable":true,"href":"https:\/\/www.finnblast.fi\/sv\/wp-json\/wp\/v2\/users\/2"}],"replies":[{"embeddable":true,"href":"https:\/\/www.finnblast.fi\/sv\/wp-json\/wp\/v2\/comments?post=405"}],"version-history":[{"count":0,"href":"https:\/\/www.finnblast.fi\/sv\/wp-json\/wp\/v2\/pages\/405\/revisions"}],"up":[{"embeddable":true,"href":"https:\/\/www.finnblast.fi\/sv\/wp-json\/wp\/v2\/pages\/143"}],"wp:attachment":[{"href":"https:\/\/www.finnblast.fi\/sv\/wp-json\/wp\/v2\/media?parent=405"}],"curies":[{"name":"wp","href":"https:\/\/api.w.org\/{rel}","templated":true}]}}