{"id":404,"date":"2014-07-04T15:31:13","date_gmt":"2014-07-04T12:31:13","guid":{"rendered":"http:\/\/www.finnblast.fi\/?page_id=404"},"modified":"2020-03-11T12:35:49","modified_gmt":"2020-03-11T10:35:49","slug":"begagnade-maskiner","status":"publish","type":"page","link":"https:\/\/www.finnblast.fi\/sv\/produkter\/begagnade-maskiner\/","title":{"rendered":"Begagnade maskiner"},"content":{"rendered":"<p>Begagnade maskiner \u00e4r inbytesmaskiner. Begagnade maskiner har genomg\u00e5tt en grundlig kontroll och renovering. Maskinerna \u00e4r testade och funktionsdugliga.<\/p>\n<p>&nbsp;<\/p>\n<h2>1. Bl\u00e4sterautomat f\u00f6r balkar FB 500<\/h2>\n<p>&#8211; tillverknings\u00e5r<br \/>\n&#8211; st\u00f6rsta tv\u00e4rsnitt f\u00f6r profil 100 x 100 mm<br \/>\n&#8211; dragande rullar c-c 1 600 mm<br \/>\n&#8211; banh\u00f6jd 1 000 mm<\/p>\n<h2>2. Bl\u00e4sterautomat f\u00f6r balkar FB 500<\/h2>\n<p>&#8211; tillverknings\u00e5r<br \/>\n&#8211; st\u00f6rsta tv\u00e4rsnitt f\u00f6r profil 100 x 100 mm<\/p>\n<p><strong>Be om en offert!<\/strong><\/p>\n","protected":false},"excerpt":{"rendered":"<p>Begagnade maskiner \u00e4r inbytesmaskiner. Begagnade maskiner har genomg\u00e5tt en grundlig kontroll och renovering. Maskinerna \u00e4r testade och funktionsdugliga. &nbsp; 1. Bl\u00e4sterautomat f\u00f6r balkar FB 500 &#8211; tillverknings\u00e5r &#8211; st\u00f6rsta tv\u00e4rsnitt f\u00f6r profil 100 x 100 mm &#8211; dragande rullar c-c 1 600 mm &#8211; banh\u00f6jd 1 000 mm 2. Bl\u00e4sterautomat f\u00f6r balkar FB 500 &#8211; [&hellip;]<\/p>\n","protected":false},"author":2,"featured_media":0,"parent":143,"menu_order":0,"comment_status":"closed","ping_status":"open","template":"","meta":{"content-type":"","footnotes":""},"class_list":["post-404","page","type-page","status-publish","hentry"],"_links":{"self":[{"href":"https:\/\/www.finnblast.fi\/sv\/wp-json\/wp\/v2\/pages\/404","targetHints":{"allow":["GET"]}}],"collection":[{"href":"https:\/\/www.finnblast.fi\/sv\/wp-json\/wp\/v2\/pages"}],"about":[{"href":"https:\/\/www.finnblast.fi\/sv\/wp-json\/wp\/v2\/types\/page"}],"author":[{"embeddable":true,"href":"https:\/\/www.finnblast.fi\/sv\/wp-json\/wp\/v2\/users\/2"}],"replies":[{"embeddable":true,"href":"https:\/\/www.finnblast.fi\/sv\/wp-json\/wp\/v2\/comments?post=404"}],"version-history":[{"count":1,"href":"https:\/\/www.finnblast.fi\/sv\/wp-json\/wp\/v2\/pages\/404\/revisions"}],"predecessor-version":[{"id":2885,"href":"https:\/\/www.finnblast.fi\/sv\/wp-json\/wp\/v2\/pages\/404\/revisions\/2885"}],"up":[{"embeddable":true,"href":"https:\/\/www.finnblast.fi\/sv\/wp-json\/wp\/v2\/pages\/143"}],"wp:attachment":[{"href":"https:\/\/www.finnblast.fi\/sv\/wp-json\/wp\/v2\/media?parent=404"}],"curies":[{"name":"wp","href":"https:\/\/api.w.org\/{rel}","templated":true}]}}