{"id":403,"date":"2014-07-04T15:31:08","date_gmt":"2014-07-04T12:31:08","guid":{"rendered":"http:\/\/www.finnblast.fi\/?page_id=403"},"modified":"2014-07-09T16:58:52","modified_gmt":"2014-07-09T13:58:52","slug":"blastermedelssug-fbi-55","status":"publish","type":"page","link":"https:\/\/www.finnblast.fi\/sv\/produkter\/blastermedelssug-fbi-55\/","title":{"rendered":"Bl\u00e4stermedelssug FBI 55"},"content":{"rendered":"<h2>Bl\u00e4stermedel och damm i bl\u00e4stermaskinens omgivningar<\/h2>\n<p>Bl\u00e4stermedel sprider sig l\u00e4tt fr\u00e5n bl\u00e4ster- och slungbl\u00e4stermaskiner till omgivningen. Bl\u00e4stermedel kommer ut ur maskinen antingen genom inmatnings\u00f6ppningen eller s\u00e5 kan det komma ut med de bl\u00e4strade delarna. Ofta sprids bl\u00e4stermedel runt maskinen n\u00e4r det fylls p\u00e5 i bl\u00e4stermaskinen. Om det ligger runda bl\u00e4stermedelskorn p\u00e5 golvet uppst\u00e5r halkrisk. Bl\u00e4stermedel m\u00e5ste omedelbart tas upp fr\u00e5n golv p\u00e5 grund av halkrisken.<\/p>\n<h2>Uppsugning av bl\u00e4stermedel och \u00e5terf\u00f6ring till bl\u00e4stermaskin<\/h2>\n<p>Finnblast Oy har utvecklat en ny, effektiv bl\u00e4stermedelssug f\u00f6r att suga upp bl\u00e4stermedel. Det speciella med bl\u00e4stermedelssugen ut\u00f6ver den stora sugeffekten \u00e4r att det uppsugna bl\u00e4stermedlet direkt kan \u00e5terf\u00f6ras till bl\u00e4stern. Bl\u00e4stermedlet \u00e5terf\u00f6rs som en kontinuerlig process, det vill s\u00e4ga ingen manuell t\u00f6mning av separata k\u00e4rl kr\u00e4vs.  <\/p>\n<h2>Bl\u00e4stermedel och damm i bl\u00e4strade detaljer <\/h2>\n<p>I arbetsstyckets h\u00e5ligheter blir det ofta kvar bl\u00e4stermedel och damm efter bl\u00e4string som m\u00e5ste avl\u00e4gsnas. Dammsugning \u00e4r ett dammfritt s\u00e4tt att avl\u00e4gsna bl\u00e4stermedel fr\u00e5n detaljer. N\u00e4r bl\u00e4stermedlet sugs upp sprids det inte i omgivningen. Genom att suga upp bl\u00e4stermedlet kan det \u00e5terf\u00f6ras till bl\u00e4stermaskinen.<\/p>\n<h2>H\u00f6g sugeffekt och effektivt filter<\/h2>\n<p>FBI-55 har en h\u00f6g sugeffekt, ca 10 kg\/min vid upptagning av runda st\u00e5lkulor, S230, med storleken 0,6\u20130,85 mm. Uppsugningen sker allts\u00e5 snabbt. Sugslangen kan vara upp till 16 m l\u00e5ng s\u00e5 maskinen beh\u00f6ver inte flyttas under uppsugning.<br \/>\nSugaren har ett effektivt filter med automatisk rensning av filterpatronen.<\/p>\n<p><a href=\"https:\/\/www.finnblast.fi\/wp-content\/uploads\/FBI-55_A.jpg\" data-rel=\"lightbox-image-0\" data-rl_title=\"\" data-rl_caption=\"\" title=\"\"><img loading=\"lazy\" decoding=\"async\" src=\"https:\/\/www.finnblast.fi\/wp-content\/uploads\/FBI-55_A-146x300.jpg\" alt=\"FBI-55_A\" width=\"146\" height=\"300\" class=\"alignleft size-medium wp-image-948\" srcset=\"https:\/\/www.finnblast.fi\/wp-content\/uploads\/FBI-55_A-146x300.jpg 146w, https:\/\/www.finnblast.fi\/wp-content\/uploads\/FBI-55_A-500x1024.jpg 500w, https:\/\/www.finnblast.fi\/wp-content\/uploads\/FBI-55_A.jpg 662w\" sizes=\"auto, (max-width: 146px) 100vw, 146px\" \/><\/a><\/p>\n<p><a href=\"https:\/\/www.finnblast.fi\/wp-content\/uploads\/243_2.jpg\" data-rel=\"lightbox-image-1\" data-rl_title=\"\" data-rl_caption=\"\" title=\"\"><img loading=\"lazy\" decoding=\"async\" src=\"https:\/\/www.finnblast.fi\/wp-content\/uploads\/243_2.jpg\" alt=\"243_2\" width=\"103\" height=\"85\" class=\"alignleft size-full wp-image-947\" \/><\/a><\/p>\n","protected":false},"excerpt":{"rendered":"<p>Bl\u00e4stermedel och damm i bl\u00e4stermaskinens omgivningar Bl\u00e4stermedel sprider sig l\u00e4tt fr\u00e5n bl\u00e4ster- och slungbl\u00e4stermaskiner till omgivningen. Bl\u00e4stermedel kommer ut ur maskinen antingen genom inmatnings\u00f6ppningen eller s\u00e5 kan det komma ut med de bl\u00e4strade delarna. Ofta sprids bl\u00e4stermedel runt maskinen n\u00e4r det fylls p\u00e5 i bl\u00e4stermaskinen. Om det ligger runda bl\u00e4stermedelskorn p\u00e5 golvet uppst\u00e5r halkrisk. Bl\u00e4stermedel [&hellip;]<\/p>\n","protected":false},"author":2,"featured_media":0,"parent":143,"menu_order":0,"comment_status":"closed","ping_status":"open","template":"","meta":{"content-type":"","footnotes":""},"class_list":["post-403","page","type-page","status-publish","hentry"],"_links":{"self":[{"href":"https:\/\/www.finnblast.fi\/sv\/wp-json\/wp\/v2\/pages\/403","targetHints":{"allow":["GET"]}}],"collection":[{"href":"https:\/\/www.finnblast.fi\/sv\/wp-json\/wp\/v2\/pages"}],"about":[{"href":"https:\/\/www.finnblast.fi\/sv\/wp-json\/wp\/v2\/types\/page"}],"author":[{"embeddable":true,"href":"https:\/\/www.finnblast.fi\/sv\/wp-json\/wp\/v2\/users\/2"}],"replies":[{"embeddable":true,"href":"https:\/\/www.finnblast.fi\/sv\/wp-json\/wp\/v2\/comments?post=403"}],"version-history":[{"count":0,"href":"https:\/\/www.finnblast.fi\/sv\/wp-json\/wp\/v2\/pages\/403\/revisions"}],"up":[{"embeddable":true,"href":"https:\/\/www.finnblast.fi\/sv\/wp-json\/wp\/v2\/pages\/143"}],"wp:attachment":[{"href":"https:\/\/www.finnblast.fi\/sv\/wp-json\/wp\/v2\/media?parent=403"}],"curies":[{"name":"wp","href":"https:\/\/api.w.org\/{rel}","templated":true}]}}