{"id":402,"date":"2014-07-04T15:31:04","date_gmt":"2014-07-04T12:31:04","guid":{"rendered":"http:\/\/www.finnblast.fi\/?page_id=402"},"modified":"2014-07-09T16:56:11","modified_gmt":"2014-07-09T13:56:11","slug":"trumlingsmaskiner-for-avgradning","status":"publish","type":"page","link":"https:\/\/www.finnblast.fi\/sv\/produkter\/trumlingsmaskiner-for-avgradning\/","title":{"rendered":"Trumlingsmaskiner f\u00f6r avgradning"},"content":{"rendered":"<h2>1. Transportl\u00e5da integrerad med trumman<\/h2>\n<p>FB trumlingsmaskiner \u00e4r utvecklade f\u00f6r att utan manuellt arbete avl\u00e4gsna grader fr\u00e5n skurna detaljer. Trumman \u00e4r samtidigt ett transportsystem f\u00f6r de skurna delarna. En del av trumman har gjorts till en l\u00f6stagbar transportl\u00e5da.<br \/>\nL\u00e5dan lastas och lossas fr\u00e5n trumman med en truck.  De skurna detaljerna lastas i l\u00e5dorna p\u00e5 bordet d\u00e4r de sk\u00e4rs. De fyllda l\u00e5dorna transporteras till avgradning med truck. Vid trumlingen skavs graderna loss fr\u00e5n de skurna styckena, manuell slipning beh\u00f6vs inte. Fr\u00e5n trummans inre sugs dammet till ett filter s\u00e5 att de skurna detaljerna blir dammfria och rena. De rena detaljerna transporteras med truck i sin l\u00e5da till n\u00e4sta arbetsmoment, t.ex. maskinbearbetning, svetsning o.s.v.<br \/>\nFlera transportl\u00e5dor kan anv\u00e4ndas, t.ex. 5\u201310 st. P\u00e5 det s\u00e4ttet kan de skurna detaljerna redan p\u00e5 sk\u00e4rbordet sorteras i olika l\u00e5dor efter arbetsmoment.<br \/>\nSkurna detaljer kan gradas av maskinellt, utan manuell slipning och utan omlastningar.<\/p>\n<h2>2. H\u00e5llbar innerfodring<\/h2>\n<p>Trummans och l\u00e5dornas insida \u00e4r fodrad runt om med gummikassetter. Det n\u00f6tningst\u00e5liga specialgummit \u00e4r f\u00e4st i en st\u00e5lplatta som i sin tur \u00e4r fastskruvad i trumman. P\u00e5 detta s\u00e4tt \u00e4r slitplattorna l\u00e4tta att byta<\/p>\n<h2>3. Ljudisolering<\/h2>\n<p>Tack vare ljudisoleringen \u00e4r trumman tyst. Den kan placeras inomhus eftersom den \u00e4r tyst och dammfri. Ljudniv\u00e5n understiger 80 dB(A).<br \/>\nLjudisoleringsrummet ger samtidigt trygghet i arbetet. Rummet har pard\u00f6rrar med s\u00e4kerhetsbrytare. Om d\u00f6rrarna \u00f6ppnas under trumling stoppas trummans rotation.<\/p>\n<h2>4. Ventilation <\/h2>\n<p>Trumman har integrerad dammhantering. Inne i trumman finns ett kontinuerligt sug s\u00e5 att fint damm f\u00f6rs fr\u00e5n trumman till ett filter. Luften som kommer ut ur filtret \u00e4r dammfri och kan f\u00f6ras tillbaka ut till rummet. Efter trumling \u00e4r arbetsstyckena rena och dammfria.<\/p>\n<p><a href=\"https:\/\/www.finnblast.fi\/wp-content\/uploads\/242_1.jpg\" data-rel=\"lightbox-image-0\" data-rl_title=\"\" data-rl_caption=\"\" title=\"\"><img loading=\"lazy\" decoding=\"async\" src=\"https:\/\/www.finnblast.fi\/wp-content\/uploads\/242_1-300x224.jpg\" alt=\"242_1\" width=\"300\" height=\"224\" class=\"alignleft size-medium wp-image-943\" srcset=\"https:\/\/www.finnblast.fi\/wp-content\/uploads\/242_1-300x224.jpg 300w, https:\/\/www.finnblast.fi\/wp-content\/uploads\/242_1.jpg 581w\" sizes=\"auto, (max-width: 300px) 100vw, 300px\" \/><\/a><\/p>\n<p><a href=\"https:\/\/www.finnblast.fi\/wp-content\/uploads\/242_2.jpg\" data-rel=\"lightbox-image-1\" data-rl_title=\"\" data-rl_caption=\"\" title=\"\"><img loading=\"lazy\" decoding=\"async\" src=\"https:\/\/www.finnblast.fi\/wp-content\/uploads\/242_2-300x222.jpg\" alt=\"242_2\" width=\"300\" height=\"222\" class=\"alignleft size-medium wp-image-944\" srcset=\"https:\/\/www.finnblast.fi\/wp-content\/uploads\/242_2-300x222.jpg 300w, https:\/\/www.finnblast.fi\/wp-content\/uploads\/242_2.jpg 581w\" sizes=\"auto, (max-width: 300px) 100vw, 300px\" \/><\/a><\/p>\n","protected":false},"excerpt":{"rendered":"<p>1. Transportl\u00e5da integrerad med trumman FB trumlingsmaskiner \u00e4r utvecklade f\u00f6r att utan manuellt arbete avl\u00e4gsna grader fr\u00e5n skurna detaljer. Trumman \u00e4r samtidigt ett transportsystem f\u00f6r de skurna delarna. En del av trumman har gjorts till en l\u00f6stagbar transportl\u00e5da. L\u00e5dan lastas och lossas fr\u00e5n trumman med en truck. De skurna detaljerna lastas i l\u00e5dorna p\u00e5 bordet [&hellip;]<\/p>\n","protected":false},"author":2,"featured_media":0,"parent":143,"menu_order":0,"comment_status":"closed","ping_status":"open","template":"","meta":{"content-type":"","footnotes":""},"class_list":["post-402","page","type-page","status-publish","hentry"],"_links":{"self":[{"href":"https:\/\/www.finnblast.fi\/sv\/wp-json\/wp\/v2\/pages\/402","targetHints":{"allow":["GET"]}}],"collection":[{"href":"https:\/\/www.finnblast.fi\/sv\/wp-json\/wp\/v2\/pages"}],"about":[{"href":"https:\/\/www.finnblast.fi\/sv\/wp-json\/wp\/v2\/types\/page"}],"author":[{"embeddable":true,"href":"https:\/\/www.finnblast.fi\/sv\/wp-json\/wp\/v2\/users\/2"}],"replies":[{"embeddable":true,"href":"https:\/\/www.finnblast.fi\/sv\/wp-json\/wp\/v2\/comments?post=402"}],"version-history":[{"count":0,"href":"https:\/\/www.finnblast.fi\/sv\/wp-json\/wp\/v2\/pages\/402\/revisions"}],"up":[{"embeddable":true,"href":"https:\/\/www.finnblast.fi\/sv\/wp-json\/wp\/v2\/pages\/143"}],"wp:attachment":[{"href":"https:\/\/www.finnblast.fi\/sv\/wp-json\/wp\/v2\/media?parent=402"}],"curies":[{"name":"wp","href":"https:\/\/api.w.org\/{rel}","templated":true}]}}