{"id":401,"date":"2014-07-04T15:31:00","date_gmt":"2014-07-04T12:31:00","guid":{"rendered":"http:\/\/www.finnblast.fi\/?page_id=401"},"modified":"2014-07-11T12:37:46","modified_gmt":"2014-07-11T09:37:46","slug":"cykloner","status":"publish","type":"page","link":"https:\/\/www.finnblast.fi\/sv\/produkter\/cykloner\/","title":{"rendered":"Cykloner"},"content":{"rendered":"<h2>Cykloner<\/h2>\n<p>Cykloner l\u00e4mpar sig f\u00f6r separering av torrt damm fr\u00e5n ett luftfl\u00f6de.<br \/>\nCyklonens f\u00f6rdelar \u00e4r<br \/>\n&#8211; enkel konstruktion, inga r\u00f6rliga delar<br \/>\n&#8211; kr\u00e4ver ej tillf\u00f6rsel av energi utifr\u00e5n<br \/>\n&#8211; litet tryckfall<br \/>\n&#8211; ingen igens\u00e4ttning<\/p>\n<p>Luftfl\u00f6den 10\u2013100 000 m3\/h.  Finnblast-cykloner dimensioneras med fl\u00f6desber\u00e4kningsprogram (CFD) fr\u00e5n fall till fall med h\u00e4nsyn tagen till bl.a. m\u00e4ngden damm, material, kvalitet, korn\u00acf\u00f6rdelning m.m. P\u00e5 detta s\u00e4tt \u00e5stadkoms den effektivaste separeringsf\u00f6rm\u00e5gan med minsta tryckfall. Dammsepareringsf\u00f6rm\u00e5gan \u00e4r typiskt \u00f6ver 90 %. FB-cykloner kan anv\u00e4ndas f\u00f6r separering av bland annat s\u00e4rskilt abrasivt samt \u00e4ven hett damm. Allt efter behov skyddas cyklonerna p\u00e5 insidan med n\u00f6tningst\u00e5liga material. Hanteringen av avskiljt damm och bl\u00e4stermedel dimensioneras fr\u00e5n fall till fall.<\/p>\n<p>Anv\u00e4ndningsomr\u00e5den f\u00f6r cykloner \u00e4r ocks\u00e5:<br \/>\n&#8211; f\u00f6rseparering f\u00f6r patronfilter<br \/>\n&#8211; \u00e5teranv\u00e4ndning av damm eller bl\u00e4stermedel i processen<br \/>\n&#8211; skydd av anordningar efter cyklonen, t.ex. kanaler eller fl\u00e4ktar.<\/p>\n<p><a href=\"https:\/\/www.finnblast.fi\/wp-content\/uploads\/24_1.jpg\" data-rel=\"lightbox-image-0\" data-rl_title=\"\" data-rl_caption=\"\" title=\"\"><img loading=\"lazy\" decoding=\"async\" src=\"https:\/\/www.finnblast.fi\/wp-content\/uploads\/24_1-216x300.jpg\" alt=\"Syklonin virtauslaskenta\" width=\"216\" height=\"300\" class=\"size-medium wp-image-936\" srcset=\"https:\/\/www.finnblast.fi\/wp-content\/uploads\/24_1-216x300.jpg 216w, https:\/\/www.finnblast.fi\/wp-content\/uploads\/24_1.jpg 438w\" sizes=\"auto, (max-width: 216px) 100vw, 216px\" \/><\/a><\/p>\n<div id=\"attachment_938\" style=\"width: 236px\" class=\"wp-caption alignleft\"><a href=\"https:\/\/www.finnblast.fi\/wp-content\/uploads\/241_1.jpg\" data-rel=\"lightbox-image-1\" data-rl_title=\"\" data-rl_caption=\"\" title=\"\"><img loading=\"lazy\" decoding=\"async\" aria-describedby=\"caption-attachment-938\" src=\"https:\/\/www.finnblast.fi\/wp-content\/uploads\/241_1-226x300.jpg\" alt=\"Sykloni 10000 m3\/h\" width=\"226\" height=\"300\" class=\"size-medium wp-image-938\" srcset=\"https:\/\/www.finnblast.fi\/wp-content\/uploads\/241_1-226x300.jpg 226w, https:\/\/www.finnblast.fi\/wp-content\/uploads\/241_1.jpg 378w\" sizes=\"auto, (max-width: 226px) 100vw, 226px\" \/><\/a><p id=\"caption-attachment-938\" class=\"wp-caption-text\">Sykloni 10000 m3\/h<\/p><\/div>\n<div id=\"attachment_939\" style=\"width: 143px\" class=\"wp-caption alignleft\"><a href=\"https:\/\/www.finnblast.fi\/wp-content\/uploads\/241_2.jpg\" data-rel=\"lightbox-image-2\" data-rl_title=\"\" data-rl_caption=\"\" title=\"\"><img loading=\"lazy\" decoding=\"async\" aria-describedby=\"caption-attachment-939\" src=\"https:\/\/www.finnblast.fi\/wp-content\/uploads\/241_2.jpg\" alt=\"Sykloni 300 m3\/h\" width=\"133\" height=\"158\" class=\"size-full wp-image-939\" \/><\/a><p id=\"caption-attachment-939\" class=\"wp-caption-text\">Sykloni 300 m3\/h<\/p><\/div>\n<div id=\"attachment_940\" style=\"width: 184px\" class=\"wp-caption alignleft\"><a href=\"https:\/\/www.finnblast.fi\/wp-content\/uploads\/241_3.jpg\" data-rel=\"lightbox-image-3\" data-rl_title=\"\" data-rl_caption=\"\" title=\"\"><img loading=\"lazy\" decoding=\"async\" aria-describedby=\"caption-attachment-940\" src=\"https:\/\/www.finnblast.fi\/wp-content\/uploads\/241_3-174x300.jpg\" alt=\"Sykloni 12 m3\/h\" width=\"174\" height=\"300\" class=\"size-medium wp-image-940\" srcset=\"https:\/\/www.finnblast.fi\/wp-content\/uploads\/241_3-174x300.jpg 174w, https:\/\/www.finnblast.fi\/wp-content\/uploads\/241_3.jpg 261w\" sizes=\"auto, (max-width: 174px) 100vw, 174px\" \/><\/a><p id=\"caption-attachment-940\" class=\"wp-caption-text\">Sykloni 12 m3\/h<\/p><\/div>\n","protected":false},"excerpt":{"rendered":"<p>Cykloner Cykloner l\u00e4mpar sig f\u00f6r separering av torrt damm fr\u00e5n ett luftfl\u00f6de. Cyklonens f\u00f6rdelar \u00e4r &#8211; enkel konstruktion, inga r\u00f6rliga delar &#8211; kr\u00e4ver ej tillf\u00f6rsel av energi utifr\u00e5n &#8211; litet tryckfall &#8211; ingen igens\u00e4ttning Luftfl\u00f6den 10\u2013100 000 m3\/h. Finnblast-cykloner dimensioneras med fl\u00f6desber\u00e4kningsprogram (CFD) fr\u00e5n fall till fall med h\u00e4nsyn tagen till bl.a. m\u00e4ngden damm, material, [&hellip;]<\/p>\n","protected":false},"author":2,"featured_media":0,"parent":143,"menu_order":0,"comment_status":"closed","ping_status":"open","template":"","meta":{"content-type":"","footnotes":""},"class_list":["post-401","page","type-page","status-publish","hentry"],"_links":{"self":[{"href":"https:\/\/www.finnblast.fi\/sv\/wp-json\/wp\/v2\/pages\/401","targetHints":{"allow":["GET"]}}],"collection":[{"href":"https:\/\/www.finnblast.fi\/sv\/wp-json\/wp\/v2\/pages"}],"about":[{"href":"https:\/\/www.finnblast.fi\/sv\/wp-json\/wp\/v2\/types\/page"}],"author":[{"embeddable":true,"href":"https:\/\/www.finnblast.fi\/sv\/wp-json\/wp\/v2\/users\/2"}],"replies":[{"embeddable":true,"href":"https:\/\/www.finnblast.fi\/sv\/wp-json\/wp\/v2\/comments?post=401"}],"version-history":[{"count":0,"href":"https:\/\/www.finnblast.fi\/sv\/wp-json\/wp\/v2\/pages\/401\/revisions"}],"up":[{"embeddable":true,"href":"https:\/\/www.finnblast.fi\/sv\/wp-json\/wp\/v2\/pages\/143"}],"wp:attachment":[{"href":"https:\/\/www.finnblast.fi\/sv\/wp-json\/wp\/v2\/media?parent=401"}],"curies":[{"name":"wp","href":"https:\/\/api.w.org\/{rel}","templated":true}]}}