{"id":400,"date":"2014-07-04T15:30:56","date_gmt":"2014-07-04T12:30:56","guid":{"rendered":"http:\/\/www.finnblast.fi\/?page_id=400"},"modified":"2014-07-09T15:52:27","modified_gmt":"2014-07-09T12:52:27","slug":"slungblastringsmaskiner","status":"publish","type":"page","link":"https:\/\/www.finnblast.fi\/sv\/produkter\/slungblastringsmaskiner\/","title":{"rendered":"Slungbl\u00e4stringsmaskiner"},"content":{"rendered":"<p>Slungbl\u00e4strar l\u00e4mpar sig v\u00e4l f\u00f6r bl\u00e4string av m\u00e5nga slags detaljer.   <\/p>\n<p>Vid slungbl\u00e4string \u00e5stadkoms bl\u00e4stringskornens hastighet mekaniskt med hj\u00e4lp av ett slunghjul. Bl\u00e4stermedlet matas ut p\u00e5 slunghjulets nav och hjulets vingar kastar kornen med stor hastighet mot detaljen som ska bl\u00e4stras. <\/p>\n<p>Antalet slunghjul och deras effekt best\u00e4ms efter den kapacitet som beh\u00f6vs. Detaljernas geometri, storlek, antal m.m. best\u00e4mmer vilken slungtyp som l\u00e4mpar sig b\u00e4st f\u00f6r varje fall.<\/p>\n<p>Till slungbl\u00e4strarnas egenskaper h\u00f6r bl.a. att stora ytor kan reng\u00f6ras p\u00e5 kort tid vid behov<\/p>\n<p><strong>F\u00f6ljande l\u00e4nkar leder till sidor f\u00f6r de olika slungbl\u00e4stertyperna:<\/strong><\/p>\n<ul>\n<li><a href=\"https:\/\/www.finnblast.fi\/sv\/producter\/slungblastringsmaskiner\/rullbaneblaster-fbrr\/\">rullbanebl\u00e4strar<\/a><\/li>\n<li><a href=\"https:\/\/www.finnblast.fi\/sv\/producter\/slungblastringsmaskiner\/hangbaneblastrar-slungrensmaskiner\/\">h\u00e4ngbanebl\u00e4strar<\/a><\/li>\n<li><a href=\"https:\/\/www.finnblast.fi\/sv\/producter\/slungblastringsmaskiner\/natbaneblaster-fbvr\/\">n\u00e4tbanebl\u00e4strar<\/a><\/li>\n<li><a href=\"https:\/\/www.finnblast.fi\/sv\/producter\/slungblastringsmaskiner\/bordsblaster-fbts\/\">bordsbl\u00e4strar<\/a><\/li>\n<li><a href=\"https:\/\/www.finnblast.fi\/sv\/producter\/slungblastringsmaskiner\/trumlingsblaster-fbrk-och-fbrt\/\">trumlingsbl\u00e4strar<\/a><\/li>\n<li><a href=\"https:\/\/www.finnblast.fi\/sv\/producter\/slungblastringsmaskiner\/rorblaster-fbps\/\">r\u00f6rbl\u00e4strar<\/a><\/li>\n<\/ul>\n<div id=\"attachment_903\" style=\"width: 210px\" class=\"wp-caption alignleft\"><a href=\"https:\/\/www.finnblast.fi\/wp-content\/uploads\/DSC03458_A.jpg\" data-rel=\"lightbox-image-0\" data-rl_title=\"\" data-rl_caption=\"\" title=\"\"><img loading=\"lazy\" decoding=\"async\" aria-describedby=\"caption-attachment-903\" src=\"https:\/\/www.finnblast.fi\/wp-content\/uploads\/DSC03458_A.jpg\" alt=\"Rullaratasinko FBRR  Rullaratasinko 2,5 m\" width=\"200\" height=\"209\" class=\"size-full wp-image-903\" \/><\/a><p id=\"caption-attachment-903\" class=\"wp-caption-text\">Rullaratasinko FBRR<br \/>Rullbanebl\u00e4ster 2,5 m<\/p><\/div>\n<div id=\"attachment_904\" style=\"width: 235px\" class=\"wp-caption alignleft\"><a href=\"https:\/\/www.finnblast.fi\/wp-content\/uploads\/PG10x15-c3051-031.jpg\" data-rel=\"lightbox-image-1\" data-rl_title=\"\" data-rl_caption=\"\" title=\"\"><img loading=\"lazy\" decoding=\"async\" aria-describedby=\"caption-attachment-904\" src=\"https:\/\/www.finnblast.fi\/wp-content\/uploads\/PG10x15-c3051-031-225x300.jpg\" alt=\"Riippuratasinko (kaappisinko)\" width=\"225\" height=\"300\" class=\"size-medium wp-image-904\" srcset=\"https:\/\/www.finnblast.fi\/wp-content\/uploads\/PG10x15-c3051-031-225x300.jpg 225w, https:\/\/www.finnblast.fi\/wp-content\/uploads\/PG10x15-c3051-031.jpg 768w\" sizes=\"auto, (max-width: 225px) 100vw, 225px\" \/><\/a><p id=\"caption-attachment-904\" class=\"wp-caption-text\">H\u00e4ngebanebl\u00e4ster<\/p><\/div>\n","protected":false},"excerpt":{"rendered":"<p>Slungbl\u00e4strar l\u00e4mpar sig v\u00e4l f\u00f6r bl\u00e4string av m\u00e5nga slags detaljer. Vid slungbl\u00e4string \u00e5stadkoms bl\u00e4stringskornens hastighet mekaniskt med hj\u00e4lp av ett slunghjul. Bl\u00e4stermedlet matas ut p\u00e5 slunghjulets nav och hjulets vingar kastar kornen med stor hastighet mot detaljen som ska bl\u00e4stras. Antalet slunghjul och deras effekt best\u00e4ms efter den kapacitet som beh\u00f6vs. Detaljernas geometri, storlek, antal [&hellip;]<\/p>\n","protected":false},"author":2,"featured_media":0,"parent":143,"menu_order":0,"comment_status":"closed","ping_status":"open","template":"","meta":{"content-type":"","footnotes":""},"class_list":["post-400","page","type-page","status-publish","hentry"],"_links":{"self":[{"href":"https:\/\/www.finnblast.fi\/sv\/wp-json\/wp\/v2\/pages\/400","targetHints":{"allow":["GET"]}}],"collection":[{"href":"https:\/\/www.finnblast.fi\/sv\/wp-json\/wp\/v2\/pages"}],"about":[{"href":"https:\/\/www.finnblast.fi\/sv\/wp-json\/wp\/v2\/types\/page"}],"author":[{"embeddable":true,"href":"https:\/\/www.finnblast.fi\/sv\/wp-json\/wp\/v2\/users\/2"}],"replies":[{"embeddable":true,"href":"https:\/\/www.finnblast.fi\/sv\/wp-json\/wp\/v2\/comments?post=400"}],"version-history":[{"count":0,"href":"https:\/\/www.finnblast.fi\/sv\/wp-json\/wp\/v2\/pages\/400\/revisions"}],"up":[{"embeddable":true,"href":"https:\/\/www.finnblast.fi\/sv\/wp-json\/wp\/v2\/pages\/143"}],"wp:attachment":[{"href":"https:\/\/www.finnblast.fi\/sv\/wp-json\/wp\/v2\/media?parent=400"}],"curies":[{"name":"wp","href":"https:\/\/api.w.org\/{rel}","templated":true}]}}