{"id":399,"date":"2014-07-04T15:30:52","date_gmt":"2014-07-04T12:30:52","guid":{"rendered":"http:\/\/www.finnblast.fi\/?page_id=399"},"modified":"2014-07-09T15:23:12","modified_gmt":"2014-07-09T12:23:12","slug":"blasterrum","status":"publish","type":"page","link":"https:\/\/www.finnblast.fi\/sv\/produkter\/blasterrum\/","title":{"rendered":"Bl\u00e4sterrum"},"content":{"rendered":"<p>I bl\u00e4sterrum sker bl\u00e4string av arbetsstycken i ett slutet rum som \u00e4r f\u00f6rsett med bl\u00e4steranordning samt utrustning f\u00f6r \u00e5terf\u00f6ring och reng\u00f6ring av bl\u00e4stermedel.  Rummets insida \u00e4r skyddad mot den n\u00f6tning som bl\u00e4string inneb\u00e4r. God ventilation och belysning h\u00f6jer produktiviteten.<\/p>\n<p>Bl\u00e4sterrum kan f\u00f6rses med arbetsplattformar f\u00f6r bl\u00e4straren, dessa kan vara r\u00f6rliga i rummets l\u00e4ngd- och h\u00f6jdriktning. Med hj\u00e4lp av FB Platform kan bl\u00e4straren p\u00e5 ett s\u00e4kert s\u00e4tt bl\u00e4stra \u00e4ven stora arbetsstycken.<\/p>\n<p>Dessutom kan vi erbjuda l\u00f6sningar f\u00f6r automatisk bl\u00e4string.<\/p>\n<p>F\u00f6rdelar med Finnblast bl\u00e4sterrum<\/p>\n<ul>\n<li>drifts\u00e4ker bl\u00e4sterutrustning<\/li>\n<li>drifts\u00e4kert \u00e5teranv\u00e4ndningssystem f\u00f6r bl\u00e4stermedel, ok\u00e4nsligt f\u00f6r f\u00f6roreningar<\/li>\n<li>l\u00e5gbyggd golvkonstruktion, ger f\u00f6rm\u00e5nlig grundl\u00e4ggning<\/li>\n<li>god sikt tack vare effektiv dammhantering och kraftig belysning<\/li>\n<li>f\u00f6roreningar avl\u00e4gsnas effektivt ur bl\u00e4stermedlet med hj\u00e4lp av vibrationssikt och luftfl\u00f6desseparator<\/li>\n<li>god ljudisolering.\n<\/ul>\n<p>F\u00f6ljande l\u00e4nkar ger m\u00f6jlighet att l\u00e4ra sig mera om Finnblast bl\u00e4sterrum<\/p>\n<ul>\n<li><a href=\"https:\/\/www.finnblast.fi\/sv\/producter\/blasterrum\/blasterrum\/\">Bl\u00e4sterrum<\/a><\/li>\n<li><a href=\"https:\/\/www.finnblast.fi\/sv\/producter\/blasterrum\/sma-blasterrum-fbh\/\">Sm\u00e5 bl\u00e4sterrum<\/a><\/li>\n<\/ul>\n<p><a href=\"https:\/\/www.finnblast.fi\/wp-content\/uploads\/2_2.jpg\" data-rel=\"lightbox-image-0\" data-rl_title=\"\" data-rl_caption=\"\" title=\"\"><img loading=\"lazy\" decoding=\"async\" src=\"https:\/\/www.finnblast.fi\/wp-content\/uploads\/2_2-300x274.jpg\" alt=\"2_2\" width=\"300\" height=\"274\" class=\"alignleft size-medium wp-image-889\" srcset=\"https:\/\/www.finnblast.fi\/wp-content\/uploads\/2_2-300x274.jpg 300w, https:\/\/www.finnblast.fi\/wp-content\/uploads\/2_2.jpg 514w\" sizes=\"auto, (max-width: 300px) 100vw, 300px\" \/><\/a><\/p>\n","protected":false},"excerpt":{"rendered":"<p>I bl\u00e4sterrum sker bl\u00e4string av arbetsstycken i ett slutet rum som \u00e4r f\u00f6rsett med bl\u00e4steranordning samt utrustning f\u00f6r \u00e5terf\u00f6ring och reng\u00f6ring av bl\u00e4stermedel. Rummets insida \u00e4r skyddad mot den n\u00f6tning som bl\u00e4string inneb\u00e4r. God ventilation och belysning h\u00f6jer produktiviteten. Bl\u00e4sterrum kan f\u00f6rses med arbetsplattformar f\u00f6r bl\u00e4straren, dessa kan vara r\u00f6rliga i rummets l\u00e4ngd- och h\u00f6jdriktning. [&hellip;]<\/p>\n","protected":false},"author":2,"featured_media":0,"parent":143,"menu_order":0,"comment_status":"closed","ping_status":"open","template":"","meta":{"content-type":"","footnotes":""},"class_list":["post-399","page","type-page","status-publish","hentry"],"_links":{"self":[{"href":"https:\/\/www.finnblast.fi\/sv\/wp-json\/wp\/v2\/pages\/399","targetHints":{"allow":["GET"]}}],"collection":[{"href":"https:\/\/www.finnblast.fi\/sv\/wp-json\/wp\/v2\/pages"}],"about":[{"href":"https:\/\/www.finnblast.fi\/sv\/wp-json\/wp\/v2\/types\/page"}],"author":[{"embeddable":true,"href":"https:\/\/www.finnblast.fi\/sv\/wp-json\/wp\/v2\/users\/2"}],"replies":[{"embeddable":true,"href":"https:\/\/www.finnblast.fi\/sv\/wp-json\/wp\/v2\/comments?post=399"}],"version-history":[{"count":0,"href":"https:\/\/www.finnblast.fi\/sv\/wp-json\/wp\/v2\/pages\/399\/revisions"}],"up":[{"embeddable":true,"href":"https:\/\/www.finnblast.fi\/sv\/wp-json\/wp\/v2\/pages\/143"}],"wp:attachment":[{"href":"https:\/\/www.finnblast.fi\/sv\/wp-json\/wp\/v2\/media?parent=399"}],"curies":[{"name":"wp","href":"https:\/\/api.w.org\/{rel}","templated":true}]}}