{"id":398,"date":"2014-07-04T15:30:47","date_gmt":"2014-07-04T12:30:47","guid":{"rendered":"http:\/\/www.finnblast.fi\/?page_id=398"},"modified":"2014-07-09T13:40:40","modified_gmt":"2014-07-09T10:40:40","slug":"tryckluftsdrivna-blasterutrustningar","status":"publish","type":"page","link":"https:\/\/www.finnblast.fi\/sv\/produkter\/tryckluftsdrivna-blasterutrustningar\/","title":{"rendered":"Tryckluftsdrivna bl\u00e4sterutrustningar"},"content":{"rendered":"<p>Bl\u00e4stermaskiner baseras p\u00e5 tv\u00e5 funktionsprinciper:<\/p>\n<p>&#8211; tryckluftsdrivna maskiner d\u00e4r bl\u00e4sterkornets hastighet \u00e5stadkoms med hj\u00e4lp av tryckluft samt<br \/>\n&#8211; slungmaskiner d\u00e4r bl\u00e4sterkornet mekaniskt accelereras till h\u00f6g hastighet med hj\u00e4lp av ett slunghjul.<\/p>\n<p>Tryckluftsdrivna bl\u00e4stermaskiner och slungbl\u00e4stermaskiner l\u00e4mpar sig oftast inte till samma anv\u00e4ndnings\u00e4ndam\u00e5l.   Tryckluftsmaskinerna har egenskaper som slungmaskinerna inte har.  Med tryckluftsmaskiner kan man anv\u00e4nda bl\u00e4stermedel med skarpa kanter, glaskulor, aluminiumoxid eller andra keramiska korn samt bl.a. plastkorn och n\u00f6tskal.   Med tryckluftsmaskiner kan bl\u00e4stringsomr\u00e5det avgr\u00e4nsas noggrant. Tryckluftsmaskiner kan \u00e4ven anv\u00e4ndas f\u00f6r reng\u00f6ring av delar med komplicerad form, t.ex. innerytan i h\u00e5l.  Ofta \u00e4r tryckluftsmaskinerna mindre till sin storlek \u00e4n slungmaskiner och investeringskostnaden kan vara bara en br\u00e5kdel av kostnaden f\u00f6r slungmaskiner.  Finnblast Oy:s produktprogram omfattar s\u00e5v\u00e4l tryckluftsdrivna maskiner som slungmaskiner, s\u00e5 vi kan alltid erbjuda kunden en optimal l\u00f6sning<\/p>\n<p><div id=\"attachment_828\" style=\"width: 310px\" class=\"wp-caption alignright\"><a href=\"https:\/\/www.finnblast.fi\/wp-content\/uploads\/2_1.jpg\" data-rel=\"lightbox-image-0\" data-rl_title=\"\" data-rl_caption=\"\" title=\"\"><img loading=\"lazy\" decoding=\"async\" aria-describedby=\"caption-attachment-828\" src=\"https:\/\/www.finnblast.fi\/wp-content\/uploads\/2_1-300x169.jpg\" alt=\"Puhallussuutin 4,8 mm ja 12,5 mm\" width=\"300\" height=\"169\" class=\"size-medium wp-image-828\" srcset=\"https:\/\/www.finnblast.fi\/wp-content\/uploads\/2_1-300x169.jpg 300w, https:\/\/www.finnblast.fi\/wp-content\/uploads\/2_1.jpg 638w\" sizes=\"auto, (max-width: 300px) 100vw, 300px\" \/><\/a><p id=\"caption-attachment-828\" class=\"wp-caption-text\">Bl\u00e4stermunstycke 4,8 mm ja 12,5 mm<\/p><\/div><br \/>\n<strong>Nedan finns l\u00e4nkar till tryckluftsdrivna maskiner<\/strong><\/p>\n<ul>\n<li><a href=\"https:\/\/www.finnblast.fi\/sv\/producter\/tryckluftsdrivna-blasterutrustningar\/manuella-blasterskap\/\">Manuella bl\u00e4stersk\u00e5p<\/a><\/li>\n<li><a href=\"https:\/\/www.finnblast.fi\/sv\/producter\/tryckluftsdrivna-blasterutrustningar\/automatiska-blasterskap\/\">Automatsk\u00e5p<\/a><\/li>\n<li><a href=\"https:\/\/www.finnblast.fi\/sv\/producter\/tryckluftsdrivna-blasterutrustningar\/blastermaskiner-med-genomlopp\/\">Genomloppsmaskiner<\/a><\/li>\n<li><a href=\"https:\/\/www.finnblast.fi\/sv\/producter\/tryckluftsdrivna-blasterutrustningar\/hangbanemaskiner\/\">H\u00e4ngbanemaskiner<\/a><\/li>\n<li><a href=\"https:\/\/www.finnblast.fi\/sv\/producter\/tryckluftsdrivna-blasterutrustningar\/robotar-och-manipulatorer-for-blastring\/\">Manipulatorer f\u00f6r bl\u00e4string<\/a><\/li>\n<li><a href=\"https:\/\/www.finnblast.fi\/sv\/producter\/tryckluftsdrivna-blasterutrustningar\/blastermaskiner-for-valsar-och-cylindrar\/\">Vakuumbl\u00e4strar<\/a><\/li>\n<li><a href=\"https:\/\/www.finnblast.fi\/sv\/producter\/tryckluftsdrivna-blasterutrustningar\/blastring-av-innerytor\/\">Bl\u00e4stermaskiner f\u00f6r insidan av r\u00f6r och h\u00e5l<\/a><\/li>\n<\/ul>\n","protected":false},"excerpt":{"rendered":"<p>Bl\u00e4stermaskiner baseras p\u00e5 tv\u00e5 funktionsprinciper: &#8211; tryckluftsdrivna maskiner d\u00e4r bl\u00e4sterkornets hastighet \u00e5stadkoms med hj\u00e4lp av tryckluft samt &#8211; slungmaskiner d\u00e4r bl\u00e4sterkornet mekaniskt accelereras till h\u00f6g hastighet med hj\u00e4lp av ett slunghjul. Tryckluftsdrivna bl\u00e4stermaskiner och slungbl\u00e4stermaskiner l\u00e4mpar sig oftast inte till samma anv\u00e4ndnings\u00e4ndam\u00e5l. Tryckluftsmaskinerna har egenskaper som slungmaskinerna inte har. Med tryckluftsmaskiner kan man anv\u00e4nda bl\u00e4stermedel [&hellip;]<\/p>\n","protected":false},"author":2,"featured_media":0,"parent":143,"menu_order":0,"comment_status":"closed","ping_status":"open","template":"","meta":{"content-type":"","footnotes":""},"class_list":["post-398","page","type-page","status-publish","hentry"],"_links":{"self":[{"href":"https:\/\/www.finnblast.fi\/sv\/wp-json\/wp\/v2\/pages\/398","targetHints":{"allow":["GET"]}}],"collection":[{"href":"https:\/\/www.finnblast.fi\/sv\/wp-json\/wp\/v2\/pages"}],"about":[{"href":"https:\/\/www.finnblast.fi\/sv\/wp-json\/wp\/v2\/types\/page"}],"author":[{"embeddable":true,"href":"https:\/\/www.finnblast.fi\/sv\/wp-json\/wp\/v2\/users\/2"}],"replies":[{"embeddable":true,"href":"https:\/\/www.finnblast.fi\/sv\/wp-json\/wp\/v2\/comments?post=398"}],"version-history":[{"count":0,"href":"https:\/\/www.finnblast.fi\/sv\/wp-json\/wp\/v2\/pages\/398\/revisions"}],"up":[{"embeddable":true,"href":"https:\/\/www.finnblast.fi\/sv\/wp-json\/wp\/v2\/pages\/143"}],"wp:attachment":[{"href":"https:\/\/www.finnblast.fi\/sv\/wp-json\/wp\/v2\/media?parent=398"}],"curies":[{"name":"wp","href":"https:\/\/api.w.org\/{rel}","templated":true}]}}