{"id":368,"date":"2014-07-04T15:26:50","date_gmt":"2014-07-04T12:26:50","guid":{"rendered":"http:\/\/www.finnblast.fi\/?page_id=368"},"modified":"2014-07-08T20:43:33","modified_gmt":"2014-07-08T17:43:33","slug":"produktutveckling","status":"publish","type":"page","link":"https:\/\/www.finnblast.fi\/sv\/startside\/produktutveckling\/","title":{"rendered":"Produktutveckling"},"content":{"rendered":"<h2>Produktutvecklingens m\u00e5l<\/h2>\n<p>Finnblast Oy har som m\u00e5l att utveckla nya l\u00f6sningar f\u00f6r bl\u00e4sterteknik, nya maskinmodeller och nya komponenter f\u00f6r bl\u00e4stermaskiner som f\u00f6rb\u00e4ttrar maskinernas tillf\u00f6rlitlighet, bl\u00e4stringens produktivitet och energieffektivitet samt f\u00f6rb\u00e4ttrar arbetss\u00e4kerheten. V\u00e5rt m\u00e5l \u00e4r att erbjuda varje kund de l\u00f6sningar som passar b\u00e4st f\u00f6r till\u00e4mpningen.<\/p>\n<p>Den viktigaste egenskapen hos v\u00e5ra produkter \u00e4r drifts\u00e4kerhet. F\u00f6r att uppn\u00e5 detta m\u00e5l har vi utvecklat konstruktionsl\u00f6sningar och enskilda komponenter f\u00f6r maskinerna. <\/p>\n<p>Produktivitetsf\u00f6rb\u00e4ttring kan inneb\u00e4ra automatisering av bl\u00e4stringsprocessen, utveckling av slitdelar med l\u00e4ngre livsl\u00e4ngd, minskning av energif\u00f6rbrukningen eller t.ex. f\u00f6rb\u00e4ttring av sikt och hantering av damm i bl\u00e4sterrum.<\/p>\n<p>Anv\u00e4ndarnas s\u00e4kerhet har sin utg\u00e5ngspunkt i branschens standarder som st\u00e4ller minimikraven p\u00e5 arbetss\u00e4kerhet. Till arbetss\u00e4kerheten h\u00f6r ocks\u00e5 bl\u00e4sterutrustningarnas dammfrihet, l\u00e5ga ljudniv\u00e5 och enkla underh\u00e5ll.<\/p>\n<h2>Kundspecifika bl\u00e4stermaskiner<\/h2>\n<p>F\u00f6r att s\u00e4kerst\u00e4lla kvaliteten i v\u00e5ra produkter utf\u00f6r vi bl\u00e4stringsprov med kundens produkter i v\u00e5r verkstad. P\u00e5 detta s\u00e4tt s\u00e4kerst\u00e4lls prestanda f\u00f6r maskinen som ska tillverkas samt egenskaperna f\u00f6r den bl\u00e4strade produkten, t.ex. ytj\u00e4mnhet. Prov kan ocks\u00e5 g\u00f6ras f\u00f6r att hitta optimalt bl\u00e4stermedel.<\/p>\n","protected":false},"excerpt":{"rendered":"<p>Produktutvecklingens m\u00e5l Finnblast Oy har som m\u00e5l att utveckla nya l\u00f6sningar f\u00f6r bl\u00e4sterteknik, nya maskinmodeller och nya komponenter f\u00f6r bl\u00e4stermaskiner som f\u00f6rb\u00e4ttrar maskinernas tillf\u00f6rlitlighet, bl\u00e4stringens produktivitet och energieffektivitet samt f\u00f6rb\u00e4ttrar arbetss\u00e4kerheten. V\u00e5rt m\u00e5l \u00e4r att erbjuda varje kund de l\u00f6sningar som passar b\u00e4st f\u00f6r till\u00e4mpningen. Den viktigaste egenskapen hos v\u00e5ra produkter \u00e4r drifts\u00e4kerhet. F\u00f6r att [&hellip;]<\/p>\n","protected":false},"author":2,"featured_media":0,"parent":69,"menu_order":0,"comment_status":"closed","ping_status":"open","template":"","meta":{"content-type":"","footnotes":""},"class_list":["post-368","page","type-page","status-publish","hentry"],"_links":{"self":[{"href":"https:\/\/www.finnblast.fi\/sv\/wp-json\/wp\/v2\/pages\/368","targetHints":{"allow":["GET"]}}],"collection":[{"href":"https:\/\/www.finnblast.fi\/sv\/wp-json\/wp\/v2\/pages"}],"about":[{"href":"https:\/\/www.finnblast.fi\/sv\/wp-json\/wp\/v2\/types\/page"}],"author":[{"embeddable":true,"href":"https:\/\/www.finnblast.fi\/sv\/wp-json\/wp\/v2\/users\/2"}],"replies":[{"embeddable":true,"href":"https:\/\/www.finnblast.fi\/sv\/wp-json\/wp\/v2\/comments?post=368"}],"version-history":[{"count":0,"href":"https:\/\/www.finnblast.fi\/sv\/wp-json\/wp\/v2\/pages\/368\/revisions"}],"up":[{"embeddable":true,"href":"https:\/\/www.finnblast.fi\/sv\/wp-json\/wp\/v2\/pages\/69"}],"wp:attachment":[{"href":"https:\/\/www.finnblast.fi\/sv\/wp-json\/wp\/v2\/media?parent=368"}],"curies":[{"name":"wp","href":"https:\/\/api.w.org\/{rel}","templated":true}]}}