{"id":367,"date":"2014-07-04T15:26:46","date_gmt":"2014-07-04T12:26:46","guid":{"rendered":"http:\/\/www.finnblast.fi\/?page_id=367"},"modified":"2014-07-08T20:37:39","modified_gmt":"2014-07-08T17:37:39","slug":"kvalitetspolicy","status":"publish","type":"page","link":"https:\/\/www.finnblast.fi\/sv\/startside\/kvalitetspolicy\/","title":{"rendered":"Kvalitetspolicy"},"content":{"rendered":"<p>V\u00e5r verksamhet uppfyller kraven i de internationella standarderna ISO 9001:2000, ISO 14001 och OHSAS 1800.<\/p>\n<h2>KVALITET I R\u00c4TT TID<\/h2>\n<p>Finnblast Oy har som m\u00e5l att uppn\u00e5 ett l\u00e5ngsiktigt och f\u00f6rtroendefullt samarbete med kunderna. V\u00e4gen till detta \u00e4r att med j\u00e4mn kvalitet tillverka drifts\u00e4kra utrustningar enligt kundens krav och som levereras till kunden vid \u00f6verenskommen tidpunkt.  <\/p>\n<p>Kvalitetsaspekter och utrustningens drifts\u00e4kerhet beaktas i alla faser av utveckling och produktion. Hela personalen \u00e4r kvalitetsmedveten och var och en ansvarar f\u00f6r att uppn\u00e5 kvalitet i sitt eget arbete och f\u00f6r att utveckla sin verksamhet.  Genom st\u00e4ndig verksamhetsutveckling s\u00e4kerst\u00e4ller vi att vi kan leva upp till kundernas kvalitetskrav.<\/p>\n<h2>S\u00c4KERT OCH BETYDELSEFULLT ARBETE<\/h2>\n<p>V\u00e5rt f\u00f6retag s\u00f6ker uppfylla kundernas krav genom att utveckla den egna produktionen och produktionsmetoderna med h\u00e4nsyn tagen till v\u00e5ra anst\u00e4lldas s\u00e4kerhet och v\u00e4lbefinnande.  V\u00e5rt m\u00e5l \u00e4r att erbjuda v\u00e5r personal ett intressant och viktigt arbete som resulterar i drifts\u00e4kra och tillf\u00f6rlitliga maskiner.  M\u00e5ls\u00e4ttningen n\u00e4r det g\u00e4ller arbetsplatsolyckor \u00e4r att n\u00e5 noll olyckor.<\/p>\n<h2>MILJ\u00d6OMTANKE<\/h2>\n<p>H\u00e4nsyn till milj\u00f6n utg\u00f6r en del av v\u00e5r verksamhet ut\u00f6ver produktion och ekonomi. Vi f\u00f6ljer utvecklingen inom branschen och tar i v\u00e5r verksamhet h\u00e4nsyn till god praxis f\u00f6r s\u00e5v\u00e4l tekniska metoder som milj\u00f6hantering genom att anv\u00e4nda ekonomiskt b\u00e4sta m\u00f6jliga teknik.<\/p>\n<p>I produktionen s\u00f6ker vi minimera uppkomsten av avfall. \u00c5tervinningsbart avfall \u00e5teranv\u00e4nder vi i v\u00e5r egen verksamhet eller levererar till annan nyttoanv\u00e4ndning. Avfall som inte kan anv\u00e4ndas till produktion destrueras p\u00e5 avsett s\u00e4tt.<\/p>\n<p>V\u00e5r verksamhet uppfyller kraven i de internationella standarderna ISO 9001:2000, ISO 14001 och OHSAS 1800.<\/p>\n","protected":false},"excerpt":{"rendered":"<p>V\u00e5r verksamhet uppfyller kraven i de internationella standarderna ISO 9001:2000, ISO 14001 och OHSAS 1800. KVALITET I R\u00c4TT TID Finnblast Oy har som m\u00e5l att uppn\u00e5 ett l\u00e5ngsiktigt och f\u00f6rtroendefullt samarbete med kunderna. V\u00e4gen till detta \u00e4r att med j\u00e4mn kvalitet tillverka drifts\u00e4kra utrustningar enligt kundens krav och som levereras till kunden vid \u00f6verenskommen tidpunkt. [&hellip;]<\/p>\n","protected":false},"author":2,"featured_media":0,"parent":69,"menu_order":0,"comment_status":"closed","ping_status":"open","template":"","meta":{"content-type":"","footnotes":""},"class_list":["post-367","page","type-page","status-publish","hentry"],"_links":{"self":[{"href":"https:\/\/www.finnblast.fi\/sv\/wp-json\/wp\/v2\/pages\/367","targetHints":{"allow":["GET"]}}],"collection":[{"href":"https:\/\/www.finnblast.fi\/sv\/wp-json\/wp\/v2\/pages"}],"about":[{"href":"https:\/\/www.finnblast.fi\/sv\/wp-json\/wp\/v2\/types\/page"}],"author":[{"embeddable":true,"href":"https:\/\/www.finnblast.fi\/sv\/wp-json\/wp\/v2\/users\/2"}],"replies":[{"embeddable":true,"href":"https:\/\/www.finnblast.fi\/sv\/wp-json\/wp\/v2\/comments?post=367"}],"version-history":[{"count":0,"href":"https:\/\/www.finnblast.fi\/sv\/wp-json\/wp\/v2\/pages\/367\/revisions"}],"up":[{"embeddable":true,"href":"https:\/\/www.finnblast.fi\/sv\/wp-json\/wp\/v2\/pages\/69"}],"wp:attachment":[{"href":"https:\/\/www.finnblast.fi\/sv\/wp-json\/wp\/v2\/media?parent=367"}],"curies":[{"name":"wp","href":"https:\/\/api.w.org\/{rel}","templated":true}]}}