{"id":366,"date":"2014-07-04T15:26:41","date_gmt":"2014-07-04T12:26:41","guid":{"rendered":"http:\/\/www.finnblast.fi\/?page_id=366"},"modified":"2014-07-08T20:42:40","modified_gmt":"2014-07-08T17:42:40","slug":"historia-och-nutid","status":"publish","type":"page","link":"https:\/\/www.finnblast.fi\/sv\/startside\/historia-och-nutid\/","title":{"rendered":"Historia och nutid"},"content":{"rendered":"<p>Finnblast Oy \u00e4r ett f\u00f6retag som utvecklar, tillverkar och marknadsf\u00f6r bl\u00e4stringsutrustning och -maskiner.  F\u00f6retaget grundades \u00e5r 1986.  I verksamhetens b\u00f6rjan omfattade v\u00e5rt produktsortiment endast tryckluftsdrivna bl\u00e4stermaskiner.  Under \u00e5ren har produktsortimentet breddats.<\/p>\n<p>Idag erbjuder vi ett stort urval produkter f\u00f6r bl\u00e4stringsteknik.  V\u00e5r produktpalett omfattar ut\u00f6ver tryckluftsdrivna bl\u00e4sterautomater ocks\u00e5 bl\u00e4sterrum (sandbl\u00e4stringsrum) och slungbl\u00e4stringsmaskiner.<\/p>\n<p><a href=\"https:\/\/www.finnblast.fi\/wp-content\/uploads\/esittely.jpg\" data-rel=\"lightbox-image-0\" data-rl_title=\"\" data-rl_caption=\"\" title=\"\"><img loading=\"lazy\" decoding=\"async\" src=\"https:\/\/www.finnblast.fi\/wp-content\/uploads\/esittely.jpg\" alt=\"esittely\" width=\"600\" height=\"360\" class=\"alignnone size-full wp-image-814\" srcset=\"https:\/\/www.finnblast.fi\/wp-content\/uploads\/esittely.jpg 600w, https:\/\/www.finnblast.fi\/wp-content\/uploads\/esittely-300x180.jpg 300w\" sizes=\"auto, (max-width: 600px) 100vw, 600px\" \/><\/a><\/p>\n<p>N\u00e4stan alla v\u00e5ra leveranser \u00e4r helt eller delvis kundspecifika. Grundtekniken i maskinerna \u00e4r samma men ofta leder arbetsstyckenas egenskaper och krav p\u00e5 automatisering av bl\u00e4stringen till en kundspecifik l\u00f6sning. En st\u00e4ndig utveckling av produkter och till\u00e4mpningar utg\u00f6r en v\u00e4sentlig del av v\u00e5r verksamhet.<\/p>\n<h2>Kunder, produkter och verksamhet<\/h2>\n<p>Huvuddelen av v\u00e5ra kundf\u00f6retag \u00e4r verkstads- och metallindustrif\u00f6retag samt ytbehandlingsf\u00f6retag. Bland v\u00e5ra kunder finns s\u00e5v\u00e4l v\u00e4rldsomsp\u00e4nnande storf\u00f6retag som sm\u00e5 f\u00f6retag.  Vi har kunder i mer \u00e4n 20 l\u00e4nder runt om i v\u00e4rlden. Sedan \u00e5r 1986 har vi tillverkat n\u00e4ra 500 automatiska utrustningar f\u00f6r reng\u00f6ring av olika slags komponenter. <\/p>\n<p>V\u00e5rt produktsortiment t\u00e4cker i stort sett alla maskiner inom bl\u00e4sterteknik, tryckluftsdrivna maskiner, slungmaskiner och bl\u00e4sterrum samt kundspecifika specialmaskiner, bl.a. f\u00f6r inv\u00e4ndig bl\u00e4string av r\u00f6r och h\u00e5l.  <\/p>\n<p>Till v\u00e5rt produktprogram h\u00f6r ocks\u00e5 cykloner och filter som anv\u00e4nds f\u00f6r att separera damm fr\u00e5n luftfl\u00f6det. Vid konstruktion av dessa anv\u00e4nder vi ett s\u00e4rskilt fl\u00f6desber\u00e4kningsprogram (CFD). <\/p>\n<p><a href=\"https:\/\/www.finnblast.fi\/wp-content\/uploads\/virtaus.jpg\" data-rel=\"lightbox-image-1\" data-rl_title=\"\" data-rl_caption=\"\" title=\"\"><img loading=\"lazy\" decoding=\"async\" src=\"https:\/\/www.finnblast.fi\/wp-content\/uploads\/virtaus.jpg\" alt=\"virtaus\" width=\"600\" height=\"307\" class=\"alignnone size-full wp-image-815\" srcset=\"https:\/\/www.finnblast.fi\/wp-content\/uploads\/virtaus.jpg 600w, https:\/\/www.finnblast.fi\/wp-content\/uploads\/virtaus-300x153.jpg 300w\" sizes=\"auto, (max-width: 600px) 100vw, 600px\" \/><\/a><\/p>\n<p>Utg\u00e5ngspunkten f\u00f6r v\u00e5r verksamhet \u00e4r maskinernas h\u00f6ga kvalitet.  Kvalitet betyder att maskinerna fungerar tillf\u00f6rlitligt och \u00e4r h\u00e5llbara samt ocks\u00e5 precisa leveranstider och en god service. <\/p>\n<p>V\u00e5rt kvalitetssystem baseras p\u00e5 kvalitetsstandarden ISO 9001-2000 och v\u00e5rt milj\u00f6system p\u00e5 ISO 14001-standarden.<\/p>\n","protected":false},"excerpt":{"rendered":"<p>Finnblast Oy \u00e4r ett f\u00f6retag som utvecklar, tillverkar och marknadsf\u00f6r bl\u00e4stringsutrustning och -maskiner. F\u00f6retaget grundades \u00e5r 1986. I verksamhetens b\u00f6rjan omfattade v\u00e5rt produktsortiment endast tryckluftsdrivna bl\u00e4stermaskiner. Under \u00e5ren har produktsortimentet breddats. Idag erbjuder vi ett stort urval produkter f\u00f6r bl\u00e4stringsteknik. V\u00e5r produktpalett omfattar ut\u00f6ver tryckluftsdrivna bl\u00e4sterautomater ocks\u00e5 bl\u00e4sterrum (sandbl\u00e4stringsrum) och slungbl\u00e4stringsmaskiner. N\u00e4stan alla v\u00e5ra leveranser [&hellip;]<\/p>\n","protected":false},"author":2,"featured_media":0,"parent":69,"menu_order":0,"comment_status":"closed","ping_status":"open","template":"","meta":{"content-type":"","footnotes":""},"class_list":["post-366","page","type-page","status-publish","hentry"],"_links":{"self":[{"href":"https:\/\/www.finnblast.fi\/sv\/wp-json\/wp\/v2\/pages\/366","targetHints":{"allow":["GET"]}}],"collection":[{"href":"https:\/\/www.finnblast.fi\/sv\/wp-json\/wp\/v2\/pages"}],"about":[{"href":"https:\/\/www.finnblast.fi\/sv\/wp-json\/wp\/v2\/types\/page"}],"author":[{"embeddable":true,"href":"https:\/\/www.finnblast.fi\/sv\/wp-json\/wp\/v2\/users\/2"}],"replies":[{"embeddable":true,"href":"https:\/\/www.finnblast.fi\/sv\/wp-json\/wp\/v2\/comments?post=366"}],"version-history":[{"count":0,"href":"https:\/\/www.finnblast.fi\/sv\/wp-json\/wp\/v2\/pages\/366\/revisions"}],"up":[{"embeddable":true,"href":"https:\/\/www.finnblast.fi\/sv\/wp-json\/wp\/v2\/pages\/69"}],"wp:attachment":[{"href":"https:\/\/www.finnblast.fi\/sv\/wp-json\/wp\/v2\/media?parent=366"}],"curies":[{"name":"wp","href":"https:\/\/api.w.org\/{rel}","templated":true}]}}