{"id":146,"date":"2014-07-02T18:56:04","date_gmt":"2014-07-02T15:56:04","guid":{"rendered":"http:\/\/www.finnblast.fi\/?page_id=146"},"modified":"2026-04-30T12:21:22","modified_gmt":"2026-04-30T09:21:22","slug":"kontakt","status":"publish","type":"page","link":"https:\/\/www.finnblast.fi\/sv\/kontakt\/","title":{"rendered":"Kontakt"},"content":{"rendered":"<div class=\"laatikko\">\n<h2>Kontakt<\/h2>\n<p><strong>Finnblast Oy<\/strong><\/p>\n<p>Keskuskatu 22<br \/>\nFIN-92350 Revonlahti<\/p>\n<p>Finland<\/p>\n<p>Email: finnblast(at)finnblast.fi<br \/>\nTel: +358 8 2755 300<\/p>\n<p><strong>Service and spare parts<\/strong><br \/>\nemail: <a href=\"mailto:service@finnblast.fi\">service@finnblast.fi<\/a><\/p>\n<h2>Kontakpersonen<\/h2>\n<p><strong>Managing director<\/strong><br \/>\nTeijo Rautio<br \/>\npuh: +358 40 7465893<br \/>\nemail:\u00a0<a href=\"mailto:teijo.rautio@finnblast.fi\">teijo.rautio@finnblast.fi<\/a><\/p>\n<p><strong>Sales<\/strong><br \/>\nSeppo Koivuniemi<br \/>\npuh: +358 40 5128 741<br \/>\nemail:\u00a0<a href=\"mailto:seppo.koivuniemi@finnblast.fi\">seppo.koivuniemi@finnblast.fi<\/a><\/p>\n<p><strong>Sales<\/strong><br \/>\nPetri Ravanne\u00a0<br \/>\npuh: +358 40 5909 571<br \/>\nemail:\u00a0<a href=\"mailto:petri.ravanne@prodmac.fi\">petri.ravanne@prodmac.fi<\/a><\/p>\n<p><strong>Design<\/strong><br \/>\nTeemu M\u00e4\u00e4tt\u00e4<br \/>\npuh.\u00a0 +358 45 638 9889<br \/>\nemail:\u00a0<a href=\"mailto:teemu.maatta@finnblast.fi\">teemu.maatta@finnblast.fi<\/a><\/p>\n<p><strong>Automation and control of machines<\/strong><br \/>\nMarko Niskala<br \/>\npuh. +358 40 5933 329<br \/>\nemail:<a href=\"mailto:marko.niskala@finnblast.fi\">marko.niskala@finnblast.fi<\/a><\/p>\n<p><strong>Chairman of the board<\/strong><br \/>\nMika Koivuniemi<br \/>\npuh.\u00a0 +358 40 7419 991<br \/>\nemail:\u00a0<a href=\"mailto:mika.koivuniemi@prodmac.fi\">mika.koivuniemi@prodmac.fi<\/a><\/p>\n<p><strong>Invoices<\/strong><br \/>\nAnna-Kaisa H\u00e4m\u00e4l\u00e4inen<br \/>\npuh. +358 44 5020 880<br \/>\nemail:<a href=\"mailto:annakaisa.hamalainen@prodmac.fi\">annakaisa.hamalainen@prodmac.fi<\/a><\/p>\n<h2>Karta<\/h2>\n\n<\/div>\n<div style=\"width: 10%; float: left;\">\u00a0<\/div>\n<div class=\"laatikko\">\n<h2>Kontaktformul\u00e4r<\/h2>\n\n<div class=\"wpcf7 no-js\" id=\"wpcf7-f1206-o1\" lang=\"sv-SE\" dir=\"ltr\" data-wpcf7-id=\"1206\">\n<div class=\"screen-reader-response\"><p role=\"status\" aria-live=\"polite\" aria-atomic=\"true\"><\/p> <ul><\/ul><\/div>\n<form action=\"\/sv\/wp-json\/wp\/v2\/pages\/146#wpcf7-f1206-o1\" method=\"post\" class=\"wpcf7-form init\" aria-label=\"Kontaktformul\u00e4r\" novalidate=\"novalidate\" data-status=\"init\">\n<fieldset class=\"hidden-fields-container\"><input type=\"hidden\" name=\"_wpcf7\" value=\"1206\" \/><input type=\"hidden\" name=\"_wpcf7_version\" value=\"6.1.5\" \/><input type=\"hidden\" name=\"_wpcf7_locale\" value=\"sv_SE\" \/><input type=\"hidden\" name=\"_wpcf7_unit_tag\" value=\"wpcf7-f1206-o1\" \/><input type=\"hidden\" name=\"_wpcf7_container_post\" value=\"0\" \/><input type=\"hidden\" name=\"_wpcf7_posted_data_hash\" value=\"\" \/><input type=\"hidden\" name=\"_wpcf7_recaptcha_response\" value=\"\" \/>\n<\/fieldset>\n<p>Namn *\n<\/p>\n<p><span class=\"wpcf7-form-control-wrap\" data-name=\"your-name\"><input size=\"40\" maxlength=\"400\" class=\"wpcf7-form-control wpcf7-text wpcf7-validates-as-required\" aria-required=\"true\" aria-invalid=\"false\" value=\"\" type=\"text\" name=\"your-name\" \/><\/span>\n<\/p>\n<p>Email *\n<\/p>\n<p><span class=\"wpcf7-form-control-wrap\" data-name=\"your-email\"><input size=\"40\" maxlength=\"400\" class=\"wpcf7-form-control wpcf7-email wpcf7-validates-as-required wpcf7-text wpcf7-validates-as-email\" aria-required=\"true\" aria-invalid=\"false\" value=\"\" type=\"email\" name=\"your-email\" \/><\/span>\n<\/p>\n<p>Telefon\n<\/p>\n<p><span class=\"wpcf7-form-control-wrap\" data-name=\"your-phone\"><input size=\"40\" maxlength=\"400\" class=\"wpcf7-form-control wpcf7-text\" aria-invalid=\"false\" value=\"\" type=\"text\" name=\"your-phone\" \/><\/span>\n<\/p>\n<p>Meddelande*\n<\/p>\n<p><span class=\"wpcf7-form-control-wrap\" data-name=\"your-message\"><textarea cols=\"40\" rows=\"10\" maxlength=\"2000\" class=\"wpcf7-form-control wpcf7-textarea wpcf7-validates-as-required\" aria-required=\"true\" aria-invalid=\"false\" name=\"your-message\"><\/textarea><\/span>\n<\/p>\n<p><input class=\"wpcf7-form-control wpcf7-submit has-spinner\" type=\"submit\" value=\"Skicka\" \/>\n<\/p><div class=\"wpcf7-response-output\" aria-hidden=\"true\"><\/div>\n<\/form>\n<\/div>\n\n<\/div>\n","protected":false},"excerpt":{"rendered":"<p>Kontakt Finnblast Oy Keskuskatu 22 FIN-92350 Revonlahti Finland Email: finnblast(at)finnblast.fi Tel: +358 8 2755 300 Service and spare parts email: service@finnblast.fi Kontakpersonen Managing director Teijo Rautio puh: +358 40 7465893 email:\u00a0teijo.rautio@finnblast.fi Sales Seppo Koivuniemi puh: +358 40 5128 741 email:\u00a0seppo.koivuniemi@finnblast.fi Sales Petri Ravanne\u00a0 puh: +358 40 5909 571 email:\u00a0petri.ravanne@prodmac.fi Design Teemu M\u00e4\u00e4tt\u00e4 puh.\u00a0 +358 45 [&hellip;]<\/p>\n","protected":false},"author":2,"featured_media":0,"parent":0,"menu_order":5,"comment_status":"closed","ping_status":"open","template":"","meta":{"content-type":"","footnotes":""},"class_list":["post-146","page","type-page","status-publish","hentry"],"_links":{"self":[{"href":"https:\/\/www.finnblast.fi\/sv\/wp-json\/wp\/v2\/pages\/146","targetHints":{"allow":["GET"]}}],"collection":[{"href":"https:\/\/www.finnblast.fi\/sv\/wp-json\/wp\/v2\/pages"}],"about":[{"href":"https:\/\/www.finnblast.fi\/sv\/wp-json\/wp\/v2\/types\/page"}],"author":[{"embeddable":true,"href":"https:\/\/www.finnblast.fi\/sv\/wp-json\/wp\/v2\/users\/2"}],"replies":[{"embeddable":true,"href":"https:\/\/www.finnblast.fi\/sv\/wp-json\/wp\/v2\/comments?post=146"}],"version-history":[{"count":10,"href":"https:\/\/www.finnblast.fi\/sv\/wp-json\/wp\/v2\/pages\/146\/revisions"}],"predecessor-version":[{"id":3954,"href":"https:\/\/www.finnblast.fi\/sv\/wp-json\/wp\/v2\/pages\/146\/revisions\/3954"}],"wp:attachment":[{"href":"https:\/\/www.finnblast.fi\/sv\/wp-json\/wp\/v2\/media?parent=146"}],"curies":[{"name":"wp","href":"https:\/\/api.w.org\/{rel}","templated":true}]}}