{"id":143,"date":"2014-07-02T18:55:25","date_gmt":"2014-07-02T15:55:25","guid":{"rendered":"http:\/\/www.finnblast.fi\/?page_id=143"},"modified":"2014-10-15T19:11:53","modified_gmt":"2014-10-15T16:11:53","slug":"produkter","status":"publish","type":"page","link":"https:\/\/www.finnblast.fi\/sv\/produkter\/","title":{"rendered":"Produkter"},"content":{"rendered":"<p>Finnblasts produktsortiment t\u00e4cker n\u00e4ra alla produkter f\u00f6r bl\u00e4string och slungbl\u00e4string. I v\u00e5rt produkturval finns f\u00f6rutom standardmaskiner ocks\u00e5 kundspecifika utrustningar.<\/p>\n<p>Den viktigaste egenskapen hos v\u00e5ra produkter \u00e4r drifts\u00e4kerhet. En utrustning som fungerar tillf\u00f6rlitligt och utan st\u00f6rningar \u00e5r fr\u00e5n \u00e5r ger kunden m\u00e5nga f\u00f6rdelar och besparingar.<\/p>\n<p>F\u00f6ljande l\u00e4nkar ger m\u00f6jlighet att l\u00e4ra sig mera om olika maskinmodeller. Om du inte hittar en l\u00e4mplig maskinmodell i nedanst\u00e5ende lista, ta kontakt med oss.<\/p>\n<h2>Tryckluftsdrivna bl\u00e4sterutrustningar<\/h2>\n<ul>\n<li><a href=\"https:\/\/www.finnblast.fi\/sv\/producter\/tryckluftsdrivna-blasterutrustningar\/manuella-blasterskap\/\">Manuella bl\u00e4stersk\u00e5p<\/a><\/li>\n<li><a href=\"https:\/\/www.finnblast.fi\/sv\/producter\/tryckluftsdrivna-blasterutrustningar\/automatiska-blasterskap\/\">Automatsk\u00e5p<\/a><\/li>\n<li>Tryckluftsk\u00e5p till trummodell f\u00f6r massprodukter<\/li>\n<li><a href=\"https:\/\/www.finnblast.fi\/sv\/producter\/tryckluftsdrivna-blasterutrustningar\/blastermaskiner-med-genomlopp\/\">Genomloppsmaskiner<\/a><\/li>\n<li><a href=\"https:\/\/www.finnblast.fi\/sv\/producter\/tryckluftsdrivna-blasterutrustningar\/hangbanemaskiner\/\">H\u00e4ngbanemaskiner<\/a><\/li>\n<li><a href=\"https:\/\/www.finnblast.fi\/sv\/producter\/tryckluftsdrivna-blasterutrustningar\/robotar-och-manipulatorer-for-blastring\/\">Manipulatorer f\u00f6r bl\u00e4string<\/a><\/li>\n<li><a href=\"https:\/\/www.finnblast.fi\/sv\/producter\/tryckluftsdrivna-blasterutrustningar\/blastermaskiner-for-valsar-och-cylindrar\/\">Vakuumbl\u00e4strar<\/a><\/li>\n<li><a href=\"https:\/\/www.finnblast.fi\/sv\/producter\/tryckluftsdrivna-blasterutrustningar\/blastring-av-innerytor\/\">Bl\u00e4stermaskiner f\u00f6r insidan av r\u00f6r och h\u00e5l<\/a><\/li>\n<\/ul>\n<h2>Bl\u00e4stringsrum<\/h2>\n<ul>\n<li><a href=\"https:\/\/www.finnblast.fi\/sv\/producter\/blasterrum\/blasterrum\/\">Bl\u00e4stringsrum<\/a><\/li>\n<li><a href=\"https:\/\/www.finnblast.fi\/sv\/producter\/blasterrum\/sma-blasterrum-fbh\/\">Sm\u00e5 bl\u00e4sterrum<\/a><\/li>\n<\/ul>\n<h2>Slungbl\u00e4strar<\/h2>\n<ul>\n<li><a href=\"https:\/\/www.finnblast.fi\/sv\/producter\/slungblastringsmaskiner\/rullbaneblaster-fbrr\/\">Rullbanebl\u00e4ster<\/a><\/li>\n<li><a href=\"https:\/\/www.finnblast.fi\/sv\/producter\/slungblastringsmaskiner\/hangbaneblastrar-slungrensmaskiner\/\">H\u00e4ngbanebl\u00e4ster\/sk\u00e5pbl\u00e4ster<\/a><\/li>\n<li><a href=\"https:\/\/www.finnblast.fi\/sv\/producter\/slungblastringsmaskiner\/natbaneblaster-fbvr\/\">N\u00e4tbanebl\u00e4ster<\/a><\/li>\n<li><a href=\"https:\/\/www.finnblast.fi\/sv\/producter\/slungblastringsmaskiner\/bordsblaster-fbts\/\">Bordsbl\u00e4ster<\/a><\/li>\n<li><a href=\"https:\/\/www.finnblast.fi\/sv\/producter\/slungblastringsmaskiner\/trumlingsblaster-fbrk-och-fbrt\/\">Trumlingsbl\u00e4ster<\/a><\/li>\n<li><a href=\"https:\/\/www.finnblast.fi\/sv\/producter\/slungblastringsmaskiner\/rorblaster-fbps\/\">R\u00f6rbl\u00e4ster<\/a><\/li>\n<\/ul>\n<h2>\u00d6vriga produkter<\/h2>\n<ul>\n<li><a href=\"https:\/\/www.finnblast.fi\/sv\/producter\/filter-och-cykloner\/\">Filter och cykloner<\/a><\/li>\n<li><a href=\"https:\/\/www.finnblast.fi\/sv\/producter\/trumlingsmaskiner-for-avgradning\/\">Trumlare<\/a><\/li>\n<li><a href=\"https:\/\/www.finnblast.fi\/sv\/producter\/blastermedelssug-fbi-55\/\">Bl\u00e4stermedelssug<\/a><\/li>\n<\/ul>\n","protected":false},"excerpt":{"rendered":"<p>Finnblasts produktsortiment t\u00e4cker n\u00e4ra alla produkter f\u00f6r bl\u00e4string och slungbl\u00e4string. I v\u00e5rt produkturval finns f\u00f6rutom standardmaskiner ocks\u00e5 kundspecifika utrustningar. Den viktigaste egenskapen hos v\u00e5ra produkter \u00e4r drifts\u00e4kerhet. En utrustning som fungerar tillf\u00f6rlitligt och utan st\u00f6rningar \u00e5r fr\u00e5n \u00e5r ger kunden m\u00e5nga f\u00f6rdelar och besparingar. F\u00f6ljande l\u00e4nkar ger m\u00f6jlighet att l\u00e4ra sig mera om olika maskinmodeller. [&hellip;]<\/p>\n","protected":false},"author":2,"featured_media":0,"parent":0,"menu_order":2,"comment_status":"closed","ping_status":"open","template":"","meta":{"content-type":"","footnotes":""},"class_list":["post-143","page","type-page","status-publish","hentry"],"_links":{"self":[{"href":"https:\/\/www.finnblast.fi\/sv\/wp-json\/wp\/v2\/pages\/143","targetHints":{"allow":["GET"]}}],"collection":[{"href":"https:\/\/www.finnblast.fi\/sv\/wp-json\/wp\/v2\/pages"}],"about":[{"href":"https:\/\/www.finnblast.fi\/sv\/wp-json\/wp\/v2\/types\/page"}],"author":[{"embeddable":true,"href":"https:\/\/www.finnblast.fi\/sv\/wp-json\/wp\/v2\/users\/2"}],"replies":[{"embeddable":true,"href":"https:\/\/www.finnblast.fi\/sv\/wp-json\/wp\/v2\/comments?post=143"}],"version-history":[{"count":1,"href":"https:\/\/www.finnblast.fi\/sv\/wp-json\/wp\/v2\/pages\/143\/revisions"}],"predecessor-version":[{"id":1325,"href":"https:\/\/www.finnblast.fi\/sv\/wp-json\/wp\/v2\/pages\/143\/revisions\/1325"}],"wp:attachment":[{"href":"https:\/\/www.finnblast.fi\/sv\/wp-json\/wp\/v2\/media?parent=143"}],"curies":[{"name":"wp","href":"https:\/\/api.w.org\/{rel}","templated":true}]}}