{"id":1274,"date":"2014-07-11T12:37:50","date_gmt":"2014-07-11T09:37:50","guid":{"rendered":"http:\/\/www.finnblast.fi\/?page_id=1274"},"modified":"2014-07-11T12:37:50","modified_gmt":"2014-07-11T09:37:50","slug":"filter-2","status":"publish","type":"page","link":"https:\/\/www.finnblast.fi\/sv\/filter-2\/","title":{"rendered":"Filter"},"content":{"rendered":"<h2>Filter<\/h2>\n<p>FB-filter \u00e4r av typen patronfilter<br \/>\nLuftfl\u00f6den 100\u2013100 000 m3\/h <\/p>\n<p>FB-filtrens egenskaper<br \/>\n&#8211; stadig st\u00e5lkonstruktion, \u00e4ven f\u00f6r explosionsk\u00e4nsligt damm<br \/>\n&#8211; automatisk tryckluftsrensning av patroner<br \/>\n&#8211; dammk\u00e4rl dimensioneras fr\u00e5n fall till fall<br \/>\n&#8211; patronmaterial v\u00e4ljs efter slag av damm som ska avskiljas.<\/p>\n<p>Anv\u00e4ndningsomr\u00e5det f\u00f6r filter \u00e4r bl.a.<br \/>\n&#8211; dammfiltrering i bl\u00e4stermaskiner<br \/>\n&#8211; dammfiltrering i laser- och plasmask\u00e4rbord<br \/>\n&#8211; dammfiltrering vid metallsprutning<br \/>\n&#8211; filtrering av svetsgaser.<\/p>\n<p><a href=\"https:\/\/www.finnblast.fi\/wp-content\/uploads\/221_51.jpg\" data-rel=\"lightbox-image-0\" data-rl_title=\"\" data-rl_caption=\"\" title=\"\"><img loading=\"lazy\" decoding=\"async\" src=\"https:\/\/www.finnblast.fi\/wp-content\/uploads\/221_51.jpg\" alt=\"Suodatin 14000 m3\/h\" width=\"191\" height=\"211\" class=\"size-full wp-image-937\" \/><\/a><\/p>\n","protected":false},"excerpt":{"rendered":"<p>Filter FB-filter \u00e4r av typen patronfilter Luftfl\u00f6den 100\u2013100 000 m3\/h FB-filtrens egenskaper &#8211; stadig st\u00e5lkonstruktion, \u00e4ven f\u00f6r explosionsk\u00e4nsligt damm &#8211; automatisk tryckluftsrensning av patroner &#8211; dammk\u00e4rl dimensioneras fr\u00e5n fall till fall &#8211; patronmaterial v\u00e4ljs efter slag av damm som ska avskiljas. Anv\u00e4ndningsomr\u00e5det f\u00f6r filter \u00e4r bl.a. &#8211; dammfiltrering i bl\u00e4stermaskiner &#8211; dammfiltrering i laser- och [&hellip;]<\/p>\n","protected":false},"author":2,"featured_media":0,"parent":0,"menu_order":0,"comment_status":"closed","ping_status":"open","template":"","meta":{"content-type":"","footnotes":""},"class_list":["post-1274","page","type-page","status-publish","hentry"],"_links":{"self":[{"href":"https:\/\/www.finnblast.fi\/sv\/wp-json\/wp\/v2\/pages\/1274","targetHints":{"allow":["GET"]}}],"collection":[{"href":"https:\/\/www.finnblast.fi\/sv\/wp-json\/wp\/v2\/pages"}],"about":[{"href":"https:\/\/www.finnblast.fi\/sv\/wp-json\/wp\/v2\/types\/page"}],"author":[{"embeddable":true,"href":"https:\/\/www.finnblast.fi\/sv\/wp-json\/wp\/v2\/users\/2"}],"replies":[{"embeddable":true,"href":"https:\/\/www.finnblast.fi\/sv\/wp-json\/wp\/v2\/comments?post=1274"}],"version-history":[{"count":0,"href":"https:\/\/www.finnblast.fi\/sv\/wp-json\/wp\/v2\/pages\/1274\/revisions"}],"wp:attachment":[{"href":"https:\/\/www.finnblast.fi\/sv\/wp-json\/wp\/v2\/media?parent=1274"}],"curies":[{"name":"wp","href":"https:\/\/api.w.org\/{rel}","templated":true}]}}