{"id":436,"date":"2014-07-04T15:34:53","date_gmt":"2014-07-04T12:34:53","guid":{"rendered":"http:\/\/www.finnblast.fi\/?page_id=436"},"modified":"2014-07-09T15:17:17","modified_gmt":"2014-07-09T12:17:17","slug":"%d0%b4%d1%80%d0%be%d0%b1%d0%b5%d1%81%d1%82%d1%80%d1%83%d0%b9%d0%bd%d0%b0%d1%8f-%d0%be%d1%87%d0%b8%d1%81%d1%82%d0%ba%d0%b0-%d0%b2%d0%bd%d1%83%d1%82%d1%80%d0%b5%d0%bd%d0%bd%d0%b5%d0%b9-%d0%bf%d0%be","status":"publish","type":"page","link":"https:\/\/www.finnblast.fi\/ru\/%d0%bf%d1%80%d0%be%d0%b4%d1%83%d0%ba%d1%86%d0%b8%d1%8f\/%d0%bf%d0%bd%d0%b5%d0%b2%d0%bc%d0%b0%d1%82%d0%b8%d1%87%d0%b5%d1%81%d0%ba%d0%be%d0%b5-%d0%be%d1%87%d0%b8%d1%81%d1%82%d0%bd%d0%be%d0%b5-%d0%be%d0%b1%d0%be%d1%80%d1%83%d0%b4%d0%be%d0%b2%d0%b0%d0%bd%d0%b8\/%d0%b4%d1%80%d0%be%d0%b1%d0%b5%d1%81%d1%82%d1%80%d1%83%d0%b9%d0%bd%d0%b0%d1%8f-%d0%be%d1%87%d0%b8%d1%81%d1%82%d0%ba%d0%b0-%d0%b2%d0%bd%d1%83%d1%82%d1%80%d0%b5%d0%bd%d0%bd%d0%b5%d0%b9-%d0%bf%d0%be\/","title":{"rendered":"\u0414\u0440\u043e\u0431\u0435\u0441\u0442\u0440\u0443\u0439\u043d\u0430\u044f \u043e\u0447\u0438\u0441\u0442\u043a\u0430 \u0432\u043d\u0443\u0442\u0440\u0435\u043d\u043d\u0435\u0439 \u043f\u043e\u0432\u0435\u0440\u0445\u043d\u043e\u0441\u0442\u0438 \u0434\u0435\u0442\u0430\u043b\u0435\u0439"},"content":{"rendered":"<p>\u0414\u0440\u043e\u0431\u0435\u0441\u0442\u0440\u0443\u0439\u043d\u044b\u0435 \u0441\u043e\u043f\u043b\u0430 \u0434\u043b\u044f \u0432\u043d\u0443\u0442\u0440\u0435\u043d\u043d\u0435\u0439 \u043e\u0447\u0438\u0441\u0442\u043a\u0438 \u0438\u0437\u0434\u0435\u043b\u0438\u0439<br \/>\n\u041a\u043e\u043c\u043f\u0430\u043d\u0438\u044f Finnblast \u043f\u0440\u0435\u0434\u043b\u0430\u0433\u0430\u0435\u0442 \u0440\u0430\u0437\u043b\u0438\u0447\u043d\u044b\u0435 \u0440\u0435\u0448\u0435\u043d\u0438\u044f \u0434\u043b\u044f \u0432\u043d\u0443\u0442\u0440\u0435\u043d\u043d\u0435\u0439 \u043e\u0447\u0438\u0441\u0442\u043a\u0438 \u0434\u0435\u0442\u0430\u043b\u0435\u0439. \u0414\u043b\u044f \u044d\u0442\u0438\u0445  \u0446\u0435\u043b\u0435\u0439 \u0438\u0441\u043f\u043e\u043b\u044c\u0437\u0443\u044e\u0442\u0441\u044f \u0441\u043e\u043f\u043b\u0430 \u043e\u0441\u043e\u0431\u043e\u0439 \u043a\u043e\u043d\u0441\u0442\u0440\u0443\u043a\u0446\u0438\u0438. \u0412 \u043e\u0442\u0434\u0435\u043b\u044c\u043d\u044b\u0445 \u0441\u043b\u0443\u0447\u0430\u044f\u0445 \u043a\u043e\u043c\u043f\u0430\u043d\u0438\u044f \u0438\u0441\u043f\u043e\u043b\u044c\u0437\u0443\u0435\u0442 \u0441\u043e\u0431\u0441\u0442\u0432\u0435\u043d\u043d\u044b\u0435 \u0440\u0430\u0437\u0440\u0430\u0431\u043e\u0442\u043a\u0438 \u043a\u043e\u043d\u0441\u0442\u0440\u0443\u043a\u0446\u0438\u0438 \u0441\u043e\u043f\u0435\u043b, \u0432 \u0442\u043e\u043c \u0447\u0438\u0441\u043b\u0435 \u0434\u043b\u044f \u043e\u0447\u0438\u0441\u0442\u043a\u0438 \u043e\u0442\u0432\u0435\u0440\u0441\u0442\u0438\u0439 \u043d\u0435\u0431\u043e\u043b\u044c\u0448\u043e\u0433\u043e \u0434\u0438\u0430\u043c\u0435\u0442\u0440\u0430.<br \/>\n\u0421\u0443\u0449\u0435\u0441\u0442\u0432\u0443\u044e\u0442 \u0447\u0435\u0442\u044b\u0440\u0435 \u043e\u0441\u043d\u043e\u0432\u043d\u044b\u0445 \u0442\u0438\u043f\u0430 \u0441\u043e\u043f\u0435\u043b \u0432\u043d\u0443\u0442\u0440\u0435\u043d\u043d\u0435\u0439 \u043e\u0447\u0438\u0441\u0442\u043a\u0438:<br \/>\na) \u0441\u043e\u043f\u043b\u0430 \u0441 \u0432\u043e\u0437\u043c\u043e\u0436\u043d\u043e\u0441\u0442\u044c\u044e \u0440\u0430\u0441\u043f\u044b\u043b\u0435\u043d\u0438\u044f \u0430\u0431\u0440\u0430\u0437\u0438\u0432\u0430 \u043d\u0430 360\u02da. \u041f\u0440\u0438 \u0438\u0441\u043f\u043e\u043b\u044c\u0437\u043e\u0432\u0430\u043d\u0438\u0438 \u0442\u0430\u043a\u0438\u0445 \u0441\u043e\u043f\u0435\u043b \u0432\u0440\u0430\u0449\u0430\u0442\u044c \u0434\u0435\u0442\u0430\u043b\u044c \u043b\u0438\u0431\u043e \u0441\u0430\u043c\u043e \u0441\u043e\u043f\u043b\u043e \u043f\u0440\u0438 \u043e\u0447\u0438\u0441\u0442\u043a\u0435 \u043d\u0435 \u0442\u0440\u0435\u0431\u0443\u0435\u0442\u0441\u044f.<br \/>\nb) \u0432\u0440\u0430\u0449\u0430\u044e\u0449\u0438\u0435\u0441\u044f \u0441\u043e\u043f\u043b\u0430, \u043a\u043e\u0433\u0434\u0430 \u0441\u043e\u043f\u043b\u043e \u0432\u043e \u0432\u0440\u0435\u043c\u044f \u043e\u0447\u0438\u0441\u0442\u043a\u0438 \u0432\u0440\u0430\u0449\u0430\u0435\u0442\u0441\u044f \u043d\u0430 360\u02da<br \/>\nc) \u0436\u0435\u0441\u0442\u043a\u043e \u0437\u0430\u043a\u0440\u0435\u043f\u043b\u0435\u043d\u043d\u044b\u0435 \u043f\u0440\u044f\u043c\u044b\u0435 \u043b\u0438\u0431\u043e \u0434\u0443\u0433\u043e\u0432\u044b\u0435 \u0441\u043e\u043f\u043b\u0430 \u0441 \u043e\u0434\u043d\u043e\u0432\u0440\u0435\u043c\u0435\u043d\u043d\u044b\u043c \u0432\u0440\u0430\u0449\u0435\u043d\u0438\u0435\u043c \u043e\u0447\u0438\u0449\u0430\u0435\u043c\u043e\u0439 \u0434\u0435\u0442\u0430\u043b\u0438 \u0432\u043e\u043a\u0440\u0443\u0433 \u0441\u0432\u043e\u0435\u0439 \u043e\u0441\u0438.<br \/>\nd) \u0441\u043e\u043f\u043b\u0430 \u0441\u043f\u0435\u0446\u0438\u0430\u043b\u044c\u043d\u043e\u0439 \u043a\u043e\u043d\u0441\u0442\u0440\u0443\u043a\u0446\u0438\u0438, \u043d\u0430\u043f\u0440\u0438\u043c\u0435\u0440 \u0434\u043b\u044f \u043e\u0447\u0438\u0441\u0442\u043a\u0438 \u043e\u0442\u0432\u0435\u0440\u0441\u0442\u0438\u0439 \u043d\u0435\u0431\u043e\u043b\u044c\u0448\u043e\u0433\u043e \u0434\u0438\u0430\u043c\u0435\u0442\u0440\u0430, \u043a\u043e\u0442\u043e\u0440\u044b\u0435  \u044f\u0432\u043b\u044f\u044e\u0442\u0441\u044f \u0441\u043e\u0431\u0441\u0442\u0432\u0435\u043d\u043d\u043e\u0439 \u0440\u0430\u0437\u0440\u0430\u0431\u043e\u0442\u043a\u043e\u0439 \u043a\u043e\u043c\u043f\u0430\u043d\u0438\u0438 \u0424\u0438\u043d\u043d\u0431\u043b\u0430\u0441\u0442.<br \/>\n\u0414\u043b\u044f \u0432\u043d\u0443\u0442\u0440\u0435\u043d\u043d\u0435\u0439 \u043e\u0447\u0438\u0441\u0442\u043a\u0438 \u043a\u0440\u0443\u043f\u043d\u044b\u0445 \u0438\u0437\u0434\u0435\u043b\u0438\u0439 \u043c\u043e\u0433\u0443\u0442 \u0438\u0441\u043f\u043e\u043b\u044c\u0437\u043e\u0432\u0430\u0442\u044c\u0441\u044f \u043e\u0431\u044b\u0447\u043d\u044b\u0435 \u0434\u0440\u043e\u0431\u0435\u0441\u0442\u0440\u0443\u0439\u043d\u044b\u0435 \u0441\u043e\u043f\u043b\u0430.<br \/>\n\u0412 \u043b\u044e\u0431\u043e\u043c \u0441\u043b\u0443\u0447\u0430\u0435 \u0432\u044b\u0431\u043e\u0440 \u0442\u0438\u043f\u0430 \u0441\u043e\u043f\u043b\u0430 \u0438 \u0434\u0440\u043e\u0431\u0435\u0441\u0442\u0440\u0443\u0439\u043d\u043e\u0439 \u0443\u0441\u0442\u0430\u043d\u043e\u0432\u043a\u0438 \u0437\u0430\u0432\u0438\u0441\u0438\u0442 \u043e\u0442 \u0444\u043e\u0440\u043c\u044b \u0438 \u0440\u0430\u0437\u043c\u0435\u0440\u043e\u0432 \u0434\u0435\u0442\u0430\u043b\u0438 \u0438 \u0441\u0430\u043c\u043e\u0433\u043e \u043e\u0442\u0432\u0435\u0440\u0441\u0442\u0438\u044f, \u0430 \u0442\u0430\u043a\u0436\u0435 \u043e\u0442 \u0442\u0440\u0435\u0431\u0443\u0435\u043c\u043e\u0439 \u043f\u0440\u043e\u0438\u0437\u0432\u043e\u0434\u0438\u0442\u0435\u043b\u044c\u043d\u043e\u0441\u0442\u0438 \u0443\u0441\u0442\u0430\u043d\u043e\u0432\u043a\u0438. <\/p>\n<div id=\"attachment_878\" style=\"width: 310px\" class=\"wp-caption alignleft\"><a href=\"https:\/\/www.finnblast.fi\/wp-content\/uploads\/218_1.jpg\" data-rel=\"lightbox-image-0\" data-rl_title=\"\" data-rl_caption=\"\" title=\"\"><img loading=\"lazy\" decoding=\"async\" aria-describedby=\"caption-attachment-878\" src=\"https:\/\/www.finnblast.fi\/wp-content\/uploads\/218_1-300x236.jpg\" alt=\"Sis\u00e4puolen puhallussuuttimia\" width=\"300\" height=\"236\" class=\"size-medium wp-image-878\" srcset=\"https:\/\/www.finnblast.fi\/wp-content\/uploads\/218_1-300x236.jpg 300w, https:\/\/www.finnblast.fi\/wp-content\/uploads\/218_1.jpg 527w\" sizes=\"auto, (max-width: 300px) 100vw, 300px\" \/><\/a><p id=\"caption-attachment-878\" class=\"wp-caption-text\">\u0414\u0440\u043e\u0431\u0435\u0441\u0442\u0440\u0443\u0439\u043d\u044b\u0435 \u0441\u043e\u043f\u043b\u0430 \u0434\u043b\u044f \u0432\u043d\u0443\u0442\u0440\u0435\u043d\u043d\u0435\u0439 \u043e\u0447\u0438\u0441\u0442\u043a\u0438<\/p><\/div>\n<h2>\u0423\u0441\u0442\u0430\u043d\u043e\u0432\u043a\u0438 \u0434\u043b\u044f \u0432\u043d\u0443\u0442\u0440\u0435\u043d\u043d\u0435\u0439 \u043e\u0447\u0438\u0441\u0442\u043a\u0438 \u043f\u043e\u0432\u0435\u0440\u0445\u043d\u043e\u0441\u0442\u0435\u0439.<\/h2>\n<p>\u0423\u0441\u0442\u0430\u043d\u043e\u0432\u043a\u0438 \u0434\u043b\u044f \u043e\u0447\u0438\u0441\u0442\u043a\u0438 \u0438\u0437\u0434\u0435\u043b\u0438\u0439 \u0438\u0437\u043d\u0443\u0442\u0440\u0438 \u043e\u0431\u044b\u0447\u043d\u043e \u0438\u0437\u0433\u043e\u0442\u0430\u0432\u043b\u0438\u0432\u0430\u044e\u0442\u0441\u044f \u043f\u043e \u043e\u0442\u0434\u0435\u043b\u044c\u043d\u043e\u043c\u0443 \u0437\u0430\u0434\u0430\u043d\u0438\u044e \u0437\u0430\u043a\u0430\u0437\u0447\u0438\u043a\u0430.<br \/>\n\u0412\u044b\u0431\u043e\u0440 \u0442\u0438\u043f\u0430 \u0443\u0441\u0442\u0430\u043d\u043e\u0432\u043a\u0438 \u0437\u0430\u0432\u0438\u0441\u0438\u0442 \u043e\u0442 \u0440\u0430\u0437\u043c\u0435\u0440\u043e\u0432 \u0438 \u0444\u043e\u0440\u043c\u044b \u0434\u0435\u0442\u0430\u043b\u0435\u0439, \u0438\u0445 \u043a\u043e\u043b\u0438\u0447\u0435\u0441\u0442\u0432\u0430, \u0442\u0440\u0435\u0431\u043e\u0432\u0430\u043d\u0438\u044f \u043a \u043e\u0447\u0438\u0449\u0435\u043d\u043d\u043e\u0439 \u043f\u043e\u0432\u0435\u0440\u0445\u043d\u043e\u0441\u0442\u0438 \u0438 \u043c\u043d\u043e\u0433\u0438\u0445 \u0434\u0440\u0443\u0433\u0438\u0445 \u0443\u0441\u043b\u043e\u0432\u0438\u0439.<br \/>\n\u041e\u0447\u0438\u0441\u0442\u043a\u0430 \u043c\u043e\u0436\u0435\u0442 \u043f\u0440\u043e\u0438\u0437\u0432\u043e\u0434\u0438\u0442\u044c\u0441\u044f \u043a\u0430\u043a \u0432 \u0440\u0443\u0447\u043d\u043e\u043c, \u0442\u0430\u043a \u0438 \u0432 \u043f\u043e\u043b\u043d\u043e\u0441\u0442\u044c\u044e \u0430\u0432\u0442\u043e\u043c\u0430\u0442\u0438\u0447\u0435\u0441\u043a\u043e\u043c \u0440\u0435\u0436\u0438\u043c\u0435.<br \/>\n\u0412\u0430\u0440\u0438\u0430\u043d\u0442\u044b \u0437\u0430\u0433\u0440\u0443\u0437\u043a\u0438 \u0438 \u043f\u043e\u0434\u0430\u0447\u0438 \u0434\u0435\u0442\u0430\u043b\u0435\u0439 \u0442\u0430\u043a\u0436\u0435 \u043c\u043e\u0433\u0443\u0442 \u0440\u0430\u0437\u043b\u0438\u0447\u0430\u0442\u044c\u0441\u044f \u0438 \u043f\u043e\u0434\u0431\u0438\u0440\u0430\u044e\u0442\u0441\u044f \u0438\u043d\u0434\u0438\u0432\u0438\u0434\u0443\u0430\u043b\u044c\u043d\u043e.<\/p>\n<div id=\"attachment_880\" style=\"width: 310px\" class=\"wp-caption alignleft\"><a href=\"https:\/\/www.finnblast.fi\/wp-content\/uploads\/218_2.jpg\" data-rel=\"lightbox-image-1\" data-rl_title=\"\" data-rl_caption=\"\" title=\"\"><img loading=\"lazy\" decoding=\"async\" aria-describedby=\"caption-attachment-880\" src=\"https:\/\/www.finnblast.fi\/wp-content\/uploads\/218_2-300x261.jpg\" alt=\"Putkien\/akselien sis\u00e4puolen puhallusautomaatti\" width=\"300\" height=\"261\" class=\"size-medium wp-image-880\" srcset=\"https:\/\/www.finnblast.fi\/wp-content\/uploads\/218_2-300x261.jpg 300w, https:\/\/www.finnblast.fi\/wp-content\/uploads\/218_2.jpg 431w\" sizes=\"auto, (max-width: 300px) 100vw, 300px\" \/><\/a><p id=\"caption-attachment-880\" class=\"wp-caption-text\">\u0410\u0432\u0442\u043e\u043c\u0430\u0442\u0438\u0447\u0435\u0441\u043a\u0430\u044f \u0443\u0441\u0442\u0430\u043d\u043e\u0432\u043a\u0430 \u0434\u0440\u043e\u0431\u0435\u0441\u0442\u0440\u0443\u0439\u043d\u043e\u0439 \u043e\u0447\u0438\u0441\u0442\u043a\u0438 \u0442\u0440\u0443\u0431 \u0438\u0437\u043d\u0443\u0442\u0440\u0438<\/p><\/div>\n<div id=\"attachment_881\" style=\"width: 192px\" class=\"wp-caption alignleft\"><a href=\"https:\/\/www.finnblast.fi\/wp-content\/uploads\/218_3.jpg\" data-rel=\"lightbox-image-2\" data-rl_title=\"\" data-rl_caption=\"\" title=\"\"><img loading=\"lazy\" decoding=\"async\" aria-describedby=\"caption-attachment-881\" src=\"https:\/\/www.finnblast.fi\/wp-content\/uploads\/218_3-182x300.jpg\" alt=\"S\u00e4ili\u00f6iden sis\u00e4puolen puhallus automaattiseesti riippuradalla\" width=\"182\" height=\"300\" class=\"size-medium wp-image-881\" srcset=\"https:\/\/www.finnblast.fi\/wp-content\/uploads\/218_3-182x300.jpg 182w, https:\/\/www.finnblast.fi\/wp-content\/uploads\/218_3.jpg 331w\" sizes=\"auto, (max-width: 182px) 100vw, 182px\" \/><\/a><p id=\"caption-attachment-881\" class=\"wp-caption-text\">\u0412\u043d\u0443\u0442\u0440\u0435\u043d\u043d\u044f\u044f \u043e\u0447\u0438\u0441\u0442\u043a\u0430 \u0435\u043c\u043a\u043e\u0441\u0442\u0435\u0439 \u043d\u0430 \u043f\u043e\u0434\u0432\u0435\u0441\u043d\u043e\u043c \u043a\u043e\u043d\u0432\u0435\u0439\u0435\u0440\u0435<\/p><\/div>\n<div id=\"attachment_882\" style=\"width: 310px\" class=\"wp-caption alignleft\"><a href=\"https:\/\/www.finnblast.fi\/wp-content\/uploads\/218_4.jpg\" data-rel=\"lightbox-image-3\" data-rl_title=\"\" data-rl_caption=\"\" title=\"\"><img loading=\"lazy\" decoding=\"async\" aria-describedby=\"caption-attachment-882\" src=\"https:\/\/www.finnblast.fi\/wp-content\/uploads\/218_4-300x195.jpg\" alt=\"Suurien s\u00e4ili\u00f6iden (tilavuus 5 m3) sis\u00e4puolen raepuhallus automaattisesti\" width=\"300\" height=\"195\" class=\"size-medium wp-image-882\" srcset=\"https:\/\/www.finnblast.fi\/wp-content\/uploads\/218_4-300x195.jpg 300w, https:\/\/www.finnblast.fi\/wp-content\/uploads\/218_4.jpg 608w\" sizes=\"auto, (max-width: 300px) 100vw, 300px\" \/><\/a><p id=\"caption-attachment-882\" class=\"wp-caption-text\">\u0410\u0432\u0442\u043e\u043c\u0430\u0442\u0438\u0447\u0435\u0441\u043a\u0430\u044f \u043e\u0447\u0438\u0441\u0442\u043a\u0430 \u0435\u043c\u043a\u043e\u0441\u0442\u0435\u0439 (\u043e\u0431\u044a\u0435\u043c 5 \u043c3),\u0441 \u0432\u043d\u0443\u0442\u0440\u0435\u043d\u043d\u0435\u0439 \u0441\u0442\u043e\u0440\u043e\u043d\u044b<\/p><\/div>\n","protected":false},"excerpt":{"rendered":"<p>\u0414\u0440\u043e\u0431\u0435\u0441\u0442\u0440\u0443\u0439\u043d\u044b\u0435 \u0441\u043e\u043f\u043b\u0430 \u0434\u043b\u044f \u0432\u043d\u0443\u0442\u0440\u0435\u043d\u043d\u0435\u0439 \u043e\u0447\u0438\u0441\u0442\u043a\u0438 \u0438\u0437\u0434\u0435\u043b\u0438\u0439 \u041a\u043e\u043c\u043f\u0430\u043d\u0438\u044f Finnblast \u043f\u0440\u0435\u0434\u043b\u0430\u0433\u0430\u0435\u0442 \u0440\u0430\u0437\u043b\u0438\u0447\u043d\u044b\u0435 \u0440\u0435\u0448\u0435\u043d\u0438\u044f \u0434\u043b\u044f \u0432\u043d\u0443\u0442\u0440\u0435\u043d\u043d\u0435\u0439 \u043e\u0447\u0438\u0441\u0442\u043a\u0438 \u0434\u0435\u0442\u0430\u043b\u0435\u0439. \u0414\u043b\u044f \u044d\u0442\u0438\u0445 \u0446\u0435\u043b\u0435\u0439 \u0438\u0441\u043f\u043e\u043b\u044c\u0437\u0443\u044e\u0442\u0441\u044f \u0441\u043e\u043f\u043b\u0430 \u043e\u0441\u043e\u0431\u043e\u0439 \u043a\u043e\u043d\u0441\u0442\u0440\u0443\u043a\u0446\u0438\u0438. \u0412 \u043e\u0442\u0434\u0435\u043b\u044c\u043d\u044b\u0445 \u0441\u043b\u0443\u0447\u0430\u044f\u0445 \u043a\u043e\u043c\u043f\u0430\u043d\u0438\u044f \u0438\u0441\u043f\u043e\u043b\u044c\u0437\u0443\u0435\u0442 \u0441\u043e\u0431\u0441\u0442\u0432\u0435\u043d\u043d\u044b\u0435 \u0440\u0430\u0437\u0440\u0430\u0431\u043e\u0442\u043a\u0438 \u043a\u043e\u043d\u0441\u0442\u0440\u0443\u043a\u0446\u0438\u0438 \u0441\u043e\u043f\u0435\u043b, \u0432 \u0442\u043e\u043c \u0447\u0438\u0441\u043b\u0435 \u0434\u043b\u044f \u043e\u0447\u0438\u0441\u0442\u043a\u0438 \u043e\u0442\u0432\u0435\u0440\u0441\u0442\u0438\u0439 \u043d\u0435\u0431\u043e\u043b\u044c\u0448\u043e\u0433\u043e \u0434\u0438\u0430\u043c\u0435\u0442\u0440\u0430. \u0421\u0443\u0449\u0435\u0441\u0442\u0432\u0443\u044e\u0442 \u0447\u0435\u0442\u044b\u0440\u0435 \u043e\u0441\u043d\u043e\u0432\u043d\u044b\u0445 \u0442\u0438\u043f\u0430 \u0441\u043e\u043f\u0435\u043b \u0432\u043d\u0443\u0442\u0440\u0435\u043d\u043d\u0435\u0439 \u043e\u0447\u0438\u0441\u0442\u043a\u0438: a) \u0441\u043e\u043f\u043b\u0430 \u0441 \u0432\u043e\u0437\u043c\u043e\u0436\u043d\u043e\u0441\u0442\u044c\u044e \u0440\u0430\u0441\u043f\u044b\u043b\u0435\u043d\u0438\u044f \u0430\u0431\u0440\u0430\u0437\u0438\u0432\u0430 \u043d\u0430 360\u02da. \u041f\u0440\u0438 [&hellip;]<\/p>\n","protected":false},"author":2,"featured_media":0,"parent":342,"menu_order":0,"comment_status":"closed","ping_status":"open","template":"","meta":{"content-type":"","footnotes":""},"class_list":["post-436","page","type-page","status-publish","hentry"],"_links":{"self":[{"href":"https:\/\/www.finnblast.fi\/ru\/wp-json\/wp\/v2\/pages\/436","targetHints":{"allow":["GET"]}}],"collection":[{"href":"https:\/\/www.finnblast.fi\/ru\/wp-json\/wp\/v2\/pages"}],"about":[{"href":"https:\/\/www.finnblast.fi\/ru\/wp-json\/wp\/v2\/types\/page"}],"author":[{"embeddable":true,"href":"https:\/\/www.finnblast.fi\/ru\/wp-json\/wp\/v2\/users\/2"}],"replies":[{"embeddable":true,"href":"https:\/\/www.finnblast.fi\/ru\/wp-json\/wp\/v2\/comments?post=436"}],"version-history":[{"count":0,"href":"https:\/\/www.finnblast.fi\/ru\/wp-json\/wp\/v2\/pages\/436\/revisions"}],"up":[{"embeddable":true,"href":"https:\/\/www.finnblast.fi\/ru\/wp-json\/wp\/v2\/pages\/342"}],"wp:attachment":[{"href":"https:\/\/www.finnblast.fi\/ru\/wp-json\/wp\/v2\/media?parent=436"}],"curies":[{"name":"wp","href":"https:\/\/api.w.org\/{rel}","templated":true}]}}