{"id":430,"date":"2014-07-04T15:34:24","date_gmt":"2014-07-04T12:34:24","guid":{"rendered":"http:\/\/www.finnblast.fi\/?page_id=430"},"modified":"2020-01-04T12:07:29","modified_gmt":"2020-01-04T10:07:29","slug":"%d1%88%d0%ba%d0%b0%d1%84%d1%8b-%d1%80%d1%83%d1%87%d0%bd%d0%be%d0%b9-%d0%be%d1%87%d0%b8%d1%81%d1%82%d0%ba%d0%b8","status":"publish","type":"page","link":"https:\/\/www.finnblast.fi\/ru\/%d0%bf%d1%80%d0%be%d0%b4%d1%83%d0%ba%d1%86%d0%b8%d1%8f\/%d0%bf%d0%bd%d0%b5%d0%b2%d0%bc%d0%b0%d1%82%d0%b8%d1%87%d0%b5%d1%81%d0%ba%d0%be%d0%b5-%d0%be%d1%87%d0%b8%d1%81%d1%82%d0%bd%d0%be%d0%b5-%d0%be%d0%b1%d0%be%d1%80%d1%83%d0%b4%d0%be%d0%b2%d0%b0%d0%bd%d0%b8\/%d1%88%d0%ba%d0%b0%d1%84%d1%8b-%d1%80%d1%83%d1%87%d0%bd%d0%be%d0%b9-%d0%be%d1%87%d0%b8%d1%81%d1%82%d0%ba%d0%b8\/","title":{"rendered":"\u0428\u043a\u0430\u0444\u044b \u0440\u0443\u0447\u043d\u043e\u0439 \u043e\u0447\u0438\u0441\u0442\u043a\u0438"},"content":{"rendered":"<h2>\u041c\u043e\u0434\u0435\u043b\u044c Galaxy FB 1000\u00a0<\/h2>\n<p>\u0414\u0440\u043e\u0431\u0435\u0441\u0442\u0440\u0443\u0439\u043d\u044b\u0435 \u0448\u043a\u0430\u0444\u044b \u0441\u0435\u0440\u0438\u0438 Compact \u2013 \u044d\u0444\u0444\u0435\u043a\u0442\u0438\u0432\u043d\u044b\u0435 \u0438 \u043d\u0430\u0434\u0435\u0436\u043d\u044b\u0435 \u0432 \u0438\u0441\u043f\u043e\u043b\u044c\u0437\u043e\u0432\u0430\u043d\u0438\u0438 \u0443\u0441\u0442\u0430\u043d\u043e\u0432\u043a\u0438 \u0434\u043b\u044f \u0440\u0443\u0447\u043d\u043e\u0439 \u0430\u0431\u0440\u0430\u0437\u0438\u0432\u043d\u043e-\u0441\u0442\u0440\u0443\u0439\u043d\u043e\u0439 \u043e\u0447\u0438\u0441\u0442\u043a\u0438. \u042f\u0440\u043a\u043e\u0435 \u043e\u0441\u0432\u0435\u0449\u0435\u043d\u0438\u0435 \u0438 \u044d\u0444\u0444\u0435\u043a\u0442\u0438\u0432\u043d\u043e\u0435 \u043f\u044b\u043b\u0435\u0443\u0434\u0430\u043b\u0435\u043d\u0438\u0435 \u0433\u0430\u0440\u0430\u043d\u0442\u0438\u0440\u0443\u044e\u0442 \u0445\u043e\u0440\u043e\u0448\u0443\u044e \u0432\u0438\u0434\u0438\u043c\u043e\u0441\u0442\u044c \u0432\u043e \u0432\u0440\u0435\u043c\u044f \u0440\u0430\u0431\u043e\u0442\u044b. \u0428\u043a\u0430\u0444\u044b \u0438\u043c\u0435\u044e\u0442 \u0443\u0441\u0442\u043e\u0439\u0447\u0438\u0432\u0443\u044e \u043a\u043e\u043d\u0441\u0442\u0440\u0443\u043a\u0446\u0438\u044e \u0438 \u0441\u043f\u0440\u043e\u0435\u043a\u0442\u0438\u0440\u043e\u0432\u0430\u043d\u044b \u0434\u043b\u044f \u043f\u0440\u043e\u043c\u044b\u0448\u043b\u0435\u043d\u043d\u043e\u0433\u043e \u0438\u0441\u043f\u043e\u043b\u044c\u0437\u043e\u0432\u0430\u043d\u0438\u044f. \u041d\u0430\u0437\u043d\u0430\u0447\u0435\u043d\u0438\u0435 \u0448\u043a\u0430\u0444\u043e\u0432 \u2013 \u043e\u0447\u0438\u0441\u0442\u043a\u0430 \u043f\u043e\u0432\u0435\u0440\u0445\u043d\u043e\u0441\u0442\u0435\u0439 \u0438\u0437 \u0440\u0430\u0437\u043b\u0438\u0447\u043d\u044b\u0445 \u043c\u0430\u0442\u0435\u0440\u0438\u0430\u043b\u043e\u0432, \u0443\u0434\u0430\u043b\u0435\u043d\u0438\u0435 \u0440\u0436\u0430\u0432\u0447\u0438\u043d\u044b, \u043f\u0440\u0438\u0434\u0430\u043d\u0438\u0435 \u0448\u0435\u0440\u043e\u0445\u043e\u0432\u0430\u0442\u043e\u0441\u0442\u0438, \u043f\u043e\u043b\u0443\u0447\u0435\u043d\u0438\u0435 \u043c\u0430\u0442\u043e\u0432\u043e\u0439 \u043f\u043e\u0432\u0435\u0440\u0445\u043d\u043e\u0441\u0442\u0438. \u0412 \u043a\u0430\u0447\u0435\u0441\u0442\u0432\u0435 \u0430\u0431\u0440\u0430\u0437\u0438\u0432\u043d\u043e\u0433\u043e \u043c\u0430\u0442\u0435\u0440\u0438\u0430\u043b\u0430 \u043c\u043e\u0433\u0443\u0442 \u0438\u0441\u043f\u043e\u043b\u044c\u0437\u043e\u0432\u0430\u0442\u044c\u0441\u044f \u043b\u044e\u0431\u044b\u0435 \u0434\u0440\u043e\u0431\u0438 \u043c\u043d\u043e\u0433\u043e\u0440\u0430\u0437\u043e\u0432\u043e\u0433\u043e \u043f\u0440\u0438\u043c\u0435\u043d\u0435\u043d\u0438\u044f, \u0442\u0430\u043a\u0438\u0435 \u043a\u0430\u043a \u0441\u0442\u0430\u043b\u044c\u043d\u0430\u044f \u0434\u0440\u043e\u0431\u044c, \u0441\u0442\u0435\u043a\u043b\u044f\u043d\u043d\u044b\u0435 \u0448\u0430\u0440\u0438\u043a\u0438, \u043e\u043a\u0441\u0438\u0434 \u0430\u043b\u044e\u043c\u0438\u043d\u0438\u044f \u0438\u043b\u0438 \u044d\u043b\u0435\u043a\u0442\u0440\u043e\u043a\u043e\u0440\u0443\u043d\u0434, \u043a\u0435\u0440\u0430\u043c\u0438\u0447\u0435\u0441\u043a\u0430\u044f \u0434\u0440\u043e\u0431\u044c. \u0428\u043a\u0430\u0444\u044b \u043e\u0431\u043e\u0440\u0443\u0434\u043e\u0432\u0430\u043d\u044b \u043e\u0442\u0434\u0435\u043b\u044c\u043d\u044b\u043c \u0446\u0438\u043a\u043b\u043e\u043d\u043e\u043c, \u043a\u043e\u0442\u043e\u0440\u044b\u0439 \u043f\u043e\u0434\u0434\u0435\u0440\u0436\u0438\u0432\u0430\u0435\u0442 \u043e\u0434\u043d\u043e\u0440\u043e\u0434\u043d\u044b\u0439 \u043f\u043e \u043a\u0430\u0447\u0435\u0441\u0442\u0432\u0443 \u0441\u043e\u0441\u0442\u0430\u0432 \u0430\u0431\u0440\u0430\u0437\u0438\u0432\u0430 \u0432 \u0441\u0438\u0441\u0442\u0435\u043c\u0435. \u0412 \u0441\u0435\u0440\u0438\u0438 \u0448\u043a\u0430\u0444\u043e\u0432 FB Compact \u0434\u0432\u0430 \u043e\u0441\u043d\u043e\u0432\u043d\u044b\u0445 \u0440\u0430\u0437\u043c\u0435\u0440\u0430, \u0448\u0438\u0440\u0438\u043d\u043e\u0439 1100 \u043c\u043c \u0438 1400 \u043c\u043c, \u0438\u043d\u0436\u0435\u043a\u0442\u043e\u0440\u043d\u043e\u0433\u043e \u0438 \u043d\u0430\u043f\u043e\u0440\u043d\u043e\u0433\u043e \u0442\u0438\u043f\u043e\u0432. \u041d\u0435\u043e\u0431\u0445\u043e\u0434\u0438\u043c\u044b\u0435 \u0434\u043b\u044f \u0441\u0431\u043e\u0440\u0430 \u0438 \u0440\u0435\u043a\u0443\u043f\u0435\u0440\u0430\u0446\u0438\u0438 \u0430\u0431\u0440\u0430\u0437\u0438\u0432\u0430 \u0446\u0438\u043a\u043b\u043e\u043d, \u0441\u0442\u0440\u0443\u0439\u043d\u044b\u0439 \u043a\u043e\u0442\u0435\u043b \u0438 \u0444\u0438\u043b\u044c\u0442\u0440 \u0440\u0430\u0437\u043c\u0435\u0449\u0435\u043d\u044b \u0441\u0437\u0430\u0434\u0438 \u043e\u0447\u0438\u0441\u0442\u043d\u043e\u0433\u043e \u0448\u043a\u0430\u0444\u0430 \u0435\u0434\u0438\u043d\u044b\u043c \u043a\u043e\u043c\u043f\u0430\u043a\u0442\u043d\u044b\u043c \u0443\u0437\u043b\u043e\u043c. \u041a \u043b\u044e\u0431\u043e\u043c\u0443 \u0438\u0437 \u0448\u043a\u0430\u0444\u043e\u0432 \u043f\u0440\u0435\u0434\u043b\u0430\u0433\u0430\u0435\u0442\u0441\u044f \u043d\u0430 \u0432\u044b\u0431\u043e\u0440 \u0448\u0438\u0440\u043e\u043a\u043e\u0439 \u0441\u043f\u0435\u043a\u0442\u0440 \u0434\u043e\u043f\u043e\u043b\u043d\u0438\u0442\u0435\u043b\u044c\u043d\u043e\u0433\u043e \u043e\u0431\u043e\u0440\u0443\u0434\u043e\u0432\u0430\u043d\u0438\u044f \u0438 \u0430\u0432\u0442\u043e\u043c\u0430\u0442\u0438\u043a\u0438, \u043d\u0430\u043f\u0440\u0438\u043c\u0435\u0440, \u044d\u043b\u0435\u043a\u0442\u0440\u043e\u0432\u0440\u0430\u0449\u0435\u043d\u0438\u0435 \u0441\u0442\u043e\u043b\u0430, \u044d\u043b\u0435\u043a\u0442\u0440\u043e\u0432\u044b\u0434\u0432\u0438\u0436\u0435\u043d\u0438\u0435 \u043f\u043e\u0432\u043e\u0440\u043e\u0442\u043d\u043e\u0433\u043e \u0441\u0442\u043e\u043b\u0430, \u0441\u0442\u043e\u043b \u0441 \u043f\u043e\u0434\u0441\u0442\u0430\u0432\u043a\u0430\u043c\u0438-\u0441\u0430\u0442\u0435\u043b\u043b\u0438\u0442\u0430\u043c\u0438 \u0438 \u043c\u043d\u043e\u0433\u043e\u0435 \u0434\u0440\u0443\u0433\u043e\u0435.<\/p>\n<p><div id=\"attachment_832\" style=\"width: 265px\" class=\"wp-caption alignleft\"><a href=\"https:\/\/www.finnblast.fi\/wp-content\/uploads\/kasipuhalluskaapit11.jpg\" data-rel=\"lightbox-image-0\" data-rl_title=\"\" data-rl_caption=\"\" title=\"\"><img loading=\"lazy\" decoding=\"async\" aria-describedby=\"caption-attachment-832\" class=\"size-full wp-image-832\" src=\"https:\/\/www.finnblast.fi\/wp-content\/uploads\/kasipuhalluskaapit11.jpg\" alt=\"FB1100\" width=\"255\" height=\"300\" \/><\/a><p id=\"caption-attachment-832\" class=\"wp-caption-text\">FB1100<\/p><\/div> <div id=\"attachment_833\" style=\"width: 260px\" class=\"wp-caption alignleft\"><a href=\"https:\/\/www.finnblast.fi\/wp-content\/uploads\/kasipuhalluskaapit2.jpg\" data-rel=\"lightbox-image-1\" data-rl_title=\"\" data-rl_caption=\"\" title=\"\"><img loading=\"lazy\" decoding=\"async\" aria-describedby=\"caption-attachment-833\" class=\"size-full wp-image-833\" src=\"https:\/\/www.finnblast.fi\/wp-content\/uploads\/kasipuhalluskaapit2.jpg\" alt=\"FB 1100 varustettuna py\u00f6r\u00f6p\u00f6yd\u00e4ll\u00e4\" width=\"250\" height=\"300\" \/><\/a><p id=\"caption-attachment-833\" class=\"wp-caption-text\">FB 1100 \u0441 \u043f\u043e\u0432\u043e\u0440\u043e\u0442\u043d\u044b\u043c \u0441\u0442\u043e\u043b\u043e\u043c<\/p><\/div><\/p>\n<h2 style=\"clear: both;\">\u0428\u043a\u0430\u0444\u044b \u0440\u0443\u0447\u043d\u043e\u0439 \u043e\u0447\u0438\u0441\u0442\u043a\u0438 FB 1400 \u2013 FB 8000<\/h2>\n<p>\u0421\u0435\u0440\u0438\u044f \u0448\u043a\u0430\u0444\u043e\u0432 FB 1400 \u2013 FB 8000 \u0432\u043a\u043b\u044e\u0447\u0430\u0435\u0442 \u0432 \u0441\u0435\u0431\u044f \u0431\u043e\u043b\u0435\u0435 \u044d\u0444\u0444\u0435\u043a\u0442\u0438\u0432\u043d\u044b\u0435 \u0448\u043a\u0430\u0444\u044b \u0434\u0440\u043e\u0431\u0435\u0441\u0442\u0440\u0443\u0439\u043d\u043e\u0439 \u043e\u0447\u0438\u0441\u0442\u043a\u0438 \u0434\u043b\u044f \u043a\u0440\u0443\u043f\u043d\u044b\u0445 \u0434\u0435\u0442\u0430\u043b\u0435\u0439. \u041c\u043e\u0433\u0443\u0442 \u0431\u044b\u0442\u044c \u043f\u0440\u0435\u0434\u043b\u043e\u0436\u0435\u043d\u044b \u0448\u043a\u0430\u0444\u044b \u0434\u043b\u0438\u043d\u043e\u0439 \u0434\u043e 8 \u043c\u0435\u0442\u0440\u043e\u0432. \u0412\u0435\u0441 \u043e\u0447\u0438\u0449\u0430\u0435\u043c\u044b\u0445 \u0432 \u0448\u043a\u0430\u0444\u0430\u0445 \u0438\u0437\u0434\u0435\u043b\u0438\u0439 \u043c\u043e\u0436\u0435\u0442 \u0434\u043e\u0441\u0442\u0438\u0433\u0430\u0442\u044c \u043d\u0435\u0441\u043a\u043e\u043b\u044c\u043a\u0438\u0445 \u0442\u043e\u043d\u043d. \u0420\u0430\u0441\u0441\u0447\u0438\u0442\u0430\u043d\u043d\u043e\u0435 \u0434\u043b\u044f \u0442\u0430\u043a\u0438\u0445 \u0448\u043a\u0430\u0444\u043e\u0432 \u043e\u0431\u043e\u0440\u0443\u0434\u043e\u0432\u0430\u043d\u0438\u0435 \u0434\u043b\u044f \u0440\u0435\u043a\u0443\u043f\u0435\u0440\u0430\u0446\u0438\u0438 \u0430\u0431\u0440\u0430\u0437\u0438\u0432\u0430 \u0437\u0430\u043d\u0438\u043c\u0430\u0435\u0442 \u0431\u043e\u043b\u044c\u0448\u0438\u0439 \u043e\u0431\u044a\u0435\u043c \u0438 \u043f\u0440\u0435\u0434\u0441\u0442\u0430\u0432\u043b\u044f\u0435\u0442 \u0441\u043e\u0431\u043e\u0439 \u043e\u0442\u0434\u0435\u043b\u044c\u043d\u044b\u0439 \u0443\u0437\u0435\u043b. \u0428\u043a\u0430\u0444\u044b \u044d\u0442\u043e\u0439 \u0441\u0435\u0440\u0438\u0438 \u043e\u0431\u044b\u0447\u043d\u043e \u043e\u0441\u043d\u0430\u0449\u0430\u044e\u0442\u0441\u044f \u043d\u0430\u0434\u0435\u0436\u043d\u044b\u043c\u0438 \u0438 \u043f\u0440\u043e\u0438\u0437\u0432\u043e\u0434\u0438\u0442\u0435\u043b\u044c\u043d\u044b\u043c\u0438 \u0441\u043e\u043f\u043b\u0430\u043c\u0438 \u0434\u0438\u0430\u043c\u0435\u0442\u0440\u043e\u043c \u0434\u043e 10\u043c\u043c, \u043e\u0447\u0438\u0441\u0442\u043a\u0430 \u0438\u0437\u0434\u0435\u043b\u0438\u0439 \u043e\u0431\u044b\u0447\u043d\u043e \u0430\u0432\u0442\u043e\u043c\u0430\u0442\u0438\u0437\u0438\u0440\u043e\u0432\u0430\u043d\u0430.<\/p>\n<p><div id=\"attachment_835\" style=\"width: 310px\" class=\"wp-caption alignleft\"><a href=\"https:\/\/www.finnblast.fi\/wp-content\/uploads\/kasipuhalluskaapit3.jpg\" data-rel=\"lightbox-image-2\" data-rl_title=\"\" data-rl_caption=\"\" title=\"\"><img loading=\"lazy\" decoding=\"async\" aria-describedby=\"caption-attachment-835\" class=\"size-medium wp-image-835\" src=\"https:\/\/www.finnblast.fi\/wp-content\/uploads\/kasipuhalluskaapit3-300x226.jpg\" alt=\"FB1800\" width=\"300\" height=\"226\" srcset=\"https:\/\/www.finnblast.fi\/wp-content\/uploads\/kasipuhalluskaapit3-300x226.jpg 300w, https:\/\/www.finnblast.fi\/wp-content\/uploads\/kasipuhalluskaapit3.jpg 338w\" sizes=\"auto, (max-width: 300px) 100vw, 300px\" \/><\/a><p id=\"caption-attachment-835\" class=\"wp-caption-text\">FB1800<\/p><\/div> <div id=\"attachment_836\" style=\"width: 303px\" class=\"wp-caption alignleft\"><a href=\"https:\/\/www.finnblast.fi\/wp-content\/uploads\/kasipuhalluskaapit4.jpg\" data-rel=\"lightbox-image-3\" data-rl_title=\"\" data-rl_caption=\"\" title=\"\"><img loading=\"lazy\" decoding=\"async\" aria-describedby=\"caption-attachment-836\" class=\"size-full wp-image-836\" src=\"https:\/\/www.finnblast.fi\/wp-content\/uploads\/kasipuhalluskaapit4.jpg\" alt=\"FB 3750\" width=\"293\" height=\"255\" \/><\/a><p id=\"caption-attachment-836\" class=\"wp-caption-text\">FB 3750<\/p><\/div><\/p>\n<h2 style=\"clear: both;\">\u0428\u043a\u0430\u0444\u044b \u0440\u0443\u0447\u043d\u043e\u0439 \u043e\u0447\u0438\u0441\u0442\u043a\u0438, \u0438\u043d\u0434\u0438\u0432\u0438\u0434\u0443\u0430\u043b\u044c\u043d\u044b\u0435 \u0440\u0435\u0448\u0435\u043d\u0438\u044f<\/h2>\n<p>\u041f\u043e\u043c\u0438\u043c\u043e \u0441\u0442\u0430\u043d\u0434\u0430\u0440\u0442\u043d\u044b\u0445 \u043c\u043e\u0434\u0435\u043b\u0435\u0439, \u043a\u043e\u043c\u043f\u0430\u043d\u0438\u044f \u043f\u0440\u0435\u0434\u043b\u0430\u0433\u0430\u0435\u0442 \u0431\u043e\u043b\u044c\u0448\u043e\u0439 \u0432\u044b\u0431\u043e\u0440 \u0434\u043e\u043f\u043e\u043b\u043d\u0438\u0442\u0435\u043b\u044c\u043d\u043e\u0433\u043e \u043e\u0431\u043e\u0440\u0443\u0434\u043e\u0432\u0430\u043d\u0438\u044f \u0438 \u043e\u0441\u043d\u0430\u0441\u0442\u043a\u0438 \u0434\u043b\u044f \u0448\u043a\u0430\u0444\u043e\u0432, \u0430 \u0442\u0430\u043a\u0436\u0435 \u043f\u0440\u0435\u0434\u043b\u0430\u0433\u0430\u0435\u0442 \u043e\u0431\u043e\u0440\u0443\u0434\u043e\u0432\u0430\u043d\u0438\u0435, \u0438\u0437\u0433\u043e\u0442\u043e\u0432\u043b\u0435\u043d\u043d\u043e\u0435 \u043f\u043e \u0438\u043d\u0434\u0438\u0432\u0438\u0434\u0443\u0430\u043b\u044c\u043d\u044b\u043c \u043f\u0440\u043e\u0435\u043a\u0442\u0430\u043c. \u0427\u0430\u0441\u0442\u043e \u0443 \u0417\u0430\u043a\u0430\u0437\u0447\u0438\u043a\u043e\u0432 \u0438\u043c\u0435\u044e\u0442\u0441\u044f \u043e\u0433\u0440\u0430\u043d\u0438\u0447\u0435\u043d\u0438\u044f \u043f\u043e \u0441\u0432\u043e\u0431\u043e\u0434\u043d\u043e\u043c\u0443 \u043f\u0440\u043e\u0441\u0442\u0440\u0430\u043d\u0441\u0442\u0432\u0443 \u0434\u043b\u044f \u0443\u0441\u0442\u0430\u043d\u043e\u0432\u043a\u0438 \u043d\u043e\u0432\u043e\u0433\u043e \u043e\u0431\u043e\u0440\u0443\u0434\u043e\u0432\u0430\u043d\u0438\u044f, \u0432 \u0441\u0432\u044f\u0437\u0438 \u0441 \u0447\u0435\u043c, \u0438\u043d\u0436\u0435\u043d\u0435\u0440\u044b \u043a\u043e\u043c\u043f\u0430\u043d\u0438\u0438 \u0434\u043e\u0440\u0430\u0431\u0430\u0442\u044b\u0432\u0430\u044e\u0442 \u0441\u0442\u0430\u043d\u0434\u0430\u0440\u0442\u043d\u044b\u0435 \u043c\u043e\u0434\u0435\u043b\u0438 \u0441 \u0443\u0447\u0435\u0442\u043e\u043c \u043f\u0440\u0435\u0434\u044a\u044f\u0432\u043b\u044f\u0435\u043c\u044b\u0445 \u0442\u0440\u0435\u0431\u043e\u0432\u0430\u043d\u0438\u0439. \u0412 \u043c\u043e\u0434\u0435\u043b\u0438 \u0448\u043a\u0430\u0444\u0430 FB-2400-PN \u043f\u0435\u0440\u0435\u0434\u043d\u044f\u044f \u043f\u0430\u043d\u0435\u043b\u044c \u043e\u0447\u0438\u0441\u0442\u043d\u043e\u0433\u043e \u0448\u043a\u0430\u0444\u0430 \u043e\u0442\u043a\u0440\u044b\u0432\u0430\u0435\u0442\u0441\u044f \u0446\u0435\u043b\u0438\u043a\u043e\u043c \u0432\u0432\u0435\u0440\u0445, \u0447\u0442\u043e \u043e\u0447\u0435\u043d\u044c \u0443\u0434\u043e\u0431\u043d\u043e \u0432 \u0438\u0441\u043f\u043e\u043b\u044c\u0437\u043e\u0432\u0430\u043d\u0438\u0438. \u0422\u044f\u0436\u0435\u043b\u044b\u0435 \u0434\u0435\u0442\u0430\u043b\u0438 \u043c\u043e\u0433\u0443\u0442 \u0437\u0430\u0433\u0440\u0443\u0436\u0430\u0442\u044c\u0441\u044f \u0434\u043b\u044f \u043e\u0447\u0438\u0441\u0442\u043a\u0438 \u043d\u0435\u043f\u043e\u0441\u0440\u0435\u0434\u0441\u0442\u0432\u0435\u043d\u043d\u043e \u043d\u0430 \u043e\u0447\u0438\u0441\u0442\u043d\u0443\u044e \u043f\u043e\u0432\u0435\u0440\u0445\u043d\u043e\u0441\u0442\u044c \u0432\u043d\u0443\u0442\u0440\u0438 \u0448\u043a\u0430\u0444\u0430, \u043f\u0440\u0438 \u044d\u0442\u043e\u043c \u0437\u043d\u0430\u0447\u0438\u0442\u0435\u043b\u044c\u043d\u043e \u044d\u043a\u043e\u043d\u043e\u043c\u0438\u0442\u0441\u044f \u0441\u0432\u043e\u0431\u043e\u0434\u043d\u043e\u0435 \u043f\u0440\u043e\u0441\u0442\u0440\u0430\u043d\u0441\u0442\u0432\u043e \u043f\u0435\u0440\u0435\u0434 \u0443\u0441\u0442\u0430\u043d\u043e\u0432\u043a\u043e\u0439.<\/p>\n<p><div id=\"attachment_837\" style=\"width: 310px\" class=\"wp-caption alignleft\"><a href=\"https:\/\/www.finnblast.fi\/wp-content\/uploads\/kasipuhalluskaapit5.jpg\" data-rel=\"lightbox-image-4\" data-rl_title=\"\" data-rl_caption=\"\" title=\"\"><img loading=\"lazy\" decoding=\"async\" aria-describedby=\"caption-attachment-837\" class=\"size-medium wp-image-837\" src=\"https:\/\/www.finnblast.fi\/wp-content\/uploads\/kasipuhalluskaapit5-300x227.jpg\" alt=\"FB 2400-PN\" width=\"300\" height=\"227\" srcset=\"https:\/\/www.finnblast.fi\/wp-content\/uploads\/kasipuhalluskaapit5-300x227.jpg 300w, https:\/\/www.finnblast.fi\/wp-content\/uploads\/kasipuhalluskaapit5.jpg 336w\" sizes=\"auto, (max-width: 300px) 100vw, 300px\" \/><\/a><p id=\"caption-attachment-837\" class=\"wp-caption-text\">FB 2400-PN<\/p><\/div> <div id=\"attachment_838\" style=\"width: 310px\" class=\"wp-caption alignleft\"><a href=\"https:\/\/www.finnblast.fi\/wp-content\/uploads\/kasipuhalluskaapit6.jpg\" data-rel=\"lightbox-image-5\" data-rl_title=\"\" data-rl_caption=\"\" title=\"\"><img loading=\"lazy\" decoding=\"async\" aria-describedby=\"caption-attachment-838\" class=\"size-medium wp-image-838\" src=\"https:\/\/www.finnblast.fi\/wp-content\/uploads\/kasipuhalluskaapit6-300x227.jpg\" alt=\"FB 2800-3S\" width=\"300\" height=\"227\" srcset=\"https:\/\/www.finnblast.fi\/wp-content\/uploads\/kasipuhalluskaapit6-300x227.jpg 300w, https:\/\/www.finnblast.fi\/wp-content\/uploads\/kasipuhalluskaapit6.jpg 336w\" sizes=\"auto, (max-width: 300px) 100vw, 300px\" \/><\/a><p id=\"caption-attachment-838\" class=\"wp-caption-text\">FB 2800-3S<\/p><\/div><\/p>\n","protected":false},"excerpt":{"rendered":"<p>\u041c\u043e\u0434\u0435\u043b\u044c Galaxy FB 1000\u00a0 \u0414\u0440\u043e\u0431\u0435\u0441\u0442\u0440\u0443\u0439\u043d\u044b\u0435 \u0448\u043a\u0430\u0444\u044b \u0441\u0435\u0440\u0438\u0438 Compact \u2013 \u044d\u0444\u0444\u0435\u043a\u0442\u0438\u0432\u043d\u044b\u0435 \u0438 \u043d\u0430\u0434\u0435\u0436\u043d\u044b\u0435 \u0432 \u0438\u0441\u043f\u043e\u043b\u044c\u0437\u043e\u0432\u0430\u043d\u0438\u0438 \u0443\u0441\u0442\u0430\u043d\u043e\u0432\u043a\u0438 \u0434\u043b\u044f \u0440\u0443\u0447\u043d\u043e\u0439 \u0430\u0431\u0440\u0430\u0437\u0438\u0432\u043d\u043e-\u0441\u0442\u0440\u0443\u0439\u043d\u043e\u0439 \u043e\u0447\u0438\u0441\u0442\u043a\u0438. \u042f\u0440\u043a\u043e\u0435 \u043e\u0441\u0432\u0435\u0449\u0435\u043d\u0438\u0435 \u0438 \u044d\u0444\u0444\u0435\u043a\u0442\u0438\u0432\u043d\u043e\u0435 \u043f\u044b\u043b\u0435\u0443\u0434\u0430\u043b\u0435\u043d\u0438\u0435 \u0433\u0430\u0440\u0430\u043d\u0442\u0438\u0440\u0443\u044e\u0442 \u0445\u043e\u0440\u043e\u0448\u0443\u044e \u0432\u0438\u0434\u0438\u043c\u043e\u0441\u0442\u044c \u0432\u043e \u0432\u0440\u0435\u043c\u044f \u0440\u0430\u0431\u043e\u0442\u044b. \u0428\u043a\u0430\u0444\u044b \u0438\u043c\u0435\u044e\u0442 \u0443\u0441\u0442\u043e\u0439\u0447\u0438\u0432\u0443\u044e \u043a\u043e\u043d\u0441\u0442\u0440\u0443\u043a\u0446\u0438\u044e \u0438 \u0441\u043f\u0440\u043e\u0435\u043a\u0442\u0438\u0440\u043e\u0432\u0430\u043d\u044b \u0434\u043b\u044f \u043f\u0440\u043e\u043c\u044b\u0448\u043b\u0435\u043d\u043d\u043e\u0433\u043e \u0438\u0441\u043f\u043e\u043b\u044c\u0437\u043e\u0432\u0430\u043d\u0438\u044f. \u041d\u0430\u0437\u043d\u0430\u0447\u0435\u043d\u0438\u0435 \u0448\u043a\u0430\u0444\u043e\u0432 \u2013 \u043e\u0447\u0438\u0441\u0442\u043a\u0430 \u043f\u043e\u0432\u0435\u0440\u0445\u043d\u043e\u0441\u0442\u0435\u0439 \u0438\u0437 \u0440\u0430\u0437\u043b\u0438\u0447\u043d\u044b\u0445 \u043c\u0430\u0442\u0435\u0440\u0438\u0430\u043b\u043e\u0432, \u0443\u0434\u0430\u043b\u0435\u043d\u0438\u0435 \u0440\u0436\u0430\u0432\u0447\u0438\u043d\u044b, \u043f\u0440\u0438\u0434\u0430\u043d\u0438\u0435 \u0448\u0435\u0440\u043e\u0445\u043e\u0432\u0430\u0442\u043e\u0441\u0442\u0438, \u043f\u043e\u043b\u0443\u0447\u0435\u043d\u0438\u0435 \u043c\u0430\u0442\u043e\u0432\u043e\u0439 \u043f\u043e\u0432\u0435\u0440\u0445\u043d\u043e\u0441\u0442\u0438. \u0412 [&hellip;]<\/p>\n","protected":false},"author":2,"featured_media":0,"parent":342,"menu_order":0,"comment_status":"closed","ping_status":"open","template":"","meta":{"content-type":"","footnotes":""},"class_list":["post-430","page","type-page","status-publish","hentry"],"_links":{"self":[{"href":"https:\/\/www.finnblast.fi\/ru\/wp-json\/wp\/v2\/pages\/430","targetHints":{"allow":["GET"]}}],"collection":[{"href":"https:\/\/www.finnblast.fi\/ru\/wp-json\/wp\/v2\/pages"}],"about":[{"href":"https:\/\/www.finnblast.fi\/ru\/wp-json\/wp\/v2\/types\/page"}],"author":[{"embeddable":true,"href":"https:\/\/www.finnblast.fi\/ru\/wp-json\/wp\/v2\/users\/2"}],"replies":[{"embeddable":true,"href":"https:\/\/www.finnblast.fi\/ru\/wp-json\/wp\/v2\/comments?post=430"}],"version-history":[{"count":1,"href":"https:\/\/www.finnblast.fi\/ru\/wp-json\/wp\/v2\/pages\/430\/revisions"}],"predecessor-version":[{"id":2808,"href":"https:\/\/www.finnblast.fi\/ru\/wp-json\/wp\/v2\/pages\/430\/revisions\/2808"}],"up":[{"embeddable":true,"href":"https:\/\/www.finnblast.fi\/ru\/wp-json\/wp\/v2\/pages\/342"}],"wp:attachment":[{"href":"https:\/\/www.finnblast.fi\/ru\/wp-json\/wp\/v2\/media?parent=430"}],"curies":[{"name":"wp","href":"https:\/\/api.w.org\/{rel}","templated":true}]}}