{"id":498,"date":"2014-07-04T15:40:20","date_gmt":"2014-07-04T12:40:20","guid":{"rendered":"http:\/\/www.finnblast.fi\/?page_id=498"},"modified":"2017-02-18T11:24:16","modified_gmt":"2017-02-18T09:24:16","slug":"blast-cleaning-rooms","status":"publish","type":"page","link":"https:\/\/www.finnblast.fi\/en\/products\/blast-cleaning-rooms\/blast-cleaning-rooms\/","title":{"rendered":"Blast cleaning rooms"},"content":{"rendered":"<p><strong>Benefits of the Finnblast blast cleaning rooms:<\/strong><\/p>\n<ul>\n<li>Reliable blast cleaning equipment<\/li>\n<li>Reliable blasting medium recycling equipment that has a high tolerance for impurities<\/li>\n<li>Low floor structure that reduces foundation costs<\/li>\n<li>Good visibility due to effective dust removal and bright lighting<\/li>\n<li>Effective removal of impurities from the blasting medium using a vibrating screen and airflow separator.<\/li>\n<\/ul>\n<p><a href=\"https:\/\/www.finnblast.fi\/wp-content\/uploads\/Blast-cleaning-room_Finnblast.jpg\" data-rel=\"lightbox-image-0\" data-rl_title=\"\" data-rl_caption=\"\" title=\"\"><img loading=\"lazy\" decoding=\"async\" class=\"alignnone  wp-image-1714\" src=\"https:\/\/www.finnblast.fi\/wp-content\/uploads\/Blast-cleaning-room_Finnblast-300x211.jpg\" alt=\"blast-cleaning-room_finnblast\" width=\"402\" height=\"283\" srcset=\"https:\/\/www.finnblast.fi\/wp-content\/uploads\/Blast-cleaning-room_Finnblast-300x211.jpg 300w, https:\/\/www.finnblast.fi\/wp-content\/uploads\/Blast-cleaning-room_Finnblast.jpg 827w\" sizes=\"auto, (max-width: 402px) 100vw, 402px\" \/><\/a><\/p>\n<p><strong>The Finnblast blast cleaning rooms consist of the following components:<\/strong><\/p>\n<ul>\n<li>Sound-insulating room with a steel frame, built from sandwich panels<\/li>\n<li>Computer simulated dust removal<\/li>\n<li>Low floor with scraper conveyor to collect the blasting media<\/li>\n<li>Bucket elevator<\/li>\n<li>Airflow separator with vibrating screen<\/li>\n<li>Silo for blasting media<\/li>\n<li>Blasting pot<\/li>\n<li>Ventilation equipment<\/li>\n<\/ul>\n<h2>1. Blast cleaning room<\/h2>\n<p>The blast cleaning room has a steel frame. A thick sandwich element is placed inside the steel frame. This makes for a sealed room structure. The structure provides good sound-proofing; noise level outside the room is below 80 dB(A). The room can be fitted with doors at both ends, allowing for pieces to be transported through it. Pieces can be transported into the room using an overhead conveyor, dollies on rails or a forklift.<\/p>\n<h2>2. Dust removal from the blast cleaning room<\/h2>\n<p>Good visibility during blasting is one of the most important factors affecting productivity. When the visibility is good, the blaster can see which surfaces of the piece are already clean and which still require blasting. When visibility is good, the surfaces of the piece do not need to be blasted over and over again.<\/p>\n<p>Two main factors affect visibility:<br \/> &#8211; The efficiency of dust removal<br \/> &#8211; Lighting<\/p>\n<p>The efficiency of dust removal in Finnblast&#8217;s blast cleaning rooms is maximised by designing air flow and dust removal individually for each room. Below, you will find two simulated images that demonstrate how computerised flow design (CFD) can be used to dramatically improve dust removal.<br \/> For lighting, we use dust-proof lamp fixtures protected against wear. The number and intensity of the lamps is customised for each customer in order to ensure good visibility even during blast cleaning.<\/p>\n<div id=\"attachment_893\" style=\"width: 281px\" class=\"wp-caption alignleft\"><a href=\"https:\/\/www.finnblast.fi\/wp-content\/uploads\/221_2.jpg\" data-rel=\"lightbox-image-1\" data-rl_title=\"\" data-rl_caption=\"\" title=\"\"><img loading=\"lazy\" decoding=\"async\" aria-describedby=\"caption-attachment-893\" class=\"size-full wp-image-893\" src=\"https:\/\/www.finnblast.fi\/wp-content\/uploads\/221_2.jpg\" alt=\"Korvausilma-aukko varustettuna  ilman virtauksen ohjaussiivill\u00e4.Tuloksena tasainen p\u00f6lynpoisto raepuhallushuoneesta.\" width=\"271\" height=\"227\" \/><\/a><p id=\"caption-attachment-893\" class=\"wp-caption-text\">Air flow control guide vanes in the air intake duct. Consistent dust removal inside the entire room.<\/p><\/div>\n<p>&nbsp;<\/p>\n<div id=\"attachment_894\" style=\"width: 260px\" class=\"wp-caption alignleft\"><a href=\"https:\/\/www.finnblast.fi\/wp-content\/uploads\/221_3.jpg\" data-rel=\"lightbox-image-2\" data-rl_title=\"\" data-rl_caption=\"\" title=\"\"><img loading=\"lazy\" decoding=\"async\" aria-describedby=\"caption-attachment-894\" class=\"size-full wp-image-894\" src=\"https:\/\/www.finnblast.fi\/wp-content\/uploads\/221_3.jpg\" alt=\"Korvausilma-aukossa ei ole ilman virtauksen ohjaussiipi\u00e4. Sen vuoksi p\u00f6ly alkaa py\u00f6ri\u00e4 huoneen nurkissa mik\u00e4 huonontaa n\u00e4kyvyytt\u00e4.\" width=\"250\" height=\"216\" \/><\/a><p id=\"caption-attachment-894\" class=\"wp-caption-text\">No guide vanes in the air intake duct. As a result, vortices with dust in the corners reduce visibility.<\/p><\/div>\n<h2>3. Floor with scraper conveyor<\/h2>\n<p>Over the decades, we have found the scraper conveyor floor to be a cost-effective and durable solution. The structure is based on a dolly that moves back and forth between the U steel profiles; the dolly is equipped with scrapers to move the blasting medium. The scraper dolly moves on top of maintenance-free rollers that are protected against the effects of the blasting medium.<br \/> Rubber profiles attached to the scrapers move the blasting medium forward. As the scrapers move forward, they carry the blasting medium with them.<\/p>\n<h2>4. Bucket elevator<\/h2>\n<p>The scraper conveyor carries the blasting medium to the bucket elevator located outside the blasting room. Here, the blasting medium is lifted onto the vibrating screen and airflow separator using an elevator.<\/p>\n<div id=\"attachment_895\" style=\"width: 310px\" class=\"wp-caption alignleft\"><a href=\"https:\/\/www.finnblast.fi\/wp-content\/uploads\/221_4.jpg\" data-rel=\"lightbox-image-3\" data-rl_title=\"\" data-rl_caption=\"\" title=\"\"><img loading=\"lazy\" decoding=\"async\" aria-describedby=\"caption-attachment-895\" class=\"size-medium wp-image-895\" src=\"https:\/\/www.finnblast.fi\/wp-content\/uploads\/221_4-300x247.jpg\" alt=\"Elevaattori,  tuuliluokitin,  raesiilo, paineastia(puhalluskello) ja ohjauskeskus\" width=\"300\" height=\"247\" srcset=\"https:\/\/www.finnblast.fi\/wp-content\/uploads\/221_4-300x247.jpg 300w, https:\/\/www.finnblast.fi\/wp-content\/uploads\/221_4.jpg 387w\" sizes=\"auto, (max-width: 300px) 100vw, 300px\" \/><\/a><p id=\"caption-attachment-895\" class=\"wp-caption-text\">The bucket elevator, wind screen, media silo, the blasting pot and the control panel<\/p><\/div>\n<h2>5. Vibrating screen\/airflow separator<\/h2>\n<p>The purity of the blasting medium is important in terms of productivity. The blasting medium that exits the blast cleaning room contains both coarse impurities and fine dust. A vibrating screen is used to remove coarse, large impurities from the blasting medium. An airflow separator is used to remove fine dust from the blasting medium. The dust is vacuumed into the filter.<\/p>\n<h2>6. Silo for blasting media<\/h2>\n<p>The clean blasting medium flows into the blasting media silo from the air flow separator. The size of the silo, the number of outlets etc. are determined by the application.<\/p>\n<h2>7. Blasting pot<\/h2>\n<p>The size of the blasting pot can vary between customers. The most common size for the blasting pot is 200 l. Several blasting pots are required when more blasters work in the room simultaneously.<br \/> Finnblast&#8217;s blasting pots are equipped with reliable, high-quality blasting medium valves. The valves are sleeve-type, making them easy to adjust and tolerant of impurities and disturbances.<\/p>\n<h2>8. Filter<\/h2>\n<p>The ventilation for the blast cleaning rooms is dimensioned to ensure good visibility during blast cleaning. The dusty air from the room is extracted into a filter. The filters are cartridge-type and have an automatic cartridge cleaning system. The filter separates the dust from the flowing air, and the fresh air is released into the surrounding hall area. Some of it is returned into the blast cleaning room. Dust accumulates into a dust bin located below the filter. A forklift can be used to empty the dust bin, for example.<\/p>\n<div id=\"attachment_896\" style=\"width: 201px\" class=\"wp-caption alignleft\"><a href=\"https:\/\/www.finnblast.fi\/wp-content\/uploads\/221_5.jpg\" data-rel=\"lightbox-image-4\" data-rl_title=\"\" data-rl_caption=\"\" title=\"\"><img loading=\"lazy\" decoding=\"async\" aria-describedby=\"caption-attachment-896\" class=\"size-full wp-image-896\" src=\"https:\/\/www.finnblast.fi\/wp-content\/uploads\/221_5.jpg\" alt=\"Tehokas patruunasuodatin, jonka puhaltimen ulostuloaukossa \u00e4\u00e4nenvaimennin\" width=\"191\" height=\"211\" \/><\/a><p id=\"caption-attachment-896\" class=\"wp-caption-text\">A reliable cartridge filter with noise silencer<\/p><\/div>\n<h2>9. Interior surface protection for blasting rooms<\/h2>\n<p>The interior surfaces of blasting rooms are subjected to harsh wear. Shot may travel at speeds of up to 200 m\/s when it leaves the nozzle. Bouncing of the surface of the blasted surface slows down the shot, but it still moves very quickly. This is why the walls, and often the ceiling as well, need to be protected against the wear caused by the blasting spray and ricochet.<\/p>\n<h2>10. Lighting<\/h2>\n<p>Lighting is an important productivity factor for a blast cleaning room. We provide a sufficient number of lights to maintain bright illumination even when the room is operating at full capacity. We use dust-proofed metal halide lamps for lighting the blast cleaning rooms. The lamps are protected by a separate protective mesh that prevents the medium from hitting the lamp.<\/p>\n<div id=\"attachment_897\" style=\"width: 258px\" class=\"wp-caption alignleft\"><a href=\"https:\/\/www.finnblast.fi\/wp-content\/uploads\/221_6.jpg\" data-rel=\"lightbox-image-5\" data-rl_title=\"\" data-rl_caption=\"\" title=\"\"><img loading=\"lazy\" decoding=\"async\" aria-describedby=\"caption-attachment-897\" class=\"size-full wp-image-897\" src=\"https:\/\/www.finnblast.fi\/wp-content\/uploads\/221_6.jpg\" alt=\"Hyv\u00e4 n\u00e4kyvyys on tuloksena kirkkaasta valasituksesta ja tehokkaasta p\u00f6lynpoistosta\" width=\"248\" height=\"221\" \/><\/a><p id=\"caption-attachment-897\" class=\"wp-caption-text\">Good visibility in the room is the result of bright lights and effective dust removal.<\/p><\/div>\n","protected":false},"excerpt":{"rendered":"<p>Benefits of the Finnblast blast cleaning rooms: Reliable blast cleaning equipment Reliable blasting medium recycling equipment that has a high tolerance for impurities Low floor structure that reduces foundation costs Good visibility due to effective dust removal and bright lighting Effective removal of impurities from the blasting medium using a vibrating screen and airflow separator. [&hellip;]<\/p>\n","protected":false},"author":2,"featured_media":0,"parent":383,"menu_order":0,"comment_status":"closed","ping_status":"open","template":"","meta":{"content-type":"","footnotes":""},"class_list":["post-498","page","type-page","status-publish","hentry"],"_links":{"self":[{"href":"https:\/\/www.finnblast.fi\/en\/wp-json\/wp\/v2\/pages\/498","targetHints":{"allow":["GET"]}}],"collection":[{"href":"https:\/\/www.finnblast.fi\/en\/wp-json\/wp\/v2\/pages"}],"about":[{"href":"https:\/\/www.finnblast.fi\/en\/wp-json\/wp\/v2\/types\/page"}],"author":[{"embeddable":true,"href":"https:\/\/www.finnblast.fi\/en\/wp-json\/wp\/v2\/users\/2"}],"replies":[{"embeddable":true,"href":"https:\/\/www.finnblast.fi\/en\/wp-json\/wp\/v2\/comments?post=498"}],"version-history":[{"count":2,"href":"https:\/\/www.finnblast.fi\/en\/wp-json\/wp\/v2\/pages\/498\/revisions"}],"predecessor-version":[{"id":1726,"href":"https:\/\/www.finnblast.fi\/en\/wp-json\/wp\/v2\/pages\/498\/revisions\/1726"}],"up":[{"embeddable":true,"href":"https:\/\/www.finnblast.fi\/en\/wp-json\/wp\/v2\/pages\/383"}],"wp:attachment":[{"href":"https:\/\/www.finnblast.fi\/en\/wp-json\/wp\/v2\/media?parent=498"}],"curies":[{"name":"wp","href":"https:\/\/api.w.org\/{rel}","templated":true}]}}