{"id":452,"date":"2014-07-04T15:36:18","date_gmt":"2014-07-04T12:36:18","guid":{"rendered":"http:\/\/www.finnblast.fi\/?page_id=452"},"modified":"2020-12-07T20:47:14","modified_gmt":"2020-12-07T18:47:14","slug":"blast-cleaning-of-interior-surfaces","status":"publish","type":"page","link":"https:\/\/www.finnblast.fi\/en\/products\/compressed-air-blast-cleaning-machines\/blast-cleaning-of-interior-surfaces\/","title":{"rendered":"Blast cleaning of interior surfaces"},"content":{"rendered":"<h2><iframe loading=\"lazy\" src=\"\/\/www.youtube.com\/embed\/TybNIyjNYuM\" width=\"560\" height=\"314\" allowfullscreen=\"allowfullscreen\"><\/iframe><\/h2>\n<h2>Nozzles for the blast cleaning tubes inside and other\u00a0 interior surfaces\/<\/h2>\n<p>Finnblast offers solutions for interior blast cleaning according to the customer&#8217;s needs. Special nozzles are used for the blast cleaning of interior surfaces. If necessary, we can also manufacture customer-specific nozzles for interior blast cleaning, such as nozzles for small openings. There are 4 basic nozzle types available for the blast cleaning of interior surfaces: a) Nozzles with a 360-degree blasting pattern. When using these nozzles, neither the nozzle nor the piece needs to be rotated. b) Rotating nozzles that rotate by 360 degrees. c) Fixed straight or curved nozzles where the blast cleaning pattern does not rotate, but the piece can be rotated during blast cleaning. d) Special nozzles, such as rotating nozzles for the blast cleaning of small openings. These nozzles are manufactured by us.<\/p>\n<div id=\"attachment_878\" style=\"width: 310px\" class=\"wp-caption alignleft\"><a href=\"https:\/\/www.finnblast.fi\/wp-content\/uploads\/218_1.jpg\" data-rel=\"lightbox-image-0\" data-rl_title=\"\" data-rl_caption=\"\" title=\"\"><img loading=\"lazy\" decoding=\"async\" aria-describedby=\"caption-attachment-878\" class=\"size-medium wp-image-878\" src=\"https:\/\/www.finnblast.fi\/wp-content\/uploads\/218_1-300x236.jpg\" alt=\"Sis\u00e4puolen puhallussuuttimia\" width=\"300\" height=\"236\" srcset=\"https:\/\/www.finnblast.fi\/wp-content\/uploads\/218_1-300x236.jpg 300w, https:\/\/www.finnblast.fi\/wp-content\/uploads\/218_1.jpg 527w\" sizes=\"auto, (max-width: 300px) 100vw, 300px\" \/><\/a><p id=\"caption-attachment-878\" class=\"wp-caption-text\">Interior surface blast cleaning nozzles<\/p><\/div>\n<h2>Machines for the blast cleaning of interior surfaces\/tubes inside<\/h2>\n<p>We have developed blast cleaning machines for the blasting of interior surfaces according to our customers&#8217; needs. The design of the machine depends on the size and shape of the pieces to be blasted, the number of pieces, the required surface quality and other related factors. The machines may be manually operated or fully automatic. Different types of conveyors are used to carry the pieces into the blast cleaning machine.<\/p>\n<p><div id=\"attachment_880\" style=\"width: 310px\" class=\"wp-caption alignleft\"><a href=\"https:\/\/www.finnblast.fi\/wp-content\/uploads\/218_2.jpg\" data-rel=\"lightbox-image-1\" data-rl_title=\"\" data-rl_caption=\"\" title=\"\"><img loading=\"lazy\" decoding=\"async\" aria-describedby=\"caption-attachment-880\" class=\"size-medium wp-image-880\" src=\"https:\/\/www.finnblast.fi\/wp-content\/uploads\/218_2-300x261.jpg\" alt=\"Putkien\/akselien sis\u00e4puolen puhallusautomaatti\" width=\"300\" height=\"261\" srcset=\"https:\/\/www.finnblast.fi\/wp-content\/uploads\/218_2-300x261.jpg 300w, https:\/\/www.finnblast.fi\/wp-content\/uploads\/218_2.jpg 431w\" sizes=\"auto, (max-width: 300px) 100vw, 300px\" \/><\/a><p id=\"caption-attachment-880\" class=\"wp-caption-text\">cleaning machine for the interior surfaces of tubes\/axles<\/p><\/div> <div id=\"attachment_881\" style=\"width: 192px\" class=\"wp-caption alignleft\"><a href=\"https:\/\/www.finnblast.fi\/wp-content\/uploads\/218_3.jpg\" data-rel=\"lightbox-image-2\" data-rl_title=\"\" data-rl_caption=\"\" title=\"\"><img loading=\"lazy\" decoding=\"async\" aria-describedby=\"caption-attachment-881\" class=\"size-medium wp-image-881\" src=\"https:\/\/www.finnblast.fi\/wp-content\/uploads\/218_3-182x300.jpg\" alt=\"S\u00e4ili\u00f6iden sis\u00e4puolen puhallus automaattiseesti riippuradalla\" width=\"182\" height=\"300\" srcset=\"https:\/\/www.finnblast.fi\/wp-content\/uploads\/218_3-182x300.jpg 182w, https:\/\/www.finnblast.fi\/wp-content\/uploads\/218_3.jpg 331w\" sizes=\"auto, (max-width: 182px) 100vw, 182px\" \/><\/a><p id=\"caption-attachment-881\" class=\"wp-caption-text\">Automatic blast cleaning for the interior surfaces of tanks using an overhead conveyor<\/p><\/div> <div id=\"attachment_882\" style=\"width: 310px\" class=\"wp-caption alignleft\"><a href=\"https:\/\/www.finnblast.fi\/wp-content\/uploads\/218_4.jpg\" data-rel=\"lightbox-image-3\" data-rl_title=\"\" data-rl_caption=\"\" title=\"\"><img loading=\"lazy\" decoding=\"async\" aria-describedby=\"caption-attachment-882\" class=\"size-medium wp-image-882\" src=\"https:\/\/www.finnblast.fi\/wp-content\/uploads\/218_4-300x195.jpg\" alt=\"Suurien s\u00e4ili\u00f6iden (tilavuus 5 m3) sis\u00e4puolen raepuhallus automaattisesti\" width=\"300\" height=\"195\" srcset=\"https:\/\/www.finnblast.fi\/wp-content\/uploads\/218_4-300x195.jpg 300w, https:\/\/www.finnblast.fi\/wp-content\/uploads\/218_4.jpg 608w\" sizes=\"auto, (max-width: 300px) 100vw, 300px\" \/><\/a><p id=\"caption-attachment-882\" class=\"wp-caption-text\">Automatic blast cleaning for the interior surfaces of large tanks (volume 5 m3)<\/p><\/div><\/p>\n","protected":false},"excerpt":{"rendered":"<p>Nozzles for the blast cleaning tubes inside and other\u00a0 interior surfaces\/ Finnblast offers solutions for interior blast cleaning according to the customer&#8217;s needs. Special nozzles are used for the blast cleaning of interior surfaces. If necessary, we can also manufacture customer-specific nozzles for interior blast cleaning, such as nozzles for small openings. There are 4 [&hellip;]<\/p>\n","protected":false},"author":2,"featured_media":0,"parent":382,"menu_order":0,"comment_status":"closed","ping_status":"open","template":"","meta":{"content-type":"","footnotes":""},"class_list":["post-452","page","type-page","status-publish","hentry"],"_links":{"self":[{"href":"https:\/\/www.finnblast.fi\/en\/wp-json\/wp\/v2\/pages\/452","targetHints":{"allow":["GET"]}}],"collection":[{"href":"https:\/\/www.finnblast.fi\/en\/wp-json\/wp\/v2\/pages"}],"about":[{"href":"https:\/\/www.finnblast.fi\/en\/wp-json\/wp\/v2\/types\/page"}],"author":[{"embeddable":true,"href":"https:\/\/www.finnblast.fi\/en\/wp-json\/wp\/v2\/users\/2"}],"replies":[{"embeddable":true,"href":"https:\/\/www.finnblast.fi\/en\/wp-json\/wp\/v2\/comments?post=452"}],"version-history":[{"count":3,"href":"https:\/\/www.finnblast.fi\/en\/wp-json\/wp\/v2\/pages\/452\/revisions"}],"predecessor-version":[{"id":3035,"href":"https:\/\/www.finnblast.fi\/en\/wp-json\/wp\/v2\/pages\/452\/revisions\/3035"}],"up":[{"embeddable":true,"href":"https:\/\/www.finnblast.fi\/en\/wp-json\/wp\/v2\/pages\/382"}],"wp:attachment":[{"href":"https:\/\/www.finnblast.fi\/en\/wp-json\/wp\/v2\/media?parent=452"}],"curies":[{"name":"wp","href":"https:\/\/api.w.org\/{rel}","templated":true}]}}