{"id":138,"date":"2014-07-02T18:54:34","date_gmt":"2014-07-02T15:54:34","guid":{"rendered":"http:\/\/www.finnblast.fi\/?page_id=138"},"modified":"2026-02-27T11:38:55","modified_gmt":"2026-02-27T09:38:55","slug":"contact","status":"publish","type":"page","link":"https:\/\/www.finnblast.fi\/en\/contact\/","title":{"rendered":"Contact"},"content":{"rendered":"<div class=\"laatikko\">\n<h2>Contact information<\/h2>\n<div class=\"laatikko\">\n<h2><strong>Finnblast Oy <\/strong><\/h2>\n<p><strong>vat nro: FI06170350<\/strong><\/p>\n<p>Keskuskatu 22<br \/>\nFIN-92350 Revonlahti<\/p>\n<p>Email:<a href=\"mailto:finnblast@finnblast.fi\"> finnblast@finnblast.fi<\/a><br \/>\nPuh: +358 8 2755 300<\/p>\n<h2>Contact persons<\/h2>\n<p><strong>Managing director<\/strong><br \/>\nTeijo Rautio<br \/>\npuh: +358 40 7465893<br \/>\nemail: <a href=\"mailto:teijo.rautio@finnblast.fi\">teijo.rautio@finnblast.fi<\/a><\/p>\n<p><strong>Sales<\/strong><br \/>\nSeppo Koivuniemi<br \/>\npuh: +358 40 5128 741<br \/>\nemail: <a href=\"mailto:seppo.koivuniemi@finnblast.fi\">seppo.koivuniemi@finnblast.fi<\/a><\/p>\n<p><strong>Sales<\/strong><br \/>\nPetri Ravanne\u00a0<br \/>\npuh: +358 40 5909 571<br \/>\nemail: <a href=\"mailto:petri.ravanne@prodmac.fi\">petri.ravanne@prodmac.fi<\/a><\/p>\n<p><strong>Service and spare parts<\/strong><br \/>\nTeemu M\u00e4\u00e4tt\u00e4<br \/>\npuh.\u00a0 +358 45 638 9889<br \/>\nemail: <a href=\"mailto:service@finnblast.fi\">service@finnblast.fi<\/a><\/p>\n<p><strong>Design<\/strong><br \/>\nTeemu M\u00e4\u00e4tt\u00e4<br \/>\npuh.\u00a0 +358 45 638 9889<br \/>\nemail: <a href=\"mailto:teemu.maatta@finnblast.fi\">teemu.maatta@finnblast.fi<\/a><\/p>\n<p><strong>Automation and control of machines<\/strong><br \/>\nMarko Niskala<br \/>\npuh. +358 40 5933 329<br \/>\nemail:<a href=\"mailto:marko.niskala@finnblast.fi\">marko.niskala@finnblast.fi<\/a><\/p>\n<p><strong>Chairman of the board<\/strong><br \/>\nMika Koivuniemi<br \/>\npuh.\u00a0 +358 40 7419 991<br \/>\nemail: <a href=\"mailto:mika.koivuniemi@prodmac.fi\">mika.koivuniemi@prodmac.fi<\/a><\/p>\n<p><strong>Invoices<\/strong><br \/>\nAnna-Kaisa H\u00e4m\u00e4l\u00e4inen<br \/>\npuh. +358 44 5020 880<br \/>\nemail:<a href=\"mailto:annakaisa.hamalainen@prodmac.fi\">annakaisa.hamalainen@prodmac.fi<\/a><\/p>\n<p>&nbsp;<\/p>\n<\/div>\n<p>&nbsp;<\/p>\n<div style=\"width: 10%; float: left;\">\u00a0<\/div>\n<div class=\"laatikko\">\n<p>&nbsp;<\/p>\n<\/div>\n<\/div>\n<div class=\"laatikko\">\n<h2>Map<\/h2>\n\n<\/div>\n<div style=\"width: 10%; float: left;\">\u00a0<\/div>\n<div class=\"laatikko\">\n<h2>Contact form<\/h2>\n<p>Please fill the contact form below\u00a0 and we will soon be in touch with you. Thank you.<\/p>\n<p>* Marked cells are required.<\/p>\n\n<div class=\"wpcf7 no-js\" id=\"wpcf7-f1210-o1\" lang=\"en-US\" dir=\"ltr\" data-wpcf7-id=\"1210\">\n<div class=\"screen-reader-response\"><p role=\"status\" aria-live=\"polite\" aria-atomic=\"true\"><\/p> <ul><\/ul><\/div>\n<form action=\"\/en\/wp-json\/wp\/v2\/pages\/138#wpcf7-f1210-o1\" method=\"post\" class=\"wpcf7-form init\" aria-label=\"Contact form\" novalidate=\"novalidate\" data-status=\"init\">\n<fieldset class=\"hidden-fields-container\"><input type=\"hidden\" name=\"_wpcf7\" value=\"1210\" \/><input type=\"hidden\" name=\"_wpcf7_version\" value=\"6.1.5\" \/><input type=\"hidden\" name=\"_wpcf7_locale\" value=\"en_US\" \/><input type=\"hidden\" name=\"_wpcf7_unit_tag\" value=\"wpcf7-f1210-o1\" \/><input type=\"hidden\" name=\"_wpcf7_container_post\" value=\"0\" \/><input type=\"hidden\" name=\"_wpcf7_posted_data_hash\" value=\"\" \/><input type=\"hidden\" name=\"_wpcf7_recaptcha_response\" value=\"\" \/>\n<\/fieldset>\n<p>Name *\n<\/p>\n<p><span class=\"wpcf7-form-control-wrap\" data-name=\"your-name\"><input size=\"40\" maxlength=\"400\" class=\"wpcf7-form-control wpcf7-text wpcf7-validates-as-required\" aria-required=\"true\" aria-invalid=\"false\" value=\"\" type=\"text\" name=\"your-name\" \/><\/span>\n<\/p>\n<p>Email *\n<\/p>\n<p><span class=\"wpcf7-form-control-wrap\" data-name=\"your-email\"><input size=\"40\" maxlength=\"400\" class=\"wpcf7-form-control wpcf7-email wpcf7-validates-as-required wpcf7-text wpcf7-validates-as-email\" aria-required=\"true\" aria-invalid=\"false\" value=\"\" type=\"email\" name=\"your-email\" \/><\/span>\n<\/p>\n<p>Phone\n<\/p>\n<p><span class=\"wpcf7-form-control-wrap\" data-name=\"your-phone\"><input size=\"40\" maxlength=\"400\" class=\"wpcf7-form-control wpcf7-text\" aria-invalid=\"false\" value=\"\" type=\"text\" name=\"your-phone\" \/><\/span>\n<\/p>\n<p>Message *\n<\/p>\n<p><span class=\"wpcf7-form-control-wrap\" data-name=\"your-message\"><textarea cols=\"40\" rows=\"10\" maxlength=\"2000\" class=\"wpcf7-form-control wpcf7-textarea wpcf7-validates-as-required\" aria-required=\"true\" aria-invalid=\"false\" name=\"your-message\"><\/textarea><\/span>\n<\/p>\n<p><input class=\"wpcf7-form-control wpcf7-submit has-spinner\" type=\"submit\" value=\"Send\" \/>\n<\/p><div class=\"wpcf7-response-output\" aria-hidden=\"true\"><\/div>\n<\/form>\n<\/div>\n\n<\/div>\n","protected":false},"excerpt":{"rendered":"<p>Contact information Finnblast Oy vat nro: FI06170350 Keskuskatu 22 FIN-92350 Revonlahti Email: finnblast@finnblast.fi Puh: +358 8 2755 300 Contact persons Managing director Teijo Rautio puh: +358 40 7465893 email: teijo.rautio@finnblast.fi Sales Seppo Koivuniemi puh: +358 40 5128 741 email: seppo.koivuniemi@finnblast.fi Sales Petri Ravanne\u00a0 puh: +358 40 5909 571 email: petri.ravanne@prodmac.fi Service and spare parts Teemu [&hellip;]<\/p>\n","protected":false},"author":2,"featured_media":0,"parent":0,"menu_order":5,"comment_status":"closed","ping_status":"open","template":"","meta":{"content-type":"","footnotes":""},"class_list":["post-138","page","type-page","status-publish","hentry"],"_links":{"self":[{"href":"https:\/\/www.finnblast.fi\/en\/wp-json\/wp\/v2\/pages\/138","targetHints":{"allow":["GET"]}}],"collection":[{"href":"https:\/\/www.finnblast.fi\/en\/wp-json\/wp\/v2\/pages"}],"about":[{"href":"https:\/\/www.finnblast.fi\/en\/wp-json\/wp\/v2\/types\/page"}],"author":[{"embeddable":true,"href":"https:\/\/www.finnblast.fi\/en\/wp-json\/wp\/v2\/users\/2"}],"replies":[{"embeddable":true,"href":"https:\/\/www.finnblast.fi\/en\/wp-json\/wp\/v2\/comments?post=138"}],"version-history":[{"count":17,"href":"https:\/\/www.finnblast.fi\/en\/wp-json\/wp\/v2\/pages\/138\/revisions"}],"predecessor-version":[{"id":3751,"href":"https:\/\/www.finnblast.fi\/en\/wp-json\/wp\/v2\/pages\/138\/revisions\/3751"}],"wp:attachment":[{"href":"https:\/\/www.finnblast.fi\/en\/wp-json\/wp\/v2\/media?parent=138"}],"curies":[{"name":"wp","href":"https:\/\/api.w.org\/{rel}","templated":true}]}}