{"id":625,"date":"2014-07-04T15:52:17","date_gmt":"2014-07-04T12:52:17","guid":{"rendered":"http:\/\/www.finnblast.fi\/?page_id=625"},"modified":"2019-11-02T08:41:39","modified_gmt":"2019-11-02T06:41:39","slug":"eisenbahn","status":"publish","type":"page","link":"https:\/\/www.finnblast.fi\/de\/branchenlosungen\/eisenbahn\/","title":{"rendered":"Eisenbahn"},"content":{"rendered":"<h2>Sandstrahlen der Rads\u00e4tze von Eisenbahnwaggons<\/h2>\n<p>Bei der Wartung von Rads\u00e4tzen ist die Suche nach Rissen eine wichtige Arbeitsphase. Die Rads\u00e4tze werden nach dem neuen Standard VPI \u00fcberpr\u00fcft.<br \/>\nZu diesem Zweck m\u00fcssen die Rads\u00e4tze sauber gestrahlt werden.<br \/>\nDer Rost und der alte Anstrich werden entfernt. Finnblast hat eine Anlage f\u00fcr das Sandstrahlen von Rads\u00e4tzen entwickelt, die die Anforderungen von VPI erf\u00fcllt.<\/p>\n<p>Die Anlage hat u. a. folgende Vorteile:<\/p>\n<p>&#8211; Sie ist funktionssicher.<br \/>\n&#8211; Damit k\u00f6nnen alle Achsentypen gestrahlt werden.<br \/>\n&#8211; Sie ist einfach f\u00fcr verschiedene Achsentypen programmierbar.<br \/>\n&#8211; Ausreichend Kapazit\u00e4t<br \/>\n&#8211; Die Anlage ist leise und staubfrei.<\/p>\n<p><a href=\"https:\/\/www.finnblast.fi\/wp-content\/uploads\/38_1.jpg\" data-rel=\"lightbox-image-0\" data-rl_title=\"\" data-rl_caption=\"\" title=\"\"><img loading=\"lazy\" decoding=\"async\" class=\"alignleft size-medium wp-image-1008\" src=\"https:\/\/www.finnblast.fi\/wp-content\/uploads\/38_1-300x224.jpg\" alt=\"38_1\" width=\"300\" height=\"224\" srcset=\"https:\/\/www.finnblast.fi\/wp-content\/uploads\/38_1-300x224.jpg 300w, https:\/\/www.finnblast.fi\/wp-content\/uploads\/38_1.jpg 522w\" sizes=\"auto, (max-width: 300px) 100vw, 300px\" \/><\/a><\/p>\n<p><a href=\"https:\/\/www.finnblast.fi\/wp-content\/uploads\/38_2.jpg\" data-rel=\"lightbox-image-1\" data-rl_title=\"\" data-rl_caption=\"\" title=\"\"><img loading=\"lazy\" decoding=\"async\" class=\"alignleft size-medium wp-image-1009\" src=\"https:\/\/www.finnblast.fi\/wp-content\/uploads\/38_2-300x240.jpg\" alt=\"38_2\" width=\"300\" height=\"240\" srcset=\"https:\/\/www.finnblast.fi\/wp-content\/uploads\/38_2-300x240.jpg 300w, https:\/\/www.finnblast.fi\/wp-content\/uploads\/38_2.jpg 523w\" sizes=\"auto, (max-width: 300px) 100vw, 300px\" \/><\/a><\/p>\n<h2>Neue Bandschleifmaschine f\u00fcr Radsatzachsen<\/h2>\n<p>Manuelles Schleifen von Radsatzachsen ist eine harte Arbeit.\u00a0 \u00a0Finnblast Oy hat eine neue, vollautomatische\u00a0 Bandschleifanlage f\u00fcr diese Arbeit entwickelt.\u00a0 Die vollautomatische Anlage ersetzt die manuellen Schleifarbeit. Die Bandschleifmaschine ist ein Durchlaufanlage.\u00a0 Die Rads\u00e4tze werden auf die Gleis in die Anlagenkabine gef\u00f6rdert.\u00a0 Die Hubt\u00fcre werden zu gemacht und das Schleifen ist in einer geschlossener Kabine durchgef\u00fchrt. Der Radsatz rotiert w\u00e4hrend des Schleifens.\u00a0 Das Schleifverfahren kann nach der Radsatzgeometrie programmiert werden. Nach dem Schleifen ein\u00a0 hydraulischer Mechanismus schiebt den Radsatz aus von der Kabine.\u00a0\u00a0<\/p>\n<div id=\"attachment_1911\" style=\"width: 310px\" class=\"wp-caption alignnone\"><a href=\"https:\/\/www.finnblast.fi\/industries\/railways\/grinding-machine_pic_1\/\" rel=\"attachment wp-att-1911\"><img loading=\"lazy\" decoding=\"async\" aria-describedby=\"caption-attachment-1911\" class=\"wp-image-1911 size-medium\" src=\"https:\/\/www.finnblast.fi\/wp-content\/uploads\/Grinding-machine_pic_1-300x120.jpg\" alt=\"\" width=\"300\" height=\"120\" srcset=\"https:\/\/www.finnblast.fi\/wp-content\/uploads\/Grinding-machine_pic_1-300x120.jpg 300w, https:\/\/www.finnblast.fi\/wp-content\/uploads\/Grinding-machine_pic_1-768x307.jpg 768w, https:\/\/www.finnblast.fi\/wp-content\/uploads\/Grinding-machine_pic_1.jpg 787w\" sizes=\"auto, (max-width: 300px) 100vw, 300px\" \/><\/a><p id=\"caption-attachment-1911\" class=\"wp-caption-text\">Arbeitsprinzip der Achsenschleifmaschine<\/p><\/div>\n<p>Ein Datenblatt der Anlage ist hier zu laden: <a href=\"https:\/\/www.finnblast.fi\/wp-content\/uploads\/Radsatzschleifanlage_DE.pdf\">Radsatzschleifanlage_DE<\/a><\/p>\n<p>F\u00fcr weiteren Infomationen bitte auf unserem Verkauf Kontakt nehmen oder eine email an finnblast@finnblast.fi schicken.<\/p>\n<p>&nbsp;<\/p>\n<h2>Sandstrahlen der Eisenbahnwagen<\/h2>\n<p>F\u00fcr das Strahlen von Eisenbahnwagen\u00a0 bieten wir komplette Strahlhallen an.<\/p>\n<p>Die Hallen k\u00f6nnen unterschiedlich ausgestattet werden f\u00fcr manuelles Sandstrahlken oder mit vollautomatische Robotersandstrahlanlagen.<\/p>\n<p><a href=\"https:\/\/www.finnblast.fi\/wp-content\/uploads\/38_3.jpg\" data-rel=\"lightbox-image-2\" data-rl_title=\"\" data-rl_caption=\"\" title=\"\"><img loading=\"lazy\" decoding=\"async\" class=\"alignleft size-medium wp-image-1010\" src=\"https:\/\/www.finnblast.fi\/wp-content\/uploads\/38_3-300x188.jpg\" alt=\"38_3\" width=\"300\" height=\"188\" srcset=\"https:\/\/www.finnblast.fi\/wp-content\/uploads\/38_3-300x188.jpg 300w, https:\/\/www.finnblast.fi\/wp-content\/uploads\/38_3.jpg 590w\" sizes=\"auto, (max-width: 300px) 100vw, 300px\" \/><\/a><\/p>\n","protected":false},"excerpt":{"rendered":"<p>Sandstrahlen der Rads\u00e4tze von Eisenbahnwaggons Bei der Wartung von Rads\u00e4tzen ist die Suche nach Rissen eine wichtige Arbeitsphase. Die Rads\u00e4tze werden nach dem neuen Standard VPI \u00fcberpr\u00fcft. Zu diesem Zweck m\u00fcssen die Rads\u00e4tze sauber gestrahlt werden. Der Rost und der alte Anstrich werden entfernt. Finnblast hat eine Anlage f\u00fcr das Sandstrahlen von Rads\u00e4tzen entwickelt, die [&hellip;]<\/p>\n","protected":false},"author":2,"featured_media":0,"parent":152,"menu_order":0,"comment_status":"closed","ping_status":"open","template":"","meta":{"content-type":"","footnotes":""},"class_list":["post-625","page","type-page","status-publish","hentry"],"_links":{"self":[{"href":"https:\/\/www.finnblast.fi\/de\/wp-json\/wp\/v2\/pages\/625","targetHints":{"allow":["GET"]}}],"collection":[{"href":"https:\/\/www.finnblast.fi\/de\/wp-json\/wp\/v2\/pages"}],"about":[{"href":"https:\/\/www.finnblast.fi\/de\/wp-json\/wp\/v2\/types\/page"}],"author":[{"embeddable":true,"href":"https:\/\/www.finnblast.fi\/de\/wp-json\/wp\/v2\/users\/2"}],"replies":[{"embeddable":true,"href":"https:\/\/www.finnblast.fi\/de\/wp-json\/wp\/v2\/comments?post=625"}],"version-history":[{"count":6,"href":"https:\/\/www.finnblast.fi\/de\/wp-json\/wp\/v2\/pages\/625\/revisions"}],"predecessor-version":[{"id":2791,"href":"https:\/\/www.finnblast.fi\/de\/wp-json\/wp\/v2\/pages\/625\/revisions\/2791"}],"up":[{"embeddable":true,"href":"https:\/\/www.finnblast.fi\/de\/wp-json\/wp\/v2\/pages\/152"}],"wp:attachment":[{"href":"https:\/\/www.finnblast.fi\/de\/wp-json\/wp\/v2\/media?parent=625"}],"curies":[{"name":"wp","href":"https:\/\/api.w.org\/{rel}","templated":true}]}}