{"id":622,"date":"2014-07-04T15:52:01","date_gmt":"2014-07-04T12:52:01","guid":{"rendered":"http:\/\/www.finnblast.fi\/?page_id=622"},"modified":"2016-06-29T17:15:25","modified_gmt":"2016-06-29T14:15:25","slug":"kunststoff-und-gummiindustrie","status":"publish","type":"page","link":"https:\/\/www.finnblast.fi\/de\/branchenlosungen\/kunststoff-und-gummiindustrie\/","title":{"rendered":"Kunststoff- und Gummiindustrie"},"content":{"rendered":"<h2>Reinigung der Werkzeuge und Formen<\/h2>\n<p>Die Reinigung der Werkzeuge und Formen in der Kunststoff- und Gummiindustrie ist ein wichtiger Bestandteil eines qualit\u00e4ts- und kostenoptimierten Fertigungsprozesses. In Finnblast Anlagen kann die Methode f\u00fcr das reinigen der Formen\u00a0 der Kundenw\u00fcnsche entsprechend gew\u00e4hlt werden.\u00a0 In einer Kabine k\u00f6nnen bei Bedarf zwei Strahlmittel verwendet werden, z.B Keramikkugeln und Trockeneis.<\/p>\n<p>Die Formen werden in einer geschlossenen Kabine gestrahlt. Sowohl das Strahlmittel, z.B Glassperlen, Keramikperlen, Kunsstoff oder Trockeneis als auch die Gr\u00f6sse der Kabine wird den Kundenw\u00fcnschen entsprechend gew\u00e4hlt.<\/p>\n<p>D\u00ede Strahlen\u00a0 kann entweder manuell oder automatisch durchgef\u00fchrt werden. Automatische Anlagen kommen besonders in F\u00e4llen in Frage, in denen die Qualit\u00e4tsanforderung f\u00fcr die Oberfl\u00e4chenqualit\u00e4t hoch sind oder\u00a0 grosse Mengen\u00a0 an nTeile zu strahlen sind.<\/p>\n<p>In der vollautomatische Anlage ist die D\u00fcsenbewegung programmierbar. Das robotisierte Strahlen ist vollautomatisch.<\/p>\n<p><a href=\"https:\/\/www.finnblast.fi\/wp-content\/uploads\/muottikaappi_1.jpg\" data-rel=\"lightbox-image-0\" data-rl_title=\"\" data-rl_caption=\"\" title=\"\"><img loading=\"lazy\" decoding=\"async\" class=\"alignleft size-medium wp-image-989\" src=\"https:\/\/www.finnblast.fi\/wp-content\/uploads\/muottikaappi_1-259x300.jpg\" alt=\"muottikaappi_1\" width=\"259\" height=\"300\" srcset=\"https:\/\/www.finnblast.fi\/wp-content\/uploads\/muottikaappi_1-259x300.jpg 259w, https:\/\/www.finnblast.fi\/wp-content\/uploads\/muottikaappi_1.jpg 569w\" sizes=\"auto, (max-width: 259px) 100vw, 259px\" \/><\/a><a href=\"https:\/\/www.finnblast.fi\/wp-content\/uploads\/DSC04027_301.jpg\" data-rel=\"lightbox-image-1\" data-rl_title=\"\" data-rl_caption=\"\" title=\"\"><img loading=\"lazy\" decoding=\"async\" class=\"alignnone size-medium wp-image-1299\" src=\"https:\/\/www.finnblast.fi\/wp-content\/uploads\/DSC04027_301-300x168.jpg\" alt=\"DSC04027_30\" width=\"300\" height=\"168\" srcset=\"https:\/\/www.finnblast.fi\/wp-content\/uploads\/DSC04027_301-300x168.jpg 300w, https:\/\/www.finnblast.fi\/wp-content\/uploads\/DSC04027_301-1024x576.jpg 1024w, https:\/\/www.finnblast.fi\/wp-content\/uploads\/DSC04027_301.jpg 1383w\" sizes=\"auto, (max-width: 300px) 100vw, 300px\" \/><\/a><\/p>\n<h2>Walzenbeschichtung<\/h2>\n<p>Die Haftf\u00e4higkeit der Beschichtung von Walzen ist ein wichtiges Qualit\u00e4tsmerkmal. Die Haftung ist von der richtigen Rauheit der Oberfl\u00e4che abh\u00e4ngig.<br \/> Mit unseren Anlagen kann die f\u00fcr die Beschichtung notwendige Rauheit erzeugt werden und mit den automatischen Strahlanlagen ist\u00a0 die Oberfl\u00e4chenrauheit\u00a0 dauerhaft gleich bleibend.<\/p>\n<p>Unsere Produktpalette umfasst mehrere Anlagenmodelle, die sich f\u00fcr Unternehmen eignen, die Rollen, Achsen und Walzen beschichten.<\/p>\n<p>&#8211; Kleine Handstrahlkabinen, z. B. FB 1100<br \/> &#8211; Gro\u00dfe automatische Kabinen<br \/> &#8211; Strahlhallen<\/p>\n<p>Die automatische Sandstrahlanlage FB-3750 eignet sich zum Sandstrahlen und Aufrauen der Oberfl\u00e4che von Rotationsk\u00f6rpern wie Rollen, Walzen und anderen zylinderf\u00f6rmigen Teilen. Die Werkst\u00fccke werden in einer geschlossenen Kammer automatisch sandgestrahlt.<\/p>\n<p>Als Zubeh\u00f6r k\u00f6nnen die Kabinen u. a. mit einem Drehtisch ausgestattet werden, auf dem manuell oder automatisch auch andere Teile als die Rotationsk\u00f6rper gestrahlt werden k\u00f6nnen.<\/p>\n<p><a href=\"https:\/\/www.finnblast.fi\/wp-content\/uploads\/35_1.jpg\" data-rel=\"lightbox-image-2\" data-rl_title=\"\" data-rl_caption=\"\" title=\"\"><img loading=\"lazy\" decoding=\"async\" class=\"alignleft size-medium wp-image-988\" src=\"https:\/\/www.finnblast.fi\/wp-content\/uploads\/35_1-300x224.jpg\" alt=\"35_1\" width=\"300\" height=\"224\" srcset=\"https:\/\/www.finnblast.fi\/wp-content\/uploads\/35_1-300x224.jpg 300w, https:\/\/www.finnblast.fi\/wp-content\/uploads\/35_1.jpg 546w\" sizes=\"auto, (max-width: 300px) 100vw, 300px\" \/><\/a><\/p>\n<h2>Aufrauen der Oberfl\u00e4chen von gro\u00dfen Rollen<\/h2>\n<p>Zum Reinigen und Aufrauen der Oberfl\u00e4che von gro\u00dfen Rollen, wie z.B. von Papiermaschinen, ist das Anlagenmodell FBC geeignet. Seine Reinigungsleistung ist hoch. Die Anlage verf\u00fcgt \u00fcber einen staubfreien Strahlkopf, der auf die Oberfl\u00e4che der Rolle gedr\u00fcckt wird.<\/p>\n<p>Zur Sandstrahlkammer geh\u00f6rt auch ein Rotationswagen. Die Tragf\u00e4higkeit des Wagens kann bis zu 60 t betragen.<\/p>\n<p><a href=\"https:\/\/www.finnblast.fi\/wp-content\/uploads\/35_2.jpg\" data-rel=\"lightbox-image-3\" data-rl_title=\"\" data-rl_caption=\"\" title=\"\"><img loading=\"lazy\" decoding=\"async\" class=\"alignleft size-medium wp-image-991\" src=\"https:\/\/www.finnblast.fi\/wp-content\/uploads\/35_2-300x239.jpg\" alt=\"35_2\" width=\"300\" height=\"239\" srcset=\"https:\/\/www.finnblast.fi\/wp-content\/uploads\/35_2-300x239.jpg 300w, https:\/\/www.finnblast.fi\/wp-content\/uploads\/35_2.jpg 507w\" sizes=\"auto, (max-width: 300px) 100vw, 300px\" \/><\/a><\/p>\n<h2>Staubfreie Sandstrahlanlage<\/h2>\n<p>Zum Strahlen von Rollen ist auch der staubfreie Sandstrahlautomat FBDS geeignet.<\/p>\n<p>Die Anlage verf\u00fcgt \u00fcber einen Strahlkopf, bei dem das Strahlmittel und der Staub w\u00e4hrend des Strahlens wieder zur\u00fcck in die Anlage gesaugt werden.<\/p>\n<p>Die Anlage ist mit einem zweiteiligen Druckbeh\u00e4lter ausgestattet, der ein ununterbrochenes Sandstrahlen erlaubt. So k\u00f6nnen auf einmal gro\u00dfe Fl\u00e4chen ohne Unterbrechung bearbeitet werden.<\/p>\n<p>Die Anlage kann mit verschiedenen Strahlmitteln betrieben werden, z.B. mit Stahlgrie\u00df, Aluminiumoxid oder anderen keramischen Strahlmitteln.<\/p>\n<p>Die FBDS kann mit mehreren Zusatzger\u00e4ten ausgestattet werden, z.B. mit automatischer Strahlmittelnachf\u00fcllung, Ger\u00e4ten zur Bewegung des Strahlkopfs, Drehvorrichtungen f\u00fcr die Rolle usw.<\/p>\n<p><a href=\"https:\/\/www.finnblast.fi\/wp-content\/uploads\/35_3.jpg\" data-rel=\"lightbox-image-4\" data-rl_title=\"\" data-rl_caption=\"\" title=\"\"><img loading=\"lazy\" decoding=\"async\" class=\"alignleft size-medium wp-image-992\" src=\"https:\/\/www.finnblast.fi\/wp-content\/uploads\/35_3-211x300.jpg\" alt=\"35_3\" width=\"211\" height=\"300\" srcset=\"https:\/\/www.finnblast.fi\/wp-content\/uploads\/35_3-211x300.jpg 211w, https:\/\/www.finnblast.fi\/wp-content\/uploads\/35_3.jpg 548w\" sizes=\"auto, (max-width: 211px) 100vw, 211px\" \/><\/a><\/p>\n<p><a href=\"https:\/\/www.finnblast.fi\/wp-content\/uploads\/35_4.jpg\" data-rel=\"lightbox-image-5\" data-rl_title=\"\" data-rl_caption=\"\" title=\"\"><img loading=\"lazy\" decoding=\"async\" class=\"alignleft size-medium wp-image-993\" src=\"https:\/\/www.finnblast.fi\/wp-content\/uploads\/35_4-300x225.jpg\" alt=\"35_4\" width=\"300\" height=\"225\" srcset=\"https:\/\/www.finnblast.fi\/wp-content\/uploads\/35_4-300x225.jpg 300w, https:\/\/www.finnblast.fi\/wp-content\/uploads\/35_4.jpg 540w\" sizes=\"auto, (max-width: 300px) 100vw, 300px\" \/><\/a><\/p>\n","protected":false},"excerpt":{"rendered":"<p>Reinigung der Werkzeuge und Formen Die Reinigung der Werkzeuge und Formen in der Kunststoff- und Gummiindustrie ist ein wichtiger Bestandteil eines qualit\u00e4ts- und kostenoptimierten Fertigungsprozesses. In Finnblast Anlagen kann die Methode f\u00fcr das reinigen der Formen\u00a0 der Kundenw\u00fcnsche entsprechend gew\u00e4hlt werden.\u00a0 In einer Kabine k\u00f6nnen bei Bedarf zwei Strahlmittel verwendet werden, z.B Keramikkugeln und Trockeneis. [&hellip;]<\/p>\n","protected":false},"author":2,"featured_media":0,"parent":152,"menu_order":0,"comment_status":"closed","ping_status":"open","template":"","meta":{"content-type":"","footnotes":""},"class_list":["post-622","page","type-page","status-publish","hentry"],"_links":{"self":[{"href":"https:\/\/www.finnblast.fi\/de\/wp-json\/wp\/v2\/pages\/622","targetHints":{"allow":["GET"]}}],"collection":[{"href":"https:\/\/www.finnblast.fi\/de\/wp-json\/wp\/v2\/pages"}],"about":[{"href":"https:\/\/www.finnblast.fi\/de\/wp-json\/wp\/v2\/types\/page"}],"author":[{"embeddable":true,"href":"https:\/\/www.finnblast.fi\/de\/wp-json\/wp\/v2\/users\/2"}],"replies":[{"embeddable":true,"href":"https:\/\/www.finnblast.fi\/de\/wp-json\/wp\/v2\/comments?post=622"}],"version-history":[{"count":5,"href":"https:\/\/www.finnblast.fi\/de\/wp-json\/wp\/v2\/pages\/622\/revisions"}],"predecessor-version":[{"id":1510,"href":"https:\/\/www.finnblast.fi\/de\/wp-json\/wp\/v2\/pages\/622\/revisions\/1510"}],"up":[{"embeddable":true,"href":"https:\/\/www.finnblast.fi\/de\/wp-json\/wp\/v2\/pages\/152"}],"wp:attachment":[{"href":"https:\/\/www.finnblast.fi\/de\/wp-json\/wp\/v2\/media?parent=622"}],"curies":[{"name":"wp","href":"https:\/\/api.w.org\/{rel}","templated":true}]}}