{"id":619,"date":"2014-07-04T15:51:48","date_gmt":"2014-07-04T12:51:48","guid":{"rendered":"http:\/\/www.finnblast.fi\/?page_id=619"},"modified":"2014-07-10T15:24:02","modified_gmt":"2014-07-10T12:24:02","slug":"produktion-von-maschinen","status":"publish","type":"page","link":"https:\/\/www.finnblast.fi\/de\/branchenlosungen\/produktion-von-maschinen\/","title":{"rendered":"Produktion von Maschinen"},"content":{"rendered":"<h2>S\u00e4ubern nach dem H\u00e4rten<\/h2>\n<p>Oft werden Achsen und andere Maschinenteile geh\u00e4rtet.<br \/>\nNach dem H\u00e4rten m\u00fcssen die Teile ges\u00e4ubert werden.<\/p>\n<p>Mit dieser Anlage k\u00f6nnen zylindrische Teile \u2013 z. B. Achsen \u2013 ges\u00e4ubert werden.  Nach dem H\u00e4rten und vor dem endg\u00fcltigen Schleifen werden sie sauber gestrahlt. Die Anlage arbeitet automatisch. W\u00e4hrend des Strahlens rotiert die Achse und die D\u00fcsen bewegen sich \u00fcber der Achse.<\/p>\n<p><a href=\"https:\/\/www.finnblast.fi\/wp-content\/uploads\/32_1.jpg\" data-rel=\"lightbox-image-0\" data-rl_title=\"\" data-rl_caption=\"\" title=\"\"><img loading=\"lazy\" decoding=\"async\" src=\"https:\/\/www.finnblast.fi\/wp-content\/uploads\/32_1.jpg\" alt=\"32_1\" width=\"184\" height=\"132\" class=\"alignleft size-full wp-image-966\" \/><\/a><\/p>\n<h2>Strahlen der Achsenenden<\/h2>\n<p>In dieser Anlage werden die Achsenenden mit einer logikgesteuerten Strahleinheit behandelt. Das Strahlen erfolgt mit zwei D\u00fcsen mit programmierbaren Bewegungen.<br \/>\nDer Bediener w\u00e4hlt am Touchscreen das gew\u00fcnschte Programm und die Anlage f\u00fchrt das Strahlen automatisch durch.<\/p>\n<p><a href=\"https:\/\/www.finnblast.fi\/wp-content\/uploads\/32_2.jpg\" data-rel=\"lightbox-image-1\" data-rl_title=\"\" data-rl_caption=\"\" title=\"\"><img loading=\"lazy\" decoding=\"async\" src=\"https:\/\/www.finnblast.fi\/wp-content\/uploads\/32_2-300x264.jpg\" alt=\"32_2\" width=\"300\" height=\"264\" class=\"alignleft size-medium wp-image-968\" srcset=\"https:\/\/www.finnblast.fi\/wp-content\/uploads\/32_2-300x264.jpg 300w, https:\/\/www.finnblast.fi\/wp-content\/uploads\/32_2.jpg 474w\" sizes=\"auto, (max-width: 300px) 100vw, 300px\" \/><\/a><\/p>\n<h2>Sandstrahlen von Hydraulikzylindern<\/h2>\n<p>Lange Hydraulikzylinder werden in einer 8 m langen Kabine gestrahlt.   Die Zylinder werden au\u00dferhalb der Kabine auf einen Wagen gelegt und der Wagen eingefahren. Das Strahlen erfolgt in einer geschlossenen Zelle. Mit der Anlage k\u00f6nnen auch \u00fcber 8 m lange Teile mithilfe von speziellen Ger\u00e4ten gereinigt werden.<\/p>\n<p><a href=\"https:\/\/www.finnblast.fi\/wp-content\/uploads\/32_3.jpg\" data-rel=\"lightbox-image-2\" data-rl_title=\"\" data-rl_caption=\"\" title=\"\"><img loading=\"lazy\" decoding=\"async\" src=\"https:\/\/www.finnblast.fi\/wp-content\/uploads\/32_3-300x174.jpg\" alt=\"32_3\" width=\"300\" height=\"174\" class=\"alignleft size-medium wp-image-969\" srcset=\"https:\/\/www.finnblast.fi\/wp-content\/uploads\/32_3-300x174.jpg 300w, https:\/\/www.finnblast.fi\/wp-content\/uploads\/32_3.jpg 617w\" sizes=\"auto, (max-width: 300px) 100vw, 300px\" \/><\/a><\/p>\n<h2>Sandstrahlen gro\u00dfer Maschinenrahmen<\/h2>\n<p>Die Rahmen gro\u00dfer Maschinen, die nicht in die Strahlkabine passen, werden in einer Strahlhalle bearbeitet. Die Halle und die Anlagen werden entsprechend den Bed\u00fcrfnissen des Kunden bemessen.<\/p>\n<p>Wenn der Kapazit\u00e4tsbedarf gro\u00df ist, k\u00f6nnen beim Strahlen Manipulatoren oder Roboter eingesetzt werden.<\/p>\n<p><a href=\"https:\/\/www.finnblast.fi\/wp-content\/uploads\/32_4.jpg\" data-rel=\"lightbox-image-3\" data-rl_title=\"\" data-rl_caption=\"\" title=\"\"><img loading=\"lazy\" decoding=\"async\" src=\"https:\/\/www.finnblast.fi\/wp-content\/uploads\/32_4-300x172.jpg\" alt=\"32_4\" width=\"300\" height=\"172\" class=\"alignleft size-medium wp-image-970\" srcset=\"https:\/\/www.finnblast.fi\/wp-content\/uploads\/32_4-300x172.jpg 300w, https:\/\/www.finnblast.fi\/wp-content\/uploads\/32_4.jpg 569w\" sizes=\"auto, (max-width: 300px) 100vw, 300px\" \/><\/a><\/p>\n<p><a href=\"https:\/\/www.finnblast.fi\/wp-content\/uploads\/32_5.jpg\" data-rel=\"lightbox-image-4\" data-rl_title=\"\" data-rl_caption=\"\" title=\"\"><img loading=\"lazy\" decoding=\"async\" src=\"https:\/\/www.finnblast.fi\/wp-content\/uploads\/32_5-300x264.jpg\" alt=\"32_5\" width=\"300\" height=\"264\" class=\"alignleft size-medium wp-image-971\" srcset=\"https:\/\/www.finnblast.fi\/wp-content\/uploads\/32_5-300x264.jpg 300w, https:\/\/www.finnblast.fi\/wp-content\/uploads\/32_5.jpg 515w\" sizes=\"auto, (max-width: 300px) 100vw, 300px\" \/><\/a><\/p>\n","protected":false},"excerpt":{"rendered":"<p>S\u00e4ubern nach dem H\u00e4rten Oft werden Achsen und andere Maschinenteile geh\u00e4rtet. Nach dem H\u00e4rten m\u00fcssen die Teile ges\u00e4ubert werden. Mit dieser Anlage k\u00f6nnen zylindrische Teile \u2013 z. B. Achsen \u2013 ges\u00e4ubert werden. Nach dem H\u00e4rten und vor dem endg\u00fcltigen Schleifen werden sie sauber gestrahlt. Die Anlage arbeitet automatisch. W\u00e4hrend des Strahlens rotiert die Achse und [&hellip;]<\/p>\n","protected":false},"author":2,"featured_media":0,"parent":152,"menu_order":0,"comment_status":"closed","ping_status":"open","template":"","meta":{"content-type":"","footnotes":""},"class_list":["post-619","page","type-page","status-publish","hentry"],"_links":{"self":[{"href":"https:\/\/www.finnblast.fi\/de\/wp-json\/wp\/v2\/pages\/619","targetHints":{"allow":["GET"]}}],"collection":[{"href":"https:\/\/www.finnblast.fi\/de\/wp-json\/wp\/v2\/pages"}],"about":[{"href":"https:\/\/www.finnblast.fi\/de\/wp-json\/wp\/v2\/types\/page"}],"author":[{"embeddable":true,"href":"https:\/\/www.finnblast.fi\/de\/wp-json\/wp\/v2\/users\/2"}],"replies":[{"embeddable":true,"href":"https:\/\/www.finnblast.fi\/de\/wp-json\/wp\/v2\/comments?post=619"}],"version-history":[{"count":0,"href":"https:\/\/www.finnblast.fi\/de\/wp-json\/wp\/v2\/pages\/619\/revisions"}],"up":[{"embeddable":true,"href":"https:\/\/www.finnblast.fi\/de\/wp-json\/wp\/v2\/pages\/152"}],"wp:attachment":[{"href":"https:\/\/www.finnblast.fi\/de\/wp-json\/wp\/v2\/media?parent=619"}],"curies":[{"name":"wp","href":"https:\/\/api.w.org\/{rel}","templated":true}]}}