{"id":618,"date":"2014-07-04T15:51:37","date_gmt":"2014-07-04T12:51:37","guid":{"rendered":"http:\/\/www.finnblast.fi\/?page_id=618"},"modified":"2014-07-10T15:20:34","modified_gmt":"2014-07-10T12:20:34","slug":"wartung-und-instandhaltung","status":"publish","type":"page","link":"https:\/\/www.finnblast.fi\/de\/branchenlosungen\/wartung-und-instandhaltung\/","title":{"rendered":"Wartung und Instandhaltung"},"content":{"rendered":"<h2>Pumpenwartung<\/h2>\n<p>Bei der Wartung von Pumpen m\u00fcssen die Pumpenteile gereinigt werden.  Die Kabinen der FB-1100-Compact-Serie eignen sich gut f\u00fcr die Pumpenwartung.   Sie verf\u00fcgen \u00fcber einen ausziehbaren Tisch, sodass die Fl\u00fcgelr\u00e4der und die anderen Teile z. B. mit einer Hebevorrichtung au\u00dferhalb der Kabine auf den Tisch gehoben werden k\u00f6nnen.<\/p>\n<p>Die Kabine kann mit einer Durchfahrt\u00f6ffnung ausgestattet werden. So k\u00f6nnen in der gleichen Kabine auch lange Achsen und andere lange Profile gereinigt werden.<\/p>\n<p>Das Strahlmittel kann entsprechend den Bed\u00fcrfnissen des Kunden gew\u00e4hlt werden, z. B. Glaskugeln, Aluminiumoxid oder Kunststoffgranulat.<\/p>\n<p><a href=\"https:\/\/www.finnblast.fi\/wp-content\/uploads\/31_1.jpg\" data-rel=\"lightbox-image-0\" data-rl_title=\"\" data-rl_caption=\"\" title=\"\"><img loading=\"lazy\" decoding=\"async\" src=\"https:\/\/www.finnblast.fi\/wp-content\/uploads\/31_1.jpg\" alt=\"31_1\" width=\"139\" height=\"164\" class=\"alignleft size-full wp-image-958\" \/><\/a><\/p>\n<p><a href=\"https:\/\/www.finnblast.fi\/wp-content\/uploads\/31_2.jpg\" data-rel=\"lightbox-image-1\" data-rl_title=\"\" data-rl_caption=\"\" title=\"\"><img loading=\"lazy\" decoding=\"async\" src=\"https:\/\/www.finnblast.fi\/wp-content\/uploads\/31_2.jpg\" alt=\"31_2\" width=\"139\" height=\"165\" class=\"alignleft size-medium wp-image-959\" \/><\/a><\/p>\n<h2>Wartung von Industriegetrieben<\/h2>\n<p>Die in der Industrie eingesetzten Kraft\u00fcbertragungsgetriebe k\u00f6nnen gro\u00df und schwer sein. Die Reihe FB 1800-1900 eignet sich f\u00fcr das Reinigen solcher Teile.   Die Tragf\u00e4higkeit des Drehtisches betr\u00e4gt 2,5 t (bei Bedarf mehr).<\/p>\n<p>Die Teile werden au\u00dferhalb der Kabine auf den Tisch gehoben.  Der Tisch wird elektrisch in die Kabine gefahren.<br \/>\nDie Kabine verf\u00fcgt \u00fcber ein geschlossenes Umlauf- und Reinigungssystem f\u00fcr das Strahlmittel.  <\/p>\n<p>Die H\u00f6he der St\u00fccke kann bis zu 1000 mm betragen.  Die Strahlkabine ist mit einer zus\u00e4tzlichen manuellen \u00d6ffnung f\u00fcr das Strahlen hoher St\u00fccke ausgestattet.<\/p>\n<p><a href=\"https:\/\/www.finnblast.fi\/wp-content\/uploads\/31_3.jpg\" data-rel=\"lightbox-image-2\" data-rl_title=\"\" data-rl_caption=\"\" title=\"\"><img loading=\"lazy\" decoding=\"async\" src=\"https:\/\/www.finnblast.fi\/wp-content\/uploads\/31_3-300x223.jpg\" alt=\"31_3\" width=\"300\" height=\"223\" class=\"alignleft size-medium wp-image-960\" srcset=\"https:\/\/www.finnblast.fi\/wp-content\/uploads\/31_3-300x223.jpg 300w, https:\/\/www.finnblast.fi\/wp-content\/uploads\/31_3.jpg 637w\" sizes=\"auto, (max-width: 300px) 100vw, 300px\" \/><\/a><\/p>\n<p><a href=\"https:\/\/www.finnblast.fi\/wp-content\/uploads\/31_4.jpg\" data-rel=\"lightbox-image-3\" data-rl_title=\"\" data-rl_caption=\"\" title=\"\"><img loading=\"lazy\" decoding=\"async\" src=\"https:\/\/www.finnblast.fi\/wp-content\/uploads\/31_4-300x240.jpg\" alt=\"31_4\" width=\"300\" height=\"240\" class=\"alignleft size-medium wp-image-961\" srcset=\"https:\/\/www.finnblast.fi\/wp-content\/uploads\/31_4-300x240.jpg 300w, https:\/\/www.finnblast.fi\/wp-content\/uploads\/31_4.jpg 601w\" sizes=\"auto, (max-width: 300px) 100vw, 300px\" \/><\/a><\/p>\n<p style=\"clear:both;\"><a href=\"https:\/\/www.finnblast.fi\/wp-content\/uploads\/31_5.jpg\" data-rel=\"lightbox-image-4\" data-rl_title=\"\" data-rl_caption=\"\" title=\"\"><img loading=\"lazy\" decoding=\"async\" src=\"https:\/\/www.finnblast.fi\/wp-content\/uploads\/31_5-300x223.jpg\" alt=\"31_5\" width=\"300\" height=\"223\" class=\"alignleft size-medium wp-image-963\" srcset=\"https:\/\/www.finnblast.fi\/wp-content\/uploads\/31_5-300x223.jpg 300w, https:\/\/www.finnblast.fi\/wp-content\/uploads\/31_5.jpg 465w\" sizes=\"auto, (max-width: 300px) 100vw, 300px\" \/><\/a><\/p>\n<p><a href=\"https:\/\/www.finnblast.fi\/wp-content\/uploads\/31_6.jpg\" data-rel=\"lightbox-image-5\" data-rl_title=\"\" data-rl_caption=\"\" title=\"\"><img loading=\"lazy\" decoding=\"async\" src=\"https:\/\/www.finnblast.fi\/wp-content\/uploads\/31_6-300x224.jpg\" alt=\"31_6\" width=\"300\" height=\"224\" class=\"alignleft size-medium wp-image-964\" srcset=\"https:\/\/www.finnblast.fi\/wp-content\/uploads\/31_6-300x224.jpg 300w, https:\/\/www.finnblast.fi\/wp-content\/uploads\/31_6.jpg 477w\" sizes=\"auto, (max-width: 300px) 100vw, 300px\" \/><\/a><\/p>\n","protected":false},"excerpt":{"rendered":"<p>Pumpenwartung Bei der Wartung von Pumpen m\u00fcssen die Pumpenteile gereinigt werden. Die Kabinen der FB-1100-Compact-Serie eignen sich gut f\u00fcr die Pumpenwartung. Sie verf\u00fcgen \u00fcber einen ausziehbaren Tisch, sodass die Fl\u00fcgelr\u00e4der und die anderen Teile z. B. mit einer Hebevorrichtung au\u00dferhalb der Kabine auf den Tisch gehoben werden k\u00f6nnen. Die Kabine kann mit einer Durchfahrt\u00f6ffnung ausgestattet [&hellip;]<\/p>\n","protected":false},"author":2,"featured_media":0,"parent":152,"menu_order":0,"comment_status":"closed","ping_status":"open","template":"","meta":{"content-type":"","footnotes":""},"class_list":["post-618","page","type-page","status-publish","hentry"],"_links":{"self":[{"href":"https:\/\/www.finnblast.fi\/de\/wp-json\/wp\/v2\/pages\/618","targetHints":{"allow":["GET"]}}],"collection":[{"href":"https:\/\/www.finnblast.fi\/de\/wp-json\/wp\/v2\/pages"}],"about":[{"href":"https:\/\/www.finnblast.fi\/de\/wp-json\/wp\/v2\/types\/page"}],"author":[{"embeddable":true,"href":"https:\/\/www.finnblast.fi\/de\/wp-json\/wp\/v2\/users\/2"}],"replies":[{"embeddable":true,"href":"https:\/\/www.finnblast.fi\/de\/wp-json\/wp\/v2\/comments?post=618"}],"version-history":[{"count":0,"href":"https:\/\/www.finnblast.fi\/de\/wp-json\/wp\/v2\/pages\/618\/revisions"}],"up":[{"embeddable":true,"href":"https:\/\/www.finnblast.fi\/de\/wp-json\/wp\/v2\/pages\/152"}],"wp:attachment":[{"href":"https:\/\/www.finnblast.fi\/de\/wp-json\/wp\/v2\/media?parent=618"}],"curies":[{"name":"wp","href":"https:\/\/api.w.org\/{rel}","templated":true}]}}