{"id":548,"date":"2014-07-04T15:45:39","date_gmt":"2014-07-04T12:45:39","guid":{"rendered":"http:\/\/www.finnblast.fi\/?page_id=548"},"modified":"2016-06-29T16:48:46","modified_gmt":"2016-06-29T13:48:46","slug":"drahtgurtanlagen-fbvr","status":"publish","type":"page","link":"https:\/\/www.finnblast.fi\/de\/produkte\/schleuderradanlagen\/drahtgurtanlagen-fbvr\/","title":{"rendered":"Drahtgurtanlagen FBVR"},"content":{"rendered":"<p>Bei der\u00a0 Drahtgurtanlagen FBVH werden die zu strahlenden Werkst\u00fccke auf einem Drahtgurt durch die Schleuderradanlage transportiert. Die Strahlkammer ist durchfahrbar und die Werkst\u00fccke werden sowohl von oben als auch von unten sauber gestrahlt.<\/p>\n<p>Die Drahtgurtanlage wird\u00a0 u.a. beim Sandstrahlen von Blechzuschnitten und verschiedenen geschwei\u00dften Konstruktionen eingesetzt.<br \/> Die Einfahrbreite kann\u00a0 600 &#8211; 1300 mm betragen.<\/p>\n<p>Die Drahtgurtanlage ist auch zum Aufrauen von Steinen, Betonplatten usw. geeignet.<\/p>\n<p>Die Anzahl der Schleuderr\u00e4der und die Leistung werden nach der n\u00f6tigen Kapazit\u00e4t bemessen.<\/p>\n<p>Die Anlage kann auf Wunsch des Kunden mit \u00e4u\u00dferen F\u00f6rderern ausgestattet werden. Die Produktionszelle kann um einen Beladeroboter mit optischer Erkennung erweitert werden, um einen ein vollautomatischer Sandstrahlprozess erm\u00f6glichen.<\/p>\n<p><a href=\"https:\/\/www.finnblast.fi\/wp-content\/uploads\/233_1.jpg\" data-rel=\"lightbox-image-0\" data-rl_title=\"\" data-rl_caption=\"\" title=\"\"><img loading=\"lazy\" decoding=\"async\" class=\"alignleft size-medium wp-image-919\" src=\"https:\/\/www.finnblast.fi\/wp-content\/uploads\/233_1-300x178.jpg\" alt=\"233_1\" width=\"300\" height=\"178\" srcset=\"https:\/\/www.finnblast.fi\/wp-content\/uploads\/233_1-300x178.jpg 300w, https:\/\/www.finnblast.fi\/wp-content\/uploads\/233_1.jpg 633w\" sizes=\"auto, (max-width: 300px) 100vw, 300px\" \/><\/a><\/p>\n<p><a href=\"https:\/\/www.finnblast.fi\/wp-content\/uploads\/233_2.jpg\" data-rel=\"lightbox-image-1\" data-rl_title=\"\" data-rl_caption=\"\" title=\"\"><img loading=\"lazy\" decoding=\"async\" class=\"alignleft size-medium wp-image-920\" src=\"https:\/\/www.finnblast.fi\/wp-content\/uploads\/233_2.jpg\" alt=\"233_2\" width=\"285\" height=\"141\" \/><\/a><\/p>\n","protected":false},"excerpt":{"rendered":"<p>Bei der\u00a0 Drahtgurtanlagen FBVH werden die zu strahlenden Werkst\u00fccke auf einem Drahtgurt durch die Schleuderradanlage transportiert. Die Strahlkammer ist durchfahrbar und die Werkst\u00fccke werden sowohl von oben als auch von unten sauber gestrahlt. Die Drahtgurtanlage wird\u00a0 u.a. beim Sandstrahlen von Blechzuschnitten und verschiedenen geschwei\u00dften Konstruktionen eingesetzt. Die Einfahrbreite kann\u00a0 600 &#8211; 1300 mm betragen. Die [&hellip;]<\/p>\n","protected":false},"author":2,"featured_media":0,"parent":416,"menu_order":0,"comment_status":"closed","ping_status":"open","template":"","meta":{"content-type":"","footnotes":""},"class_list":["post-548","page","type-page","status-publish","hentry"],"_links":{"self":[{"href":"https:\/\/www.finnblast.fi\/de\/wp-json\/wp\/v2\/pages\/548","targetHints":{"allow":["GET"]}}],"collection":[{"href":"https:\/\/www.finnblast.fi\/de\/wp-json\/wp\/v2\/pages"}],"about":[{"href":"https:\/\/www.finnblast.fi\/de\/wp-json\/wp\/v2\/types\/page"}],"author":[{"embeddable":true,"href":"https:\/\/www.finnblast.fi\/de\/wp-json\/wp\/v2\/users\/2"}],"replies":[{"embeddable":true,"href":"https:\/\/www.finnblast.fi\/de\/wp-json\/wp\/v2\/comments?post=548"}],"version-history":[{"count":2,"href":"https:\/\/www.finnblast.fi\/de\/wp-json\/wp\/v2\/pages\/548\/revisions"}],"predecessor-version":[{"id":1501,"href":"https:\/\/www.finnblast.fi\/de\/wp-json\/wp\/v2\/pages\/548\/revisions\/1501"}],"up":[{"embeddable":true,"href":"https:\/\/www.finnblast.fi\/de\/wp-json\/wp\/v2\/pages\/416"}],"wp:attachment":[{"href":"https:\/\/www.finnblast.fi\/de\/wp-json\/wp\/v2\/media?parent=548"}],"curies":[{"name":"wp","href":"https:\/\/api.w.org\/{rel}","templated":true}]}}