{"id":485,"date":"2014-07-04T15:38:56","date_gmt":"2014-07-04T12:38:56","guid":{"rendered":"http:\/\/www.finnblast.fi\/?page_id=485"},"modified":"2017-02-10T14:46:27","modified_gmt":"2017-02-10T12:46:27","slug":"sandstrahlanlagen-fur-radsatze-von-eisenbahnwaggons","status":"publish","type":"page","link":"https:\/\/www.finnblast.fi\/de\/produkte\/druckluftstrahlanlagen\/sandstrahlanlagen-fur-radsatze-von-eisenbahnwaggons\/","title":{"rendered":"Sandstrahlen und Entlacken der Rads\u00e4tze von Eisenbahnwagen"},"content":{"rendered":"<p>Bei der Wartung der Rads\u00e4tze von Eisenbahnwagens und -loks ist das Risspr\u00fcfung eine wichtige Arbeitsphase. Zu diesem Zweck m\u00fcssen die Rads\u00e4tze entlackt und sauber gestrahlt werden.<br \/> Finnblast hat zur Entlackung und Sandstrahlen der Rads\u00e4tze von Eisenbahnwagens eine automatische Sandstrahlanlage entwickelt.<\/p>\n<p>Hier k\u00f6nnen Sie ein Prospekt der Anlage laden\u00a0\u00a0 <a href=\"https:\/\/www.finnblast.fi\/wp-content\/uploads\/Rads\u00e4tze_DE_01_2017_S.pdf\">radsatze_de_01_2017_s<\/a><\/p>\n<p>&nbsp;<\/p>\n<p><a href=\"https:\/\/www.finnblast.fi\/wp-content\/uploads\/Finnblast-Wheel-set_1.jpg\" data-rel=\"lightbox-image-0\" data-rl_title=\"\" data-rl_caption=\"\" title=\"\"><img loading=\"lazy\" decoding=\"async\" class=\"alignnone size-medium wp-image-1614\" src=\"https:\/\/www.finnblast.fi\/wp-content\/uploads\/Finnblast-Wheel-set_1-300x211.jpg\" alt=\"finnblast-wheel-set_1\" width=\"300\" height=\"211\" srcset=\"https:\/\/www.finnblast.fi\/wp-content\/uploads\/Finnblast-Wheel-set_1-300x211.jpg 300w, https:\/\/www.finnblast.fi\/wp-content\/uploads\/Finnblast-Wheel-set_1.jpg 595w\" sizes=\"auto, (max-width: 300px) 100vw, 300px\" \/> \u00a0 \u00a0\u00a0 <\/a><a href=\"https:\/\/www.finnblast.fi\/wp-content\/uploads\/Finnblast-Wheel-set_2.jpg\" data-rel=\"lightbox-image-1\" data-rl_title=\"\" data-rl_caption=\"\" title=\"\"><img loading=\"lazy\" decoding=\"async\" class=\"alignnone size-medium wp-image-1613\" src=\"https:\/\/www.finnblast.fi\/wp-content\/uploads\/Finnblast-Wheel-set_2-300x211.jpg\" alt=\"finnblast-wheel-set_2\" width=\"300\" height=\"211\" srcset=\"https:\/\/www.finnblast.fi\/wp-content\/uploads\/Finnblast-Wheel-set_2-300x211.jpg 300w, https:\/\/www.finnblast.fi\/wp-content\/uploads\/Finnblast-Wheel-set_2.jpg 595w\" sizes=\"auto, (max-width: 300px) 100vw, 300px\" \/><\/a><\/p>\n<p>\u00a0Durchlaufanlage f\u00fcr Rads\u00e4tze\u00a0\u00a0\u00a0\u00a0\u00a0\u00a0\u00a0\u00a0\u00a0\u00a0\u00a0\u00a0\u00a0\u00a0\u00a0\u00a0\u00a0\u00a0\u00a0\u00a0\u00a0\u00a0\u00a0\u00a0\u00a0\u00a0\u00a0\u00a0\u00a0\u00a0\u00a0\u00a0\u00a0\u00a0\u00a0\u00a0\u00a0\u00a0\u00a0\u00a0\u00a0\u00a0\u00a0\u00a0\u00a0\u00a0 Radsatz auf dem Wagen in der Strahlkabine<\/p>\n<p>F\u00fcr weitere Informationen <a title=\"Kontaktdaten\" href=\"https:\/\/www.finnblast.fi\/de\/kontaktdaten\/\">kontaktieren Sie uns !<\/a><\/p>\n<p>Die Anlage arbeitet wie folgt: Die Rads\u00e4tze werden in die Maschine bechickt. Der Radsatzt\u00a0 wird w\u00e4hrend des Strahlvorgangs gedreht. Das Strahlen wird von einem servogesteuerten Manipulator durchgef\u00fchrt. Zum Schluss werden die\u00a0 Rads\u00e4tze\u00a0 mit Druckluft vom Staubaufgeblasen. Nach dem Strahlen werden die T\u00fcren ge\u00f6ffnet und der Radsatz aus der Strahlkabine entnommen.<br \/> Die Strahlanlage ist staubfrei und leise.<\/p>\n<p>Die Anlage l\u00e4sst sich flexibel und vielseitig einsetzen. Die Rads\u00e4tze k\u00f6nnen je nach Wahl gereinigt werden, zum Beispiel nur die Achse oder nur die R\u00e4der oder ausschlie\u00dflich die Au\u00dfenfl\u00e4che eines Rades.<\/p>\n<p>Die Anlage hat u.a. folgende Vorteile:<br \/> &#8211; Funktionssicher<br \/> &#8211; Alle Achsentypen k\u00f6nnen gestrahlt werden.<br \/> &#8211; Einfach f\u00fcr verschiedene Achsentypen programmierbar.<br \/> &#8211; Ausreichend Kapazit\u00e4t<br \/> &#8211; Leise und staubfrei.<\/p>\n<p>&nbsp;<\/p>\n<p>&nbsp;<\/p>\n","protected":false},"excerpt":{"rendered":"<p>Bei der Wartung der Rads\u00e4tze von Eisenbahnwagens und -loks ist das Risspr\u00fcfung eine wichtige Arbeitsphase. Zu diesem Zweck m\u00fcssen die Rads\u00e4tze entlackt und sauber gestrahlt werden. Finnblast hat zur Entlackung und Sandstrahlen der Rads\u00e4tze von Eisenbahnwagens eine automatische Sandstrahlanlage entwickelt. Hier k\u00f6nnen Sie ein Prospekt der Anlage laden\u00a0\u00a0 radsatze_de_01_2017_s &nbsp; \u00a0 \u00a0\u00a0 \u00a0Durchlaufanlage f\u00fcr Rads\u00e4tze\u00a0\u00a0\u00a0\u00a0\u00a0\u00a0\u00a0\u00a0\u00a0\u00a0\u00a0\u00a0\u00a0\u00a0\u00a0\u00a0\u00a0\u00a0\u00a0\u00a0\u00a0\u00a0\u00a0\u00a0\u00a0\u00a0\u00a0\u00a0\u00a0\u00a0\u00a0\u00a0\u00a0\u00a0\u00a0\u00a0\u00a0\u00a0\u00a0\u00a0\u00a0\u00a0\u00a0\u00a0\u00a0\u00a0 [&hellip;]<\/p>\n","protected":false},"author":2,"featured_media":0,"parent":414,"menu_order":0,"comment_status":"closed","ping_status":"open","template":"","meta":{"content-type":"","footnotes":""},"class_list":["post-485","page","type-page","status-publish","hentry"],"_links":{"self":[{"href":"https:\/\/www.finnblast.fi\/de\/wp-json\/wp\/v2\/pages\/485","targetHints":{"allow":["GET"]}}],"collection":[{"href":"https:\/\/www.finnblast.fi\/de\/wp-json\/wp\/v2\/pages"}],"about":[{"href":"https:\/\/www.finnblast.fi\/de\/wp-json\/wp\/v2\/types\/page"}],"author":[{"embeddable":true,"href":"https:\/\/www.finnblast.fi\/de\/wp-json\/wp\/v2\/users\/2"}],"replies":[{"embeddable":true,"href":"https:\/\/www.finnblast.fi\/de\/wp-json\/wp\/v2\/comments?post=485"}],"version-history":[{"count":10,"href":"https:\/\/www.finnblast.fi\/de\/wp-json\/wp\/v2\/pages\/485\/revisions"}],"predecessor-version":[{"id":1643,"href":"https:\/\/www.finnblast.fi\/de\/wp-json\/wp\/v2\/pages\/485\/revisions\/1643"}],"up":[{"embeddable":true,"href":"https:\/\/www.finnblast.fi\/de\/wp-json\/wp\/v2\/pages\/414"}],"wp:attachment":[{"href":"https:\/\/www.finnblast.fi\/de\/wp-json\/wp\/v2\/media?parent=485"}],"curies":[{"name":"wp","href":"https:\/\/api.w.org\/{rel}","templated":true}]}}