{"id":484,"date":"2014-07-04T15:38:53","date_gmt":"2014-07-04T12:38:53","guid":{"rendered":"http:\/\/www.finnblast.fi\/?page_id=484"},"modified":"2016-06-29T16:26:32","modified_gmt":"2016-06-29T13:26:32","slug":"innenstrahlen","status":"publish","type":"page","link":"https:\/\/www.finnblast.fi\/de\/produkte\/druckluftstrahlanlagen\/innenstrahlen\/","title":{"rendered":"Innenstrahlen"},"content":{"rendered":"<h2>D\u00fcsen f\u00fcr das Innenstrahlen<\/h2>\n<p>Finnblast bietet f\u00fcr das Innenstrahlen L\u00f6sungen entsprechend den Bed\u00fcrfnissen des Kunden an. F\u00fcr das Innenstrahlen werden speziell entwickelte D\u00fcsen eingesetzt. Bei Bedarf stellen wir f\u00fcr das Innenstrahlen kundenspezifische Speziald\u00fcsen her, u. a. zum Strahlen von L\u00f6chern.<\/p>\n<p>F\u00fcr das Innenstrahlen sind vier verschiedene D\u00fcsentypen erh\u00e4ltlich:<\/p>\n<p>a) D\u00fcsen mit 360\u00b0\u00a0 Strahlprofil. Beim Einsatz dieser D\u00fcsen muss weder die D\u00fcse noch das Werkst\u00fcck gedreht werden.<br \/> b) Rotierende Strahld\u00fcsen, bei denen sich die D\u00fcse um 360\u00b0 dreht.<br \/> c) Feste gerade oder gebogene D\u00fcsen, bei denen sich das Strahlprofil nicht dreht, aber das Werkst\u00fcck w\u00e4hrend des Strahlens gedreht werden kann.<br \/> d) Speziald\u00fcsen, z. B. rotierende D\u00fcsen zum Sandstrahlen von kleinen L\u00f6schern. Diese D\u00fcsen stellen wir selbst her.<\/p>\n<p>Zum Innenstrahlen von gro\u00dfen Werkst\u00fccken k\u00f6nnen normale D\u00fcsen verwendet werden.<br \/> Die Wahl des geeigneten D\u00fcsen- und Anlagentyps h\u00e4ngt u. a. vom Werkst\u00fcck und von den Ma\u00dfen des Lochs, von der Werkst\u00fcckform sowie von der notwendigen Kapazit\u00e4t ab.<\/p>\n<div id=\"attachment_878\" style=\"width: 310px\" class=\"wp-caption alignleft\"><a href=\"https:\/\/www.finnblast.fi\/wp-content\/uploads\/218_1.jpg\" data-rel=\"lightbox-image-0\" data-rl_title=\"\" data-rl_caption=\"\" title=\"\"><img loading=\"lazy\" decoding=\"async\" aria-describedby=\"caption-attachment-878\" class=\"size-medium wp-image-878\" src=\"https:\/\/www.finnblast.fi\/wp-content\/uploads\/218_1-300x236.jpg\" alt=\"Sis\u00e4puolen puhallussuuttimia\" width=\"300\" height=\"236\" srcset=\"https:\/\/www.finnblast.fi\/wp-content\/uploads\/218_1-300x236.jpg 300w, https:\/\/www.finnblast.fi\/wp-content\/uploads\/218_1.jpg 527w\" sizes=\"auto, (max-width: 300px) 100vw, 300px\" \/><\/a><p id=\"caption-attachment-878\" class=\"wp-caption-text\">D\u00fcsen f\u00fcr das Innenstrahlen<\/p><\/div>\n<h2>Anlagen f\u00fcr das Innenstrahlen<\/h2>\n<p>Zum Innenstrahlen haben wir Anlagen gem\u00e4\u00df den Kundenbed\u00fcrfnissen entwickelt.<\/p>\n<p>Die Konstruktion der Anlage h\u00e4ngt u.a. von der Gr\u00f6\u00dfe und Form des zu strahlenden Werkst\u00fccks, von der St\u00fcckmenge, der geforderten Oberfl\u00e4chenqualit\u00e4t und anderen Faktoren ab.<\/p>\n<p>Die Anlagen k\u00f6nnen sowohl manuell betrieben werden als auch vollautomatisch arbeiten.<\/p>\n<p>Die Werkst\u00fccke k\u00f6nnen mit verschiedenen Transportl\u00f6sungen zur Strahlstation gefahren werden.<\/p>\n<div id=\"attachment_880\" style=\"width: 310px\" class=\"wp-caption alignleft\"><a href=\"https:\/\/www.finnblast.fi\/wp-content\/uploads\/218_2.jpg\" data-rel=\"lightbox-image-1\" data-rl_title=\"\" data-rl_caption=\"\" title=\"\"><img loading=\"lazy\" decoding=\"async\" aria-describedby=\"caption-attachment-880\" class=\"size-medium wp-image-880\" src=\"https:\/\/www.finnblast.fi\/wp-content\/uploads\/218_2-300x261.jpg\" alt=\"Putkien\/akselien sis\u00e4puolen puhallusautomaatti\" width=\"300\" height=\"261\" srcset=\"https:\/\/www.finnblast.fi\/wp-content\/uploads\/218_2-300x261.jpg 300w, https:\/\/www.finnblast.fi\/wp-content\/uploads\/218_2.jpg 431w\" sizes=\"auto, (max-width: 300px) 100vw, 300px\" \/><\/a><p id=\"caption-attachment-880\" class=\"wp-caption-text\">Automat f\u00fcr das Innenstrahlen von Rohren\/Achsen<\/p><\/div>\n<p>&nbsp;<\/p>\n<div id=\"attachment_881\" style=\"width: 192px\" class=\"wp-caption alignleft\"><a href=\"https:\/\/www.finnblast.fi\/wp-content\/uploads\/218_3.jpg\" data-rel=\"lightbox-image-2\" data-rl_title=\"\" data-rl_caption=\"\" title=\"\"><img loading=\"lazy\" decoding=\"async\" aria-describedby=\"caption-attachment-881\" class=\"size-medium wp-image-881\" src=\"https:\/\/www.finnblast.fi\/wp-content\/uploads\/218_3-182x300.jpg\" alt=\"S\u00e4ili\u00f6iden sis\u00e4puolen puhallus automaattiseesti riippuradalla\" width=\"182\" height=\"300\" srcset=\"https:\/\/www.finnblast.fi\/wp-content\/uploads\/218_3-182x300.jpg 182w, https:\/\/www.finnblast.fi\/wp-content\/uploads\/218_3.jpg 331w\" sizes=\"auto, (max-width: 182px) 100vw, 182px\" \/><\/a><p id=\"caption-attachment-881\" class=\"wp-caption-text\">Automatisches Strahlen von Beh\u00e4lterinnenfl\u00e4chen<\/p><\/div>\n<p>&nbsp;<\/p>\n<div id=\"attachment_882\" style=\"width: 310px\" class=\"wp-caption alignleft\"><a href=\"https:\/\/www.finnblast.fi\/wp-content\/uploads\/218_4.jpg\" data-rel=\"lightbox-image-3\" data-rl_title=\"\" data-rl_caption=\"\" title=\"\"><img loading=\"lazy\" decoding=\"async\" aria-describedby=\"caption-attachment-882\" class=\"size-medium wp-image-882\" src=\"https:\/\/www.finnblast.fi\/wp-content\/uploads\/218_4-300x195.jpg\" alt=\"Suurien s\u00e4ili\u00f6iden (tilavuus 5 m3) sis\u00e4puolen raepuhallus automaattisesti\" width=\"300\" height=\"195\" srcset=\"https:\/\/www.finnblast.fi\/wp-content\/uploads\/218_4-300x195.jpg 300w, https:\/\/www.finnblast.fi\/wp-content\/uploads\/218_4.jpg 608w\" sizes=\"auto, (max-width: 300px) 100vw, 300px\" \/><\/a><p id=\"caption-attachment-882\" class=\"wp-caption-text\">Automatisches Strahlen von Innenfl\u00e4chen gro\u00dfer Beh\u00e4lter (Volumen 5 m\u00b3)<\/p><\/div>\n","protected":false},"excerpt":{"rendered":"<p>D\u00fcsen f\u00fcr das Innenstrahlen Finnblast bietet f\u00fcr das Innenstrahlen L\u00f6sungen entsprechend den Bed\u00fcrfnissen des Kunden an. F\u00fcr das Innenstrahlen werden speziell entwickelte D\u00fcsen eingesetzt. Bei Bedarf stellen wir f\u00fcr das Innenstrahlen kundenspezifische Speziald\u00fcsen her, u. a. zum Strahlen von L\u00f6chern. F\u00fcr das Innenstrahlen sind vier verschiedene D\u00fcsentypen erh\u00e4ltlich: a) D\u00fcsen mit 360\u00b0\u00a0 Strahlprofil. Beim Einsatz [&hellip;]<\/p>\n","protected":false},"author":2,"featured_media":0,"parent":414,"menu_order":0,"comment_status":"closed","ping_status":"open","template":"","meta":{"content-type":"","footnotes":""},"class_list":["post-484","page","type-page","status-publish","hentry"],"_links":{"self":[{"href":"https:\/\/www.finnblast.fi\/de\/wp-json\/wp\/v2\/pages\/484","targetHints":{"allow":["GET"]}}],"collection":[{"href":"https:\/\/www.finnblast.fi\/de\/wp-json\/wp\/v2\/pages"}],"about":[{"href":"https:\/\/www.finnblast.fi\/de\/wp-json\/wp\/v2\/types\/page"}],"author":[{"embeddable":true,"href":"https:\/\/www.finnblast.fi\/de\/wp-json\/wp\/v2\/users\/2"}],"replies":[{"embeddable":true,"href":"https:\/\/www.finnblast.fi\/de\/wp-json\/wp\/v2\/comments?post=484"}],"version-history":[{"count":3,"href":"https:\/\/www.finnblast.fi\/de\/wp-json\/wp\/v2\/pages\/484\/revisions"}],"predecessor-version":[{"id":1491,"href":"https:\/\/www.finnblast.fi\/de\/wp-json\/wp\/v2\/pages\/484\/revisions\/1491"}],"up":[{"embeddable":true,"href":"https:\/\/www.finnblast.fi\/de\/wp-json\/wp\/v2\/pages\/414"}],"wp:attachment":[{"href":"https:\/\/www.finnblast.fi\/de\/wp-json\/wp\/v2\/media?parent=484"}],"curies":[{"name":"wp","href":"https:\/\/api.w.org\/{rel}","templated":true}]}}