{"id":483,"date":"2014-07-04T15:38:47","date_gmt":"2014-07-04T12:38:47","guid":{"rendered":"http:\/\/www.finnblast.fi\/?page_id=483"},"modified":"2016-06-29T16:22:27","modified_gmt":"2016-06-29T13:22:27","slug":"strahlanlagen-fur-walzen-und-zylinder","status":"publish","type":"page","link":"https:\/\/www.finnblast.fi\/de\/produkte\/druckluftstrahlanlagen\/strahlanlagen-fur-walzen-und-zylinder\/","title":{"rendered":"Strahlanlagen f\u00fcr Walzen und Zylinder"},"content":{"rendered":"<p>Zum Strahlen von Walzen und Zylindern stehen zwei verschiedene Anlagen zur Auswahl:<\/p>\n<p>&#8211; Kabinenanlagen, bei denen die Walze in einer geschlossenen Kabine sandgestrahlt wird<br \/> &#8211; Staubfreie Strahlanlagen (R\u00fccksaugstrahlan\u00f6agen) , bei denen sich die Walze nicht in einer staubdichten Kabine befindet, sondern ein staubfreier Strahlkopf gegen die Oberfl\u00e4che der Walze gedr\u00fcckt wird.<\/p>\n<p><strong>Staubfreie Strahlanlagen (R\u00fccksaugstrahlanlagen)<\/strong><br \/> Bei staubfreien Sandstrahlanlagen wird das Strahlmittel sofort nach dem Strahlen zur\u00fcck in die Anlage gesaugt. Die Anlage verf\u00fcgt \u00fcber einen speziellen Strahlkopf, der neben dem Sandstrahlen auch stark saugt. Die Saugwirkung bef\u00f6rdert das Strahlmittel und den Staub zur\u00fcck in die Anlage, sodass das Strahlmittel nicht in die Umgebung gelangt.<\/p>\n<p>Bei staubfreien Anlagen saugt der Strahlkopfes das Strahlmittel mit dem Staub sofort zur\u00fcck ins Mundst\u00fcck.<br \/> So breitet sich das Strahlmittel nicht in der Umgebung aus.<\/p>\n<p><a href=\"https:\/\/www.finnblast.fi\/wp-content\/uploads\/217_1.jpg\" data-rel=\"lightbox-image-0\" data-rl_title=\"\" data-rl_caption=\"\" title=\"\"><img loading=\"lazy\" decoding=\"async\" class=\"alignleft size-medium wp-image-873\" src=\"https:\/\/www.finnblast.fi\/wp-content\/uploads\/217_1-300x220.jpg\" alt=\"217_1\" width=\"300\" height=\"220\" srcset=\"https:\/\/www.finnblast.fi\/wp-content\/uploads\/217_1-300x220.jpg 300w, https:\/\/www.finnblast.fi\/wp-content\/uploads\/217_1.jpg 416w\" sizes=\"auto, (max-width: 300px) 100vw, 300px\" \/><\/a><\/p>\n<h2>FBDS<\/h2>\n<p>Bei den FBDS-Anlagen handelt es sich um staubfreie Sandstrahlanlagen (R\u00fccksaugstrahlanlagen), die sich z. B. zum Strahlen von Schwei\u00dfn\u00e4hten eignen. Der Strahlkopf kann mechanisiert werden, sodass die Anlage z. B. zum automatischen Sandstrahlen von Walzen eingesetzt werden kann. Eine FBDS arbeitet mit Druckluft und kann mit D\u00fcsen von 4,8 bis 8,0 mm ausger\u00fcstet werden.<\/p>\n<p>Als Zubeh\u00f6r ist ein einen zweiteiliger Druckbeh\u00e4lter erh\u00e4ltlich, der ein ununterbrochenes Strahlen erm\u00f6glicht.<\/p>\n<p><a href=\"https:\/\/www.finnblast.fi\/wp-content\/uploads\/217_2.jpg\" data-rel=\"lightbox-image-1\" data-rl_title=\"\" data-rl_caption=\"\" title=\"\"><img loading=\"lazy\" decoding=\"async\" class=\"alignleft size-medium wp-image-875\" src=\"https:\/\/www.finnblast.fi\/wp-content\/uploads\/217_2-224x300.jpg\" alt=\"217_2\" width=\"224\" height=\"300\" srcset=\"https:\/\/www.finnblast.fi\/wp-content\/uploads\/217_2-224x300.jpg 224w, https:\/\/www.finnblast.fi\/wp-content\/uploads\/217_2.jpg 389w\" sizes=\"auto, (max-width: 224px) 100vw, 224px\" \/><\/a><\/p>\n<h2>FBC<\/h2>\n<p>Die Walzenstrahlanlage FBC eignet sich zum Sandstrahlen und zum Oberfl\u00e4chenaufrauen von gro\u00dfen Walzen. Die Walze kann bis zu 60 t schwer sein, der Durchmesser \u00fcber 2 m betragen und der Mantel 12 m\u00a0 lang sein.<\/p>\n<p>Die Strahlanlage bewegt sich auf Schienen in L\u00e4ngsrichtung der Walze. Die FBC ist eine leistungsf\u00e4hige Strahlanlage f\u00fcr gro\u00dfe Walzen. Als Strahlmittel k\u00f6nnen z. B. Stahlk\u00f6rner, Aluminiumoxid und auch Zirkon verwendet werden.<\/p>\n<p>Wir stellen bei Bedarf auch die notwendigen Drehvorrichtungen und Wagen f\u00fcr die Strahlzelle her, mit denen die Walze nach dem Strahlen zur Beschichtung ausgerichtet wird.<\/p>\n<p><a href=\"https:\/\/www.finnblast.fi\/wp-content\/uploads\/217_3.jpg\" data-rel=\"lightbox-image-2\" data-rl_title=\"\" data-rl_caption=\"\" title=\"\"><img loading=\"lazy\" decoding=\"async\" class=\"alignleft size-medium wp-image-876\" src=\"https:\/\/www.finnblast.fi\/wp-content\/uploads\/217_3-300x221.jpg\" alt=\"217_3\" width=\"300\" height=\"221\" srcset=\"https:\/\/www.finnblast.fi\/wp-content\/uploads\/217_3-300x221.jpg 300w, https:\/\/www.finnblast.fi\/wp-content\/uploads\/217_3.jpg 606w\" sizes=\"auto, (max-width: 300px) 100vw, 300px\" \/><\/a><\/p>\n<h2>Kabinenmodell zum Strahlen von Walzen<\/h2>\n<p>Bei diesem Kabinenmodell wird die Walze in einer geschlossenen Kabine sandgestrahlt. Die Walze wird au\u00dferhalb der Kabine auf einen Wagen gesetzt. Der Wagen und die Walze werden in die Kabine gefahren. Der automatische Strahlprozess startet.<\/p>\n<p>W\u00e4hrend des Strahlvorgangs dreht sich die Walze und die Strahld\u00fcse oder -d\u00fcsen bewegen sich oberhalb der Walze und strahlen sie sauber. Die L\u00e4nge der Walzen kann\u00a0 500 &#8211;\u00a0 8000 mm betragen.<\/p>\n<p>Der automatische Strahlvorgang liefert unabh\u00e4ngig von Durchmesser oder der L\u00e4nge immer die gleiche Qualit\u00e4t und Rauheit.<\/p>\n<p>Die Anlagen k\u00f6nnen je nach Bedarf des Kunden verschieden ausgestattet werden, wie z. B. mit:<br \/> &#8211; Steuerlogik<br \/> &#8211; Programmierbaren D\u00fcsenbewegungen<br \/> &#8211; Strahlger\u00e4ten f\u00fcr die Enden<br \/> &#8211; Handstrahlger\u00e4ten<br \/> &#8211; Innen-Strahlger\u00e4ten<\/p>\n","protected":false},"excerpt":{"rendered":"<p>Zum Strahlen von Walzen und Zylindern stehen zwei verschiedene Anlagen zur Auswahl: &#8211; Kabinenanlagen, bei denen die Walze in einer geschlossenen Kabine sandgestrahlt wird &#8211; Staubfreie Strahlanlagen (R\u00fccksaugstrahlan\u00f6agen) , bei denen sich die Walze nicht in einer staubdichten Kabine befindet, sondern ein staubfreier Strahlkopf gegen die Oberfl\u00e4che der Walze gedr\u00fcckt wird. Staubfreie Strahlanlagen (R\u00fccksaugstrahlanlagen) Bei [&hellip;]<\/p>\n","protected":false},"author":2,"featured_media":0,"parent":414,"menu_order":0,"comment_status":"closed","ping_status":"open","template":"","meta":{"content-type":"","footnotes":""},"class_list":["post-483","page","type-page","status-publish","hentry"],"_links":{"self":[{"href":"https:\/\/www.finnblast.fi\/de\/wp-json\/wp\/v2\/pages\/483","targetHints":{"allow":["GET"]}}],"collection":[{"href":"https:\/\/www.finnblast.fi\/de\/wp-json\/wp\/v2\/pages"}],"about":[{"href":"https:\/\/www.finnblast.fi\/de\/wp-json\/wp\/v2\/types\/page"}],"author":[{"embeddable":true,"href":"https:\/\/www.finnblast.fi\/de\/wp-json\/wp\/v2\/users\/2"}],"replies":[{"embeddable":true,"href":"https:\/\/www.finnblast.fi\/de\/wp-json\/wp\/v2\/comments?post=483"}],"version-history":[{"count":2,"href":"https:\/\/www.finnblast.fi\/de\/wp-json\/wp\/v2\/pages\/483\/revisions"}],"predecessor-version":[{"id":1488,"href":"https:\/\/www.finnblast.fi\/de\/wp-json\/wp\/v2\/pages\/483\/revisions\/1488"}],"up":[{"embeddable":true,"href":"https:\/\/www.finnblast.fi\/de\/wp-json\/wp\/v2\/pages\/414"}],"wp:attachment":[{"href":"https:\/\/www.finnblast.fi\/de\/wp-json\/wp\/v2\/media?parent=483"}],"curies":[{"name":"wp","href":"https:\/\/api.w.org\/{rel}","templated":true}]}}