{"id":481,"date":"2014-07-04T15:38:39","date_gmt":"2014-07-04T12:38:39","guid":{"rendered":"http:\/\/www.finnblast.fi\/?page_id=481"},"modified":"2016-06-29T16:15:24","modified_gmt":"2016-06-29T13:15:24","slug":"hangebahnanlagen-druckluft","status":"publish","type":"page","link":"https:\/\/www.finnblast.fi\/de\/produkte\/druckluftstrahlanlagen\/hangebahnanlagen-druckluft\/","title":{"rendered":"H\u00e4ngebahnanlagen, Druckluft"},"content":{"rendered":"<p>Bei H\u00e4ngebahnanlagen erfolgt das Sandstrahlen automatisch in einer geschlossenen Kammer. Die H\u00e4ngebahn kann entweder eine Schwerkraft-, eine Single-Bahn oder Power&amp;Free-Bahn sein. Die Zahl und der Bewegungsbereich der sich in der Strahlzelle befindenden D\u00fcsen werden den Bedingungen aufgrund der Position der Werkst\u00fccke angepasst. Die Bewegungsbahnen der D\u00fcsen k\u00f6nnen einfach programmiert werden. Das Innenstrahlen der Werkst\u00fccke ist auch m\u00f6glich.<\/p>\n<h2>FBR \u2013 21&#215;5<\/h2>\n<p>Die FBR 21&#215;5-S ist f\u00fcr das Sandstrahlen von Rotationsk\u00f6rpern auf der Au\u00dfen- und Innenseite ausgelegt.<\/p>\n<p>Die Werkst\u00fccke werden an Haken geh\u00e4ngt und drehen sich beim Strahlen. Das Strahlen der Innenseite geschieht mit einer Speziald\u00fcse, die von unten in das Werkst\u00fcck eingef\u00fchrt wird.<\/p>\n<p><a href=\"https:\/\/www.finnblast.fi\/wp-content\/uploads\/214_1.jpg\" data-rel=\"lightbox-image-0\" data-rl_title=\"\" data-rl_caption=\"\" title=\"\"><img loading=\"lazy\" decoding=\"async\" class=\"alignleft size-medium wp-image-859\" src=\"https:\/\/www.finnblast.fi\/wp-content\/uploads\/214_1-248x300.jpg\" alt=\"214_1\" width=\"248\" height=\"300\" srcset=\"https:\/\/www.finnblast.fi\/wp-content\/uploads\/214_1-248x300.jpg 248w, https:\/\/www.finnblast.fi\/wp-content\/uploads\/214_1.jpg 446w\" sizes=\"auto, (max-width: 248px) 100vw, 248px\" \/><\/a><\/p>\n<h2>FBR \u2013 18&#215;4<\/h2>\n<p>Die FBR 18&#215;4 ist f\u00fcr das Sandstrahlen von Gasflaschen ausgelegt. F\u00fcr die regelm\u00e4ssige Kontrolle der Gasflaschen muss die alte Lackierung entfernt werden.<\/p>\n<p>In der Anlage wird scharfkantiges Stahlgranulat verwendet, das die alte Lackierung effizient entfernt. Gleichzeitig entsteht auf der Gasflasche eine scharfkantige, raue Oberfl\u00e4che, die eine ausgezeichnete Haftfl\u00e4che f\u00fcr die neue Lackierung bildet.<\/p>\n<p><a href=\"https:\/\/www.finnblast.fi\/wp-content\/uploads\/214_2.jpg\" data-rel=\"lightbox-image-1\" data-rl_title=\"\" data-rl_caption=\"\" title=\"\"><img loading=\"lazy\" decoding=\"async\" class=\"alignleft size-medium wp-image-860\" src=\"https:\/\/www.finnblast.fi\/wp-content\/uploads\/214_2-300x224.jpg\" alt=\"214_2\" width=\"300\" height=\"224\" srcset=\"https:\/\/www.finnblast.fi\/wp-content\/uploads\/214_2-300x224.jpg 300w, https:\/\/www.finnblast.fi\/wp-content\/uploads\/214_2.jpg 443w\" sizes=\"auto, (max-width: 300px) 100vw, 300px\" \/><\/a><\/p>\n<h2>FBR-12&#215;8-S<\/h2>\n<p>Diese Anlage verf\u00fcgt \u00fcber eine Sonderausstattung zum Strahlen von Autofelgen. Die Felgen werden sauber gestrahlt und gelangen an der gleichen Aufh\u00e4ngung zum Lackieren.<\/p>\n<p><a href=\"https:\/\/www.finnblast.fi\/wp-content\/uploads\/214_3.jpg\" data-rel=\"lightbox-image-2\" data-rl_title=\"\" data-rl_caption=\"\" title=\"\"><img loading=\"lazy\" decoding=\"async\" class=\"alignleft size-medium wp-image-861\" src=\"https:\/\/www.finnblast.fi\/wp-content\/uploads\/214_3-287x300.jpg\" alt=\"214_3\" width=\"287\" height=\"300\" srcset=\"https:\/\/www.finnblast.fi\/wp-content\/uploads\/214_3-287x300.jpg 287w, https:\/\/www.finnblast.fi\/wp-content\/uploads\/214_3.jpg 483w\" sizes=\"auto, (max-width: 287px) 100vw, 287px\" \/><\/a><\/p>\n<h2>FBR 18&#215;6<\/h2>\n<p>Die sich auf einer H\u00e4ngebahn bewegenden Teile k\u00f6nnen effizient und vollautomatisch gereinigt werden.<\/p>\n<p>An der H\u00e4ngebahn k\u00f6nnen verschiedene Werkst\u00fccke in zuf\u00e4lliger Reihenfolge h\u00e4ngen. Die H\u00f6he des Werkst\u00fccks und das untere Ende werden gemessen, wenn es in die Strahlzelle eingefahren wird.<\/p>\n<p>In der Strahlzelle erfolgt auf\u00a0 Basis der Gr\u00f6\u00dfenmessung das Strahlen des St\u00fccks. Nach dem Sandstrahlen wird der Staub mit Druckluft von der Oberfl\u00e4che des Werkst\u00fccks abgeblasen.<\/p>\n<p><a href=\"https:\/\/www.finnblast.fi\/wp-content\/uploads\/214_4.jpg\" data-rel=\"lightbox-image-3\" data-rl_title=\"\" data-rl_caption=\"\" title=\"\"><img loading=\"lazy\" decoding=\"async\" class=\"alignleft size-medium wp-image-862\" src=\"https:\/\/www.finnblast.fi\/wp-content\/uploads\/214_4-237x300.jpg\" alt=\"214_4\" width=\"237\" height=\"300\" srcset=\"https:\/\/www.finnblast.fi\/wp-content\/uploads\/214_4-237x300.jpg 237w, https:\/\/www.finnblast.fi\/wp-content\/uploads\/214_4.jpg 458w\" sizes=\"auto, (max-width: 237px) 100vw, 237px\" \/><\/a><\/p>\n","protected":false},"excerpt":{"rendered":"<p>Bei H\u00e4ngebahnanlagen erfolgt das Sandstrahlen automatisch in einer geschlossenen Kammer. Die H\u00e4ngebahn kann entweder eine Schwerkraft-, eine Single-Bahn oder Power&amp;Free-Bahn sein. Die Zahl und der Bewegungsbereich der sich in der Strahlzelle befindenden D\u00fcsen werden den Bedingungen aufgrund der Position der Werkst\u00fccke angepasst. Die Bewegungsbahnen der D\u00fcsen k\u00f6nnen einfach programmiert werden. Das Innenstrahlen der Werkst\u00fccke ist [&hellip;]<\/p>\n","protected":false},"author":2,"featured_media":0,"parent":414,"menu_order":0,"comment_status":"closed","ping_status":"open","template":"","meta":{"content-type":"","footnotes":""},"class_list":["post-481","page","type-page","status-publish","hentry"],"_links":{"self":[{"href":"https:\/\/www.finnblast.fi\/de\/wp-json\/wp\/v2\/pages\/481","targetHints":{"allow":["GET"]}}],"collection":[{"href":"https:\/\/www.finnblast.fi\/de\/wp-json\/wp\/v2\/pages"}],"about":[{"href":"https:\/\/www.finnblast.fi\/de\/wp-json\/wp\/v2\/types\/page"}],"author":[{"embeddable":true,"href":"https:\/\/www.finnblast.fi\/de\/wp-json\/wp\/v2\/users\/2"}],"replies":[{"embeddable":true,"href":"https:\/\/www.finnblast.fi\/de\/wp-json\/wp\/v2\/comments?post=481"}],"version-history":[{"count":2,"href":"https:\/\/www.finnblast.fi\/de\/wp-json\/wp\/v2\/pages\/481\/revisions"}],"predecessor-version":[{"id":1485,"href":"https:\/\/www.finnblast.fi\/de\/wp-json\/wp\/v2\/pages\/481\/revisions\/1485"}],"up":[{"embeddable":true,"href":"https:\/\/www.finnblast.fi\/de\/wp-json\/wp\/v2\/pages\/414"}],"wp:attachment":[{"href":"https:\/\/www.finnblast.fi\/de\/wp-json\/wp\/v2\/media?parent=481"}],"curies":[{"name":"wp","href":"https:\/\/api.w.org\/{rel}","templated":true}]}}